{"id":16151,"date":"2022-05-13T12:48:02","date_gmt":"2022-05-13T10:48:02","guid":{"rendered":"https:\/\/ligna-systems.com\/about-us\/"},"modified":"2025-01-09T14:05:20","modified_gmt":"2025-01-09T13:05:20","slug":"over-ons","status":"publish","type":"page","link":"https:\/\/ligna-systems.com\/nl\/over-ons\/","title":{"rendered":"Over ons"},"content":{"rendered":"<div class=\"cloth-spacer-xlarge\"><\/div><div id=\"\" class=\"section section-row  margin-small\">\n\t<div class=\"wrapper-small\">\n\t\t<div class=\"grid-row spaced-xlarge default grid-align-top\">\n\t\t\n<div class=\"text-dark col-12\">\n\t\t    \n<h1 class=\"wp-block-heading\"><br \/><br \/><strong>Specialist in houten dragwerken op maat<\/strong><br \/><\/h1>\n\n<div class=\"cloth-spacer-medium\"><\/div>\n\n<p class=\"intro\">LIGNA systems is het beste adres voor de <strong>planning, constructie en productie van houten dragwerken met grote overspanningen<\/strong>. Wij zijn gespecialiseerd in de ontwikkeling en productie van houten constructies voor industri\u00eble en logistieke gebouwen.<\/p>\n\n<div class=\"cloth-spacer-large\"><\/div>\n\n<p class=\"quote h4 colored\"><strong>Onze missie<\/strong>:<br \/><\/p>\n\n<p>LIGNA systems is gespecialiseerd in de ontwikkeling en productie van houtconstructies voor industri\u00eble, commerci\u00eble en logistieke gebouwen. Wij bieden duurzame, effici\u00ebnte en langdurige oplossingen voor grootschalige bouwprojecten die perfect zijn afgestemd op de behoeften van de sector. Ons doel is om een echt alternatief te bieden voor staal- en betonconstructies &#8211; economisch concurrerend en met een aanzienlijk lagere CO\u2082-voetafdruk.<\/p>\n\n<div class=\"cloth-spacer-large\"><\/div>\n\n<p class=\"quote h4 colored\"><strong>Ons team en management<\/strong>:<br \/><\/p>\n\n<p>Sinds de oprichting door Olivier Dupuis in 2008 is LIGNA systems uitgegroeid tot een team van meer dan 75 toegewijde professionals. Samen hebben we wereldwijd ongeveer 500 bouwprojecten met succes afgerond en ons gevestigd als een betrouwbare partner in houtbouw. Het managementteam bestaat uit zeven ervaren personen die het bedrijf strategisch en operationeel leiden in Europa en Noord-Amerika. Alle leden van het managementteam zijn tevens aandeelhouders, wat hun betrokkenheid en identificatie met de bedrijfsdoelstellingen verder versterkt. Met hun expertise en ondernemingszin zorgen zij ervoor dat LIGNA systems op koers blijft en zijn visie op duurzaam bouwen wereldwijd realiseert.<\/p>\n\n<div class=\"cloth-spacer-medium\"><\/div>\n\n<span class=\"cloth-button\">\n\n\n<a class=\"btn btn-default btn-colored \" href=\"https:\/\/ligna-systems.com\/nl\/over-ons\/ons-team\/\" target=\"_self\">\n                <span class=\"text\">\n                    <span>Maak kennis met onze medewerkers<\/span>\n                    <span>Maak kennis met onze medewerkers<\/span>\n                <\/span>\n                <span class=\"btn-icon\"><svg class=\"arrow\" version=\"1.1\" fill=\"currentColor\" xmlns=\"http:\/\/www.w3.org\/2000\/svg\" xmlns:xlink=\"http:\/\/www.w3.org\/1999\/xlink\" x=\"0px\" y=\"0px\"\n\t viewBox=\"0 0 24 24\" style=\"enable-background:new 0 0 24 24;\" xml:space=\"preserve\">\n<path d=\"M0.5,13.4h18.4L11,21.2l2,2L23.1,13c0.3-0.3,0.4-0.6,0.4-1c0-0.4-0.1-0.7-0.4-1L13,0.8l-2,2l7.8,7.8H0.5\"><\/path>\n<\/svg>\n<\/span>\n                <span class=\"slanting-side slanting-add\"><\/span>\n            <\/a>\n<\/span>\n\n<div class=\"cloth-spacer-large\"><\/div>\n\n<p class=\"quote h4 colored\"><strong>Markten en internationale vertegenwoordiging<\/strong>:<br \/><\/p>\n\n<p>In de afgelopen jaren heeft LIGNA systems zich voornamelijk gericht op de Duitse markt en aangrenzende Europese landen, waar talloze succesvolle projecten zijn gerealiseerd. Op basis van deze sterke fundering volgen we een duidelijke groeistrategie om onze expertise en duurzame oplossingen internationaal verder uit te breiden. Met ons hoofdkantoor en eigen productie in Belgi\u00eb, evenals extra locaties \u2013 waaronder een ingenieursbureau in Aken, een ontwerpbureau in Luxemburg en verkoopkantoren in Nederland en Canada \u2013 zijn we internationaal goed gepositioneerd. Daarnaast werken we samen met een netwerk van lokale verkooppartners die de specifieke eisen van hun regio&#8217;s uitstekend begrijpen. Momenteel zijn we actief in Frankrijk en West-Canada en bouwen we nieuwe partnerschappen op om onze aanwezigheid in opkomende markten te versterken.<\/p>\n\n<div class=\"cloth-spacer-large\"><\/div>\n\n<p class=\"quote h4 colored\"><strong>Ons doel: Sterke internationale groei<\/strong>:<br \/><\/p>\n\n<p>LIGNA systems streeft naar duurzame en sterke internationale groei. Met onze innovatieve en milieuvriendelijke bouwmethoden willen we nieuwe markten aanboren, de toonaangevende leverancier van houten draagconstructies worden en tegelijkertijd een positieve bijdrage leveren aan de wereldwijde bouwsector.<\/p>\n\n<div class=\"cloth-spacer-large\"><\/div>\n\n<p class=\"quote h4 colored\"><strong>Onze belofte<\/strong>:<br \/><\/p>\n\n<p>Innovatie, duurzaamheid en kosteneffici\u00ebntie vormen de hoekstenen van ons werk. Met de meest geavanceerde digitale planningsmethoden en de hoogste normen in verwerking en productie realiseren we gebouwen die voldoen aan de eisen van vandaag en de uitdagingen van morgen.<\/p>\n\n<div class=\"cloth-spacer-large\"><\/div>\n\n<span class=\"cloth-button\">\n\n\n<a class=\"btn btn-default btn-colored \" href=\"https:\/\/ligna-systems.com\/nl\/producten\/houten-draagstructuren\/\" target=\"_self\">\n                <span class=\"text\">\n                    <span>Ontdek onze draagstructuuroplossingen<\/span>\n                    <span>Ontdek onze draagstructuuroplossingen<\/span>\n                <\/span>\n                <span class=\"btn-icon\"><svg class=\"arrow\" version=\"1.1\" fill=\"currentColor\" xmlns=\"http:\/\/www.w3.org\/2000\/svg\" xmlns:xlink=\"http:\/\/www.w3.org\/1999\/xlink\" x=\"0px\" y=\"0px\"\n\t viewBox=\"0 0 24 24\" style=\"enable-background:new 0 0 24 24;\" xml:space=\"preserve\">\n<path d=\"M0.5,13.4h18.4L11,21.2l2,2L23.1,13c0.3-0.3,0.4-0.6,0.4-1c0-0.4-0.1-0.7-0.4-1L13,0.8l-2,2l7.8,7.8H0.5\"><\/path>\n<\/svg>\n<\/span>\n                <span class=\"slanting-side slanting-add\"><\/span>\n            <\/a>\n<\/span>\n\t\t\n\t\n<\/div>\n\t\t<\/div>\n\t<\/div>\n\n\t\n\t\n\t<!--<div class=\"slanting-side slanting-del\"><\/div>-->\n<\/div><div id=\"\" class=\"section section-row  margin-large\">\n\t<div class=\"wrapper-small\">\n\t\t<div class=\"grid-row spaced-medium default grid-align-top\">\n\t\t\n<div class=\"text-dark col-12\">\n\t\t    \n<p class=\"has-text-align-center quote h4 colored\">\u201eOnze missie: Innovatieve en duurzame houten draagstructuren aanbieden tegen kosten die vergelijkbaar zijn met metalen structuren, met tegelijkertijd een vermindering van de CO\u2082-voetafdruk.\u201c<\/p>\n\t\t\n\t\n<\/div>\n\t\t<\/div>\n\t<\/div>\n\n\t\n\t\n\t<!--<div class=\"slanting-side slanting-del\"><\/div>-->\n<\/div><div id=\"\" class=\"section section-row  margin-large\">\n\t<div class=\"wrapper\">\n\t\t<div class=\"grid-row spaced-medium default grid-align-top\">\n\t\t\n<div class=\"text-dark col-12\">\n\t\t    \n<div class=\"cloth-block-image cloth-anim\" data-parallax-speed=\"\">\n\n\n\n\t<div class=\"cloth-image-container cloth-anim-inner  media-ratio-auto\" style=\"max-width:1920px\">\n\t\t\n\t\t\n\t\t\t<span class=\"media\"><span class=\"media-item\">\t\t\t<img src=\"https:\/\/ligna-systems.com\/wp-content\/uploads\/2025\/01\/ligna_systems_gruppenfoto_LR-1920x931.jpg\" srcset=\"https:\/\/ligna-systems.com\/wp-content\/uploads\/2025\/01\/ligna_systems_gruppenfoto_LR-1920x931.jpg 1680w, https:\/\/ligna-systems.com\/wp-content\/uploads\/2025\/01\/ligna_systems_gruppenfoto_LR-1024x496.jpg 768w, https:\/\/ligna-systems.com\/wp-content\/uploads\/2025\/01\/ligna_systems_gruppenfoto_LR-512x248.jpg 512w\"  width=\"1920\" height=\"931\" alt=\"ligna_systems_gruppenfoto_LR\" decoding=\"async\" loading=\"lazy\"\/>\t\t\t\t\t\t<\/span><\/span>\n\t\t\n\t\t<div class=\"slanting-side slanting-del\"><\/div>\t\t\t\n\t<\/div>\n\n\t\n\n\t\t\t\n\t<\/div>\n\t\t\n\t\n<\/div>\n\t\t<\/div>\n\t<\/div>\n\n\t\n\t\n\t<!--<div class=\"slanting-side slanting-del\"><\/div>-->\n<\/div><div class=\"cloth-spacer-large\"><\/div><div class=\"section section-background text-light margin-none section-background-image\">\n            <div class=\"section-inner\">\n                \n<div id=\"\" class=\"section section-row  margin-large\">\n\t<div class=\"wrapper\">\n\t\t<div class=\"grid-row spaced-medium default grid-align-top\">\n\t\t\n<div class=\"text-dark col-8\">\n\t\t    \n<span class=\"font-weight-600 h8 uppercase cloth-subtitle colored\">Offerte aanvragen<\/span>\n\n<h3 class=\"wp-block-heading\"><strong>Heeft u interesse in een houtstructuur voor uw hallenbouwproject?<\/strong><\/h3>\n\n<p class=\"intro\">Stuur ons uw aanvraag per mail.<\/p>\n\n<div class=\"cloth-spacer-large\"><\/div>\n\n<span class=\"cloth-button\">\n\n\n<a class=\"btn btn-default btn-colored \" href=\"mailto:aanvraag@ligna-systems.com\" target=\"_blank\">\n                <span class=\"text\">\n                    <span>Offerte aanvragen<\/span>\n                    <span>Offerte aanvragen<\/span>\n                <\/span>\n                <span class=\"btn-icon\"><svg class=\"arrow\" version=\"1.1\" fill=\"currentColor\" xmlns=\"http:\/\/www.w3.org\/2000\/svg\" xmlns:xlink=\"http:\/\/www.w3.org\/1999\/xlink\" x=\"0px\" y=\"0px\"\n\t viewBox=\"0 0 24 24\" style=\"enable-background:new 0 0 24 24;\" xml:space=\"preserve\">\n<path d=\"M0.5,13.4h18.4L11,21.2l2,2L23.1,13c0.3-0.3,0.4-0.6,0.4-1c0-0.4-0.1-0.7-0.4-1L13,0.8l-2,2l7.8,7.8H0.5\"><\/path>\n<\/svg>\n<\/span>\n                <span class=\"slanting-side slanting-add\"><\/span>\n            <\/a>\n<\/span>\n\t\t\n\t\n<\/div>\n\t\t<\/div>\n\t<\/div>\n\n\t\n\t\n\t<!--<div class=\"slanting-side slanting-del\"><\/div>-->\n<\/div>\n\n            <\/div>\n\t\t\t\n\t\t\t\n\t\n    <div class=\"section-bg\">\n\t\t<div class=\"section-bg-el imagebg-section\" style=\"background:url(https:\/\/ligna-systems.com\/wp-content\/uploads\/2022\/10\/li-bg_neu.jpg) center center;background-size:cover;\" data-parallax-speed=\"-0.07\"><\/div>\n\t\t\n\t\t\n\t<\/div>\n    \n            <div class=\"slanting-side slanting-del\"><\/div>\n            <div class=\"slanting-side slanting-del slanting-top\"><\/div>\n        <\/div><div class=\"cloth-spacer-large\"><\/div>","protected":false},"excerpt":{"rendered":"","protected":false},"author":3,"featured_media":0,"parent":0,"menu_order":197,"comment_status":"closed","ping_status":"closed","template":"","meta":{"_acf_changed":false,"footnotes":""},"class_list":["post-16151","page","type-page","status-publish","hentry"],"acf":[],"_links":{"self":[{"href":"https:\/\/ligna-systems.com\/nl\/wp-json\/wp\/v2\/pages\/16151","targetHints":{"allow":["GET"]}}],"collection":[{"href":"https:\/\/ligna-systems.com\/nl\/wp-json\/wp\/v2\/pages"}],"about":[{"href":"https:\/\/ligna-systems.com\/nl\/wp-json\/wp\/v2\/types\/page"}],"author":[{"embeddable":true,"href":"https:\/\/ligna-systems.com\/nl\/wp-json\/wp\/v2\/users\/3"}],"replies":[{"embeddable":true,"href":"https:\/\/ligna-systems.com\/nl\/wp-json\/wp\/v2\/comments?post=16151"}],"version-history":[{"count":8,"href":"https:\/\/ligna-systems.com\/nl\/wp-json\/wp\/v2\/pages\/16151\/revisions"}],"predecessor-version":[{"id":32620,"href":"https:\/\/ligna-systems.com\/nl\/wp-json\/wp\/v2\/pages\/16151\/revisions\/32620"}],"wp:attachment":[{"href":"https:\/\/ligna-systems.com\/nl\/wp-json\/wp\/v2\/media?parent=16151"}],"curies":[{"name":"wp","href":"https:\/\/api.w.org\/{rel}","templated":true}]}}