{"id":24830,"date":"2024-09-11T15:44:12","date_gmt":"2024-09-11T13:44:12","guid":{"rendered":"https:\/\/ligna.cloth.be\/?page_id=24830"},"modified":"2025-01-09T18:16:19","modified_gmt":"2025-01-09T17:16:19","slug":"production","status":"publish","type":"page","link":"https:\/\/ligna-systems.com\/fr\/savoir-faire\/production\/","title":{"rendered":"Production"},"content":{"rendered":"<div id=\"\" class=\"section section-row  margin-large\">\n\t<div class=\"wrapper-small\">\n\t\t<div class=\"grid-row spaced-medium default grid-align-top\">\n\t\t\n<div class=\"text-dark col-12\">\n\t\t    \n<h2 class=\"wp-block-heading\"><strong>Production hautement automatis\u00e9e pour une qualit\u00e9 maximale<\/strong><\/h2>\n\n<p class=\"intro\">Notre production en Europe allie pr\u00e9cision, efficacit\u00e9 et technologies de pointe. Chaque projet est r\u00e9alis\u00e9 dans notre usine ultramoderne en Belgique avec le plus grand soin et une attention particuli\u00e8re aux d\u00e9tails.<\/p>\n\t\t\n\t\n<\/div>\n\t\t<\/div>\n\t<\/div>\n\n\t\n\t\n\t<!--<div class=\"slanting-side slanting-del\"><\/div>-->\n<\/div><div class=\"section section-background text-dark margin-medium section-background-color-grey\">\n            <div class=\"section-inner\">\n                \n<div id=\"\" class=\"section section-row  margin-large\">\n\t<div class=\"wrapper-small\">\n\t\t<div class=\"grid-row spaced-large default grid-align-top\">\n\t\t\n<div class=\"text-dark col-5\">\n\t\t    \n<p class=\"h5\"><strong>\u00c9quipements avanc\u00e9s pour des r\u00e9sultats optimaux<\/strong><\/p>\n\n<p>\u00c9quip\u00e9s du syst\u00e8me Hundegger K2i, d\u2019un robot de peinture avanc\u00e9 pour le traitement du bois, de machines CNC pr\u00e9cises pour la d\u00e9coupe des panneaux, ainsi que d\u2019un d\u00e9coupeur plasma pour les composants m\u00e9talliques, nous garantissons une fabrication de qualit\u00e9 sup\u00e9rieure. Nos processus automatis\u00e9s assurent une qualit\u00e9 constante et une ex\u00e9cution pr\u00e9cise \u2013 quel que soit le projet.<\/p>\n\t\t\n\t\n<\/div>\n\n<div class=\"text-dark col-7\">\n\t\t    \n<a class=\"inline-lightcase media-hover\" href=\"https:\/\/ligna-systems.com\/wp-content\/uploads\/2024\/09\/LIGNA-systems-Production.mp4\" data-fancybox=\"fancy-video-\">\n\t<span class=\"open-inline-video\"><span class=\"icon\"><?xml version=\"1.0\" encoding=\"utf-8\"?>\n<!-- Generator: Adobe Illustrator 26.2.1, SVG Export Plug-In . SVG Version: 6.00 Build 0)  -->\n<svg version=\"1.1\" fill=\"currentColor\" id=\"Ebene_1\" xmlns=\"http:\/\/www.w3.org\/2000\/svg\" xmlns:xlink=\"http:\/\/www.w3.org\/1999\/xlink\" x=\"0px\" y=\"0px\"\n\t viewBox=\"0 0 24 24\" style=\"enable-background:new 0 0 24 24;\" xml:space=\"preserve\">\n<path d=\"M3.7,4.4L18.2,12L3.7,19.6V4.4 M2,0.7c-0.5,0-1,0.4-1,1v20.7c0,0.6,0.5,1,1,1c0.2,0,0.3,0,0.5-0.1l20.1-10.5\n\tc0.6-0.3,0.6-1.2,0-1.5L2.5,0.8C2.3,0.7,2.1,0.7,2,0.7L2,0.7z\"><\/path>\n<\/svg>\n<\/span><\/span>\n\t<span class=\"text-inline-video h6\"><span class=\"text\"><\/span><\/span>\n\t<span class=\"close-inline-video\"><span class=\"icon\"><?xml version=\"1.0\" encoding=\"utf-8\"?>\n<!-- Generator: Adobe Illustrator 26.2.1, SVG Export Plug-In . SVG Version: 6.00 Build 0)  -->\n<svg version=\"1.1\" fill=\"currentColor\" xmlns=\"http:\/\/www.w3.org\/2000\/svg\" xmlns:xlink=\"http:\/\/www.w3.org\/1999\/xlink\" x=\"0px\" y=\"0px\"\n\t viewBox=\"0 0 128 128\" style=\"enable-background:new 0 0 128 128;\" xml:space=\"preserve\">\n<polygon points=\"126.6,57.1 70.9,57.1 70.9,1.4 57.1,1.4 57.1,57.1 1.4,57.1 1.4,70.9 57.1,70.9 57.1,126.6 70.9,126.6 70.9,70.9 \n\t126.6,70.9 \"><\/polygon>\n<\/svg>\n<\/span><\/span>\n\t<div class=\"media media-ratio-auto\">\n\t\t<div class=\"media-item\">\n\t\t\t<img loading=\"lazy\" decoding=\"async\" width=\"768\" height=\"499\" src=\"https:\/\/ligna-systems.com\/wp-content\/uploads\/2024\/03\/Production-LIGNA-systems-St.Vith-Belgique-768x499.jpg\" class=\"attachment-thumb_medium size-thumb_medium\" alt=\"\" srcset=\"https:\/\/ligna-systems.com\/wp-content\/uploads\/2024\/03\/Production-LIGNA-systems-St.Vith-Belgique-768x499.jpg 768w, https:\/\/ligna-systems.com\/wp-content\/uploads\/2024\/03\/Production-LIGNA-systems-St.Vith-Belgique-300x195.jpg 300w, https:\/\/ligna-systems.com\/wp-content\/uploads\/2024\/03\/Production-LIGNA-systems-St.Vith-Belgique-1024x665.jpg 1024w, https:\/\/ligna-systems.com\/wp-content\/uploads\/2024\/03\/Production-LIGNA-systems-St.Vith-Belgique-1536x997.jpg 1536w, https:\/\/ligna-systems.com\/wp-content\/uploads\/2024\/03\/Production-LIGNA-systems-St.Vith-Belgique-512x332.jpg 512w, https:\/\/ligna-systems.com\/wp-content\/uploads\/2024\/03\/Production-LIGNA-systems-St.Vith-Belgique-352x229.jpg 352w, https:\/\/ligna-systems.com\/wp-content\/uploads\/2024\/03\/Production-LIGNA-systems-St.Vith-Belgique-600x390.jpg 600w, https:\/\/ligna-systems.com\/wp-content\/uploads\/2024\/03\/Production-LIGNA-systems-St.Vith-Belgique-800x520.jpg 800w, https:\/\/ligna-systems.com\/wp-content\/uploads\/2024\/03\/Production-LIGNA-systems-St.Vith-Belgique.jpg 1600w\" sizes=\"auto, (max-width: 768px) 100vw, 768px\" \/>\t\t<\/div>\n\t<\/div>\n\n\t<div class=\"slanting-side slanting-del\"><\/div><\/a>\n\t\t\n\t\n<\/div>\n\t\t<\/div>\n\t<\/div>\n\n\t\n\t\n\t<!--<div class=\"slanting-side slanting-del\"><\/div>-->\n<\/div>\n\n            <\/div>\n\t\t\t\n\t\t\t\n\t\n    <div class=\"section-bg\">\n\t\t<div class=\"section-bg-el bg-color-grey\"><\/div>\n\t\t\n\t\t\n\t<\/div>\n    \n            <div class=\"slanting-side slanting-del\"><\/div>\n            <div class=\"slanting-side slanting-del slanting-top\"><\/div>\n        <\/div><div class=\"cloth-spacer-mini\"><\/div><div id=\"\" class=\"section section-row  margin-small\">\n\t<div class=\"wrapper-small\">\n\t\t<div class=\"grid-row spaced-large default grid-align-center\">\n\t\t\n<div class=\"text-dark col-6\">\n\t\t    \n<div class=\"cloth-spacer-mini\"><\/div>\n\n<div class=\"cloth-block-image cloth-anim\" data-parallax-speed=\"0.07\">\n\t\t<div class=\"cloth-image-container cloth-anim-inner  media-ratio-1-1\" style=\"max-width:768px\">\n\t\t\t\n\t\t\t\t\t\t\t<span class=\"media 1-1\"><span class=\"media-item\">\t\t\t\t\t\t\t\t\t<video style=\"\" class=\"video-background \" preload=\"auto\" playsinline=\"playsinline\" autoplay=\"autoplay\" loop=\"true\" muted=\"muted\">\n\t\t\t\t\t\t<source src=\"https:\/\/ligna-systems.com\/wp-content\/uploads\/2022\/10\/produktion-hero.mp4\" data-src=\"\" type=\"video\/mp4\"\/><\/video>\n\t\t\t\t\t\t\t\t<\/span><\/span>\t\t\t\n\t\t\t<div class=\"slanting-side slanting-del\"><\/div>\t\t\t\t\n\t\t<\/div>\n\t<\/div>\n\t\t\n\t\n<\/div>\n\n<div class=\"text-dark col-6\">\n\t\t    \n<p class=\"h5\"><strong><\/strong><strong>Fabrication automatis\u00e9e \u2013 pr\u00e9cision europ\u00e9enne<\/strong><\/p>\n\n<p>Gr\u00e2ce \u00e0 nos installations de production enti\u00e8rement automatis\u00e9es, nous offrons une efficacit\u00e9 et une pr\u00e9cision in\u00e9gal\u00e9es. Du premier concept au composant final, chaque \u00e9l\u00e9ment est fabriqu\u00e9 avec le plus grand soin pour d\u00e9passer les attentes de nos clients.<\/p>\n\n<p>Faites confiance aux technologies les plus modernes et \u00e0 l\u2019artisanat europ\u00e9en \u2013 pour une halle qui r\u00e9pond parfaitement \u00e0 vos besoins.<\/p>\n\n\n\n<div class=\"cloth-spacer-small\"><\/div>\n\t\t\n\t\n<\/div>\n\t\t<\/div>\n\t<\/div>\n\n\t\n\t\n\t<!--<div class=\"slanting-side slanting-del\"><\/div>-->\n<\/div><div class=\"cloth-spacer-medium\"><\/div><p><strong>D\u00e9couvrez les coulisses de notre production \u00e0 Sankt Vith (Belgique)<\/strong>:<\/p><div class=\"section section-production\">\n    <div class=\"wrapper\">\n\n    \n    \n    <div class=\"grid-row spaced-medium bordered\">\n\n              <div class=\"col-4 item-system slanting-hover\">\n          <a href=\"https:\/\/ligna-systems.com\/fr\/produktion\/taillage\/\" class=\"column-link\"><\/a>\n          <div>\n            <h2 class=\"system-name h5\">Taillage<\/h2>\n            <div class=\"cloth-spacer-small\"><\/div>\n            <div class=\"system-media media media-ratio-8-5\">\n              <span class=\"media-item\"><img decoding=\"async\" src=\"https:\/\/ligna-systems.com\/wp-content\/uploads\/2022\/09\/hundegger-512x341.jpg\" class=\"attachment-thumb_small size-thumb_small wp-post-image\" alt=\"hundegger\" srcset=\"https:\/\/ligna-systems.com\/wp-content\/uploads\/2022\/09\/hundegger-512x341.jpg 512w, https:\/\/ligna-systems.com\/wp-content\/uploads\/2022\/09\/hundegger-600x400.jpg 600w, https:\/\/ligna-systems.com\/wp-content\/uploads\/2022\/09\/hundegger-800x533.jpg 800w, https:\/\/ligna-systems.com\/wp-content\/uploads\/2022\/09\/hundegger-300x200.jpg 300w, https:\/\/ligna-systems.com\/wp-content\/uploads\/2022\/09\/hundegger-1024x683.jpg 1024w, https:\/\/ligna-systems.com\/wp-content\/uploads\/2022\/09\/hundegger-768x512.jpg 768w, https:\/\/ligna-systems.com\/wp-content\/uploads\/2022\/09\/hundegger-352x235.jpg 352w, https:\/\/ligna-systems.com\/wp-content\/uploads\/2022\/09\/hundegger.jpg 1200w\" sizes=\"(max-width: 512px) 100vw, 512px\" \/><\/span>\n              <span class=\"slanting-side slanting-del on-hover\"><\/span>\n            <\/div>\n          <\/div>\n        <\/div>\n              <div class=\"col-4 item-system slanting-hover\">\n          <a href=\"https:\/\/ligna-systems.com\/fr\/produktion\/vernissage\/\" class=\"column-link\"><\/a>\n          <div>\n            <h2 class=\"system-name h5\">Vernissage<\/h2>\n            <div class=\"cloth-spacer-small\"><\/div>\n            <div class=\"system-media media media-ratio-8-5\">\n              <span class=\"media-item\"><img decoding=\"async\" src=\"https:\/\/ligna-systems.com\/wp-content\/uploads\/2022\/09\/staeubli-512x341.jpg\" class=\"attachment-thumb_small size-thumb_small wp-post-image\" alt=\"staeubli\" srcset=\"https:\/\/ligna-systems.com\/wp-content\/uploads\/2022\/09\/staeubli-512x341.jpg 512w, https:\/\/ligna-systems.com\/wp-content\/uploads\/2022\/09\/staeubli-600x400.jpg 600w, https:\/\/ligna-systems.com\/wp-content\/uploads\/2022\/09\/staeubli-800x533.jpg 800w, https:\/\/ligna-systems.com\/wp-content\/uploads\/2022\/09\/staeubli-300x200.jpg 300w, https:\/\/ligna-systems.com\/wp-content\/uploads\/2022\/09\/staeubli-1024x683.jpg 1024w, https:\/\/ligna-systems.com\/wp-content\/uploads\/2022\/09\/staeubli-768x512.jpg 768w, https:\/\/ligna-systems.com\/wp-content\/uploads\/2022\/09\/staeubli-352x235.jpg 352w, https:\/\/ligna-systems.com\/wp-content\/uploads\/2022\/09\/staeubli.jpg 1200w\" sizes=\"(max-width: 512px) 100vw, 512px\" \/><\/span>\n              <span class=\"slanting-side slanting-del on-hover\"><\/span>\n            <\/div>\n          <\/div>\n        <\/div>\n              <div class=\"col-4 item-system slanting-hover\">\n          <a href=\"https:\/\/ligna-systems.com\/fr\/produktion\/premontage\/\" class=\"column-link\"><\/a>\n          <div>\n            <h2 class=\"system-name h5\">Pr\u00e9montage<\/h2>\n            <div class=\"cloth-spacer-small\"><\/div>\n            <div class=\"system-media media media-ratio-8-5\">\n              <span class=\"media-item\"><img decoding=\"async\" src=\"https:\/\/ligna-systems.com\/wp-content\/uploads\/2022\/10\/Vormontage-scaled-1-512x681.webp\" class=\"attachment-thumb_small size-thumb_small wp-post-image\" alt=\"\" srcset=\"https:\/\/ligna-systems.com\/wp-content\/uploads\/2022\/10\/Vormontage-scaled-1-512x681.webp 512w, https:\/\/ligna-systems.com\/wp-content\/uploads\/2022\/10\/Vormontage-scaled-1-226x300.webp 226w, https:\/\/ligna-systems.com\/wp-content\/uploads\/2022\/10\/Vormontage-scaled-1-770x1024.webp 770w, https:\/\/ligna-systems.com\/wp-content\/uploads\/2022\/10\/Vormontage-scaled-1-768x1021.webp 768w, https:\/\/ligna-systems.com\/wp-content\/uploads\/2022\/10\/Vormontage-scaled-1-1155x1536.webp 1155w, https:\/\/ligna-systems.com\/wp-content\/uploads\/2022\/10\/Vormontage-scaled-1-1540x2048.webp 1540w, https:\/\/ligna-systems.com\/wp-content\/uploads\/2022\/10\/Vormontage-scaled-1-1920x2553.webp 1920w, https:\/\/ligna-systems.com\/wp-content\/uploads\/2022\/10\/Vormontage-scaled-1-1024x1362.webp 1024w, https:\/\/ligna-systems.com\/wp-content\/uploads\/2022\/10\/Vormontage-scaled-1-352x468.webp 352w, https:\/\/ligna-systems.com\/wp-content\/uploads\/2022\/10\/Vormontage-scaled-1-600x798.webp 600w, https:\/\/ligna-systems.com\/wp-content\/uploads\/2022\/10\/Vormontage-scaled-1-800x1064.webp 800w, https:\/\/ligna-systems.com\/wp-content\/uploads\/2022\/10\/Vormontage-scaled-1.webp 1925w\" sizes=\"(max-width: 512px) 100vw, 512px\" \/><\/span>\n              <span class=\"slanting-side slanting-del on-hover\"><\/span>\n            <\/div>\n          <\/div>\n        <\/div>\n              <div class=\"col-4 item-system slanting-hover\">\n          <a href=\"https:\/\/ligna-systems.com\/fr\/produktion\/fraiseuse-cnc\/\" class=\"column-link\"><\/a>\n          <div>\n            <h2 class=\"system-name h5\">Fraiseuse CNC<\/h2>\n            <div class=\"cloth-spacer-small\"><\/div>\n            <div class=\"system-media media media-ratio-8-5\">\n              <span class=\"media-item\"><img decoding=\"async\" src=\"https:\/\/ligna-systems.com\/wp-content\/uploads\/2022\/10\/CNC-1-scaled.webp\" class=\"attachment-thumb_small size-thumb_small wp-post-image\" alt=\"CNC Holzfr\u00e4se\" srcset=\"https:\/\/ligna-systems.com\/wp-content\/uploads\/2022\/10\/CNC-1-scaled.webp 1440w, https:\/\/ligna-systems.com\/wp-content\/uploads\/2022\/10\/CNC-1-scaled-600x1067.webp 600w, https:\/\/ligna-systems.com\/wp-content\/uploads\/2022\/10\/CNC-1-scaled-800x1422.webp 800w\" sizes=\"(max-width: 512px) 100vw, 512px\" \/><\/span>\n              <span class=\"slanting-side slanting-del on-hover\"><\/span>\n            <\/div>\n          <\/div>\n        <\/div>\n              <div class=\"col-4 item-system slanting-hover\">\n          <a href=\"https:\/\/ligna-systems.com\/fr\/produktion\/serrurerie\/\" class=\"column-link\"><\/a>\n          <div>\n            <h2 class=\"system-name h5\">Serrurerie<\/h2>\n            <div class=\"cloth-spacer-small\"><\/div>\n            <div class=\"system-media media media-ratio-8-5\">\n              <span class=\"media-item\"><img decoding=\"async\" src=\"https:\/\/ligna-systems.com\/wp-content\/uploads\/2022\/10\/Schlosser-512x288.webp\" class=\"attachment-thumb_small size-thumb_small wp-post-image\" alt=\"Schlosser\" srcset=\"https:\/\/ligna-systems.com\/wp-content\/uploads\/2022\/10\/Schlosser-512x288.webp 512w, https:\/\/ligna-systems.com\/wp-content\/uploads\/2022\/10\/Schlosser-600x338.webp 600w, https:\/\/ligna-systems.com\/wp-content\/uploads\/2022\/10\/Schlosser-800x450.webp 800w, https:\/\/ligna-systems.com\/wp-content\/uploads\/2022\/10\/Schlosser-300x169.webp 300w, https:\/\/ligna-systems.com\/wp-content\/uploads\/2022\/10\/Schlosser-1024x576.webp 1024w, https:\/\/ligna-systems.com\/wp-content\/uploads\/2022\/10\/Schlosser-768x432.webp 768w, https:\/\/ligna-systems.com\/wp-content\/uploads\/2022\/10\/Schlosser-1536x864.webp 1536w, https:\/\/ligna-systems.com\/wp-content\/uploads\/2022\/10\/Schlosser-352x198.webp 352w, https:\/\/ligna-systems.com\/wp-content\/uploads\/2022\/10\/Schlosser.webp 1920w\" sizes=\"(max-width: 512px) 100vw, 512px\" \/><\/span>\n              <span class=\"slanting-side slanting-del on-hover\"><\/span>\n            <\/div>\n          <\/div>\n        <\/div>\n              <div class=\"col-4 item-system slanting-hover\">\n          <a href=\"https:\/\/ligna-systems.com\/fr\/produktion\/logistique\/\" class=\"column-link\"><\/a>\n          <div>\n            <h2 class=\"system-name h5\">Logistique<\/h2>\n            <div class=\"cloth-spacer-small\"><\/div>\n            <div class=\"system-media media media-ratio-8-5\">\n              <span class=\"media-item\"><img decoding=\"async\" src=\"https:\/\/ligna-systems.com\/wp-content\/uploads\/2022\/10\/IMG-20220221-WA0009-512x384.jpg\" class=\"attachment-thumb_small size-thumb_small wp-post-image\" alt=\"Vormontage transport\" srcset=\"https:\/\/ligna-systems.com\/wp-content\/uploads\/2022\/10\/IMG-20220221-WA0009-512x384.jpg 512w, https:\/\/ligna-systems.com\/wp-content\/uploads\/2022\/10\/IMG-20220221-WA0009-600x450.jpg 600w, https:\/\/ligna-systems.com\/wp-content\/uploads\/2022\/10\/IMG-20220221-WA0009-800x600.jpg 800w, https:\/\/ligna-systems.com\/wp-content\/uploads\/2022\/10\/IMG-20220221-WA0009-300x225.jpg 300w, https:\/\/ligna-systems.com\/wp-content\/uploads\/2022\/10\/IMG-20220221-WA0009-768x576.jpg 768w, https:\/\/ligna-systems.com\/wp-content\/uploads\/2022\/10\/IMG-20220221-WA0009-352x264.jpg 352w, https:\/\/ligna-systems.com\/wp-content\/uploads\/2022\/10\/IMG-20220221-WA0009.jpg 1024w\" sizes=\"(max-width: 512px) 100vw, 512px\" \/><\/span>\n              <span class=\"slanting-side slanting-del on-hover\"><\/span>\n            <\/div>\n          <\/div>\n        <\/div>\n      \n    <\/div>\n\n          \n   <\/div>\n<\/div><div class=\"cloth-spacer-medium\"><\/div><div id=\"\" class=\"section section-row  margin-large\">\n\t<div class=\"wrapper-small\">\n\t\t<div class=\"grid-row spaced-xlarge default grid-align-center inverse_smartphone\">\n\t\t\n<div class=\"text-dark col-6\">\n\t\t    \n<div class=\"cloth-block-image cloth-anim\" data-parallax-speed=\"\">\n\n\n\t\t<a class=\"media-hover\" href=\"https:\/\/ligna-systems.com\/kontakt\/\" target=\"'_self\">\n\t\t\n\t<div class=\"cloth-image-container cloth-anim-inner  media-ratio-1-1\" style=\"max-width:1024px\">\n\t\t\n\t\t\n\t\t\t<span class=\"media\"><span class=\"media-item\">\t\t\t<img src=\"https:\/\/ligna-systems.com\/wp-content\/uploads\/2024\/09\/Kontakt_LIGNA-1024x731.png\" srcset=\"https:\/\/ligna-systems.com\/wp-content\/uploads\/2024\/09\/Kontakt_LIGNA-1024x731.png 1680w, https:\/\/ligna-systems.com\/wp-content\/uploads\/2024\/09\/Kontakt_LIGNA-512x366.png 512w\"  width=\"1024\" height=\"731\" alt=\"Kontakt_LIGNA\" decoding=\"async\" loading=\"lazy\"\/>\t\t\t\t\t\t<\/span><\/span>\n\t\t\n\t\t<div class=\"slanting-side slanting-del\"><\/div>\t\t\t\n\t<\/div>\n\n\t\n\n\t\t\t\n\t\t\t<\/a>\n\t\t<\/div>\n\t\t\n\t\n<\/div>\n\n<div class=\"text-dark col-6\">\n\t\t    \n<span class=\"font-weight-600 h8 uppercase cloth-subtitle colored\">Des questions ? Nous sommes l\u00e0 pour vous !<\/span>\n\n<h4 class=\"wp-block-heading\"><strong><\/strong><strong>Votre ligne directe avec nous !<\/strong><\/h4>\n\n<p>Que ce soit par e-mail, t\u00e9l\u00e9phone ou formulaire de contact, r\u00e9alisons ensemble vos visions et planifions les prochaines \u00e9tapes. Notre \u00e9quipe a h\u00e2te de faire votre connaissance !<\/p>\n\n<div class=\"cloth-spacer-large\"><\/div>\n\n<span class=\"cloth-button\">\n\n\n<a class=\"btn btn-default btn-colored \" href=\"https:\/\/ligna-systems.com\/fr\/contact\/\" target=\"_self\">\n                <span class=\"text\">\n                    <span>Votre contact chez LIGNA<\/span>\n                    <span>Votre contact chez LIGNA<\/span>\n                <\/span>\n                <span class=\"btn-icon\"><svg class=\"arrow\" version=\"1.1\" fill=\"currentColor\" xmlns=\"http:\/\/www.w3.org\/2000\/svg\" xmlns:xlink=\"http:\/\/www.w3.org\/1999\/xlink\" x=\"0px\" y=\"0px\"\n\t viewBox=\"0 0 24 24\" style=\"enable-background:new 0 0 24 24;\" xml:space=\"preserve\">\n<path d=\"M0.5,13.4h18.4L11,21.2l2,2L23.1,13c0.3-0.3,0.4-0.6,0.4-1c0-0.4-0.1-0.7-0.4-1L13,0.8l-2,2l7.8,7.8H0.5\"><\/path>\n<\/svg>\n<\/span>\n                <span class=\"slanting-side slanting-add\"><\/span>\n            <\/a>\n<\/span>\n\t\t\n\t\n<\/div>\n\t\t<\/div>\n\t<\/div>\n\n\t\n\t\n\t<!--<div class=\"slanting-side slanting-del\"><\/div>-->\n<\/div><div class=\"single-pagination\" data-string=\"Devis Teststring FR\">\n  <div class=\"single-pagination-inner\">\n\n    <div class=\"prev \">\n      <a href=\"https:\/\/ligna-systems.com\/fr\/savoir-faire\/conception\/\">\n        <div class=\"media media-ratio-1-1\">\n                      <div class=\"media-item \">\n              <img decoding=\"async\" src=\"https:\/\/ligna-systems.com\/wp-content\/uploads\/2024\/11\/lignasystems_produktion_zai-frame-at-6m31s-scaled-1-150x150.jpg\" class=\"attachment-thumbnail size-thumbnail wp-post-image\" alt=\"\" srcset=\"https:\/\/ligna-systems.com\/wp-content\/uploads\/2024\/11\/lignasystems_produktion_zai-frame-at-6m31s-scaled-1-150x150.jpg 150w, https:\/\/ligna-systems.com\/wp-content\/uploads\/2024\/11\/lignasystems_produktion_zai-frame-at-6m31s-scaled-1-100x100.jpg 100w\" sizes=\"(max-width: 150px) 100vw, 150px\" \/>            <\/div>\n                    <span class=\"icon\"><svg class=\"arrow\" version=\"1.1\" fill=\"currentColor\" xmlns=\"http:\/\/www.w3.org\/2000\/svg\" xmlns:xlink=\"http:\/\/www.w3.org\/1999\/xlink\" x=\"0px\" y=\"0px\"\n\t viewBox=\"0 0 24 24\" style=\"enable-background:new 0 0 24 24;\" xml:space=\"preserve\">\n<path d=\"M0.5,13.4h18.4L11,21.2l2,2L23.1,13c0.3-0.3,0.4-0.6,0.4-1c0-0.4-0.1-0.7-0.4-1L13,0.8l-2,2l7.8,7.8H0.5\"><\/path>\n<\/svg>\n<\/span>\n        <\/div>\n        <h5 class=\"pagination-title\">Conception<br \/><span class=\"direction-name hit\">\u00c9tape pr\u00e9c\u00e9dente<\/span><\/h5>\n      <\/a>\n    <\/div>\n    <div class=\"back\">\n      <a href=\"https:\/\/ligna-systems.com\/fr\/savoir-faire\/\" class=\"back-to-grid\" title=\"Zur\u00fcck zur \u00dcbersicht\"><?xml version=\"1.0\" encoding=\"utf-8\"?>\n<!-- Generator: Adobe Illustrator 26.2.1, SVG Export Plug-In . SVG Version: 6.00 Build 0)  -->\n<svg version=\"1.1\" fill=\"currentColor\" xmlns=\"http:\/\/www.w3.org\/2000\/svg\" xmlns:xlink=\"http:\/\/www.w3.org\/1999\/xlink\" x=\"0px\" y=\"0px\"\n\t viewBox=\"0 0 128 128\" style=\"enable-background:new 0 0 128 128;\" xml:space=\"preserve\">\n<polygon points=\"119.7,47.1 119.7,8.3 70.9,8.3 70.9,55.8 \"><\/polygon>\n<polygon points=\"70.9,69.7 70.9,119.7 119.7,119.7 119.7,61.1 \"><\/polygon>\n<polygon points=\"57.1,58.3 57.1,8.3 8.3,8.3 8.3,66.9 \"><\/polygon>\n<polygon points=\"8.3,80.9 8.3,119.7 57.1,119.7 57.1,72.2 \"><\/polygon>\n<\/svg>\n<\/a>\n    <\/div>\n    <div class=\"next \">\n      <a href=\"https:\/\/ligna-systems.com\/fr\/savoir-faire\/livraison\/\">\n        <div class=\"media media-ratio-1-1\">\n                      <div class=\"media-item \">\n              <img decoding=\"async\" src=\"https:\/\/ligna-systems.com\/wp-content\/uploads\/2024\/03\/venti-views-1cqIcrWFQBI-unsplash-150x150.jpg\" class=\"attachment-thumbnail size-thumbnail wp-post-image\" alt=\"\" srcset=\"https:\/\/ligna-systems.com\/wp-content\/uploads\/2024\/03\/venti-views-1cqIcrWFQBI-unsplash-150x150.jpg 150w, https:\/\/ligna-systems.com\/wp-content\/uploads\/2024\/03\/venti-views-1cqIcrWFQBI-unsplash-100x100.jpg 100w\" sizes=\"(max-width: 150px) 100vw, 150px\" \/>            <\/div>\n                    <span class=\"icon\"><svg class=\"arrow\" version=\"1.1\" fill=\"currentColor\" xmlns=\"http:\/\/www.w3.org\/2000\/svg\" xmlns:xlink=\"http:\/\/www.w3.org\/1999\/xlink\" x=\"0px\" y=\"0px\"\n\t viewBox=\"0 0 24 24\" style=\"enable-background:new 0 0 24 24;\" xml:space=\"preserve\">\n<path d=\"M0.5,13.4h18.4L11,21.2l2,2L23.1,13c0.3-0.3,0.4-0.6,0.4-1c0-0.4-0.1-0.7-0.4-1L13,0.8l-2,2l7.8,7.8H0.5\"><\/path>\n<\/svg>\n<\/span>\n        <\/div>\n        <h5 class=\"pagination-title\">Livraison<br \/><span class=\"direction-name\">\u00c9tape suivante<\/span><\/h5>\n      <\/a>\n    <\/div>\n  <\/div>\n<\/div>","protected":false},"excerpt":{"rendered":"D\u00e9couvrez les coulisses de notre production \u00e0 Sankt Vith (Belgique):","protected":false},"author":15,"featured_media":13653,"parent":24803,"menu_order":226,"comment_status":"closed","ping_status":"closed","template":"","meta":{"_acf_changed":false,"footnotes":""},"class_list":["post-24830","page","type-page","status-publish","has-post-thumbnail","hentry"],"acf":[],"_links":{"self":[{"href":"https:\/\/ligna-systems.com\/fr\/wp-json\/wp\/v2\/pages\/24830","targetHints":{"allow":["GET"]}}],"collection":[{"href":"https:\/\/ligna-systems.com\/fr\/wp-json\/wp\/v2\/pages"}],"about":[{"href":"https:\/\/ligna-systems.com\/fr\/wp-json\/wp\/v2\/types\/page"}],"author":[{"embeddable":true,"href":"https:\/\/ligna-systems.com\/fr\/wp-json\/wp\/v2\/users\/15"}],"replies":[{"embeddable":true,"href":"https:\/\/ligna-systems.com\/fr\/wp-json\/wp\/v2\/comments?post=24830"}],"version-history":[{"count":13,"href":"https:\/\/ligna-systems.com\/fr\/wp-json\/wp\/v2\/pages\/24830\/revisions"}],"predecessor-version":[{"id":32653,"href":"https:\/\/ligna-systems.com\/fr\/wp-json\/wp\/v2\/pages\/24830\/revisions\/32653"}],"up":[{"embeddable":true,"href":"https:\/\/ligna-systems.com\/fr\/wp-json\/wp\/v2\/pages\/24803"}],"wp:featuredmedia":[{"embeddable":true,"href":"https:\/\/ligna-systems.com\/fr\/wp-json\/wp\/v2\/media\/13653"}],"wp:attachment":[{"href":"https:\/\/ligna-systems.com\/fr\/wp-json\/wp\/v2\/media?parent=24830"}],"curies":[{"name":"wp","href":"https:\/\/api.w.org\/{rel}","templated":true}]}}