{"id":24803,"date":"2022-05-31T14:43:59","date_gmt":"2022-05-31T12:43:59","guid":{"rendered":"https:\/\/ligna.cloth.be\/?page_id=24803"},"modified":"2024-11-19T11:45:03","modified_gmt":"2024-11-19T10:45:03","slug":"savoir-faire","status":"publish","type":"page","link":"https:\/\/ligna-systems.com\/fr\/savoir-faire\/","title":{"rendered":"Notre savoir-faire"},"content":{"rendered":"<div id=\"\" class=\"section section-row  margin-medium\">\n\t<div class=\"wrapper-small\">\n\t\t<div class=\"grid-row spaced-xlarge default grid-align-top\">\n\t\t\n<div class=\"text-dark col-12\">\n\t\t    \n<h2 class=\"wp-block-heading\">Notre savoir-faire<\/h2>\n\n<h3 class=\"wp-block-heading colored\">Tout d&rsquo;une seule source<\/h3>\n\n<p>De la planification au montage, LIGNA systems vous accompagne \u00e0 chaque phase du projet. Gr\u00e2ce \u00e0 une pr\u00e9fabrication \u00e9lev\u00e9e et \u00e0 des composants \u00e9prouv\u00e9s, nous r\u00e9duisons les co\u00fbts et le temps de construction au minimum. Une planification pr\u00e9cise et des processus fluides garantissent une livraison et une r\u00e9alisation ponctuelles de votre projet de construction. D\u00e9couvrez-en plus sur notre gestion de projet.<\/p>\n\t\t\n\t\n<\/div>\n\t\t<\/div>\n\t<\/div>\n\n\t\n\t\n\t<!--<div class=\"slanting-side slanting-del\"><\/div>-->\n<\/div><div id=\"\" class=\"section section-row  margin-medium\">\n\t<div class=\"wrapper-small\">\n\t\t<div class=\"grid-row spaced-small default grid-align-top\">\n\t\t\n<div class=\"text-dark col- slanting-hover\">\n\t\t<a href=\"https:\/\/ligna-systems.com\/fr\/notre-processus\/conception\/\" class=\"column-link \" target=\"_self\"><\/a><div class=\"item-inner\">    \n<div class=\"cloth-iconbox has-image\">\n\t        <div class=\"box-image cloth-image-container media-ratio-4-3\">\n\t\t<span class=\"media\">\n            <span class=\"media-item\">\n\t\t\t<img src=\"https:\/\/ligna-systems.com\/wp-content\/uploads\/2022\/06\/ligna-planung-768x554.jpg\" srcset=\"https:\/\/ligna-systems.com\/wp-content\/uploads\/2022\/06\/ligna-planung-768x554.jpg 1680w, https:\/\/ligna-systems.com\/wp-content\/uploads\/2022\/06\/ligna-planung-512x369.jpg 512w\"  width=\"768\" height=\"554\" alt=\"mockup-konfigurator ligma\" decoding=\"async\" loading=\"lazy\"\/>\t\t<\/span>\n        <\/span>\n            <div class=\"box-icon\">\n\t\t\t\t<span class=\"nr-icon\">1<\/span>            <\/div>\n            <div class=\"slanting-side slanting-del\"><\/div>\n        <\/div>\n\t    <div class=\"box-content\">\n        <h3><strong><\/strong><\/h3>\n\t\t<p><h4><strong>Conception<\/strong><\/h4>\n<\/p><p>\u00c9tude et outils innovants pour une conception pr\u00e9cise et une estimation rapide.<\/p>\n    <\/div>\n<\/div>\n\t\t<\/div>\n\t\n<\/div>\n\n<div class=\"text-dark col- slanting-hover\">\n\t\t<a href=\"https:\/\/ligna-systems.com\/fr\/notre-processus\/production\/\" class=\"column-link \" target=\"_self\"><\/a><div class=\"item-inner\">    \n<div class=\"cloth-iconbox has-image\">\n\t        <div class=\"box-image cloth-image-container media-ratio-4-3\">\n\t\t<span class=\"media\">\n            <span class=\"media-item\">\n\t\t\t<img src=\"https:\/\/ligna-systems.com\/wp-content\/uploads\/2024\/03\/Production-LIGNA-systems-St.Vith-Belgique-768x499.jpg\" srcset=\"https:\/\/ligna-systems.com\/wp-content\/uploads\/2024\/03\/Production-LIGNA-systems-St.Vith-Belgique-768x499.jpg 1680w, https:\/\/ligna-systems.com\/wp-content\/uploads\/2024\/03\/Production-LIGNA-systems-St.Vith-Belgique-512x332.jpg 512w\"  width=\"768\" height=\"499\" alt=\"Production-LIGNA-systems&#8212;St.Vith&#8212;Belgique\" decoding=\"async\" loading=\"lazy\"\/>\t\t<\/span>\n        <\/span>\n            <div class=\"box-icon\">\n\t\t\t\t<span class=\"nr-icon\">2<\/span>            <\/div>\n            <div class=\"slanting-side slanting-del\"><\/div>\n        <\/div>\n\t    <div class=\"box-content\">\n        <h3><strong><\/strong><\/h3>\n\t\t<p><h4><strong>Production<\/strong><\/h4>\n<\/p><p>Fabrication automatis\u00e9e en Europe garantissant qualit\u00e9 et pr\u00e9cision.<\/p>\n    <\/div>\n<\/div>\n\t\t<\/div>\n\t\n<\/div>\n\n<div class=\"text-dark col- slanting-hover\">\n\t\t<a href=\"https:\/\/ligna-systems.com\/fr\/notre-processus\/livraison\/\" class=\"column-link \" target=\"_self\"><\/a><div class=\"item-inner\">    \n<div class=\"cloth-iconbox has-image\">\n\t        <div class=\"box-image cloth-image-container media-ratio-4-3\">\n\t\t<span class=\"media\">\n            <span class=\"media-item\">\n\t\t\t<img src=\"https:\/\/ligna-systems.com\/wp-content\/uploads\/2024\/03\/venti-views-1cqIcrWFQBI-unsplash-768x511.jpg\" srcset=\"https:\/\/ligna-systems.com\/wp-content\/uploads\/2024\/03\/venti-views-1cqIcrWFQBI-unsplash-768x511.jpg 1680w, https:\/\/ligna-systems.com\/wp-content\/uploads\/2024\/03\/venti-views-1cqIcrWFQBI-unsplash-512x341.jpg 512w\"  width=\"768\" height=\"511\" alt=\"venti-views-1cqIcrWFQBI-unsplash\" decoding=\"async\" loading=\"lazy\"\/>\t\t<\/span>\n        <\/span>\n            <div class=\"box-icon\">\n\t\t\t\t<span class=\"nr-icon\">3<\/span>            <\/div>\n            <div class=\"slanting-side slanting-del\"><\/div>\n        <\/div>\n\t    <div class=\"box-content\">\n        <h3><strong><\/strong><\/h3>\n\t\t<p><h4><strong>Livraison<\/strong><\/h4>\n<\/p><p>Logistique optimis\u00e9e pour une livraison fiable et s\u00e9curis\u00e9e de l&rsquo;Europe au reste du monde.<\/p>\n    <\/div>\n<\/div>\n\t\t<\/div>\n\t\n<\/div>\n\n<div class=\"text-dark col- slanting-hover\">\n\t\t<a href=\"https:\/\/ligna-systems.com\/fr\/notre-processus\/montage\/\" class=\"column-link \" target=\"_self\"><\/a><div class=\"item-inner\">    \n<div class=\"cloth-iconbox has-image\">\n\t        <div class=\"box-image cloth-image-container media-ratio-4-3\">\n\t\t<span class=\"media\">\n            <span class=\"media-item\">\n\t\t\t<img src=\"https:\/\/ligna-systems.com\/wp-content\/uploads\/2022\/07\/Holzstruktur-ID-43233-768x768.jpg\" srcset=\"https:\/\/ligna-systems.com\/wp-content\/uploads\/2022\/07\/Holzstruktur-ID-43233-768x768.jpg 1680w, https:\/\/ligna-systems.com\/wp-content\/uploads\/2022\/07\/Holzstruktur-ID-43233-512x512.jpg 512w\"  width=\"768\" height=\"768\" alt=\"Holzstruktur Baustelle ligma\" decoding=\"async\" loading=\"lazy\"\/>\t\t<\/span>\n        <\/span>\n            <div class=\"box-icon\">\n\t\t\t\t<span class=\"nr-icon\">4<\/span>            <\/div>\n            <div class=\"slanting-side slanting-del\"><\/div>\n        <\/div>\n\t    <div class=\"box-content\">\n        <h3><strong><\/strong><\/h3>\n\t\t<p><h4><strong>Montage<\/strong><\/h4>\n<\/p><p>Montage sur site par nos partenaires locaux autoris\u00e9s, assurant une finition impeccable.<\/p>\n    <\/div>\n<\/div>\n\t\t<\/div>\n\t\n<\/div>\n\t\t<\/div>\n\t<\/div>\n\n\t\n\t\n\t<!--<div class=\"slanting-side slanting-del\"><\/div>-->\n<\/div><div class=\"cloth-spacer-large\"><\/div><div id=\"\" class=\"section section-row  margin-large\">\n\t<div class=\"wrapper-small\">\n\t\t<div class=\"grid-row spaced-xlarge default grid-align-center inverse_smartphone\">\n\t\t\n<div class=\"text-dark col-6\">\n\t\t    \n<span class=\"font-weight-600 h8 uppercase cloth-subtitle colored\">\u00c0 propos de LIGNA systems<\/span>\n\n<h4 class=\"wp-block-heading\"><strong>Notre entreprise<\/strong><\/h4>\n\n<p>LIGNA systems r\u00e9alise des projets de construction dans toute l&rsquo;Europe avec expertise. En tant que constructeur de halls en bois, nous avons d\u00e9j\u00e0 aid\u00e9 plus de 500 clients \u00e0 concr\u00e9tiser leur projet de r\u00eave. Tout a commenc\u00e9 avec un petit commerce familial de bois. D\u00e9couvrez notre histoire et nos valeurs.<\/p>\n\n<div class=\"cloth-spacer-large\"><\/div>\n\n<span class=\"cloth-button\">\n\n\n<a class=\"btn btn-simple btn-colored \" href=\"https:\/\/ligna-systems.com\/fr\/a-propos\/\" target=\"_self\">\n                <span class=\"text\">\n                    <span>\u00c0 propos de nous<\/span>\n                    <span>\u00c0 propos de nous<\/span>\n                <\/span>\n                <span class=\"btn-icon\"><svg class=\"arrow\" version=\"1.1\" fill=\"currentColor\" xmlns=\"http:\/\/www.w3.org\/2000\/svg\" xmlns:xlink=\"http:\/\/www.w3.org\/1999\/xlink\" x=\"0px\" y=\"0px\"\n\t viewBox=\"0 0 24 24\" style=\"enable-background:new 0 0 24 24;\" xml:space=\"preserve\">\n<path d=\"M0.5,13.4h18.4L11,21.2l2,2L23.1,13c0.3-0.3,0.4-0.6,0.4-1c0-0.4-0.1-0.7-0.4-1L13,0.8l-2,2l7.8,7.8H0.5\"><\/path>\n<\/svg>\n<\/span>\n                <span class=\"slanting-side slanting-add\"><\/span>\n            <\/a>\n<\/span>\n\t\t\n\t\n<\/div>\n\n<div class=\"text-dark col-6\">\n\t\t    \n<div class=\"cloth-block-image cloth-anim\" data-parallax-speed=\"\">\n\n\n\t\t<a class=\"media-hover\" href=\"https:\/\/ligna-systems.com\/?page_id=5416\" target=\"'_self\">\n\t\t\n\t<div class=\"cloth-image-container cloth-anim-inner  media-ratio-1-1\" style=\"max-width:1024px\">\n\t\t\n\t\t\n\t\t\t<span class=\"media\"><span class=\"media-item\">\t\t\t<img src=\"https:\/\/ligna-systems.com\/wp-content\/uploads\/2022\/07\/ligna-hauptsitz-3-1024x683.jpg\" srcset=\"https:\/\/ligna-systems.com\/wp-content\/uploads\/2022\/07\/ligna-hauptsitz-3-1024x683.jpg 1680w, https:\/\/ligna-systems.com\/wp-content\/uploads\/2022\/07\/ligna-hauptsitz-3-512x341.jpg 512w\"  width=\"1024\" height=\"683\" alt=\"hauptsitz von Ligna \" decoding=\"async\" loading=\"lazy\"\/>\t\t\t\t\t\t<\/span><\/span>\n\t\t\n\t\t<div class=\"slanting-side slanting-del\"><\/div>\t\t\t\n\t<\/div>\n\n\t\n\n\t\t\t\n\t\t\t<\/a>\n\t\t<\/div>\n\t\t\n\t\n<\/div>\n\t\t<\/div>\n\t<\/div>\n\n\t\n\t\n\t<!--<div class=\"slanting-side slanting-del\"><\/div>-->\n<\/div><div id=\"\" class=\"section section-row  margin-small\">\n\t<div class=\"wrapper-small\">\n\t\t<div class=\"grid-row spaced-xlarge default grid-align-top inverse_smartphone\">\n\t\t\n<div class=\"text-dark col-6\">\n\t\t    \n<div class=\"cloth-block-image cloth-anim\" data-parallax-speed=\"\">\n\n\n\t\t<a class=\"media-hover\" href=\"https:\/\/ligna-systems.com\/fr\/savoir-faire\/\" target=\"'_self\">\n\t\t\n\t<div class=\"cloth-image-container cloth-anim-inner  media-ratio-1-1\" style=\"max-width:768px\">\n\t\t\n\t\t\n\t\t\t<span class=\"media\"><span class=\"media-item\">\t\t\t<img src=\"https:\/\/ligna-systems.com\/wp-content\/uploads\/2024\/09\/Structure-en-bois_hall-industriel_Chimsco_retouche-5-768x1152.png\" srcset=\"https:\/\/ligna-systems.com\/wp-content\/uploads\/2024\/09\/Structure-en-bois_hall-industriel_Chimsco_retouche-5-768x1152.png 1680w, https:\/\/ligna-systems.com\/wp-content\/uploads\/2024\/09\/Structure-en-bois_hall-industriel_Chimsco_retouche-5-512x768.png 512w\"  width=\"768\" height=\"1152\" alt=\"Structure en bois_hall industriel_Chimsco_retouche (5)\" decoding=\"async\" loading=\"lazy\"\/>\t\t\t\t\t\t<\/span><\/span>\n\t\t\n\t\t<div class=\"slanting-side slanting-del\"><\/div>\t\t\t\n\t<\/div>\n\n\t\n\n\t\t\t\n\t\t\t<\/a>\n\t\t<\/div>\n\t\t\n\t\n<\/div>\n\n<div class=\"text-dark col-6\">\n\t\t    \n<span class=\"font-weight-600 h8 uppercase cloth-subtitle colored\">Moins de bois, plus d&rsquo;efficacit\u00e9.<\/span>\n\n<h4 class=\"wp-block-heading\"><strong><\/strong><strong>La structure en bois de LIGNA systems<\/strong><\/h4>\n\n<p>Nos structures en bois offrent des solutions durables, stables et flexibles pour des projets de construction exigeants. Avec jusqu&rsquo;\u00e0 50 % de bois en moins par rapport aux poutres traditionnelles, elles allient efficacit\u00e9 \u00e9conomique, haute capacit\u00e9 de charge et design moderne.<\/p>\n\n<div class=\"cloth-spacer-large\"><\/div>\n\n<span class=\"cloth-button\">\n\n\n<a class=\"btn btn-simple btn-colored \" href=\"https:\/\/ligna-systems.com\/fr\/produits\/structures-en-bois\/\" target=\"_self\">\n                <span class=\"text\">\n                    <span>En savoir plus maintenant !<\/span>\n                    <span>En savoir plus maintenant !<\/span>\n                <\/span>\n                <span class=\"btn-icon\"><svg class=\"arrow\" version=\"1.1\" fill=\"currentColor\" xmlns=\"http:\/\/www.w3.org\/2000\/svg\" xmlns:xlink=\"http:\/\/www.w3.org\/1999\/xlink\" x=\"0px\" y=\"0px\"\n\t viewBox=\"0 0 24 24\" style=\"enable-background:new 0 0 24 24;\" xml:space=\"preserve\">\n<path d=\"M0.5,13.4h18.4L11,21.2l2,2L23.1,13c0.3-0.3,0.4-0.6,0.4-1c0-0.4-0.1-0.7-0.4-1L13,0.8l-2,2l7.8,7.8H0.5\"><\/path>\n<\/svg>\n<\/span>\n                <span class=\"slanting-side slanting-add\"><\/span>\n            <\/a>\n<\/span>\n\t\t\n\t\n<\/div>\n\t\t<\/div>\n\t<\/div>\n\n\t\n\t\n\t<!--<div class=\"slanting-side slanting-del\"><\/div>-->\n<\/div><div id=\"\" class=\"section section-row  margin-large\">\n\t<div class=\"wrapper-small\">\n\t\t<div class=\"grid-row spaced-xlarge default grid-align-center inverse_smartphone\">\n\t\t\n<div class=\"text-dark col-6\">\n\t\t    \n<span class=\"font-weight-600 h8 uppercase cloth-subtitle colored\">Des questions ? Nous sommes l\u00e0 pour vous !<\/span>\n\n<h4 class=\"wp-block-heading\"><strong><\/strong><strong>Votre ligne directe avec nous !<\/strong><\/h4>\n\n<p>Que ce soit par e-mail, t\u00e9l\u00e9phone ou formulaire de contact, r\u00e9alisons ensemble vos visions et planifions les prochaines \u00e9tapes. Notre \u00e9quipe a h\u00e2te de faire votre connaissance !<\/p>\n\n<div class=\"cloth-spacer-large\"><\/div>\n\n<span class=\"cloth-button\">\n\n\n<a class=\"btn btn-default btn-colored \" href=\"https:\/\/ligna-systems.com\/fr\/contact\/\" target=\"_self\">\n                <span class=\"text\">\n                    <span>Votre contact chez LIGNA<\/span>\n                    <span>Votre contact chez LIGNA<\/span>\n                <\/span>\n                <span class=\"btn-icon\"><svg class=\"arrow\" version=\"1.1\" fill=\"currentColor\" xmlns=\"http:\/\/www.w3.org\/2000\/svg\" xmlns:xlink=\"http:\/\/www.w3.org\/1999\/xlink\" x=\"0px\" y=\"0px\"\n\t viewBox=\"0 0 24 24\" style=\"enable-background:new 0 0 24 24;\" xml:space=\"preserve\">\n<path d=\"M0.5,13.4h18.4L11,21.2l2,2L23.1,13c0.3-0.3,0.4-0.6,0.4-1c0-0.4-0.1-0.7-0.4-1L13,0.8l-2,2l7.8,7.8H0.5\"><\/path>\n<\/svg>\n<\/span>\n                <span class=\"slanting-side slanting-add\"><\/span>\n            <\/a>\n<\/span>\n\t\t\n\t\n<\/div>\n\n<div class=\"text-dark col-6\">\n\t\t    \n<div class=\"cloth-block-image cloth-anim\" data-parallax-speed=\"\">\n\n\n\t\t<a class=\"media-hover\" href=\"https:\/\/ligna-systems.com\/kontakt\/\" target=\"'_self\">\n\t\t\n\t<div class=\"cloth-image-container cloth-anim-inner  media-ratio-1-1\" style=\"max-width:1024px\">\n\t\t\n\t\t\n\t\t\t<span class=\"media\"><span class=\"media-item\">\t\t\t<img src=\"https:\/\/ligna-systems.com\/wp-content\/uploads\/2024\/09\/Kontakt_LIGNA-1024x731.png\" srcset=\"https:\/\/ligna-systems.com\/wp-content\/uploads\/2024\/09\/Kontakt_LIGNA-1024x731.png 1680w, https:\/\/ligna-systems.com\/wp-content\/uploads\/2024\/09\/Kontakt_LIGNA-512x366.png 512w\"  width=\"1024\" height=\"731\" alt=\"Kontakt_LIGNA\" decoding=\"async\" loading=\"lazy\"\/>\t\t\t\t\t\t<\/span><\/span>\n\t\t\n\t\t<div class=\"slanting-side slanting-del\"><\/div>\t\t\t\n\t<\/div>\n\n\t\n\n\t\t\t\n\t\t\t<\/a>\n\t\t<\/div>\n\t\t\n\t\n<\/div>\n\t\t<\/div>\n\t<\/div>\n\n\t\n\t\n\t<!--<div class=\"slanting-side slanting-del\"><\/div>-->\n<\/div><div class=\"section section-background text-light margin-none section-background-image\">\n            <div class=\"section-inner\">\n                \n<div id=\"\" class=\"section section-row  margin-large\">\n\t<div class=\"wrapper\">\n\t\t<div class=\"grid-row spaced-medium default grid-align-top\">\n\t\t\n<div class=\"text-dark col-8\">\n\t\t    \n<span class=\"font-weight-600 h8 uppercase cloth-subtitle colored\">Demander une offre<\/span>\n\n<h3 class=\"wp-block-heading\"><strong>\u00cates-vous int\u00e9ress\u00e9 par une structure en bois pour votre projet de construction de hall?<\/strong><\/h3>\n\n<p class=\"intro\">Envoyez-nous votre demande par mail.<\/p>\n\n<div class=\"cloth-spacer-large\"><\/div>\n\n<span class=\"cloth-button\">\n\n\n<a class=\"btn btn-default btn-colored \" href=\"mailto:demande@ligna-systems.com\" target=\"_blank\">\n                <span class=\"text\">\n                    <span>Demander une offre<\/span>\n                    <span>Demander une offre<\/span>\n                <\/span>\n                <span class=\"btn-icon\"><svg class=\"arrow\" version=\"1.1\" fill=\"currentColor\" xmlns=\"http:\/\/www.w3.org\/2000\/svg\" xmlns:xlink=\"http:\/\/www.w3.org\/1999\/xlink\" x=\"0px\" y=\"0px\"\n\t viewBox=\"0 0 24 24\" style=\"enable-background:new 0 0 24 24;\" xml:space=\"preserve\">\n<path d=\"M0.5,13.4h18.4L11,21.2l2,2L23.1,13c0.3-0.3,0.4-0.6,0.4-1c0-0.4-0.1-0.7-0.4-1L13,0.8l-2,2l7.8,7.8H0.5\"><\/path>\n<\/svg>\n<\/span>\n                <span class=\"slanting-side slanting-add\"><\/span>\n            <\/a>\n<\/span>\n\t\t\n\t\n<\/div>\n\t\t<\/div>\n\t<\/div>\n\n\t\n\t\n\t<!--<div class=\"slanting-side slanting-del\"><\/div>-->\n<\/div>\n\n            <\/div>\n\t\t\t\n\t\t\t\n\t\n    <div class=\"section-bg\">\n\t\t<div class=\"section-bg-el imagebg-section\" style=\"background:url(https:\/\/ligna-systems.com\/wp-content\/uploads\/2022\/10\/li-bg_neu.jpg) center center;background-size:cover;\" data-parallax-speed=\"-0.07\"><\/div>\n\t\t\n\t\t\n\t<\/div>\n    \n            <div class=\"slanting-side slanting-del\"><\/div>\n            <div class=\"slanting-side slanting-del slanting-top\"><\/div>\n        <\/div><div class=\"cloth-spacer-large\"><\/div>","protected":false},"excerpt":{"rendered":"","protected":false},"author":15,"featured_media":18262,"parent":0,"menu_order":177,"comment_status":"closed","ping_status":"closed","template":"","meta":{"_acf_changed":false,"footnotes":""},"class_list":["post-24803","page","type-page","status-publish","has-post-thumbnail","hentry"],"acf":[],"_links":{"self":[{"href":"https:\/\/ligna-systems.com\/fr\/wp-json\/wp\/v2\/pages\/24803","targetHints":{"allow":["GET"]}}],"collection":[{"href":"https:\/\/ligna-systems.com\/fr\/wp-json\/wp\/v2\/pages"}],"about":[{"href":"https:\/\/ligna-systems.com\/fr\/wp-json\/wp\/v2\/types\/page"}],"author":[{"embeddable":true,"href":"https:\/\/ligna-systems.com\/fr\/wp-json\/wp\/v2\/users\/15"}],"replies":[{"embeddable":true,"href":"https:\/\/ligna-systems.com\/fr\/wp-json\/wp\/v2\/comments?post=24803"}],"version-history":[{"count":6,"href":"https:\/\/ligna-systems.com\/fr\/wp-json\/wp\/v2\/pages\/24803\/revisions"}],"predecessor-version":[{"id":25018,"href":"https:\/\/ligna-systems.com\/fr\/wp-json\/wp\/v2\/pages\/24803\/revisions\/25018"}],"wp:featuredmedia":[{"embeddable":true,"href":"https:\/\/ligna-systems.com\/fr\/wp-json\/wp\/v2\/media\/18262"}],"wp:attachment":[{"href":"https:\/\/ligna-systems.com\/fr\/wp-json\/wp\/v2\/media?parent=24803"}],"curies":[{"name":"wp","href":"https:\/\/api.w.org\/{rel}","templated":true}]}}