{"id":24432,"date":"2022-08-24T10:55:45","date_gmt":"2022-08-24T08:55:45","guid":{"rendered":"https:\/\/ligna.cloth.be\/?page_id=24432"},"modified":"2024-11-25T15:56:18","modified_gmt":"2024-11-25T14:56:18","slug":"produits","status":"publish","type":"page","link":"https:\/\/ligna-systems.com\/fr\/produits\/","title":{"rendered":"Produits"},"content":{"rendered":"<div class=\"cloth-spacer-xlarge\"><\/div><div class=\"cloth-spacer-xlarge\"><\/div><div id=\"\" class=\"section section-row  margin-large\">\n\t<div class=\"wrapper-small\">\n\t\t<div class=\"grid-row spaced-medium default grid-align-top\">\n\t\t\n<div class=\"text-dark col-12\">\n\t\t    \n<h2 class=\"wp-block-heading\">Efficacit\u00e9, \u00c9conomie, Stabilit\u00e9<\/h2>\n\n<p>Nos structures en bois sont le choix id\u00e9al pour ceux qui recherchent une solution performante et respectueuse de l\u2019environnement. Con\u00e7ues pour des port\u00e9es importantes, elles r\u00e9pondent aux exigences des projets de construction modernes, voire les surpassent souvent. En tant que pionniers de la construction durable, LIGNA systems permet aux architectes, bureaux d\u2019\u00e9tudes et entreprises de construction d\u2019utiliser le bois comme alternative \u00e9conomique et \u00e9cologique aux mat\u00e9riaux traditionnels comme l\u2019acier et le b\u00e9ton. Faites la comparaison !<\/p>\n\t\t\n\t\n<\/div>\n\t\t<\/div>\n\t<\/div>\n\n\t\n\t\n\t<!--<div class=\"slanting-side slanting-del\"><\/div>-->\n<\/div><div class=\"cloth-spacer-large\"><\/div><div id=\"\" class=\"section section-row  margin-small\">\n\t<div class=\"wrapper-small\">\n\t\t<div class=\"grid-row spaced-xlarge default grid-align-top\">\n\t\t\n<div class=\"text-dark col-6\">\n\t\t    \n<span class=\"font-weight-600 h8 uppercase cloth-subtitle colored\">Moins de bois, plus d&rsquo;efficacit\u00e9<\/span>\n\n<h3 class=\"wp-block-heading\"><strong><\/strong><strong>La structure en bois de LIGNA systems<\/strong><\/h3>\n\n<p>Nos structures en bois r\u00e9duisent la consommation de bois jusqu&rsquo;\u00e0 50 % par rapport aux poutres traditionnelles. Gr\u00e2ce \u00e0 une utilisation optimis\u00e9e des mat\u00e9riaux, vous pouvez non seulement r\u00e9duire vos co\u00fbts, mais \u00e9galement contribuer activement \u00e0 la pr\u00e9servation des ressources. Une empreinte \u00e9cologique r\u00e9duite est un b\u00e9n\u00e9fice pour vous et pour la nature \u2013 une durabilit\u00e9 convaincante.<\/p>\n\n<p class=\"colored\"><strong>L\u00e9ger, solide, flexible \u2013 id\u00e9al pour les projets de construction moderne et de grande envergure<\/strong>.<\/p>\n\n<div class=\"cloth-spacer-large\"><\/div>\n\n<span class=\"cloth-button\">\n\n\n<a class=\"btn btn-simple btn-colored \" href=\"https:\/\/ligna-systems.com\/fr\/produits\/structures-en-bois\/\" target=\"_self\">\n                <span class=\"text\">\n                    <span>En savoir plus maintenant<\/span>\n                    <span>En savoir plus maintenant<\/span>\n                <\/span>\n                <span class=\"btn-icon\"><svg class=\"arrow\" version=\"1.1\" fill=\"currentColor\" xmlns=\"http:\/\/www.w3.org\/2000\/svg\" xmlns:xlink=\"http:\/\/www.w3.org\/1999\/xlink\" x=\"0px\" y=\"0px\"\n\t viewBox=\"0 0 24 24\" style=\"enable-background:new 0 0 24 24;\" xml:space=\"preserve\">\n<path d=\"M0.5,13.4h18.4L11,21.2l2,2L23.1,13c0.3-0.3,0.4-0.6,0.4-1c0-0.4-0.1-0.7-0.4-1L13,0.8l-2,2l7.8,7.8H0.5\"><\/path>\n<\/svg>\n<\/span>\n                <span class=\"slanting-side slanting-add\"><\/span>\n            <\/a>\n<\/span>\n\t\t\n\t\n<\/div>\n\n<div class=\"text-dark col-6\">\n\t\t    \n<div class=\"cloth-block-image cloth-anim\" data-parallax-speed=\"\">\n\n\n\t\t<a class=\"media-hover\" href=\"https:\/\/ligna-systems.com\/fr\/produits\/\" target=\"'_self\">\n\t\t\n\t<div class=\"cloth-image-container cloth-anim-inner  media-ratio-1-1\" style=\"max-width:768px\">\n\t\t\n\t\t\n\t\t\t<span class=\"media\"><span class=\"media-item\">\t\t\t<img src=\"https:\/\/ligna-systems.com\/wp-content\/uploads\/2024\/09\/Structure-en-bois_hall-industriel_Chimsco_retouche-5-768x1152.png\" srcset=\"https:\/\/ligna-systems.com\/wp-content\/uploads\/2024\/09\/Structure-en-bois_hall-industriel_Chimsco_retouche-5-768x1152.png 1680w, https:\/\/ligna-systems.com\/wp-content\/uploads\/2024\/09\/Structure-en-bois_hall-industriel_Chimsco_retouche-5-512x768.png 512w\"  width=\"768\" height=\"1152\" alt=\"Structure en bois_hall industriel_Chimsco_retouche (5)\" decoding=\"async\" loading=\"lazy\"\/>\t\t\t\t\t\t<\/span><\/span>\n\t\t\n\t\t<div class=\"slanting-side slanting-del\"><\/div>\t\t\t\n\t<\/div>\n\n\t\n\n\t\t\t\n\t\t\t<\/a>\n\t\t<\/div>\n\t\t\n\t\n<\/div>\n\t\t<\/div>\n\t<\/div>\n\n\t\n\t\n\t<!--<div class=\"slanting-side slanting-del\"><\/div>-->\n<\/div><div class=\"cloth-spacer-xlarge\"><\/div><div id=\"\" class=\"section section-row  margin-small\">\n\t<div class=\"wrapper-small\">\n\t\t<div class=\"grid-row spaced-xlarge default grid-align-top\">\n\t\t\n<div class=\"text-dark col-6\">\n\t\t    \n<span class=\"font-weight-600 h8 uppercase cloth-subtitle colored\">Durabilit\u00e9 et \u00e9cologie<\/span>\n\n<h4 class=\"wp-block-heading\"><strong>Le concept de durabilit\u00e9 de LIGNA systems<\/strong><\/h4>\n\n<p>Pr\u00e9servation maximale des ressources, construction hybride et recyclage : gr\u00e2ce \u00e0 notre m\u00e9thode de construction en treillis, vous \u00e9conomisez jusqu&rsquo;\u00e0 50 % de bois tout en construisant de mani\u00e8re plus durable et rentable.<\/p>\n\n<div class=\"cloth-spacer-large\"><\/div>\n\n<span class=\"cloth-button\">\n\n\n<a class=\"btn btn-simple btn-colored \" href=\"https:\/\/ligna-systems.com\/fr\/durabilite\/\" target=\"_self\">\n                <span class=\"text\">\n                    <span>En savoir plus maintenant ! <\/span>\n                    <span>En savoir plus maintenant ! <\/span>\n                <\/span>\n                <span class=\"btn-icon\"><svg class=\"arrow\" version=\"1.1\" fill=\"currentColor\" xmlns=\"http:\/\/www.w3.org\/2000\/svg\" xmlns:xlink=\"http:\/\/www.w3.org\/1999\/xlink\" x=\"0px\" y=\"0px\"\n\t viewBox=\"0 0 24 24\" style=\"enable-background:new 0 0 24 24;\" xml:space=\"preserve\">\n<path d=\"M0.5,13.4h18.4L11,21.2l2,2L23.1,13c0.3-0.3,0.4-0.6,0.4-1c0-0.4-0.1-0.7-0.4-1L13,0.8l-2,2l7.8,7.8H0.5\"><\/path>\n<\/svg>\n<\/span>\n                <span class=\"slanting-side slanting-add\"><\/span>\n            <\/a>\n<\/span>\n\t\t\n\t\n<\/div>\n\n<div class=\"text-dark col-6\">\n\t\t    \n<div class=\"cloth-block-image cloth-anim\" data-parallax-speed=\"\">\n\n\n\t\t<a class=\"media-hover\" href=\"https:\/\/ligna-systems.com\/nachhaltigkeit\/\" target=\"'_self\">\n\t\t\n\t<div class=\"cloth-image-container cloth-anim-inner  media-ratio-1-1\" style=\"max-width:768px\">\n\t\t\n\t\t\n\t\t\t<span class=\"media\"><span class=\"media-item\">\t\t\t<img src=\"https:\/\/ligna-systems.com\/wp-content\/uploads\/2024\/09\/Nachhaltigkeit-768x675.jpg\" srcset=\"https:\/\/ligna-systems.com\/wp-content\/uploads\/2024\/09\/Nachhaltigkeit-768x675.jpg 1680w, https:\/\/ligna-systems.com\/wp-content\/uploads\/2024\/09\/Nachhaltigkeit-512x450.jpg 512w\"  width=\"768\" height=\"675\" alt=\"Nachhaltigkeit\" decoding=\"async\" loading=\"lazy\"\/>\t\t\t\t\t\t<\/span><\/span>\n\t\t\n\t\t<div class=\"slanting-side slanting-del\"><\/div>\t\t\t\n\t<\/div>\n\n\t\n\n\t\t\t\n\t\t\t<\/a>\n\t\t<\/div>\n\t\t\n\t\n<\/div>\n\t\t<\/div>\n\t<\/div>\n\n\t\n\t\n\t<!--<div class=\"slanting-side slanting-del\"><\/div>-->\n<\/div><section  class=\"section section-in-section \">\n    <div class=\"wrapper\">\n\t\t\n        <div class=\"section section-background text-light margin-none section-background-image\">\n            <div class=\"section-inner\">\n                \n<div id=\"\" class=\"section section-row  margin-large\">\n\t<div class=\"wrapper-small\">\n\t\t<div class=\"grid-row spaced-medium default grid-align-top\">\n\t\t\n<div class=\"text-dark col-12\">\n\t\t    \n<span class=\"font-weight-600 h8 uppercase cloth-subtitle colored\">Nous sommes \u00e0 votre disposition<\/span>\n\n<h3 class=\"wp-block-heading\"><strong>Des questions ? Nous sommes \u00e0 votre \u00e9coute!<\/strong><\/h3>\n\n<p class=\"intro\">Vous avez des plans, des id\u00e9es, des concepts concrets ou encore des questions pour votre projet de construction de plus de 1.000 m\u00b2 ?<br \/>Ensemble, transformons vos visions en r\u00e9alit\u00e9 et planifions les prochaines \u00e9tapes. Notre \u00e9quipe se r\u00e9jouit de faire votre connaissance !<\/p>\n\n<p class=\"intro\"><\/p>\n\n<div class=\"cloth-spacer-large\"><\/div>\n\n<span class=\"cloth-button\">\n\n\n<a class=\"btn btn-default btn-colored \" href=\"https:\/\/ligna-systems.com\/fr\/contact\/\" target=\"_blank\">\n                <span class=\"text\">\n                    <span>Votre contact chez LIGNA<\/span>\n                    <span>Votre contact chez LIGNA<\/span>\n                <\/span>\n                <span class=\"btn-icon\"><svg class=\"arrow\" version=\"1.1\" fill=\"currentColor\" xmlns=\"http:\/\/www.w3.org\/2000\/svg\" xmlns:xlink=\"http:\/\/www.w3.org\/1999\/xlink\" x=\"0px\" y=\"0px\"\n\t viewBox=\"0 0 24 24\" style=\"enable-background:new 0 0 24 24;\" xml:space=\"preserve\">\n<path d=\"M0.5,13.4h18.4L11,21.2l2,2L23.1,13c0.3-0.3,0.4-0.6,0.4-1c0-0.4-0.1-0.7-0.4-1L13,0.8l-2,2l7.8,7.8H0.5\"><\/path>\n<\/svg>\n<\/span>\n                <span class=\"slanting-side slanting-add\"><\/span>\n            <\/a>\n<\/span>\n\t\t\n\t\n<\/div>\n\t\t<\/div>\n\t<\/div>\n\n\t\n\t\n\t<!--<div class=\"slanting-side slanting-del\"><\/div>-->\n<\/div>\n\n            <\/div>\n\t\t\t\n\t\t\t\n\t\n    <div class=\"section-bg\">\n\t\t<div class=\"section-bg-el imagebg-section\" style=\"background:url(https:\/\/ligna-systems.com\/wp-content\/uploads\/2022\/10\/li-bg_neu.jpg) center center;background-size:cover;\" data-parallax-speed=\"-0.07\"><\/div>\n\t\t\n\t\t\n\t<\/div>\n    \n            <div class=\"slanting-side slanting-del\"><\/div>\n            <div class=\"slanting-side slanting-del slanting-top\"><\/div>\n        <\/div>\n\t\t\n\t\t    <\/div>\n<\/section>","protected":false},"excerpt":{"rendered":"","protected":false},"author":15,"featured_media":0,"parent":0,"menu_order":230,"comment_status":"closed","ping_status":"closed","template":"","meta":{"_acf_changed":false,"footnotes":""},"class_list":["post-24432","page","type-page","status-publish","hentry"],"acf":[],"_links":{"self":[{"href":"https:\/\/ligna-systems.com\/fr\/wp-json\/wp\/v2\/pages\/24432","targetHints":{"allow":["GET"]}}],"collection":[{"href":"https:\/\/ligna-systems.com\/fr\/wp-json\/wp\/v2\/pages"}],"about":[{"href":"https:\/\/ligna-systems.com\/fr\/wp-json\/wp\/v2\/types\/page"}],"author":[{"embeddable":true,"href":"https:\/\/ligna-systems.com\/fr\/wp-json\/wp\/v2\/users\/15"}],"replies":[{"embeddable":true,"href":"https:\/\/ligna-systems.com\/fr\/wp-json\/wp\/v2\/comments?post=24432"}],"version-history":[{"count":4,"href":"https:\/\/ligna-systems.com\/fr\/wp-json\/wp\/v2\/pages\/24432\/revisions"}],"predecessor-version":[{"id":25552,"href":"https:\/\/ligna-systems.com\/fr\/wp-json\/wp\/v2\/pages\/24432\/revisions\/25552"}],"wp:attachment":[{"href":"https:\/\/ligna-systems.com\/fr\/wp-json\/wp\/v2\/media?parent=24432"}],"curies":[{"name":"wp","href":"https:\/\/api.w.org\/{rel}","templated":true}]}}