{"id":16192,"date":"2022-07-05T22:26:15","date_gmt":"2022-07-05T20:26:15","guid":{"rendered":"https:\/\/ligna-systems.com\/legal-infos\/"},"modified":"2025-03-20T12:39:14","modified_gmt":"2025-03-20T11:39:14","slug":"infos-legales","status":"publish","type":"page","link":"https:\/\/ligna-systems.com\/fr\/infos-legales\/","title":{"rendered":"Infos l\u00e9gales"},"content":{"rendered":"<h4 class=\"wp-block-heading\"><strong>\u00c9diteur responsable<\/strong>:<\/h4><h6 class=\"wp-block-heading\">&nbsp;LIGNA parts AG<\/h6><p>Mercatorstrasse 16<br \/>4780 St. Vith<br \/>Belgique<br \/>BE 0806 041 393<\/p><h4 class=\"wp-block-heading\"><strong>Copyright<\/strong><\/h4><p>\u00a9 LIGNA systems\u00ae<br \/>&#8211; Tous droits r\u00e9serv\u00e9s &#8211;<\/p><p>Tout le contenu de ce site Web (textes, donn\u00e9es, illustrations, images, graphiques, logos, descriptions de produits, etc.) est prot\u00e9g\u00e9 par des droits d&rsquo;auteur. Tous les noms de soci\u00e9t\u00e9s et de marques mentionn\u00e9s, ainsi que leurs marques d\u00e9pos\u00e9es, sont la propri\u00e9t\u00e9 de leurs titulaires respectifs et sont utilis\u00e9s uniquement pour identifier et d\u00e9crire les produits.<\/p><h4 class=\"wp-block-heading\"><strong>Clause de non-responsabilit\u00e9<\/strong><\/h4><p>Toutes les informations sur ce site Web ont \u00e9t\u00e9 soigneusement recherch\u00e9es. Cependant, l\u2019\u00e9diteur n\u2019assume aucune responsabilit\u00e9 quant \u00e0 l\u2019exactitude des informations fournies. Malgr\u00e9 un contr\u00f4le rigoureux, nous d\u00e9clinons toute responsabilit\u00e9 quant au contenu des liens externes. Seuls les exploitants de ces sites sont responsables de leur contenu.<\/p><p>Si vous remarquez des erreurs ou des informations incorrectes sur ce site Web, veuillez nous en informer par \u00e9crit.<\/p>","protected":false},"excerpt":{"rendered":"\u00c9diteur responsable: &nbsp;LIGNA parts AG Mercatorstrasse 164780 St. VithBelgiqueBE 0806 041 393 Copyright \u00a9 LIGNA systems\u00ae&#8211; Tous droits r\u00e9serv\u00e9s &#8211; Tout le contenu de ce site Web (textes, donn\u00e9es, illustrations, images, graphiques, logos, descriptions de produits, etc.) est prot\u00e9g\u00e9 par des droits d&rsquo;auteur. Tous les noms de soci\u00e9t\u00e9s et de marques mentionn\u00e9s, ainsi que leurs [&hellip;]","protected":false},"author":2,"featured_media":0,"parent":0,"menu_order":113,"comment_status":"closed","ping_status":"closed","template":"","meta":{"_acf_changed":false,"footnotes":""},"class_list":["post-16192","page","type-page","status-publish","hentry"],"acf":[],"_links":{"self":[{"href":"https:\/\/ligna-systems.com\/fr\/wp-json\/wp\/v2\/pages\/16192","targetHints":{"allow":["GET"]}}],"collection":[{"href":"https:\/\/ligna-systems.com\/fr\/wp-json\/wp\/v2\/pages"}],"about":[{"href":"https:\/\/ligna-systems.com\/fr\/wp-json\/wp\/v2\/types\/page"}],"author":[{"embeddable":true,"href":"https:\/\/ligna-systems.com\/fr\/wp-json\/wp\/v2\/users\/2"}],"replies":[{"embeddable":true,"href":"https:\/\/ligna-systems.com\/fr\/wp-json\/wp\/v2\/comments?post=16192"}],"version-history":[{"count":5,"href":"https:\/\/ligna-systems.com\/fr\/wp-json\/wp\/v2\/pages\/16192\/revisions"}],"predecessor-version":[{"id":33589,"href":"https:\/\/ligna-systems.com\/fr\/wp-json\/wp\/v2\/pages\/16192\/revisions\/33589"}],"wp:attachment":[{"href":"https:\/\/ligna-systems.com\/fr\/wp-json\/wp\/v2\/media?parent=16192"}],"curies":[{"name":"wp","href":"https:\/\/api.w.org\/{rel}","templated":true}]}}