{"id":36203,"date":"2022-08-16T16:07:48","date_gmt":"2022-08-16T14:07:48","guid":{"rendered":"https:\/\/ligna-systems.com\/a-propos\/notre-equipe\/"},"modified":"2025-09-15T17:17:45","modified_gmt":"2025-09-15T15:17:45","slug":"notre-equipe","status":"publish","type":"page","link":"https:\/\/ligna-systems.com\/fr-fr\/a-propos\/notre-equipe\/","title":{"rendered":"Notre \u00e9quipe"},"content":{"rendered":"<div id=\"\" class=\"section section-row text-dark margin-\">\n\t<div class=\"wrapper-mini\">\n\t\t<div class=\"grid-row spaced-xlarge  grid-align-\">\n\t\t\n<div class=\"text-dark col-12\">\n\t\t    \n<p class=\"intro\"><strong>Chez LIGNA systems, ce sont nos employ\u00e9(\u00e9)s qui font toute la diff\u00e9rence.<\/strong><\/p>\n\n<p class=\"intro\">Nos collaborateurs ne sont pas seulement des experts qualifi\u00e9s \u2013 ce sont les ambassadeurs de notre philosophie d\u2019entreprise. Ils incarnent ce qui d\u00e9finit LIGNA systems : le savoir-faire, la fiabilit\u00e9 et la proximit\u00e9 avec nos clients. En r\u00e9union, sur le chantier ou \u00e0 l\u2019atelier \u2013 ils transmettent notre expertise l\u00e0 o\u00f9 elle est essentielle.<\/p>\n\n<p class=\"intro \"><strong>Pour vous. Pour votre projet. Pour un succ\u00e8s durable.<\/strong><\/p>\n\t\t\n\t\n<\/div>\n\t\t<\/div>\n\t<\/div>\n\n\t\n\t\n\t<!--<div class=\"slanting-side slanting-del\"><\/div>-->\n<\/div><div id=\"\" class=\"section section-row  margin-large\">\n\t<div class=\"wrapper-mini\">\n\t\t<div class=\"grid-row spaced-medium default grid-align-top\">\n\t\t\n<div class=\"text-dark col-12\">\n\t\t    \n<p class=\"has-text-align-center quote h3 colored\">\u201eNous sommes fiers de notre \u00e9quipe, qui s\u2019engage chaque jour avec passion pour donner vie \u00e0 votre vision.\u201c<\/p>\n\t\t\n\t\n<\/div>\n\t\t<\/div>\n\t<\/div>\n\n\t\n\t\n\t<!--<div class=\"slanting-side slanting-del\"><\/div>-->\n<\/div><div class=\"section section-background text-dark margin-large section-background-color-grey\">\n            <div class=\"section-inner\">\n                \n<div id=\"\" class=\"section section-row  margin-large\">\n\t<div class=\"wrapper\">\n\t\t<div class=\"grid-row spaced-large default grid-align-top\">\n\t\t\n<div class=\"text-dark col-12\">\n\t\t    \n<div id=\"\" class=\"section section-row  margin-large\">\n\t<div class=\"wrapper-full\">\n\t\t<div class=\"grid-row spaced-medium default grid-align-top\">\n\t\t\n<div class=\"text-dark col-10\">\n\t\t    \n<span class=\"font-weight-600 h8 uppercase cloth-subtitle colored\">Les visages derri\u00e8re LIGNA systems<\/span>\n\n<h3 class=\"wp-block-heading\"><strong>Sales International<\/strong><\/h3>\n\t\t\n\t\n<\/div>\n\t\t<\/div>\n\t<\/div>\n\n\t\n\t\n\t<!--<div class=\"slanting-side slanting-del\"><\/div>-->\n<\/div>\n\n<div id=\"\" class=\"section section-row  margin-large\">\n\t<div class=\"wrapper-full\">\n\t\t<div class=\"grid-row spaced-medium default grid-align-top\">\n\t\t\n<div class=\"text-dark col-2\">\n\t\t    \n<div class=\"cloth-block-image cloth-anim\" data-parallax-speed=\"\">\n\n\n\n\t<div class=\"cloth-image-container cloth-anim-inner  media-ratio-auto\" style=\"max-width:768px\">\n\t\t\n\t\t\n\t\t\t<span class=\"media\"><span class=\"media-item\">\t\t\t<img src=\"https:\/\/ligna-systems.com\/wp-content\/uploads\/2025\/03\/Kevin_Keller-768x767.png\" srcset=\"https:\/\/ligna-systems.com\/wp-content\/uploads\/2025\/03\/Kevin_Keller-768x767.png 1680w, https:\/\/ligna-systems.com\/wp-content\/uploads\/2025\/03\/Kevin_Keller-512x511.png 512w\"  width=\"768\" height=\"767\" alt=\"Kevin_Keller\" decoding=\"async\" loading=\"lazy\"\/>\t\t\t\t\t\t<\/span><\/span>\n\t\t\n\t\t<div class=\"slanting-side slanting-del\"><\/div>\t\t\t\n\t<\/div>\n\n\t\n\n\t\t\t\n\t<\/div>\n\n<p>Key Account Manager<\/p>\n\n<p><a href=\"mailto:k.keller@ligna-systems.com\"><strong>Kevin Keller<\/strong><\/a><\/p>\n\t\t\n\t\n<\/div>\n\n<div class=\"text-dark col-2\">\n\t\t    \n<div class=\"cloth-block-image cloth-anim\" data-parallax-speed=\"\">\n\n\n\n\t<div class=\"cloth-image-container cloth-anim-inner  media-ratio-auto\" style=\"max-width:768px\">\n\t\t\n\t\t\n\t\t\t<span class=\"media\"><span class=\"media-item\">\t\t\t<img src=\"https:\/\/ligna-systems.com\/wp-content\/uploads\/2025\/03\/Victor-768x768.png\" srcset=\"https:\/\/ligna-systems.com\/wp-content\/uploads\/2025\/03\/Victor-768x768.png 1680w, https:\/\/ligna-systems.com\/wp-content\/uploads\/2025\/03\/Victor-512x512.png 512w\"  width=\"768\" height=\"768\" alt=\"Victor\" decoding=\"async\" loading=\"lazy\"\/>\t\t\t\t\t\t<\/span><\/span>\n\t\t\n\t\t<div class=\"slanting-side slanting-del\"><\/div>\t\t\t\n\t<\/div>\n\n\t\n\n\t\t\t\n\t<\/div>\n\n<p>Key Account Manager <br \/>BE (FR) &amp; Lux &amp; France<\/p>\n\n<p><a href=\"mailto:v.lesongeur@ligna-systems.com\"><strong>Victor Lesongeur<\/strong><\/a><\/p>\n\t\t\n\t\n<\/div>\n\n<div class=\"text-dark col-2\">\n\t\t    \n\n\t\t\n\t\n<\/div>\n\n<div class=\"text-dark col-2\">\n\t\t    \n\n\t\t\n\t\n<\/div>\n\t\t<\/div>\n\t<\/div>\n\n\t\n\t\n\t<!--<div class=\"slanting-side slanting-del\"><\/div>-->\n<\/div>\n\n<div class=\"cloth-spacer-large\"><\/div>\n\t\t\n\t\n<\/div>\n\t\t<\/div>\n\t<\/div>\n\n\t\n\t\n\t<!--<div class=\"slanting-side slanting-del\"><\/div>-->\n<\/div>\n\n<div id=\"\" class=\"section section-row  margin-large\">\n\t<div class=\"wrapper\">\n\t\t<div class=\"grid-row spaced-large default grid-align-top\">\n\t\t\n<div class=\"text-dark col-12\">\n\t\t    \n<div id=\"\" class=\"section section-row  margin-large\">\n\t<div class=\"wrapper-full\">\n\t\t<div class=\"grid-row spaced-medium default grid-align-top\">\n\t\t\n<div class=\"text-dark col-10\">\n\t\t    \n<h3 class=\"wp-block-heading\"><strong>Responsables de d\u00e9partement<\/strong><\/h3>\n\n<p>Nos responsables de d\u00e9partement sont bien plus que des interlocuteurs exp\u00e9riment\u00e9s et des penseurs strat\u00e9giques \u2013 ils font partie int\u00e9grante d\u2019un ensemble soud\u00e9.<br \/>Chacun d\u2019eux incarne la comp\u00e9tence et le sens des responsabilit\u00e9s.<br \/>Mais leur succ\u00e8s repose avant tout sur les femmes et les hommes qui les accompagnent : leurs \u00e9quipes.<\/p>\n\n<p>Derri\u00e8re chaque nom, ce sont de nombreux collaborateurs engag\u00e9s, dont le savoir, le d\u00e9vouement et la passion font la diff\u00e9rence chaque jour.<br \/><strong>Cette coh\u00e9sion est notre plus grande force \u2013 et nous en sommes fiers.<\/strong><\/p>\n\t\t\n\t\n<\/div>\n\t\t<\/div>\n\t<\/div>\n\n\t\n\t\n\t<!--<div class=\"slanting-side slanting-del\"><\/div>-->\n<\/div>\n\n<div id=\"\" class=\"section section-row  margin-large\">\n\t<div class=\"wrapper-full\">\n\t\t<div class=\"grid-row spaced-medium default grid-align-top\">\n\t\t\n<div class=\"text-dark col-2\">\n\t\t    \n<div class=\"cloth-block-image cloth-anim\" data-parallax-speed=\"\">\n\n\n\n\t<div class=\"cloth-image-container cloth-anim-inner  media-ratio-auto\" style=\"max-width:768px\">\n\t\t\n\t\t\n\t\t\t<span class=\"media\"><span class=\"media-item\">\t\t\t<img src=\"https:\/\/ligna-systems.com\/wp-content\/uploads\/2025\/03\/Florian_Amendt-768x768.png\" srcset=\"https:\/\/ligna-systems.com\/wp-content\/uploads\/2025\/03\/Florian_Amendt-768x768.png 1680w, https:\/\/ligna-systems.com\/wp-content\/uploads\/2025\/03\/Florian_Amendt-512x512.png 512w\"  width=\"768\" height=\"768\" alt=\"Florian_Amendt\" decoding=\"async\" loading=\"lazy\"\/>\t\t\t\t\t\t<\/span><\/span>\n\t\t\n\t\t<div class=\"slanting-side slanting-del\"><\/div>\t\t\t\n\t<\/div>\n\n\t\n\n\t\t\t\n\t<\/div>\n\n<p>Head of <br \/>Cost Estimating<\/p>\n\n<p><a href=\"mailto:f.amendt@ligna-systems.com\"><strong>Florian Amendt<\/strong><\/a><\/p>\n\t\t\n\t\n<\/div>\n\n<div class=\"text-dark col-2\">\n\t\t    \n<div class=\"cloth-block-image cloth-anim\" data-parallax-speed=\"\">\n\n\n\n\t<div class=\"cloth-image-container cloth-anim-inner  media-ratio-auto\" style=\"max-width:768px\">\n\t\t\n\t\t\n\t\t\t<span class=\"media\"><span class=\"media-item\">\t\t\t<img src=\"https:\/\/ligna-systems.com\/wp-content\/uploads\/2025\/03\/Constantin_Spiertz-768x768.png\" srcset=\"https:\/\/ligna-systems.com\/wp-content\/uploads\/2025\/03\/Constantin_Spiertz-768x768.png 1680w, https:\/\/ligna-systems.com\/wp-content\/uploads\/2025\/03\/Constantin_Spiertz-512x512.png 512w\"  width=\"768\" height=\"768\" alt=\"Constantin_Spiertz\" decoding=\"async\" loading=\"lazy\"\/>\t\t\t\t\t\t<\/span><\/span>\n\t\t\n\t\t<div class=\"slanting-side slanting-del\"><\/div>\t\t\t\n\t<\/div>\n\n\t\n\n\t\t\t\n\t<\/div>\n\n<p>Head of <br \/>Engineering<\/p>\n\n<p><a href=\"mailto:c.spiertz@ligna-systems.com\"><strong>Constantin Spiertz<\/strong><\/a><\/p>\n\t\t\n\t\n<\/div>\n\n<div class=\"text-dark col-2\">\n\t\t    \n<div class=\"cloth-block-image cloth-anim\" data-parallax-speed=\"\">\n\n\n\n\t<div class=\"cloth-image-container cloth-anim-inner  media-ratio-auto\" style=\"max-width:768px\">\n\t\t\n\t\t\n\t\t\t<span class=\"media\"><span class=\"media-item\">\t\t\t<img src=\"https:\/\/ligna-systems.com\/wp-content\/uploads\/2025\/04\/Tom-Jenniges-_Quadrat-768x768.jpg\" srcset=\"https:\/\/ligna-systems.com\/wp-content\/uploads\/2025\/04\/Tom-Jenniges-_Quadrat-768x768.jpg 1680w, https:\/\/ligna-systems.com\/wp-content\/uploads\/2025\/04\/Tom-Jenniges-_Quadrat-512x512.jpg 512w\"  width=\"768\" height=\"768\" alt=\"Tom Jenniges _Quadrat\" decoding=\"async\" loading=\"lazy\"\/>\t\t\t\t\t\t<\/span><\/span>\n\t\t\n\t\t<div class=\"slanting-side slanting-del\"><\/div>\t\t\t\n\t<\/div>\n\n\t\n\n\t\t\t\n\t<\/div>\n\n<p>Head of <br \/>Construction<\/p>\n\n<p><a href=\"mailto:t.jenniges@ligna-systems.com\"><strong>Tom Jenniges<\/strong><\/a><\/p>\n\t\t\n\t\n<\/div>\n\n<div class=\"text-dark col-2\">\n\t\t    \n<div class=\"cloth-block-image cloth-anim\" data-parallax-speed=\"\">\n\n\n\n\t<div class=\"cloth-image-container cloth-anim-inner  media-ratio-auto\" style=\"max-width:768px\">\n\t\t\n\t\t\n\t\t\t<span class=\"media\"><span class=\"media-item\">\t\t\t<img src=\"https:\/\/ligna-systems.com\/wp-content\/uploads\/2025\/03\/Andreas_Jouck-768x768.png\" srcset=\"https:\/\/ligna-systems.com\/wp-content\/uploads\/2025\/03\/Andreas_Jouck-768x768.png 1680w, https:\/\/ligna-systems.com\/wp-content\/uploads\/2025\/03\/Andreas_Jouck-512x512.png 512w\"  width=\"768\" height=\"768\" alt=\"Andreas_Jouck\" decoding=\"async\" loading=\"lazy\"\/>\t\t\t\t\t\t<\/span><\/span>\n\t\t\n\t\t<div class=\"slanting-side slanting-del\"><\/div>\t\t\t\n\t<\/div>\n\n\t\n\n\t\t\t\n\t<\/div>\n\n<p>Head of <br \/>Production<\/p>\n\n<p><a href=\"mailto:a.jouck@ligna-systems.com\"><strong>Andreas Jouck<\/strong><\/a><\/p>\n\t\t\n\t\n<\/div>\n\n<div class=\"text-dark col-2\">\n\t\t    \n\n\t\t\n\t\n<\/div>\n\n<div class=\"text-dark col-2\">\n\t\t    \n\n\t\t\n\t\n<\/div>\n\t\t<\/div>\n\t<\/div>\n\n\t\n\t\n\t<!--<div class=\"slanting-side slanting-del\"><\/div>-->\n<\/div>\n\n<div id=\"\" class=\"section section-row  margin-large\">\n\t<div class=\"wrapper-full\">\n\t\t<div class=\"grid-row spaced-medium default grid-align-top\">\n\t\t\n<div class=\"text-dark col-2\">\n\t\t    \n<div class=\"cloth-block-image cloth-anim\" data-parallax-speed=\"\">\n\n\n\n\t<div class=\"cloth-image-container cloth-anim-inner  media-ratio-auto\" style=\"max-width:768px\">\n\t\t\n\t\t\n\t\t\t<span class=\"media\"><span class=\"media-item\">\t\t\t<img src=\"https:\/\/ligna-systems.com\/wp-content\/uploads\/2025\/03\/Jacqueline_Hilgers.png\" srcset=\"https:\/\/ligna-systems.com\/wp-content\/uploads\/2025\/03\/Jacqueline_Hilgers.png 1680w, https:\/\/ligna-systems.com\/wp-content\/uploads\/2025\/03\/Jacqueline_Hilgers-512x511.png 512w\"  width=\"751\" height=\"750\" alt=\"Jacqueline_Hilgers\" decoding=\"async\" loading=\"lazy\"\/>\t\t\t\t\t\t<\/span><\/span>\n\t\t\n\t\t<div class=\"slanting-side slanting-del\"><\/div>\t\t\t\n\t<\/div>\n\n\t\n\n\t\t\t\n\t<\/div>\n\n<p>Head of Accounting<\/p>\n\n<p><a href=\"mailto:j.hilgers@ligna-systems.com\"><strong>Jacqueline Hilgers<\/strong><\/a><\/p>\n\t\t\n\t\n<\/div>\n\n<div class=\"text-dark col-2\">\n\t\t    \n<div class=\"cloth-block-image cloth-anim\" data-parallax-speed=\"\">\n\n\n\n\t<div class=\"cloth-image-container cloth-anim-inner  media-ratio-auto\" style=\"max-width:768px\">\n\t\t\n\t\t\n\t\t\t<span class=\"media\"><span class=\"media-item\">\t\t\t<img src=\"https:\/\/ligna-systems.com\/wp-content\/uploads\/2025\/03\/Alex_Greimers-768x768.png\" srcset=\"https:\/\/ligna-systems.com\/wp-content\/uploads\/2025\/03\/Alex_Greimers-768x768.png 1680w, https:\/\/ligna-systems.com\/wp-content\/uploads\/2025\/03\/Alex_Greimers-512x512.png 512w\"  width=\"768\" height=\"768\" alt=\"Alex_Greimers\" decoding=\"async\" loading=\"lazy\"\/>\t\t\t\t\t\t<\/span><\/span>\n\t\t\n\t\t<div class=\"slanting-side slanting-del\"><\/div>\t\t\t\n\t<\/div>\n\n\t\n\n\t\t\t\n\t<\/div>\n\n<p>Head of Software Development<\/p>\n\n<p><a href=\"mailto:a.greimers@ligna-systems.com\"><strong>Alexander Greimers<\/strong><\/a><\/p>\n\t\t\n\t\n<\/div>\n\n<div class=\"text-dark col-2\">\n\t\t    \n\n\t\t\n\t\n<\/div>\n\n<div class=\"text-dark col-2\">\n\t\t    \n\n\t\t\n\t\n<\/div>\n\n<div class=\"text-dark col-2\">\n\t\t    \n\n\t\t\n\t\n<\/div>\n\t\t<\/div>\n\t<\/div>\n\n\t\n\t\n\t<!--<div class=\"slanting-side slanting-del\"><\/div>-->\n<\/div>\n\n<div class=\"cloth-spacer-large\"><\/div>\n\t\t\n\t\n<\/div>\n\t\t<\/div>\n\t<\/div>\n\n\t\n\t\n\t<!--<div class=\"slanting-side slanting-del\"><\/div>-->\n<\/div>\n\n<div id=\"\" class=\"section section-row  margin-large\">\n\t<div class=\"wrapper\">\n\t\t<div class=\"grid-row spaced-large default grid-align-top\">\n\t\t\n<div class=\"text-dark col-12\">\n\t\t    \n<div id=\"\" class=\"section section-row  margin-large\">\n\t<div class=\"wrapper-full\">\n\t\t<div class=\"grid-row spaced-medium default grid-align-top\">\n\t\t\n<div class=\"text-dark col-10\">\n\t\t    \n<h3 class=\"wp-block-heading\"><strong>Board of Directors<\/strong><\/h3>\n\t\t\n\t\n<\/div>\n\t\t<\/div>\n\t<\/div>\n\n\t\n\t\n\t<!--<div class=\"slanting-side slanting-del\"><\/div>-->\n<\/div>\n\n<div id=\"\" class=\"section section-row  margin-large\">\n\t<div class=\"wrapper-full\">\n\t\t<div class=\"grid-row spaced-medium default grid-align-top\">\n\t\t\n<div class=\"text-dark col-2\">\n\t\t    \n<div class=\"cloth-block-image cloth-anim\" data-parallax-speed=\"\">\n\n\n\n\t<div class=\"cloth-image-container cloth-anim-inner  media-ratio-auto\" style=\"max-width:768px\">\n\t\t\n\t\t\n\t\t\t<span class=\"media\"><span class=\"media-item\">\t\t\t<img src=\"https:\/\/ligna-systems.com\/wp-content\/uploads\/2023\/03\/team-sarah.jpg\" srcset=\"https:\/\/ligna-systems.com\/wp-content\/uploads\/2023\/03\/team-sarah.jpg 1680w, https:\/\/ligna-systems.com\/wp-content\/uploads\/2023\/03\/team-sarah-512x768.jpg 512w\"  width=\"600\" height=\"900\" alt=\"team-sarah\" decoding=\"async\" loading=\"lazy\"\/>\t\t\t\t\t\t<\/span><\/span>\n\t\t\n\t\t<div class=\"slanting-side slanting-del\"><\/div>\t\t\t\n\t<\/div>\n\n\t\n\n\t\t\t\n\t<\/div>\n\n<p class=\"h5 colored\">Sarah <br \/>Dupuis<\/p>\n\n<p>Sales, Marketing &amp; Business Relations<\/p>\n\t\t\n\t\n<\/div>\n\n<div class=\"text-dark col-2\">\n\t\t    \n<div class=\"cloth-block-image cloth-anim\" data-parallax-speed=\"\">\n\n\n\n\t<div class=\"cloth-image-container cloth-anim-inner  media-ratio-auto\" style=\"max-width:768px\">\n\t\t\n\t\t\n\t\t\t<span class=\"media\"><span class=\"media-item\">\t\t\t<img src=\"https:\/\/ligna-systems.com\/wp-content\/uploads\/2023\/03\/team-stefan-s.jpg\" srcset=\"https:\/\/ligna-systems.com\/wp-content\/uploads\/2023\/03\/team-stefan-s.jpg 1680w, https:\/\/ligna-systems.com\/wp-content\/uploads\/2023\/03\/team-stefan-s-512x767.jpg 512w\"  width=\"600\" height=\"899\" alt=\"team-stefan-s\" decoding=\"async\" loading=\"lazy\"\/>\t\t\t\t\t\t<\/span><\/span>\n\t\t\n\t\t<div class=\"slanting-side slanting-del\"><\/div>\t\t\t\n\t<\/div>\n\n\t\n\n\t\t\t\n\t<\/div>\n\n<p class=\"h5 colored\">Stephan <br \/>Schwall<\/p>\n\n<p>Production, Logistics &amp; Construction<\/p>\n\t\t\n\t\n<\/div>\n\n<div class=\"text-dark col-2\">\n\t\t    \n<div class=\"cloth-block-image cloth-anim\" data-parallax-speed=\"\">\n\n\n\n\t<div class=\"cloth-image-container cloth-anim-inner  media-ratio-auto\" style=\"max-width:768px\">\n\t\t\n\t\t\n\t\t\t<span class=\"media\"><span class=\"media-item\">\t\t\t<img src=\"https:\/\/ligna-systems.com\/wp-content\/uploads\/2023\/03\/team-manuel.jpg\" srcset=\"https:\/\/ligna-systems.com\/wp-content\/uploads\/2023\/03\/team-manuel.jpg 1680w, https:\/\/ligna-systems.com\/wp-content\/uploads\/2023\/03\/team-manuel-512x767.jpg 512w\"  width=\"600\" height=\"899\" alt=\"team-manuel\" decoding=\"async\" loading=\"lazy\"\/>\t\t\t\t\t\t<\/span><\/span>\n\t\t\n\t\t<div class=\"slanting-side slanting-del\"><\/div>\t\t\t\n\t<\/div>\n\n\t\n\n\t\t\t\n\t<\/div>\n\n<p class=\"h5 colored\">Manuel <br \/>Dupuis<\/p>\n\n<p>Project<br \/>Leading<\/p>\n\t\t\n\t\n<\/div>\n\n<div class=\"text-dark col-2\">\n\t\t    \n<div class=\"cloth-block-image cloth-anim\" data-parallax-speed=\"\">\n\n\n\n\t<div class=\"cloth-image-container cloth-anim-inner  media-ratio-auto\" style=\"max-width:768px\">\n\t\t\n\t\t\n\t\t\t<span class=\"media\"><span class=\"media-item\">\t\t\t<img src=\"https:\/\/ligna-systems.com\/wp-content\/uploads\/2023\/03\/team-jan.jpg\" srcset=\"https:\/\/ligna-systems.com\/wp-content\/uploads\/2023\/03\/team-jan.jpg 1680w, https:\/\/ligna-systems.com\/wp-content\/uploads\/2023\/03\/team-jan.jpg 512w\"  width=\"400\" height=\"600\" alt=\"team-jan\" decoding=\"async\" loading=\"lazy\"\/>\t\t\t\t\t\t<\/span><\/span>\n\t\t\n\t\t<div class=\"slanting-side slanting-del\"><\/div>\t\t\t\n\t<\/div>\n\n\t\n\n\t\t\t\n\t<\/div>\n\n<p class=\"h5 colored\">Jan <br \/>Heinrichs<\/p>\n\n<p>Engineering &amp; Cost Estimating<\/p>\n\t\t\n\t\n<\/div>\n\n<div class=\"text-dark col-2\">\n\t\t    \n<div class=\"cloth-block-image cloth-anim\" data-parallax-speed=\"\">\n\n\n\n\t<div class=\"cloth-image-container cloth-anim-inner  media-ratio-auto\" style=\"max-width:768px\">\n\t\t\n\t\t\n\t\t\t<span class=\"media\"><span class=\"media-item\">\t\t\t<img src=\"https:\/\/ligna-systems.com\/wp-content\/uploads\/2023\/03\/team-michael.jpg\" srcset=\"https:\/\/ligna-systems.com\/wp-content\/uploads\/2023\/03\/team-michael.jpg 1680w, https:\/\/ligna-systems.com\/wp-content\/uploads\/2023\/03\/team-michael-512x768.jpg 512w\"  width=\"600\" height=\"900\" alt=\"team-michael\" decoding=\"async\" loading=\"lazy\"\/>\t\t\t\t\t\t<\/span><\/span>\n\t\t\n\t\t<div class=\"slanting-side slanting-del\"><\/div>\t\t\t\n\t<\/div>\n\n\t\n\n\t\t\t\n\t<\/div>\n\n<p class=\"h5 colored\">Michael <br \/>Hilgers<\/p>\n\n<p>Finance &amp; Administration<\/p>\n\t\t\n\t\n<\/div>\n\n<div class=\"text-dark col-2\">\n\t\t    \n<div class=\"cloth-block-image cloth-anim\" data-parallax-speed=\"\">\n\n\n\n\t<div class=\"cloth-image-container cloth-anim-inner  media-ratio-auto\" style=\"max-width:768px\">\n\t\t\n\t\t\n\t\t\t<span class=\"media\"><span class=\"media-item\">\t\t\t<img src=\"https:\/\/ligna-systems.com\/wp-content\/uploads\/2023\/03\/team-olivier.jpg\" srcset=\"https:\/\/ligna-systems.com\/wp-content\/uploads\/2023\/03\/team-olivier.jpg 1680w, https:\/\/ligna-systems.com\/wp-content\/uploads\/2023\/03\/team-olivier-512x768.jpg 512w\"  width=\"600\" height=\"900\" alt=\"team-olivier\" decoding=\"async\" loading=\"lazy\"\/>\t\t\t\t\t\t<\/span><\/span>\n\t\t\n\t\t<div class=\"slanting-side slanting-del\"><\/div>\t\t\t\n\t<\/div>\n\n\t\n\n\t\t\t\n\t<\/div>\n\n<p class=\"h5 colored\">Olivier <br \/>Dupuis<\/p>\n\n<p>CEO<\/p>\n\t\t\n\t\n<\/div>\n\t\t<\/div>\n\t<\/div>\n\n\t\n\t\n\t<!--<div class=\"slanting-side slanting-del\"><\/div>-->\n<\/div>\n\n<div class=\"cloth-spacer-large\"><\/div>\n\t\t\n\t\n<\/div>\n\t\t<\/div>\n\t<\/div>\n\n\t\n\t\n\t<!--<div class=\"slanting-side slanting-del\"><\/div>-->\n<\/div>\n\n            <\/div>\n\t\t\t\n\t\t\t\n\t\n    <div class=\"section-bg\">\n\t\t<div class=\"section-bg-el bg-color-grey\"><\/div>\n\t\t\n\t\t\n\t<\/div>\n    \n            <div class=\"slanting-side slanting-del\"><\/div>\n            <div class=\"slanting-side slanting-del slanting-top\"><\/div>\n        <\/div><div id=\"\" class=\"section section-row  margin-large\">\n\t<div class=\"wrapper-small\">\n\t\t<div class=\"grid-row spaced-xlarge bordered grid-align-top\">\n\t\t\n<div class=\"text-dark col-12\">\n\t\t    \n<h3 class=\"wp-block-heading\"><strong>Envie de fa\u00e7onner l\u2019avenir de la construction durable avec nous ?<\/strong><\/h3>\n\n<p class=\"intro\">Nous recherchons toujours de nouveaux coll\u00e8gues formidables !<\/p>\n\n<div class=\"cloth-spacer-large\"><\/div>\n\n<span class=\"cloth-button\">\n\n\n<a class=\"btn btn-default btn-colored \" href=\"https:\/\/ligna-systems.com\/fr\/jobs\/\" target=\"_self\">\n                <span class=\"text\">\n                    <span>Rejoignez notre \u00e9quipe<\/span>\n                    <span>Rejoignez notre \u00e9quipe<\/span>\n                <\/span>\n                <span class=\"btn-icon\"><svg class=\"arrow\" version=\"1.1\" fill=\"currentColor\" xmlns=\"http:\/\/www.w3.org\/2000\/svg\" xmlns:xlink=\"http:\/\/www.w3.org\/1999\/xlink\" x=\"0px\" y=\"0px\"\n\t viewBox=\"0 0 24 24\" style=\"enable-background:new 0 0 24 24;\" xml:space=\"preserve\">\n<path d=\"M0.5,13.4h18.4L11,21.2l2,2L23.1,13c0.3-0.3,0.4-0.6,0.4-1c0-0.4-0.1-0.7-0.4-1L13,0.8l-2,2l7.8,7.8H0.5\"><\/path>\n<\/svg>\n<\/span>\n                <span class=\"slanting-side slanting-add\"><\/span>\n            <\/a>\n<\/span>\n\t\t\n\t\n<\/div>\n\t\t<\/div>\n\t<\/div>\n\n\t\n\t\n\t<!--<div class=\"slanting-side slanting-del\"><\/div>-->\n<\/div>","protected":false},"excerpt":{"rendered":"","protected":false},"author":15,"featured_media":32277,"parent":31649,"menu_order":267,"comment_status":"closed","ping_status":"closed","template":"","meta":{"_acf_changed":false,"footnotes":""},"class_list":["post-36203","page","type-page","status-publish","has-post-thumbnail","hentry"],"acf":[],"_links":{"self":[{"href":"https:\/\/ligna-systems.com\/fr-fr\/wp-json\/wp\/v2\/pages\/36203","targetHints":{"allow":["GET"]}}],"collection":[{"href":"https:\/\/ligna-systems.com\/fr-fr\/wp-json\/wp\/v2\/pages"}],"about":[{"href":"https:\/\/ligna-systems.com\/fr-fr\/wp-json\/wp\/v2\/types\/page"}],"author":[{"embeddable":true,"href":"https:\/\/ligna-systems.com\/fr-fr\/wp-json\/wp\/v2\/users\/15"}],"replies":[{"embeddable":true,"href":"https:\/\/ligna-systems.com\/fr-fr\/wp-json\/wp\/v2\/comments?post=36203"}],"version-history":[{"count":5,"href":"https:\/\/ligna-systems.com\/fr-fr\/wp-json\/wp\/v2\/pages\/36203\/revisions"}],"predecessor-version":[{"id":40581,"href":"https:\/\/ligna-systems.com\/fr-fr\/wp-json\/wp\/v2\/pages\/36203\/revisions\/40581"}],"up":[{"embeddable":true,"href":"https:\/\/ligna-systems.com\/fr-fr\/wp-json\/wp\/v2\/pages\/31649"}],"wp:featuredmedia":[{"embeddable":true,"href":"https:\/\/ligna-systems.com\/fr-fr\/wp-json\/wp\/v2\/media\/32277"}],"wp:attachment":[{"href":"https:\/\/ligna-systems.com\/fr-fr\/wp-json\/wp\/v2\/media?parent=36203"}],"curies":[{"name":"wp","href":"https:\/\/api.w.org\/{rel}","templated":true}]}}