{"id":32283,"date":"2022-05-13T12:55:02","date_gmt":"2022-05-13T10:55:02","guid":{"rendered":"https:\/\/ligna-systems.com\/jobs\/"},"modified":"2025-01-07T14:35:43","modified_gmt":"2025-01-07T13:35:43","slug":"jobs","status":"publish","type":"page","link":"https:\/\/ligna-systems.com\/fr-fr\/jobs\/","title":{"rendered":"Jobs"},"content":{"rendered":"<div id=\"\" class=\"section section-row  margin-large\">\n\t<div class=\"wrapper-small\">\n\t\t<div class=\"grid-row spaced-xlarge default grid-align-center\">\n\t\t\n<div class=\"text-dark col-12\">\n\t\t    \n<h4 class=\"wp-block-heading\"><strong><\/strong><strong>Ce qui vous attend en travaillant chez LIGNA systems:<\/strong><\/h4>\n\n<ul class=\"wp-block-list spaced\"><li>l&#8217;opportunit\u00e9 de vivre et de fa\u00e7onner des innovations dans la construction en bois tout en explorant les techniques, processus et machines les plus r\u00e9cents du secteur.<\/li>\n\n<li>Un poste dans une entreprise active \u00e0 l&#8217;international qui conquiert continuellement de nouveaux march\u00e9s.<\/li>\n\n<li>Travailler avec le mat\u00e9riau durable qu&#8217;est le bois, extr\u00eamement polyvalent.<\/li>\n\n<li>Un environnement de travail familial et orient\u00e9 vers le travail d&#8217;\u00e9quipe avec des hi\u00e9rarchies plates.<\/li>\n\n<li>Des opportunit\u00e9s de d\u00e9veloppement personnalis\u00e9es et la chance de participer \u00e0 des projets de grande envergure.<\/li><\/ul>\n\t\t\n\t\n<\/div>\n\t\t<\/div>\n\t<\/div>\n\n\t\n\t\n\t<!--<div class=\"slanting-side slanting-del\"><\/div>-->\n<\/div><div id=\"\" class=\"section section-row  margin-large\">\n\t<div class=\"wrapper-small\">\n\t\t<div class=\"grid-row spaced-medium default grid-align-top\">\n\t\t\n<div class=\"text-dark col-12\">\n\t\t    \n<h3 class=\"wp-block-heading\"><strong><\/strong><strong>Nos postes vacants<\/strong><\/h3>\n\n<div class=\"cloth-spacer-medium\"><\/div>\n\n<div class=\"fs-filter\">\n    <div class=\"filter-title\">Filtrer par site:<\/div>\n    <ul class=\"fs-filter-list\">\n        <li><a href=\"#all\" class=\"do-filter is-active\" data-filter-rel=\"*\" data-rel=\"jobs\">Toutes<\/a><\/li>\n                <li><a href=\"#Aachen (DE) \/ Home-Office\" class=\"do-filter\" data-rel=\"jobs\" data-filter-rel=\"274\">Aachen (DE) \/ Home-Office<\/a><\/li>\n                <li><a href=\"#Beiler (LU)\" class=\"do-filter\" data-rel=\"jobs\" data-filter-rel=\"117\">Beiler (LU)<\/a><\/li>\n                <li><a href=\"#St.Vith (BE)\" class=\"do-filter\" data-rel=\"jobs\" data-filter-rel=\"119\">St.Vith (BE)<\/a><\/li>\n                <li><a href=\"#Sherbrooke (CA)\" class=\"do-filter\" data-rel=\"jobs\" data-filter-rel=\"120\">Sherbrooke (CA)<\/a><\/li>\n            <\/ul>\n<\/div>    \n<div class=\"cloth-spacer-medium\"><\/div>\n\n<div class=\"job-grid grid-row bordered spaced-medium filter-group\" data-rel=\"jobs\">\n    <div class=\"job-item filter-item col-12 slanting-hover\" data-filter-rel=\"::274::\">\n        <a href=\"https:\/\/ligna-systems.com\/fr-fr\/job\/ingenieur-civil-departement-engineering\/\" class=\"column-link\"><\/a>\n\n        <div class=\"job-content\">\n            <div class=\"job-name\"><h4 class=\"item-name\">Ing\u00e9nieur Civil \u2013 D\u00e9partement Engineering <small> M\/F\/D <\/small><\/h4><\/div>\n            <div class=\"job-meta\">\n                <span class=\"job-engagment\">Temps plein<\/span>                                    <span class=\"job-location\">Aachen (DE) \/ Home-Office<\/span>\n                                <span class=\"job-arrow\"><svg class=\"arrow\" version=\"1.1\" fill=\"currentColor\" xmlns=\"http:\/\/www.w3.org\/2000\/svg\" xmlns:xlink=\"http:\/\/www.w3.org\/1999\/xlink\" x=\"0px\" y=\"0px\"\n\t viewBox=\"0 0 24 24\" style=\"enable-background:new 0 0 24 24;\" xml:space=\"preserve\">\n<path d=\"M0.5,13.4h18.4L11,21.2l2,2L23.1,13c0.3-0.3,0.4-0.6,0.4-1c0-0.4-0.1-0.7-0.4-1L13,0.8l-2,2l7.8,7.8H0.5\"><\/path>\n<\/svg>\n<\/span>\n            <\/div>\n        <\/div>\n            \n    <\/div>\n    <div class=\"job-item filter-item col-12 slanting-hover\" data-filter-rel=\"::120::\">\n        <a href=\"https:\/\/ligna-systems.com\/fr-fr\/job\/senior-structural-engineer-canada\/\" class=\"column-link\"><\/a>\n\n        <div class=\"job-content\">\n            <div class=\"job-name\"><h4 class=\"item-name\">Ing\u00e9nieur Senior en Calculs Structurels (Bois) \u2013 Canada <small> M\/F\/D <\/small><\/h4><\/div>\n            <div class=\"job-meta\">\n                <span class=\"job-engagment\">Temps plein<\/span>                                    <span class=\"job-location\">Sherbrooke (CA)<\/span>\n                                <span class=\"job-arrow\"><svg class=\"arrow\" version=\"1.1\" fill=\"currentColor\" xmlns=\"http:\/\/www.w3.org\/2000\/svg\" xmlns:xlink=\"http:\/\/www.w3.org\/1999\/xlink\" x=\"0px\" y=\"0px\"\n\t viewBox=\"0 0 24 24\" style=\"enable-background:new 0 0 24 24;\" xml:space=\"preserve\">\n<path d=\"M0.5,13.4h18.4L11,21.2l2,2L23.1,13c0.3-0.3,0.4-0.6,0.4-1c0-0.4-0.1-0.7-0.4-1L13,0.8l-2,2l7.8,7.8H0.5\"><\/path>\n<\/svg>\n<\/span>\n            <\/div>\n        <\/div>\n            \n    <\/div>\n    <div class=\"job-item filter-item col-12 slanting-hover\" data-filter-rel=\"::119::\">\n        <a href=\"https:\/\/ligna-systems.com\/fr-fr\/job\/maschinenfuehrer\/\" class=\"column-link\"><\/a>\n\n        <div class=\"job-content\">\n            <div class=\"job-name\"><h4 class=\"item-name\">Maschinenf\u00fchrer <small> M\/F\/D <\/small><\/h4><\/div>\n            <div class=\"job-meta\">\n                <span class=\"job-engagment\">Temps plein<\/span>                                    <span class=\"job-location\">St.Vith (BE)<\/span>\n                                <span class=\"job-arrow\"><svg class=\"arrow\" version=\"1.1\" fill=\"currentColor\" xmlns=\"http:\/\/www.w3.org\/2000\/svg\" xmlns:xlink=\"http:\/\/www.w3.org\/1999\/xlink\" x=\"0px\" y=\"0px\"\n\t viewBox=\"0 0 24 24\" style=\"enable-background:new 0 0 24 24;\" xml:space=\"preserve\">\n<path d=\"M0.5,13.4h18.4L11,21.2l2,2L23.1,13c0.3-0.3,0.4-0.6,0.4-1c0-0.4-0.1-0.7-0.4-1L13,0.8l-2,2l7.8,7.8H0.5\"><\/path>\n<\/svg>\n<\/span>\n            <\/div>\n        <\/div>\n            \n    <\/div>\n    <div class=\"job-item filter-item col-12 slanting-hover\" data-filter-rel=\"::119::\">\n        <a href=\"https:\/\/ligna-systems.com\/fr-fr\/job\/produktionsmitarbeiter\/\" class=\"column-link\"><\/a>\n\n        <div class=\"job-content\">\n            <div class=\"job-name\"><h4 class=\"item-name\">Produktionsmitarbeiter <small> M\/F\/D <\/small><\/h4><\/div>\n            <div class=\"job-meta\">\n                <span class=\"job-engagment\">Temps plein<\/span>                                    <span class=\"job-location\">St.Vith (BE)<\/span>\n                                <span class=\"job-arrow\"><svg class=\"arrow\" version=\"1.1\" fill=\"currentColor\" xmlns=\"http:\/\/www.w3.org\/2000\/svg\" xmlns:xlink=\"http:\/\/www.w3.org\/1999\/xlink\" x=\"0px\" y=\"0px\"\n\t viewBox=\"0 0 24 24\" style=\"enable-background:new 0 0 24 24;\" xml:space=\"preserve\">\n<path d=\"M0.5,13.4h18.4L11,21.2l2,2L23.1,13c0.3-0.3,0.4-0.6,0.4-1c0-0.4-0.1-0.7-0.4-1L13,0.8l-2,2l7.8,7.8H0.5\"><\/path>\n<\/svg>\n<\/span>\n            <\/div>\n        <\/div>\n            \n    <\/div>\n<\/div>\n\t\t\n\t\n<\/div>\n\t\t<\/div>\n\t<\/div>\n\n\t\n\t\n\t<!--<div class=\"slanting-side slanting-del\"><\/div>-->\n<\/div><div id=\"\" class=\"section section-row  margin-large\">\n\t<div class=\"wrapper\">\n\t\t<div class=\"grid-row spaced-medium default grid-align-top\">\n\t\t\n<div class=\"text-dark col-12\">\n\t\t    \n<div class=\"cloth-block-image cloth-anim\" data-parallax-speed=\"\">\n\n\n\n\t<div class=\"cloth-image-container cloth-anim-inner  media-ratio-auto\" style=\"max-width:1920px\">\n\t\t\n\t\t\n\t\t\t<span class=\"media\"><span class=\"media-item\">\t\t\t<img src=\"https:\/\/ligna-systems.com\/wp-content\/uploads\/2025\/01\/ligna_systems_gruppenfoto_LR-1920x931.jpg\" srcset=\"https:\/\/ligna-systems.com\/wp-content\/uploads\/2025\/01\/ligna_systems_gruppenfoto_LR-1920x931.jpg 1680w, https:\/\/ligna-systems.com\/wp-content\/uploads\/2025\/01\/ligna_systems_gruppenfoto_LR-1024x496.jpg 768w, https:\/\/ligna-systems.com\/wp-content\/uploads\/2025\/01\/ligna_systems_gruppenfoto_LR-512x248.jpg 512w\"  width=\"1920\" height=\"931\" alt=\"ligna_systems_gruppenfoto_LR\" decoding=\"async\" loading=\"lazy\"\/>\t\t\t\t\t\t<\/span><\/span>\n\t\t\n\t\t<div class=\"slanting-side slanting-del\"><\/div>\t\t\t\n\t<\/div>\n\n\t\n\n\t\t\t\n\t<\/div>\n\t\t\n\t\n<\/div>\n\t\t<\/div>\n\t<\/div>\n\n\t\n\t\n\t<!--<div class=\"slanting-side slanting-del\"><\/div>-->\n<\/div><div id=\"\" class=\"section section-row  margin-large negative-margin-3\">\n\t<div class=\"wrapper-small\">\n\t\t<div class=\"grid-row spaced-large bordered grid-align-center\">\n\t\t\n<div class=\"text-dark col-5\">\n\t\t    \n<h4 class=\"wp-block-heading\"><strong>Pas de poste vacant qui vous correspond&nbsp;?&nbsp;<\/strong><\/h4>\n\n<p>Pas de probl\u00e8me&nbsp;! Vous pouvez soumettre votre candidature spontan\u00e9e \u00e0 tout moment. Que vous soyez un professionnel exp\u00e9riment\u00e9 en qu\u00eate d&#8217;un nouveau d\u00e9fi ou un \u00e9tudiant r\u00e9cemment dipl\u00f4m\u00e9, LIGNA systems vous offre de nombreuses opportunit\u00e9s.&nbsp;<\/p>\n\t\t\n\t\n<\/div>\n\n<div class=\"text-dark col-7\">\n\t\t    \n<h4 class=\"wp-block-heading colored\"><strong>Postulez maintenant<\/strong><\/h4>\n\n<p>Envoyez-nous vos documents par e-mail \u00e0&nbsp;<strong><a href=\"mailto:jobs@ligna-systems.com\">jobs@ligna-systems.com<\/a><\/strong>&nbsp;ou contactez-nous par t\u00e9l\u00e9phone au&nbsp;<strong><a href=\"tel:003280291220\">+32 (0)80 \/ 29 12 20<\/a>. <\/strong><\/p>\n\n<p><strong>Nous nous r\u00e9jouissons de recevoir votre candidature.&nbsp;<\/strong><\/p>\n\n<div class=\"cloth-spacer-medium\"><\/div>\n\n<span class=\"cloth-button\">\n\n\n<a class=\"btn btn-default btn-colored \" href=\"mailto:jobs@ligna-systems.com\" target=\"_self\">\n                <span class=\"text\">\n                    <span>Postulez d\u00e8s maintenant<\/span>\n                    <span>Postulez d\u00e8s maintenant<\/span>\n                <\/span>\n                <span class=\"btn-icon\"><svg class=\"arrow\" version=\"1.1\" fill=\"currentColor\" xmlns=\"http:\/\/www.w3.org\/2000\/svg\" xmlns:xlink=\"http:\/\/www.w3.org\/1999\/xlink\" x=\"0px\" y=\"0px\"\n\t viewBox=\"0 0 24 24\" style=\"enable-background:new 0 0 24 24;\" xml:space=\"preserve\">\n<path d=\"M0.5,13.4h18.4L11,21.2l2,2L23.1,13c0.3-0.3,0.4-0.6,0.4-1c0-0.4-0.1-0.7-0.4-1L13,0.8l-2,2l7.8,7.8H0.5\"><\/path>\n<\/svg>\n<\/span>\n                <span class=\"slanting-side slanting-add\"><\/span>\n            <\/a>\n<\/span>\n\t\t\n\t\n<\/div>\n\t\t<\/div>\n\t<\/div>\n\n\t\n\t\n\t<!--<div class=\"slanting-side slanting-del\"><\/div>-->\n<\/div><div id=\"\" class=\"section section-row  margin-large\">\n\t<div class=\"wrapper-small\">\n\t\t<div class=\"grid-row spaced-xlarge default grid-align-center inverse_smartphone\">\n\t\t\n<div class=\"text-dark col-6\">\n\t\t    \n<span class=\"font-weight-600 h8 uppercase cloth-subtitle colored\">\u00c0 propos de LIGNA systems<\/span>\n\n<h4 class=\"wp-block-heading\"><strong>Notre entreprise<\/strong><\/h4>\n\n<p>LIGNA systems r\u00e9alise des projets de construction dans toute l&#8217;Europe avec expertise. En tant que constructeur de halls en bois, nous avons d\u00e9j\u00e0 aid\u00e9 plus de 500 clients \u00e0 concr\u00e9tiser leur projet de r\u00eave. Tout a commenc\u00e9 avec un petit commerce familial de bois. D\u00e9couvrez notre histoire et nos valeurs.<\/p>\n\n<div class=\"cloth-spacer-large\"><\/div>\n\n<span class=\"cloth-button\">\n\n\n<a class=\"btn btn-simple btn-colored \" href=\"https:\/\/ligna-systems.com\/fr\/a-propos\/\" target=\"_self\">\n                <span class=\"text\">\n                    <span>\u00c0 propos de nous<\/span>\n                    <span>\u00c0 propos de nous<\/span>\n                <\/span>\n                <span class=\"btn-icon\"><svg class=\"arrow\" version=\"1.1\" fill=\"currentColor\" xmlns=\"http:\/\/www.w3.org\/2000\/svg\" xmlns:xlink=\"http:\/\/www.w3.org\/1999\/xlink\" x=\"0px\" y=\"0px\"\n\t viewBox=\"0 0 24 24\" style=\"enable-background:new 0 0 24 24;\" xml:space=\"preserve\">\n<path d=\"M0.5,13.4h18.4L11,21.2l2,2L23.1,13c0.3-0.3,0.4-0.6,0.4-1c0-0.4-0.1-0.7-0.4-1L13,0.8l-2,2l7.8,7.8H0.5\"><\/path>\n<\/svg>\n<\/span>\n                <span class=\"slanting-side slanting-add\"><\/span>\n            <\/a>\n<\/span>\n\t\t\n\t\n<\/div>\n\n<div class=\"text-dark col-6\">\n\t\t    \n<div class=\"cloth-block-image cloth-anim\" data-parallax-speed=\"\">\n\n\n\t\t<a class=\"media-hover\" href=\"https:\/\/ligna-systems.com\/?page_id=5416\" target=\"'_self\">\n\t\t\n\t<div class=\"cloth-image-container cloth-anim-inner  media-ratio-1-1\" style=\"max-width:1024px\">\n\t\t\n\t\t\n\t\t\t<span class=\"media\"><span class=\"media-item\">\t\t\t<img src=\"https:\/\/ligna-systems.com\/wp-content\/uploads\/2022\/07\/ligna-hauptsitz-3-1024x683.jpg\" srcset=\"https:\/\/ligna-systems.com\/wp-content\/uploads\/2022\/07\/ligna-hauptsitz-3-1024x683.jpg 1680w, https:\/\/ligna-systems.com\/wp-content\/uploads\/2022\/07\/ligna-hauptsitz-3-512x341.jpg 512w\"  width=\"1024\" height=\"683\" alt=\"hauptsitz von Ligna\" decoding=\"async\" loading=\"lazy\"\/>\t\t\t\t\t\t<\/span><\/span>\n\t\t\n\t\t<div class=\"slanting-side slanting-del\"><\/div>\t\t\t\n\t<\/div>\n\n\t\n\n\t\t\t\n\t\t\t<\/a>\n\t\t<\/div>\n\t\t\n\t\n<\/div>\n\t\t<\/div>\n\t<\/div>\n\n\t\n\t\n\t<!--<div class=\"slanting-side slanting-del\"><\/div>-->\n<\/div>","protected":false},"excerpt":{"rendered":"","protected":false},"author":2,"featured_media":0,"parent":0,"menu_order":117,"comment_status":"closed","ping_status":"closed","template":"","meta":{"_acf_changed":false,"footnotes":""},"class_list":["post-32283","page","type-page","status-publish","hentry"],"acf":[],"_links":{"self":[{"href":"https:\/\/ligna-systems.com\/fr-fr\/wp-json\/wp\/v2\/pages\/32283","targetHints":{"allow":["GET"]}}],"collection":[{"href":"https:\/\/ligna-systems.com\/fr-fr\/wp-json\/wp\/v2\/pages"}],"about":[{"href":"https:\/\/ligna-systems.com\/fr-fr\/wp-json\/wp\/v2\/types\/page"}],"author":[{"embeddable":true,"href":"https:\/\/ligna-systems.com\/fr-fr\/wp-json\/wp\/v2\/users\/2"}],"replies":[{"embeddable":true,"href":"https:\/\/ligna-systems.com\/fr-fr\/wp-json\/wp\/v2\/comments?post=32283"}],"version-history":[{"count":11,"href":"https:\/\/ligna-systems.com\/fr-fr\/wp-json\/wp\/v2\/pages\/32283\/revisions"}],"predecessor-version":[{"id":32333,"href":"https:\/\/ligna-systems.com\/fr-fr\/wp-json\/wp\/v2\/pages\/32283\/revisions\/32333"}],"wp:attachment":[{"href":"https:\/\/ligna-systems.com\/fr-fr\/wp-json\/wp\/v2\/media?parent=32283"}],"curies":[{"name":"wp","href":"https:\/\/api.w.org\/{rel}","templated":true}]}}