{"id":32160,"date":"2023-02-13T13:07:28","date_gmt":"2023-02-13T12:07:28","guid":{"rendered":"https:\/\/ligna-systems.com\/?page_id=32160"},"modified":"2024-12-17T08:50:10","modified_gmt":"2024-12-17T07:50:10","slug":"confidentialite","status":"publish","type":"page","link":"https:\/\/ligna-systems.com\/fr-fr\/confidentialite\/","title":{"rendered":"Confidentialit\u00e9"},"content":{"rendered":"<h4 class=\"wp-block-heading\"><strong>Enregistrement des donn\u00e9es d&#8217;acc\u00e8s dans les fichiers journaux du serveur<\/strong><\/h4><p>Vous pouvez visiter notre site Web sans fournir d&#8217;informations personnelles. Nous enregistrons uniquement les donn\u00e9es d&#8217;acc\u00e8s dans ce que l&#8217;on appelle des fichiers journaux du serveur, comme le nom du fichier demand\u00e9, la date et l&#8217;heure de l&#8217;acc\u00e8s, la quantit\u00e9 de donn\u00e9es transf\u00e9r\u00e9es et le fournisseur demandeur. Ces donn\u00e9es sont exclusivement utilis\u00e9es pour assurer le fonctionnement sans erreur du site et am\u00e9liorer notre offre. Elles ne permettent pas de tirer des conclusions sur votre identit\u00e9.<\/p><h4 class=\"wp-block-heading\"><strong>Collecte et utilisation des donn\u00e9es pour le traitement des contrats<\/strong><\/h4><p>Nous collectons des donn\u00e9es personnelles lorsque vous nous les fournissez volontairement dans le cadre d&#8217;une prise de contact (par exemple, via un formulaire de contact ou par e-mail) ou lors de l&#8217;ouverture d&#8217;un compte client. Les donn\u00e9es collect\u00e9es sont visibles dans les formulaires de saisie correspondants. Nous utilisons les donn\u00e9es que vous nous communiquez pour traiter vos demandes.<\/p><p>Apr\u00e8s l&#8217;ex\u00e9cution compl\u00e8te du contrat ou la suppression de votre compte client, vos donn\u00e9es seront bloqu\u00e9es pour toute utilisation ult\u00e9rieure et supprim\u00e9es apr\u00e8s l&#8217;expiration des d\u00e9lais de conservation l\u00e9gaux, sauf si vous avez express\u00e9ment consenti \u00e0 une utilisation ult\u00e9rieure de vos donn\u00e9es ou si nous nous r\u00e9servons le droit d&#8217;utiliser vos donn\u00e9es au-del\u00e0 de cela, dans les limites l\u00e9gales. La suppression de votre compte client peut \u00eatre effectu\u00e9e \u00e0 tout moment par simple demande via les coordonn\u00e9es fournies dans nos mentions l\u00e9gales.<\/p><h4 class=\"wp-block-heading\"><strong>Utilisation des donn\u00e9es lors de l&#8217;inscription \u00e0 la newsletter<\/strong><\/h4><p>Si vous vous inscrivez \u00e0 notre newsletter, nous utilisons les donn\u00e9es n\u00e9cessaires ou que vous nous avez fournies pour vous envoyer r\u00e9guli\u00e8rement notre newsletter par e-mail, conform\u00e9ment \u00e0 votre consentement. Vous pouvez vous d\u00e9sabonner \u00e0 tout moment via un lien dans la newsletter ou en nous contactant via les coordonn\u00e9es fournies dans nos mentions l\u00e9gales.<\/p><h4 class=\"wp-block-heading\"><strong><\/strong><strong>Utilisation des donn\u00e9es \u00e0 des fins publicitaires postales et droit d&#8217;opposition<\/strong><\/h4><p>Nous nous r\u00e9servons le droit d&#8217;enregistrer et d&#8217;utiliser votre nom, votre adresse postale et, si vous nous les avez communiqu\u00e9s, votre titre, votre grade acad\u00e9mique, votre ann\u00e9e de naissance ainsi que votre profession ou secteur d&#8217;activit\u00e9 pour vous envoyer des offres et des informations int\u00e9ressantes sur nos produits par courrier postal. Vous pouvez vous opposer \u00e0 cette utilisation de vos donn\u00e9es \u00e0 tout moment via les coordonn\u00e9es fournies dans nos mentions l\u00e9gales.<\/p><h4 class=\"wp-block-heading\"><strong>Utilisation de cookies<\/strong><\/h4><p>Pour rendre notre site Web attrayant et permettre l&#8217;utilisation de certaines fonctions, nous utilisons des cookies sur diff\u00e9rentes pages. Il s&#8217;agit de petits fichiers texte stock\u00e9s sur votre appareil. Certains cookies sont supprim\u00e9s apr\u00e8s la session du navigateur (cookies de session), tandis que d&#8217;autres restent stock\u00e9s sur votre appareil et nous permettent de reconna\u00eetre votre navigateur lors de votre prochaine visite (cookies persistants). Vous pouvez configurer votre navigateur pour \u00eatre inform\u00e9 de l&#8217;utilisation de cookies et d\u00e9cider individuellement de leur acceptation. Le refus des cookies peut limiter la fonctionnalit\u00e9 de notre site Web.<\/p><h4 class=\"wp-block-heading\"><strong>Utilisation de Google (Universal) Analytics pour l&#8217;analyse Web<\/strong><\/h4><p>Ce site utilise Google (Universal) Analytics, un service d\u2019analyse Web fourni par Google Inc. (www.google.de). Google (Universal) Analytics utilise des m\u00e9thodes telles que les \u00ab cookies \u00bb, des fichiers texte stock\u00e9s sur votre ordinateur, pour permettre l\u2019analyse de votre utilisation du site Web.<\/p><p>Les informations g\u00e9n\u00e9r\u00e9es sur votre utilisation de ce site sont g\u00e9n\u00e9ralement transmises \u00e0 un serveur de Google aux \u00c9tats-Unis et y sont stock\u00e9es. Gr\u00e2ce \u00e0 l\u2019activation de l\u2019anonymisation IP sur ce site, votre adresse IP est abr\u00e9g\u00e9e avant d\u2019\u00eatre transmise \u00e0 Google dans les \u00c9tats membres de l\u2019Union europ\u00e9enne ou dans d\u2019autres \u00c9tats signataires de l\u2019Accord sur l\u2019Espace \u00e9conomique europ\u00e9en.<\/p><p>Dans des cas exceptionnels, l&#8217;adresse IP compl\u00e8te peut \u00eatre transmise \u00e0 un serveur de Google aux \u00c9tats-Unis, o\u00f9 elle sera abr\u00e9g\u00e9e. L&#8217;adresse IP anonymis\u00e9e transmise par votre navigateur dans le cadre de Google Analytics ne sera pas combin\u00e9e avec d&#8217;autres donn\u00e9es de Google.<\/p><p>Vous pouvez emp\u00eacher la collecte des donn\u00e9es g\u00e9n\u00e9r\u00e9es par les cookies et relatives \u00e0 votre utilisation du site Web (y compris votre adresse IP), ainsi que le traitement de ces donn\u00e9es par Google, en t\u00e9l\u00e9chargeant et en installant le plug-in de navigateur disponible \u00e0 l&#8217;adresse suivante :<br \/><a href=\"http:\/\/tools.google.com\/dlpage\/gaoptout?hl=fr\">http:\/\/tools.google.com\/dlpage\/gaoptout?hl=fr<\/a><\/p><p>En alternative, vous pouvez cliquer sur ce&nbsp;<a href=\"https:\/\/www.ligna-systems.com\/de\/information\/privacy#\">lien<\/a>&nbsp;pour emp\u00eacher la collecte de donn\u00e9es par Google Analytics sur ce site Web \u00e0 l&#8217;avenir. Cela installera un cookie d&#8217;opt-out sur votre appareil. Si vous supprimez vos cookies, vous devrez cliquer sur le lien \u00e0 nouveau.<\/p><h4 class=\"wp-block-heading\"><strong>Transmission s\u00e9curis\u00e9e des donn\u00e9es<\/strong><\/h4><p>Vos donn\u00e9es personnelles sont transmises de mani\u00e8re s\u00e9curis\u00e9e via un syst\u00e8me de cryptage SSL (Secure Socket Layer). Nous prot\u00e9geons \u00e9galement nos sites Web par des mesures techniques et organisationnelles contre tout acc\u00e8s non autoris\u00e9.<\/p><h4 class=\"wp-block-heading\"><strong><\/strong><strong>Droit d&#8217;acc\u00e8s et contact<\/strong><\/h4><p>Vous avez le droit de demander gratuitement des informations sur les donn\u00e9es stock\u00e9es \u00e0 votre sujet, ainsi que de demander leur correction, leur blocage ou leur suppression. Pour toute question relative \u00e0 vos donn\u00e9es personnelles, veuillez nous contacter via les coordonn\u00e9es fournies dans nos mentions l\u00e9gales.<\/p><p><strong>Cookies<\/strong><\/p><p><script id=\"CookieDeclaration\" src=\"https:\/\/consent.cookiebot.com\/38c9399a-fc1c-4e25-a4d5-d3f28e79ec09\/cd.js\" type=\"text\/javascript\" async=\"\"><\/script><\/p>","protected":false},"excerpt":{"rendered":"Enregistrement des donn\u00e9es d&#8217;acc\u00e8s dans les fichiers journaux du serveur Vous pouvez visiter notre site Web sans fournir d&#8217;informations personnelles. Nous enregistrons uniquement les donn\u00e9es d&#8217;acc\u00e8s dans ce que l&#8217;on appelle des fichiers journaux du serveur, comme le nom du fichier demand\u00e9, la date et l&#8217;heure de l&#8217;acc\u00e8s, la quantit\u00e9 de donn\u00e9es transf\u00e9r\u00e9es et le [&hellip;]","protected":false},"author":15,"featured_media":0,"parent":0,"menu_order":53,"comment_status":"closed","ping_status":"closed","template":"","meta":{"_acf_changed":false,"footnotes":""},"class_list":["post-32160","page","type-page","status-publish","hentry"],"acf":[],"_links":{"self":[{"href":"https:\/\/ligna-systems.com\/fr-fr\/wp-json\/wp\/v2\/pages\/32160","targetHints":{"allow":["GET"]}}],"collection":[{"href":"https:\/\/ligna-systems.com\/fr-fr\/wp-json\/wp\/v2\/pages"}],"about":[{"href":"https:\/\/ligna-systems.com\/fr-fr\/wp-json\/wp\/v2\/types\/page"}],"author":[{"embeddable":true,"href":"https:\/\/ligna-systems.com\/fr-fr\/wp-json\/wp\/v2\/users\/15"}],"replies":[{"embeddable":true,"href":"https:\/\/ligna-systems.com\/fr-fr\/wp-json\/wp\/v2\/comments?post=32160"}],"version-history":[{"count":1,"href":"https:\/\/ligna-systems.com\/fr-fr\/wp-json\/wp\/v2\/pages\/32160\/revisions"}],"predecessor-version":[{"id":32161,"href":"https:\/\/ligna-systems.com\/fr-fr\/wp-json\/wp\/v2\/pages\/32160\/revisions\/32161"}],"wp:attachment":[{"href":"https:\/\/ligna-systems.com\/fr-fr\/wp-json\/wp\/v2\/media?parent=32160"}],"curies":[{"name":"wp","href":"https:\/\/api.w.org\/{rel}","templated":true}]}}