{"id":31649,"date":"2022-05-13T12:48:02","date_gmt":"2022-05-13T10:48:02","guid":{"rendered":"https:\/\/ligna.cloth.be\/?page_id=31649"},"modified":"2025-07-15T16:55:04","modified_gmt":"2025-07-15T14:55:04","slug":"a-propos","status":"publish","type":"page","link":"https:\/\/ligna-systems.com\/fr-fr\/a-propos\/","title":{"rendered":"A propos"},"content":{"rendered":"<p class=\"intro\"><\/p><div class=\"cloth-spacer-xlarge\"><\/div><div id=\"\" class=\"section section-row  margin-small\">\n\t<div class=\"wrapper-small\">\n\t\t<div class=\"grid-row spaced-xlarge default grid-align-top\">\n\t\t\n<div class=\"text-dark col-12\">\n\t\t    \n<h1 class=\"wp-block-heading\"><br \/><br \/><strong>Sp\u00e9cialiste des structures en bois sur mesure<\/strong><br \/><\/h1>\n\n<div class=\"cloth-spacer-medium\"><\/div>\n\n<p class=\"intro\">LIGNA systems est votre meilleur choix pour la <strong>planification, la conception et la production de structures en bois de grande port\u00e9e<\/strong>. Nous sommes sp\u00e9cialis\u00e9s dans le d\u00e9veloppement et la fabrication de structures en bois pour les b\u00e2timents industriels et logistiques.<\/p>\n\n<div class=\"cloth-spacer-large\"><\/div>\n\n<p class=\"quote h4 colored\"><strong>Notre Mission<\/strong>:<br \/><\/p>\n\n<p>LIGNA systems est sp\u00e9cialis\u00e9 dans le d\u00e9veloppement et la production de structures en bois pour les b\u00e2timents industriels, commerciaux et logistiques. Nous proposons des solutions durables, efficaces et adapt\u00e9es aux grands projets de construction, r\u00e9pondant pr\u00e9cis\u00e9ment aux exigences du secteur. Notre objectif est de cr\u00e9er une v\u00e9ritable alternative aux structures en acier et en b\u00e9ton &#8211; \u00e9conomiquement comp\u00e9titive et avec une empreinte carbone nettement r\u00e9duite.<\/p>\n\n<div class=\"cloth-spacer-large\"><\/div>\n\n<p class=\"quote h4 colored\"><strong>Notre \u00e9quipe et direction<\/strong>:<br \/><\/p>\n\n<p>Depuis sa fondation par Olivier Dupuis en 2008, LIGNA systems est devenu une \u00e9quipe de plus de 75 professionnels d\u00e9vou\u00e9s. Ensemble, nous avons r\u00e9alis\u00e9 avec succ\u00e8s environ 500 projets de construction \u00e0 travers le monde, nous \u00e9tablissant comme un partenaire de confiance dans la construction en bois. La direction est compos\u00e9e de sept personnes exp\u00e9riment\u00e9es qui dirigent l&#8217;entreprise de mani\u00e8re strat\u00e9gique et op\u00e9rationnelle en Europe et en Am\u00e9rique du Nord. Tous les membres de la direction sont \u00e9galement actionnaires, ce qui renforce leur engagement et leur identification aux objectifs de l&#8217;entreprise. Gr\u00e2ce \u00e0 leur expertise et leur esprit d&#8217;entreprise, ils garantissent que LIGNA systems continue de progresser et r\u00e9alise sa vision d&#8217;une construction durable \u00e0 l&#8217;\u00e9chelle mondiale.<\/p>\n\n<div class=\"cloth-spacer-medium\"><\/div>\n\n<span class=\"cloth-button\">\n\n\n<a class=\"btn btn-default btn-colored \" href=\"https:\/\/ligna-systems.com\/fr-fr\/a-propos\/notre-equipe\/\" target=\"_self\">\n                <span class=\"text\">\n                    <span>Faites connaissance avec nos collaborateurs<\/span>\n                    <span>Faites connaissance avec nos collaborateurs<\/span>\n                <\/span>\n                <span class=\"btn-icon\"><svg class=\"arrow\" version=\"1.1\" fill=\"currentColor\" xmlns=\"http:\/\/www.w3.org\/2000\/svg\" xmlns:xlink=\"http:\/\/www.w3.org\/1999\/xlink\" x=\"0px\" y=\"0px\"\n\t viewBox=\"0 0 24 24\" style=\"enable-background:new 0 0 24 24;\" xml:space=\"preserve\">\n<path d=\"M0.5,13.4h18.4L11,21.2l2,2L23.1,13c0.3-0.3,0.4-0.6,0.4-1c0-0.4-0.1-0.7-0.4-1L13,0.8l-2,2l7.8,7.8H0.5\"><\/path>\n<\/svg>\n<\/span>\n                <span class=\"slanting-side slanting-add\"><\/span>\n            <\/a>\n<\/span>\n\n<div class=\"cloth-spacer-large\"><\/div>\n\n<p class=\"quote h4 colored\"><strong>March\u00e9s et pr\u00e9sence internationale<\/strong>:<br \/><\/p>\n\n<p>Ces derni\u00e8res ann\u00e9es, LIGNA systems s&#8217;est principalement concentr\u00e9e sur le march\u00e9 allemand et les pays europ\u00e9ens voisins, o\u00f9 de nombreux projets ont \u00e9t\u00e9 r\u00e9alis\u00e9s avec succ\u00e8s. S&#8217;appuyant sur cette base solide, nous poursuivons une strat\u00e9gie de croissance claire pour \u00e9tendre davantage notre expertise et nos solutions durables \u00e0 l&#8217;international. Avec notre si\u00e8ge social et notre propre production en Belgique, ainsi que des bureaux suppl\u00e9mentaires \u2013 un bureau d&#8217;ing\u00e9nierie \u00e0 Aix-la-Chapelle, un bureau de conception au Luxembourg et des bureaux commerciaux aux Pays-Bas et au Canada \u2013 nous sommes bien implant\u00e9s \u00e0 l&#8217;international. En outre, nous collaborons avec un r\u00e9seau de partenaires locaux qui comprennent parfaitement les exigences sp\u00e9cifiques de leurs r\u00e9gions. Actuellement, nous sommes actifs en France et dans l&#8217;ouest du Canada, tout en \u00e9tablissant de nouveaux partenariats pour renforcer notre pr\u00e9sence sur de nouveaux march\u00e9s.<\/p>\n\n<div class=\"cloth-spacer-large\"><\/div>\n\n<p class=\"quote h4 colored\"><strong>Notre objectif : une forte croissance internationale<\/strong>:<br \/><\/p>\n\n<p>LIGNA systems vise une croissance internationale durable et solide. Avec notre m\u00e9thode de construction innovante et respectueuse de l&#8217;environnement, nous cherchons \u00e0 conqu\u00e9rir de nouveaux march\u00e9s, \u00e0 devenir le principal fournisseur de structures en bois et \u00e0 contribuer positivement \u00e0 l&#8217;industrie mondiale de la construction.<\/p>\n\n<div class=\"cloth-spacer-large\"><\/div>\n\n<p class=\"quote h4 colored\"><strong>Notre promesse<\/strong>:<br \/><\/p>\n\n<p>L&#8217;innovation, la durabilit\u00e9 et l&#8217;efficacit\u00e9 \u00e9conomique sont les piliers fondamentaux de notre travail. Gr\u00e2ce aux m\u00e9thodes de planification num\u00e9rique les plus avanc\u00e9es et aux normes les plus \u00e9lev\u00e9es en mati\u00e8re de traitement et de fabrication, nous r\u00e9alisons des b\u00e2timents qui r\u00e9pondent aux exigences d&#8217;aujourd&#8217;hui et aux d\u00e9fis de demain.<\/p>\n\n<div class=\"cloth-spacer-large\"><\/div>\n\n<span class=\"cloth-button\">\n\n\n<a class=\"btn btn-default btn-colored \" href=\"https:\/\/ligna-systems.com\/fr\/produits\/structures-en-bois\/\" target=\"_self\">\n                <span class=\"text\">\n                    <span>D\u00e9couvrez nos solutions pour structures portantes<\/span>\n                    <span>D\u00e9couvrez nos solutions pour structures portantes<\/span>\n                <\/span>\n                <span class=\"btn-icon\"><svg class=\"arrow\" version=\"1.1\" fill=\"currentColor\" xmlns=\"http:\/\/www.w3.org\/2000\/svg\" xmlns:xlink=\"http:\/\/www.w3.org\/1999\/xlink\" x=\"0px\" y=\"0px\"\n\t viewBox=\"0 0 24 24\" style=\"enable-background:new 0 0 24 24;\" xml:space=\"preserve\">\n<path d=\"M0.5,13.4h18.4L11,21.2l2,2L23.1,13c0.3-0.3,0.4-0.6,0.4-1c0-0.4-0.1-0.7-0.4-1L13,0.8l-2,2l7.8,7.8H0.5\"><\/path>\n<\/svg>\n<\/span>\n                <span class=\"slanting-side slanting-add\"><\/span>\n            <\/a>\n<\/span>\n\t\t\n\t\n<\/div>\n\t\t<\/div>\n\t<\/div>\n\n\t\n\t\n\t<!--<div class=\"slanting-side slanting-del\"><\/div>-->\n<\/div><div id=\"\" class=\"section section-row  margin-large\">\n\t<div class=\"wrapper-small\">\n\t\t<div class=\"grid-row spaced-medium default grid-align-top\">\n\t\t\n<div class=\"text-dark col-12\">\n\t\t    \n<p class=\"has-text-align-center quote h4 colored\">\u201eNotre mission : Proposer des structures en bois innovantes et durables \u00e0 des co\u00fbts comparables \u00e0 ceux des structures m\u00e9talliques, tout en r\u00e9duisant l\u2019empreinte carbone.\u201c<\/p>\n\t\t\n\t\n<\/div>\n\t\t<\/div>\n\t<\/div>\n\n\t\n\t\n\t<!--<div class=\"slanting-side slanting-del\"><\/div>-->\n<\/div><div id=\"\" class=\"section section-row  margin-large\">\n\t<div class=\"wrapper\">\n\t\t<div class=\"grid-row spaced-medium default grid-align-top\">\n\t\t\n<div class=\"text-dark col-12\">\n\t\t    \n<div class=\"cloth-block-image cloth-anim\" data-parallax-speed=\"\">\n\n\n\n\t<div class=\"cloth-image-container cloth-anim-inner  media-ratio-auto\" style=\"max-width:1920px\">\n\t\t\n\t\t\n\t\t\t<span class=\"media\"><span class=\"media-item\">\t\t\t<img src=\"https:\/\/ligna-systems.com\/wp-content\/uploads\/2025\/01\/ligna_systems_gruppenfoto_LR-1920x931.jpg\" srcset=\"https:\/\/ligna-systems.com\/wp-content\/uploads\/2025\/01\/ligna_systems_gruppenfoto_LR-1920x931.jpg 1680w, https:\/\/ligna-systems.com\/wp-content\/uploads\/2025\/01\/ligna_systems_gruppenfoto_LR-1024x496.jpg 768w, https:\/\/ligna-systems.com\/wp-content\/uploads\/2025\/01\/ligna_systems_gruppenfoto_LR-512x248.jpg 512w\"  width=\"1920\" height=\"931\" alt=\"ligna_systems_gruppenfoto_LR\" decoding=\"async\" loading=\"lazy\"\/>\t\t\t\t\t\t<\/span><\/span>\n\t\t\n\t\t<div class=\"slanting-side slanting-del\"><\/div>\t\t\t\n\t<\/div>\n\n\t\n\n\t\t\t\n\t<\/div>\n\t\t\n\t\n<\/div>\n\t\t<\/div>\n\t<\/div>\n\n\t\n\t\n\t<!--<div class=\"slanting-side slanting-del\"><\/div>-->\n<\/div><div class=\"cloth-spacer-large\"><\/div><div class=\"section section-background text-light margin-none section-background-image\">\n            <div class=\"section-inner\">\n                \n<div id=\"\" class=\"section section-row  margin-large\">\n\t<div class=\"wrapper\">\n\t\t<div class=\"grid-row spaced-medium default grid-align-top\">\n\t\t\n<div class=\"text-dark col-8\">\n\t\t    \n<span class=\"font-weight-600 h8 uppercase cloth-subtitle colored\">Demander une offre<\/span>\n\n<h3 class=\"wp-block-heading\"><strong>\u00cates-vous int\u00e9ress\u00e9 par une structure en bois pour votre projet de construction de hall?<\/strong><\/h3>\n\n<p class=\"intro\">Envoyez-nous votre demande par mail.<\/p>\n\n<div class=\"cloth-spacer-large\"><\/div>\n\n<span class=\"cloth-button\">\n\n\n<a class=\"btn btn-default btn-colored \" href=\"mailto:demande@ligna-systems.com\" target=\"_blank\">\n                <span class=\"text\">\n                    <span>Demander une offre<\/span>\n                    <span>Demander une offre<\/span>\n                <\/span>\n                <span class=\"btn-icon\"><svg class=\"arrow\" version=\"1.1\" fill=\"currentColor\" xmlns=\"http:\/\/www.w3.org\/2000\/svg\" xmlns:xlink=\"http:\/\/www.w3.org\/1999\/xlink\" x=\"0px\" y=\"0px\"\n\t viewBox=\"0 0 24 24\" style=\"enable-background:new 0 0 24 24;\" xml:space=\"preserve\">\n<path d=\"M0.5,13.4h18.4L11,21.2l2,2L23.1,13c0.3-0.3,0.4-0.6,0.4-1c0-0.4-0.1-0.7-0.4-1L13,0.8l-2,2l7.8,7.8H0.5\"><\/path>\n<\/svg>\n<\/span>\n                <span class=\"slanting-side slanting-add\"><\/span>\n            <\/a>\n<\/span>\n\t\t\n\t\n<\/div>\n\t\t<\/div>\n\t<\/div>\n\n\t\n\t\n\t<!--<div class=\"slanting-side slanting-del\"><\/div>-->\n<\/div>\n\n            <\/div>\n\t\t\t\n\t\t\t\n\t\n    <div class=\"section-bg\">\n\t\t<div class=\"section-bg-el imagebg-section\" style=\"background:url(https:\/\/ligna-systems.com\/wp-content\/uploads\/2022\/10\/li-bg_neu.jpg) center center;background-size:cover;\" data-parallax-speed=\"-0.07\"><\/div>\n\t\t\n\t\t\n\t<\/div>\n    \n            <div class=\"slanting-side slanting-del\"><\/div>\n            <div class=\"slanting-side slanting-del slanting-top\"><\/div>\n        <\/div><div class=\"cloth-spacer-large\"><\/div>","protected":false},"excerpt":{"rendered":"","protected":false},"author":15,"featured_media":0,"parent":0,"menu_order":5,"comment_status":"closed","ping_status":"closed","template":"","meta":{"_acf_changed":false,"footnotes":""},"class_list":["post-31649","page","type-page","status-publish","hentry"],"acf":[],"_links":{"self":[{"href":"https:\/\/ligna-systems.com\/fr-fr\/wp-json\/wp\/v2\/pages\/31649","targetHints":{"allow":["GET"]}}],"collection":[{"href":"https:\/\/ligna-systems.com\/fr-fr\/wp-json\/wp\/v2\/pages"}],"about":[{"href":"https:\/\/ligna-systems.com\/fr-fr\/wp-json\/wp\/v2\/types\/page"}],"author":[{"embeddable":true,"href":"https:\/\/ligna-systems.com\/fr-fr\/wp-json\/wp\/v2\/users\/15"}],"replies":[{"embeddable":true,"href":"https:\/\/ligna-systems.com\/fr-fr\/wp-json\/wp\/v2\/comments?post=31649"}],"version-history":[{"count":65,"href":"https:\/\/ligna-systems.com\/fr-fr\/wp-json\/wp\/v2\/pages\/31649\/revisions"}],"predecessor-version":[{"id":36207,"href":"https:\/\/ligna-systems.com\/fr-fr\/wp-json\/wp\/v2\/pages\/31649\/revisions\/36207"}],"wp:attachment":[{"href":"https:\/\/ligna-systems.com\/fr-fr\/wp-json\/wp\/v2\/media?parent=31649"}],"curies":[{"name":"wp","href":"https:\/\/api.w.org\/{rel}","templated":true}]}}