{"id":31618,"date":"2024-09-11T16:07:55","date_gmt":"2024-09-11T14:07:55","guid":{"rendered":"https:\/\/ligna.cloth.be\/?page_id=31618"},"modified":"2024-12-04T11:41:05","modified_gmt":"2024-12-04T10:41:05","slug":"montage","status":"publish","type":"page","link":"https:\/\/ligna-systems.com\/fr-fr\/notre-savoir-faire\/montage\/","title":{"rendered":"Montage"},"content":{"rendered":"<div id=\"\" class=\"section section-row  margin-large\">\n\t<div class=\"wrapper-small\">\n\t\t<div class=\"grid-row spaced-medium default grid-align-top\">\n\t\t\n<div class=\"text-dark col-12\">\n\t\t    \n<h2 class=\"wp-block-heading\"><strong>Options de montage flexibles <\/strong><\/h2>\n\n<p class=\"intro\"><strong>Une solution adapt\u00e9e \u00e0 chaque besoin <\/strong><\/p>\n\n<p class=\"intro\">Vous avez le choix sur la mani\u00e8re dont vous souhaitez r\u00e9aliser le montage de votre projet :<\/p>\n\n<div class=\"cloth-spacer-medium\"><\/div>\n\n<div id=\"\" class=\"section section-row  margin-large\">\n\t<div class=\"wrapper-full\">\n\t\t<div class=\"grid-row spaced-medium default grid-align-top\">\n\t\t\n<div class=\"text-dark col-4\">\n\t\t    \n<div class=\"cloth-iconbox\">\n\t        <div class=\"box-icon\">\n\t\t\t<span class=\"nr-icon\">1<\/span>        <\/div>\n\t    <div class=\"box-content\">\n        <h3><strong><\/strong><\/h3>\n\t\t<p><strong>Montage par LIGNA systems<\/strong><\/p>\n<p>Nous prenons en charge l&#8217;int\u00e9gralit\u00e9 du montage via nos partenaires locaux autoris\u00e9s, pour que vous n&#8217;ayez \u00e0 vous soucier de rien.<\/p>\n    <\/div>\n<\/div>\n\t\t\n\t\n<\/div>\n\n<div class=\"text-dark col-4\">\n\t\t    \n<div class=\"cloth-iconbox\">\n\t        <div class=\"box-icon\">\n\t\t\t<span class=\"nr-icon\">2<\/span>        <\/div>\n\t    <div class=\"box-content\">\n        <h3><strong><\/strong><\/h3>\n\t\t<p><strong>Montage par vos soins<\/strong><\/p>\n<p>Vous effectuez le montage en toute autonomie et b\u00e9n\u00e9ficiez de nos plans de montage d\u00e9taill\u00e9s.<\/p>\n    <\/div>\n<\/div>\n\t\t\n\t\n<\/div>\n\n<div class=\"text-dark col-4\">\n\t\t    \n<div class=\"cloth-iconbox\">\n\t        <div class=\"box-icon\">\n\t\t\t<span class=\"nr-icon\">3<\/span>        <\/div>\n\t    <div class=\"box-content\">\n        <h3><strong><\/strong><\/h3>\n\t\t<p><strong>Montage autonome avec chef de chantier<\/strong><\/p>\n<p>Un chef de chantier exp\u00e9riment\u00e9 de LIGNA systems accompagne votre montage pour garantir un d\u00e9roulement fluide.<\/p>\n    <\/div>\n<\/div>\n\t\t\n\t\n<\/div>\n\t\t<\/div>\n\t<\/div>\n\n\t\n\t\n\t<!--<div class=\"slanting-side slanting-del\"><\/div>-->\n<\/div>\n\t\t\n\t\n<\/div>\n\t\t<\/div>\n\t<\/div>\n\n\t\n\t\n\t<!--<div class=\"slanting-side slanting-del\"><\/div>-->\n<\/div><div id=\"\" class=\"section section-row  margin-large\">\n\t<div class=\"wrapper-small\">\n\t\t<div class=\"grid-row spaced-large default grid-align-top\">\n\t\t\n<div class=\"text-dark col-6\">\n\t\t    \n<p class=\"h5\"><strong>Expertise et pr\u00e9cision pour une qualit\u00e9 optimale<\/strong><\/p>\n\n<p>Nos partenaires locaux exp\u00e9riment\u00e9s assurent un montage pr\u00e9cis et professionnel, garantissant la long\u00e9vit\u00e9 et la stabilit\u00e9 de votre hall. Avec notre soutien, la phase finale de votre projet est r\u00e9alis\u00e9e de mani\u00e8re efficace et avec une qualit\u00e9 irr\u00e9prochable.<\/p>\n\t\t\n\t\n<\/div>\n\n<div class=\"text-dark col-6\">\n\t\t    \n<div class=\"cloth-block-image cloth-anim\" data-parallax-speed=\"\">\n\n\n\n\t<div class=\"cloth-image-container cloth-anim-inner  media-ratio-8-5\" style=\"max-width:768px\">\n\t\t\n\t\t\n\t\t\t<span class=\"media\"><span class=\"media-item\">\t\t\t<img src=\"https:\/\/ligna-systems.com\/wp-content\/uploads\/2022\/07\/Zufriedene-Baupartner-ID-43234-768x768.jpg\" srcset=\"https:\/\/ligna-systems.com\/wp-content\/uploads\/2022\/07\/Zufriedene-Baupartner-ID-43234-768x768.jpg 1680w, https:\/\/ligna-systems.com\/wp-content\/uploads\/2022\/07\/Zufriedene-Baupartner-ID-43234-512x512.jpg 512w\"  width=\"768\" height=\"768\" alt=\"Zufriedene Baupartner\" decoding=\"async\" loading=\"lazy\"\/>\t\t\t\t\t\t<\/span><\/span>\n\t\t\n\t\t<div class=\"slanting-side slanting-del\"><\/div>\t\t\t\n\t<\/div>\n\n\t\n\n\t\t\t\n\t<\/div>\n\t\t\n\t\n<\/div>\n\t\t<\/div>\n\t<\/div>\n\n\t\n\t\n\t<!--<div class=\"slanting-side slanting-del\"><\/div>-->\n<\/div><div id=\"\" class=\"section section-row  margin-large\">\n\t<div class=\"wrapper-small\">\n\t\t<div class=\"grid-row spaced-large default grid-align-top\">\n\t\t\n<div class=\"text-dark col-6\">\n\t\t    \n<div class=\"cloth-block-image cloth-anim\" data-parallax-speed=\"\">\n\n\n\n\t<div class=\"cloth-image-container cloth-anim-inner  media-ratio-8-5\" style=\"max-width:768px\">\n\t\t\n\t\t\n\t\t\t<span class=\"media\"><span class=\"media-item\">\t\t\t<img src=\"https:\/\/ligna-systems.com\/wp-content\/uploads\/2023\/03\/A.-Holzhallenstruktur-ID-42504-768x512.jpg\" srcset=\"https:\/\/ligna-systems.com\/wp-content\/uploads\/2023\/03\/A.-Holzhallenstruktur-ID-42504-768x512.jpg 1680w, https:\/\/ligna-systems.com\/wp-content\/uploads\/2023\/03\/A.-Holzhallenstruktur-ID-42504-512x341.jpg 512w\"  width=\"768\" height=\"512\" alt=\"A. Holzhallenstruktur (ID 42504)\" decoding=\"async\" loading=\"lazy\"\/>\t\t\t\t\t\t<\/span><\/span>\n\t\t\n\t\t<div class=\"slanting-side slanting-del\"><\/div>\t\t\t\n\t<\/div>\n\n\t\n\n\t\t\t\n\t<\/div>\n\t\t\n\t\n<\/div>\n\n<div class=\"text-dark col-6\">\n\t\t    \n<p class=\"h5\"><strong>Accompagnement au montage pour des r\u00e9sultats optimaux<\/strong><\/p>\n\n<p>Sur demande, nous offrons un accompagnement complet au montage. Nous nous chargeons de l\u2019alignement et du positionnement de la structure sur votre chantier ou mettons \u00e0 disposition un chef de chantier exp\u00e9riment\u00e9. Cela garantit le bon d\u00e9roulement de la construction de votre hall.<\/p>\n\t\t\n\t\n<\/div>\n\t\t<\/div>\n\t<\/div>\n\n\t\n\t\n\t<!--<div class=\"slanting-side slanting-del\"><\/div>-->\n<\/div><div class=\"cloth-spacer-mini\"><\/div><div id=\"\" class=\"section section-row  margin-medium\">\n\t<div class=\"wrapper-small\">\n\t\t<div class=\"grid-row spaced-large default grid-align-top\">\n\t\t\n<div class=\"text-dark col-12\">\n\t\t    \n<p class=\"h5\"><strong>Montage rapide et simple \u2013 efficace, pr\u00e9cis et \u00e9conomique<\/strong><\/p>\n\n<p>Gr\u00e2ce \u00e0 notre m\u00e9thode de construction pr\u00e9fabriqu\u00e9e, l\u2019assemblage de votre hall devient un jeu d\u2019enfant. Des assemblages \u00e0 queues d\u2019aronde ajust\u00e9s et des points de vissage pr\u00e9-perc\u00e9s permettent un montage rapide et sans complication. Chaque composant est clairement marqu\u00e9, et nos plans de montage d\u00e9taill\u00e9s assurent une mise en place pr\u00e9cise. Avec des \u00e9l\u00e9ments en acier galvanis\u00e9 int\u00e9gr\u00e9s et une solution d\u2019ancrage innovante sans pi\u00e8ces encastr\u00e9es, vous \u00e9conomisez du temps et des co\u00fbts. En seulement 4 \u00e0 12 semaines, votre hall est mont\u00e9 \u2013 stable, durable et parfaitement adapt\u00e9 \u00e0 vos besoins.<\/p>\n\t\t\n\t\n<\/div>\n\t\t<\/div>\n\t<\/div>\n\n\t\n\t\n\t<!--<div class=\"slanting-side slanting-del\"><\/div>-->\n<\/div><div class=\"cloth-spacer-small\"><\/div><div id=\"\" class=\"section section-row  margin-large\">\n\t<div class=\"wrapper-small\">\n\t\t<div class=\"grid-row spaced-xlarge default grid-align-center inverse_smartphone\">\n\t\t\n<div class=\"text-dark col-6\">\n\t\t    \n<div class=\"cloth-block-image cloth-anim\" data-parallax-speed=\"\">\n\n\n\t\t<a class=\"media-hover\" href=\"https:\/\/ligna-systems.com\/kontakt\/\" target=\"'_self\">\n\t\t\n\t<div class=\"cloth-image-container cloth-anim-inner  media-ratio-1-1\" style=\"max-width:1024px\">\n\t\t\n\t\t\n\t\t\t<span class=\"media\"><span class=\"media-item\">\t\t\t<img src=\"https:\/\/ligna-systems.com\/wp-content\/uploads\/2024\/09\/Kontakt_LIGNA-1024x731.png\" srcset=\"https:\/\/ligna-systems.com\/wp-content\/uploads\/2024\/09\/Kontakt_LIGNA-1024x731.png 1680w, https:\/\/ligna-systems.com\/wp-content\/uploads\/2024\/09\/Kontakt_LIGNA-512x366.png 512w\"  width=\"1024\" height=\"731\" alt=\"Kontakt_LIGNA\" decoding=\"async\" loading=\"lazy\"\/>\t\t\t\t\t\t<\/span><\/span>\n\t\t\n\t\t<div class=\"slanting-side slanting-del\"><\/div>\t\t\t\n\t<\/div>\n\n\t\n\n\t\t\t\n\t\t\t<\/a>\n\t\t<\/div>\n\t\t\n\t\n<\/div>\n\n<div class=\"text-dark col-6\">\n\t\t    \n<span class=\"font-weight-600 h8 uppercase cloth-subtitle colored\">Des questions ? Nous sommes l\u00e0 pour vous !<\/span>\n\n<h4 class=\"wp-block-heading\"><strong><\/strong><strong>Votre ligne directe avec nous !<\/strong><\/h4>\n\n<p>Que ce soit par e-mail, t\u00e9l\u00e9phone ou formulaire de contact, r\u00e9alisons ensemble vos visions et planifions les prochaines \u00e9tapes. Notre \u00e9quipe a h\u00e2te de faire votre connaissance !<\/p>\n\n<div class=\"cloth-spacer-large\"><\/div>\n\n<span class=\"cloth-button\">\n\n\n<a class=\"btn btn-default btn-colored \" href=\"https:\/\/ligna-systems.com\/fr\/contact\/\" target=\"_self\">\n                <span class=\"text\">\n                    <span>Votre contact chez LIGNA<\/span>\n                    <span>Votre contact chez LIGNA<\/span>\n                <\/span>\n                <span class=\"btn-icon\"><svg class=\"arrow\" version=\"1.1\" fill=\"currentColor\" xmlns=\"http:\/\/www.w3.org\/2000\/svg\" xmlns:xlink=\"http:\/\/www.w3.org\/1999\/xlink\" x=\"0px\" y=\"0px\"\n\t viewBox=\"0 0 24 24\" style=\"enable-background:new 0 0 24 24;\" xml:space=\"preserve\">\n<path d=\"M0.5,13.4h18.4L11,21.2l2,2L23.1,13c0.3-0.3,0.4-0.6,0.4-1c0-0.4-0.1-0.7-0.4-1L13,0.8l-2,2l7.8,7.8H0.5\"><\/path>\n<\/svg>\n<\/span>\n                <span class=\"slanting-side slanting-add\"><\/span>\n            <\/a>\n<\/span>\n\t\t\n\t\n<\/div>\n\t\t<\/div>\n\t<\/div>\n\n\t\n\t\n\t<!--<div class=\"slanting-side slanting-del\"><\/div>-->\n<\/div><div class=\"single-pagination\" data-string=\"Devis Teststring\">\n  <div class=\"single-pagination-inner\">\n\n    <div class=\"prev \">\n      <a href=\"https:\/\/ligna-systems.com\/fr\/savoir-faire\/livraison\/\">\n        <div class=\"media media-ratio-1-1\">\n                      <div class=\"media-item \">\n              <img decoding=\"async\" src=\"https:\/\/ligna-systems.com\/wp-content\/uploads\/2024\/03\/venti-views-1cqIcrWFQBI-unsplash-150x150.jpg\" class=\"attachment-thumbnail size-thumbnail wp-post-image\" alt=\"\" srcset=\"https:\/\/ligna-systems.com\/wp-content\/uploads\/2024\/03\/venti-views-1cqIcrWFQBI-unsplash-150x150.jpg 150w, https:\/\/ligna-systems.com\/wp-content\/uploads\/2024\/03\/venti-views-1cqIcrWFQBI-unsplash-100x100.jpg 100w\" sizes=\"(max-width: 150px) 100vw, 150px\" \/>            <\/div>\n                    <span class=\"icon\"><svg class=\"arrow\" version=\"1.1\" fill=\"currentColor\" xmlns=\"http:\/\/www.w3.org\/2000\/svg\" xmlns:xlink=\"http:\/\/www.w3.org\/1999\/xlink\" x=\"0px\" y=\"0px\"\n\t viewBox=\"0 0 24 24\" style=\"enable-background:new 0 0 24 24;\" xml:space=\"preserve\">\n<path d=\"M0.5,13.4h18.4L11,21.2l2,2L23.1,13c0.3-0.3,0.4-0.6,0.4-1c0-0.4-0.1-0.7-0.4-1L13,0.8l-2,2l7.8,7.8H0.5\"><\/path>\n<\/svg>\n<\/span>\n        <\/div>\n        <h5 class=\"pagination-title\">Livraison<br \/><span class=\"direction-name hit\">\u00c9tape pr\u00e9c\u00e9dente<\/span><\/h5>\n      <\/a>\n    <\/div>\n    <div class=\"back\">\n      <a href=\"https:\/\/ligna-systems.com\/fr\/savoir-faire\/\" class=\"back-to-grid\" title=\"Zur\u00fcck zur \u00dcbersicht\"><?xml version=\"1.0\" encoding=\"utf-8\"?>\n<!-- Generator: Adobe Illustrator 26.2.1, SVG Export Plug-In . SVG Version: 6.00 Build 0)  -->\n<svg version=\"1.1\" fill=\"currentColor\" xmlns=\"http:\/\/www.w3.org\/2000\/svg\" xmlns:xlink=\"http:\/\/www.w3.org\/1999\/xlink\" x=\"0px\" y=\"0px\"\n\t viewBox=\"0 0 128 128\" style=\"enable-background:new 0 0 128 128;\" xml:space=\"preserve\">\n<polygon points=\"119.7,47.1 119.7,8.3 70.9,8.3 70.9,55.8 \"><\/polygon>\n<polygon points=\"70.9,69.7 70.9,119.7 119.7,119.7 119.7,61.1 \"><\/polygon>\n<polygon points=\"57.1,58.3 57.1,8.3 8.3,8.3 8.3,66.9 \"><\/polygon>\n<polygon points=\"8.3,80.9 8.3,119.7 57.1,119.7 57.1,72.2 \"><\/polygon>\n<\/svg>\n<\/a>\n    <\/div>\n    <div class=\"next is-disabled\">\n      <a href=\"#\">\n        <div class=\"media media-ratio-1-1\">\n                    <span class=\"icon\"><svg class=\"arrow\" version=\"1.1\" fill=\"currentColor\" xmlns=\"http:\/\/www.w3.org\/2000\/svg\" xmlns:xlink=\"http:\/\/www.w3.org\/1999\/xlink\" x=\"0px\" y=\"0px\"\n\t viewBox=\"0 0 24 24\" style=\"enable-background:new 0 0 24 24;\" xml:space=\"preserve\">\n<path d=\"M0.5,13.4h18.4L11,21.2l2,2L23.1,13c0.3-0.3,0.4-0.6,0.4-1c0-0.4-0.1-0.7-0.4-1L13,0.8l-2,2l7.8,7.8H0.5\"><\/path>\n<\/svg>\n<\/span>\n        <\/div>\n        <h5 class=\"pagination-title\"><br \/><span class=\"direction-name\">Prochaine \u00e9tape<\/span><\/h5>\n      <\/a>\n    <\/div>\n  <\/div>\n<\/div>","protected":false},"excerpt":{"rendered":"","protected":false},"author":15,"featured_media":27507,"parent":26142,"menu_order":158,"comment_status":"closed","ping_status":"closed","template":"","meta":{"_acf_changed":false,"footnotes":""},"class_list":["post-31618","page","type-page","status-publish","has-post-thumbnail","hentry"],"acf":[],"_links":{"self":[{"href":"https:\/\/ligna-systems.com\/fr-fr\/wp-json\/wp\/v2\/pages\/31618","targetHints":{"allow":["GET"]}}],"collection":[{"href":"https:\/\/ligna-systems.com\/fr-fr\/wp-json\/wp\/v2\/pages"}],"about":[{"href":"https:\/\/ligna-systems.com\/fr-fr\/wp-json\/wp\/v2\/types\/page"}],"author":[{"embeddable":true,"href":"https:\/\/ligna-systems.com\/fr-fr\/wp-json\/wp\/v2\/users\/15"}],"replies":[{"embeddable":true,"href":"https:\/\/ligna-systems.com\/fr-fr\/wp-json\/wp\/v2\/comments?post=31618"}],"version-history":[{"count":2,"href":"https:\/\/ligna-systems.com\/fr-fr\/wp-json\/wp\/v2\/pages\/31618\/revisions"}],"predecessor-version":[{"id":31622,"href":"https:\/\/ligna-systems.com\/fr-fr\/wp-json\/wp\/v2\/pages\/31618\/revisions\/31622"}],"up":[{"embeddable":true,"href":"https:\/\/ligna-systems.com\/fr-fr\/wp-json\/wp\/v2\/pages\/26142"}],"wp:featuredmedia":[{"embeddable":true,"href":"https:\/\/ligna-systems.com\/fr-fr\/wp-json\/wp\/v2\/media\/27507"}],"wp:attachment":[{"href":"https:\/\/ligna-systems.com\/fr-fr\/wp-json\/wp\/v2\/media?parent=31618"}],"curies":[{"name":"wp","href":"https:\/\/api.w.org\/{rel}","templated":true}]}}