{"id":31611,"date":"2024-09-11T15:58:32","date_gmt":"2024-09-11T13:58:32","guid":{"rendered":"https:\/\/ligna.cloth.be\/?page_id=31611"},"modified":"2024-12-04T11:29:34","modified_gmt":"2024-12-04T10:29:34","slug":"livraison","status":"publish","type":"page","link":"https:\/\/ligna-systems.com\/fr-fr\/notre-savoir-faire\/livraison\/","title":{"rendered":"Livraison"},"content":{"rendered":"<div id=\"\" class=\"section section-row  margin-large\">\n\t<div class=\"wrapper-mini\">\n\t\t<div class=\"grid-row spaced-medium default grid-align-top\">\n\t\t\n<div class=\"text-dark col-12\">\n\t\t    \n<h2 class=\"wp-block-heading\"><strong>Livraison fiable dans le monde entier <\/strong><\/h2>\n\n<p class=\"intro\"><strong>Logistique optimis\u00e9e pour votre projet<\/strong><\/p>\n\n<p class=\"intro\">Notre processus logistique est con\u00e7u pour acheminer vos projets de construction en toute s\u00e9curit\u00e9 et efficacit\u00e9, peu importe leur emplacement dans le monde. Apr\u00e8s la production en Belgique, nous organisons une livraison sur mesure de vos composants, adapt\u00e9e \u00e0 vos besoins sp\u00e9cifiques.<\/p>\n\t\t\n\t\n<\/div>\n\t\t<\/div>\n\t<\/div>\n\n\t\n\t\n\t<!--<div class=\"slanting-side slanting-del\"><\/div>-->\n<\/div><div class=\"section section-background text-dark margin-medium section-background-color-grey\">\n            <div class=\"section-inner\">\n                \n<div id=\"\" class=\"section section-row  margin-large\">\n\t<div class=\"wrapper-small\">\n\t\t<div class=\"grid-row spaced-large default grid-align-top\">\n\t\t\n<div class=\"text-dark col-6\">\n\t\t    \n<p class=\"h5\"><strong>Port\u00e9e mondiale, pr\u00e9cision locale<\/strong><\/p>\n\n<p>O\u00f9 que se trouve votre projet, notre logistique r\u00e9fl\u00e9chie garantit une livraison fluide et s\u00e9curis\u00e9e, vous permettant de vous concentrer pleinement sur la construction.<\/p>\n\n<p>Faites confiance \u00e0 notre expertise mondiale et \u00e0 notre longue exp\u00e9rience!<\/p>\n\t\t\n\t\n<\/div>\n\n<div class=\"text-dark col-6\">\n\t\t    \n<div class=\"cloth-block-image cloth-anim\" data-parallax-speed=\"\">\n\n\n\n\t<div class=\"cloth-image-container cloth-anim-inner  media-ratio-8-5\" style=\"max-width:768px\">\n\t\t\n\t\t\n\t\t\t<span class=\"media\"><span class=\"media-item\">\t\t\t<img src=\"https:\/\/ligna-systems.com\/wp-content\/uploads\/2024\/03\/venti-views-1cqIcrWFQBI-unsplash-768x511.jpg\" srcset=\"https:\/\/ligna-systems.com\/wp-content\/uploads\/2024\/03\/venti-views-1cqIcrWFQBI-unsplash-768x511.jpg 1680w, https:\/\/ligna-systems.com\/wp-content\/uploads\/2024\/03\/venti-views-1cqIcrWFQBI-unsplash-512x341.jpg 512w\"  width=\"768\" height=\"511\" alt=\"venti-views-1cqIcrWFQBI-unsplash\" decoding=\"async\" loading=\"lazy\"\/>\t\t\t\t\t\t<\/span><\/span>\n\t\t\n\t\t<div class=\"slanting-side slanting-del\"><\/div>\t\t\t\n\t<\/div>\n\n\t\n\n\t\t\t\n\t<\/div>\n\t\t\n\t\n<\/div>\n\t\t<\/div>\n\t<\/div>\n\n\t\n\t\n\t<!--<div class=\"slanting-side slanting-del\"><\/div>-->\n<\/div>\n\n            <\/div>\n\t\t\t\n\t\t\t\n\t\n    <div class=\"section-bg\">\n\t\t<div class=\"section-bg-el bg-color-grey\"><\/div>\n\t\t\n\t\t\n\t<\/div>\n    \n            <div class=\"slanting-side slanting-del\"><\/div>\n            <div class=\"slanting-side slanting-del slanting-top\"><\/div>\n        <\/div><div id=\"\" class=\"section section-row  margin-large\">\n\t<div class=\"wrapper-small\">\n\t\t<div class=\"grid-row spaced-large default grid-align-top\">\n\t\t\n<div class=\"text-dark col-6\">\n\t\t    \n<a class=\"inline-lightcase media-hover\" href=\"https:\/\/ligna-systems.com\/wp-content\/uploads\/2022\/12\/ligna_systems_verladung.mp4\" data-fancybox=\"fancy-video-\">\n\t<span class=\"open-inline-video\"><span class=\"icon\"><?xml version=\"1.0\" encoding=\"utf-8\"?>\n<!-- Generator: Adobe Illustrator 26.2.1, SVG Export Plug-In . SVG Version: 6.00 Build 0)  -->\n<svg version=\"1.1\" fill=\"currentColor\" id=\"Ebene_1\" xmlns=\"http:\/\/www.w3.org\/2000\/svg\" xmlns:xlink=\"http:\/\/www.w3.org\/1999\/xlink\" x=\"0px\" y=\"0px\"\n\t viewBox=\"0 0 24 24\" style=\"enable-background:new 0 0 24 24;\" xml:space=\"preserve\">\n<path d=\"M3.7,4.4L18.2,12L3.7,19.6V4.4 M2,0.7c-0.5,0-1,0.4-1,1v20.7c0,0.6,0.5,1,1,1c0.2,0,0.3,0,0.5-0.1l20.1-10.5\n\tc0.6-0.3,0.6-1.2,0-1.5L2.5,0.8C2.3,0.7,2.1,0.7,2,0.7L2,0.7z\"><\/path>\n<\/svg>\n<\/span><\/span>\n\t<span class=\"text-inline-video h6\"><span class=\"text\"><\/span><\/span>\n\t<span class=\"close-inline-video\"><span class=\"icon\"><?xml version=\"1.0\" encoding=\"utf-8\"?>\n<!-- Generator: Adobe Illustrator 26.2.1, SVG Export Plug-In . SVG Version: 6.00 Build 0)  -->\n<svg version=\"1.1\" fill=\"currentColor\" xmlns=\"http:\/\/www.w3.org\/2000\/svg\" xmlns:xlink=\"http:\/\/www.w3.org\/1999\/xlink\" x=\"0px\" y=\"0px\"\n\t viewBox=\"0 0 128 128\" style=\"enable-background:new 0 0 128 128;\" xml:space=\"preserve\">\n<polygon points=\"126.6,57.1 70.9,57.1 70.9,1.4 57.1,1.4 57.1,57.1 1.4,57.1 1.4,70.9 57.1,70.9 57.1,126.6 70.9,126.6 70.9,70.9 \n\t126.6,70.9 \"><\/polygon>\n<\/svg>\n<\/span><\/span>\n\t<div class=\"media media-ratio-8-5\">\n\t\t<div class=\"media-item\">\n\t\t\t<img loading=\"lazy\" decoding=\"async\" width=\"768\" height=\"576\" src=\"https:\/\/ligna-systems.com\/wp-content\/uploads\/2024\/05\/Transport-768x576.jpg\" class=\"attachment-thumb_medium size-thumb_medium\" alt=\"\" srcset=\"https:\/\/ligna-systems.com\/wp-content\/uploads\/2024\/05\/Transport-768x576.jpg 768w, https:\/\/ligna-systems.com\/wp-content\/uploads\/2024\/05\/Transport-300x225.jpg 300w, https:\/\/ligna-systems.com\/wp-content\/uploads\/2024\/05\/Transport-512x384.jpg 512w, https:\/\/ligna-systems.com\/wp-content\/uploads\/2024\/05\/Transport-352x264.jpg 352w, https:\/\/ligna-systems.com\/wp-content\/uploads\/2024\/05\/Transport-600x450.jpg 600w, https:\/\/ligna-systems.com\/wp-content\/uploads\/2024\/05\/Transport-800x600.jpg 800w, https:\/\/ligna-systems.com\/wp-content\/uploads\/2024\/05\/Transport.jpg 1024w\" sizes=\"auto, (max-width: 768px) 100vw, 768px\" \/>\t\t<\/div>\n\t<\/div>\n\n\t<div class=\"slanting-side slanting-del\"><\/div><\/a>\n\t\t\n\t\n<\/div>\n\n<div class=\"text-dark col-6\">\n\t\t    \n<p class=\"h5\"><strong>Pr\u00e9paration efficace gr\u00e2ce \u00e0 un suivi digitalis\u00e9<\/strong><\/p>\n\n<p>Nos composants sont ajust\u00e9s sur mesure, peints et pr\u00e9assembl\u00e9s avant d\u2019\u00eatre soigneusement emball\u00e9s et charg\u00e9s en toute s\u00e9curit\u00e9 sur des camions. Selon les besoins, le transport s\u2019effectue dans des remorques b\u00e2ch\u00e9es ou dans des emballages sp\u00e9cifiques pour prot\u00e9ger les mat\u00e9riaux des influences ext\u00e9rieures. Nos structures peuvent \u00e9galement \u00eatre charg\u00e9es sans probl\u00e8me dans des conteneurs.<\/p>\n\t\t\n\t\n<\/div>\n\t\t<\/div>\n\t<\/div>\n\n\t\n\t\n\t<!--<div class=\"slanting-side slanting-del\"><\/div>-->\n<\/div><div id=\"\" class=\"section section-row  margin-large\">\n\t<div class=\"wrapper-small\">\n\t\t<div class=\"grid-row spaced-large default grid-align-top\">\n\t\t\n<div class=\"text-dark col-6\">\n\t\t    \n<p class=\"h5\"><strong>Emballage soign\u00e9 et chargement s\u00e9curis\u00e9<\/strong><\/p>\n\n<p>Nos composants sont ajust\u00e9s sur mesure, peints et pr\u00e9assembl\u00e9s avant d\u2019\u00eatre soigneusement emball\u00e9s et charg\u00e9s en toute s\u00e9curit\u00e9 sur des camions. Selon les besoins, le transport s\u2019effectue dans des remorques b\u00e2ch\u00e9es ou dans des emballages sp\u00e9cifiques pour prot\u00e9ger les mat\u00e9riaux des influences ext\u00e9rieures.<\/p>\n\n<p>Nos structures peuvent \u00e9galement \u00eatre charg\u00e9es sans probl\u00e8me dans des conteneurs.<\/p>\n\t\t\n\t\n<\/div>\n\n<div class=\"text-dark col-6\">\n\t\t    \n<div class=\"cloth-spacer-mini\"><\/div>\n\n<div class=\"cloth-block-image cloth-anim\" data-parallax-speed=\"\">\n\n\n\n\t<div class=\"cloth-image-container cloth-anim-inner  media-ratio-8-5\" style=\"max-width:768px\">\n\t\t\n\t\t\n\t\t\t<span class=\"media\"><span class=\"media-item\">\t\t\t<img src=\"https:\/\/ligna-systems.com\/wp-content\/uploads\/2024\/09\/DSC08737-768x512.jpg\" srcset=\"https:\/\/ligna-systems.com\/wp-content\/uploads\/2024\/09\/DSC08737-768x512.jpg 1680w, https:\/\/ligna-systems.com\/wp-content\/uploads\/2024\/09\/DSC08737-512x341.jpg 512w\"  width=\"768\" height=\"512\" alt=\"DSC08737\" decoding=\"async\" loading=\"lazy\"\/>\t\t\t\t\t\t<\/span><\/span>\n\t\t\n\t\t<div class=\"slanting-side slanting-del\"><\/div>\t\t\t\n\t<\/div>\n\n\t\n\n\t\t\t\n\t<\/div>\n\t\t\n\t\n<\/div>\n\t\t<\/div>\n\t<\/div>\n\n\t\n\t\n\t<!--<div class=\"slanting-side slanting-del\"><\/div>-->\n<\/div><div class=\"cloth-spacer-mini\"><\/div><div id=\"\" class=\"section section-row  margin-large\">\n\t<div class=\"wrapper-small\">\n\t\t<div class=\"grid-row spaced-large default grid-align-top\">\n\t\t\n<div class=\"text-dark col-12\">\n\t\t    \n<p class=\"h5\"><strong>Livraison just-in-time<\/strong><\/p>\n\n<p>Pour que vos composants arrivent exactement au moment o\u00f9 vous en avez besoin, nous planifions la livraison en fonction de votre processus de construction. Cela \u00e9vite des co\u00fbts inutiles de stockage interm\u00e9diaire et assure un approvisionnement optimal sur le chantier \u00e0 tout moment.<\/p>\n\n<p>Faites confiance \u00e0 notre exp\u00e9rience et \u00e0 notre pr\u00e9cision pour garantir un d\u00e9roulement fluide de vos projets, partout dans le monde.<\/p>\n\t\t\n\t\n<\/div>\n\t\t<\/div>\n\t<\/div>\n\n\t\n\t\n\t<!--<div class=\"slanting-side slanting-del\"><\/div>-->\n<\/div><div class=\"cloth-spacer-small\"><\/div><div id=\"\" class=\"section section-row  margin-large\">\n\t<div class=\"wrapper-small\">\n\t\t<div class=\"grid-row spaced-xlarge default grid-align-center inverse_smartphone\">\n\t\t\n<div class=\"text-dark col-6\">\n\t\t    \n<div class=\"cloth-block-image cloth-anim\" data-parallax-speed=\"\">\n\n\n\t\t<a class=\"media-hover\" href=\"https:\/\/ligna-systems.com\/kontakt\/\" target=\"'_self\">\n\t\t\n\t<div class=\"cloth-image-container cloth-anim-inner  media-ratio-1-1\" style=\"max-width:1024px\">\n\t\t\n\t\t\n\t\t\t<span class=\"media\"><span class=\"media-item\">\t\t\t<img src=\"https:\/\/ligna-systems.com\/wp-content\/uploads\/2024\/09\/Kontakt_LIGNA-1024x731.png\" srcset=\"https:\/\/ligna-systems.com\/wp-content\/uploads\/2024\/09\/Kontakt_LIGNA-1024x731.png 1680w, https:\/\/ligna-systems.com\/wp-content\/uploads\/2024\/09\/Kontakt_LIGNA-512x366.png 512w\"  width=\"1024\" height=\"731\" alt=\"Kontakt_LIGNA\" decoding=\"async\" loading=\"lazy\"\/>\t\t\t\t\t\t<\/span><\/span>\n\t\t\n\t\t<div class=\"slanting-side slanting-del\"><\/div>\t\t\t\n\t<\/div>\n\n\t\n\n\t\t\t\n\t\t\t<\/a>\n\t\t<\/div>\n\t\t\n\t\n<\/div>\n\n<div class=\"text-dark col-6\">\n\t\t    \n<span class=\"font-weight-600 h8 uppercase cloth-subtitle colored\">Des questions ? Nous sommes l\u00e0 pour vous !<\/span>\n\n<h4 class=\"wp-block-heading\"><strong><\/strong><strong>Votre ligne directe avec nous !<\/strong><\/h4>\n\n<p>Que ce soit par e-mail, t\u00e9l\u00e9phone ou formulaire de contact, r\u00e9alisons ensemble vos visions et planifions les prochaines \u00e9tapes. Notre \u00e9quipe a h\u00e2te de faire votre connaissance !<\/p>\n\n<div class=\"cloth-spacer-large\"><\/div>\n\n<span class=\"cloth-button\">\n\n\n<a class=\"btn btn-default btn-colored \" href=\"https:\/\/ligna-systems.com\/fr\/contact\/\" target=\"_self\">\n                <span class=\"text\">\n                    <span>Votre contact chez LIGNA<\/span>\n                    <span>Votre contact chez LIGNA<\/span>\n                <\/span>\n                <span class=\"btn-icon\"><svg class=\"arrow\" version=\"1.1\" fill=\"currentColor\" xmlns=\"http:\/\/www.w3.org\/2000\/svg\" xmlns:xlink=\"http:\/\/www.w3.org\/1999\/xlink\" x=\"0px\" y=\"0px\"\n\t viewBox=\"0 0 24 24\" style=\"enable-background:new 0 0 24 24;\" xml:space=\"preserve\">\n<path d=\"M0.5,13.4h18.4L11,21.2l2,2L23.1,13c0.3-0.3,0.4-0.6,0.4-1c0-0.4-0.1-0.7-0.4-1L13,0.8l-2,2l7.8,7.8H0.5\"><\/path>\n<\/svg>\n<\/span>\n                <span class=\"slanting-side slanting-add\"><\/span>\n            <\/a>\n<\/span>\n\t\t\n\t\n<\/div>\n\t\t<\/div>\n\t<\/div>\n\n\t\n\t\n\t<!--<div class=\"slanting-side slanting-del\"><\/div>-->\n<\/div><div class=\"single-pagination\" data-string=\"Devis Teststring\">\n  <div class=\"single-pagination-inner\">\n\n    <div class=\"prev \">\n      <a href=\"https:\/\/ligna-systems.com\/fr\/savoir-faire\/production\/\">\n        <div class=\"media media-ratio-1-1\">\n                      <div class=\"media-item \">\n              <img decoding=\"async\" src=\"https:\/\/ligna-systems.com\/wp-content\/uploads\/2024\/03\/Production-LIGNA-systems-St.Vith-Belgique-150x150.jpg\" class=\"attachment-thumbnail size-thumbnail wp-post-image\" alt=\"\" srcset=\"https:\/\/ligna-systems.com\/wp-content\/uploads\/2024\/03\/Production-LIGNA-systems-St.Vith-Belgique-150x150.jpg 150w, https:\/\/ligna-systems.com\/wp-content\/uploads\/2024\/03\/Production-LIGNA-systems-St.Vith-Belgique-100x100.jpg 100w\" sizes=\"(max-width: 150px) 100vw, 150px\" \/>            <\/div>\n                    <span class=\"icon\"><svg class=\"arrow\" version=\"1.1\" fill=\"currentColor\" xmlns=\"http:\/\/www.w3.org\/2000\/svg\" xmlns:xlink=\"http:\/\/www.w3.org\/1999\/xlink\" x=\"0px\" y=\"0px\"\n\t viewBox=\"0 0 24 24\" style=\"enable-background:new 0 0 24 24;\" xml:space=\"preserve\">\n<path d=\"M0.5,13.4h18.4L11,21.2l2,2L23.1,13c0.3-0.3,0.4-0.6,0.4-1c0-0.4-0.1-0.7-0.4-1L13,0.8l-2,2l7.8,7.8H0.5\"><\/path>\n<\/svg>\n<\/span>\n        <\/div>\n        <h5 class=\"pagination-title\">Production<br \/><span class=\"direction-name hit\">\u00c9tape pr\u00e9c\u00e9dente<\/span><\/h5>\n      <\/a>\n    <\/div>\n    <div class=\"back\">\n      <a href=\"https:\/\/ligna-systems.com\/fr\/savoir-faire\/\" class=\"back-to-grid\" title=\"Zur\u00fcck zur \u00dcbersicht\"><?xml version=\"1.0\" encoding=\"utf-8\"?>\n<!-- Generator: Adobe Illustrator 26.2.1, SVG Export Plug-In . SVG Version: 6.00 Build 0)  -->\n<svg version=\"1.1\" fill=\"currentColor\" xmlns=\"http:\/\/www.w3.org\/2000\/svg\" xmlns:xlink=\"http:\/\/www.w3.org\/1999\/xlink\" x=\"0px\" y=\"0px\"\n\t viewBox=\"0 0 128 128\" style=\"enable-background:new 0 0 128 128;\" xml:space=\"preserve\">\n<polygon points=\"119.7,47.1 119.7,8.3 70.9,8.3 70.9,55.8 \"><\/polygon>\n<polygon points=\"70.9,69.7 70.9,119.7 119.7,119.7 119.7,61.1 \"><\/polygon>\n<polygon points=\"57.1,58.3 57.1,8.3 8.3,8.3 8.3,66.9 \"><\/polygon>\n<polygon points=\"8.3,80.9 8.3,119.7 57.1,119.7 57.1,72.2 \"><\/polygon>\n<\/svg>\n<\/a>\n    <\/div>\n    <div class=\"next \">\n      <a href=\"https:\/\/ligna-systems.com\/fr\/savoir-faire\/montage\/\">\n        <div class=\"media media-ratio-1-1\">\n                      <div class=\"media-item \">\n              <img decoding=\"async\" src=\"https:\/\/ligna-systems.com\/wp-content\/uploads\/2022\/07\/Holzstruktur-ID-43233-150x150.jpg\" class=\"attachment-thumbnail size-thumbnail wp-post-image\" alt=\"Holzstruktur Baustelle ligma\" srcset=\"https:\/\/ligna-systems.com\/wp-content\/uploads\/2022\/07\/Holzstruktur-ID-43233-150x150.jpg 150w, https:\/\/ligna-systems.com\/wp-content\/uploads\/2022\/07\/Holzstruktur-ID-43233-600x600.jpg 600w, https:\/\/ligna-systems.com\/wp-content\/uploads\/2022\/07\/Holzstruktur-ID-43233-100x100.jpg 100w, https:\/\/ligna-systems.com\/wp-content\/uploads\/2022\/07\/Holzstruktur-ID-43233-800x800.jpg 800w, https:\/\/ligna-systems.com\/wp-content\/uploads\/2022\/07\/Holzstruktur-ID-43233-300x300.jpg 300w, https:\/\/ligna-systems.com\/wp-content\/uploads\/2022\/07\/Holzstruktur-ID-43233-1024x1024.jpg 1024w, https:\/\/ligna-systems.com\/wp-content\/uploads\/2022\/07\/Holzstruktur-ID-43233-768x768.jpg 768w, https:\/\/ligna-systems.com\/wp-content\/uploads\/2022\/07\/Holzstruktur-ID-43233-512x512.jpg 512w, https:\/\/ligna-systems.com\/wp-content\/uploads\/2022\/07\/Holzstruktur-ID-43233-352x352.jpg 352w, https:\/\/ligna-systems.com\/wp-content\/uploads\/2022\/07\/Holzstruktur-ID-43233.jpg 1440w\" sizes=\"(max-width: 150px) 100vw, 150px\" \/>            <\/div>\n                    <span class=\"icon\"><svg class=\"arrow\" version=\"1.1\" fill=\"currentColor\" xmlns=\"http:\/\/www.w3.org\/2000\/svg\" xmlns:xlink=\"http:\/\/www.w3.org\/1999\/xlink\" x=\"0px\" y=\"0px\"\n\t viewBox=\"0 0 24 24\" style=\"enable-background:new 0 0 24 24;\" xml:space=\"preserve\">\n<path d=\"M0.5,13.4h18.4L11,21.2l2,2L23.1,13c0.3-0.3,0.4-0.6,0.4-1c0-0.4-0.1-0.7-0.4-1L13,0.8l-2,2l7.8,7.8H0.5\"><\/path>\n<\/svg>\n<\/span>\n        <\/div>\n        <h5 class=\"pagination-title\">Montage<br \/><span class=\"direction-name\">Prochaine \u00e9tape<\/span><\/h5>\n      <\/a>\n    <\/div>\n  <\/div>\n<\/div>","protected":false},"excerpt":{"rendered":"","protected":false},"author":15,"featured_media":30752,"parent":26142,"menu_order":148,"comment_status":"closed","ping_status":"closed","template":"","meta":{"_acf_changed":false,"footnotes":""},"class_list":["post-31611","page","type-page","status-publish","has-post-thumbnail","hentry"],"acf":[],"_links":{"self":[{"href":"https:\/\/ligna-systems.com\/fr-fr\/wp-json\/wp\/v2\/pages\/31611","targetHints":{"allow":["GET"]}}],"collection":[{"href":"https:\/\/ligna-systems.com\/fr-fr\/wp-json\/wp\/v2\/pages"}],"about":[{"href":"https:\/\/ligna-systems.com\/fr-fr\/wp-json\/wp\/v2\/types\/page"}],"author":[{"embeddable":true,"href":"https:\/\/ligna-systems.com\/fr-fr\/wp-json\/wp\/v2\/users\/15"}],"replies":[{"embeddable":true,"href":"https:\/\/ligna-systems.com\/fr-fr\/wp-json\/wp\/v2\/comments?post=31611"}],"version-history":[{"count":2,"href":"https:\/\/ligna-systems.com\/fr-fr\/wp-json\/wp\/v2\/pages\/31611\/revisions"}],"predecessor-version":[{"id":31613,"href":"https:\/\/ligna-systems.com\/fr-fr\/wp-json\/wp\/v2\/pages\/31611\/revisions\/31613"}],"up":[{"embeddable":true,"href":"https:\/\/ligna-systems.com\/fr-fr\/wp-json\/wp\/v2\/pages\/26142"}],"wp:featuredmedia":[{"embeddable":true,"href":"https:\/\/ligna-systems.com\/fr-fr\/wp-json\/wp\/v2\/media\/30752"}],"wp:attachment":[{"href":"https:\/\/ligna-systems.com\/fr-fr\/wp-json\/wp\/v2\/media?parent=31611"}],"curies":[{"name":"wp","href":"https:\/\/api.w.org\/{rel}","templated":true}]}}