{"id":31640,"date":"2022-05-13T12:54:54","date_gmt":"2022-05-13T10:54:54","guid":{"rendered":"https:\/\/ligna.cloth.be\/?page_id=31640"},"modified":"2025-10-23T08:04:08","modified_gmt":"2025-10-23T06:04:08","slug":"contact","status":"publish","type":"page","link":"https:\/\/ligna-systems.com\/fr-ca\/contact\/","title":{"rendered":"Contact"},"content":{"rendered":"<div id=\"\" class=\"section section-row  margin-large\">\n\t<div class=\"wrapper-small\">\n\t\t<div class=\"grid-row spaced-medium default grid-align-top\">\n\t\t\n<div class=\"text-dark col-12\">\n\t\t    \n<h2 class=\"wp-block-heading\">Votre projet. <br \/>Notre expertise.<\/h2>\n\n<p class=\"intro\">Nos experts sont \u00e0 votre disposition pour toutes vos questions concernant les solutions de structures en bois. Que ce soit pour un conseil personnalis\u00e9, une demande de projet ou des d\u00e9tails techniques, nous sommes \u00e0 votre \u00e9coute et nous r\u00e9jouissons de recevoir votre message.<\/p>\n\t\t\n\t\n<\/div>\n\t\t<\/div>\n\t<\/div>\n\n\t\n\t\n\t<!--<div class=\"slanting-side slanting-del\"><\/div>-->\n<\/div><div class=\"cloth-spacer-medium\"><\/div><div id=\"\" class=\"section section-row  margin-small\">\n\t<div class=\"wrapper-small\">\n\t\t<div class=\"grid-row spaced-medium default grid-align-top\">\n\t\t\n<div class=\"text-dark col-12\">\n\t\t    \n<h3 class=\"wp-block-heading\">Votre contact LIGNA systems\u00ae au CANADA (Est)<\/h3>\n\t\t\n\t\n<\/div>\n\t\t<\/div>\n\t<\/div>\n\n\t\n\t\n\t<!--<div class=\"slanting-side slanting-del\"><\/div>-->\n<\/div><div id=\"\" class=\"section section-row  margin-medium col-12\">\n\t<div class=\"wrapper-small\">\n\t\t<div class=\"grid-row spaced-medium default grid-align-top\">\n\t\t\n<div class=\"text-dark col-6\">\n\t\t    \n<div class=\"cloth-block-image cloth-anim\" data-parallax-speed=\"\">\n\n\n\n\t<div class=\"cloth-image-container cloth-anim-inner  media-ratio-1-1\" style=\"max-width:768px\">\n\t\t\n\t\t\n\t\t\t<span class=\"media\"><span class=\"media-item\">\t\t\t<img src=\"https:\/\/ligna-systems.com\/wp-content\/uploads\/2025\/06\/DSC00842-2-Enhanced-NR-1-768x512.jpg\" srcset=\"https:\/\/ligna-systems.com\/wp-content\/uploads\/2025\/06\/DSC00842-2-Enhanced-NR-1-768x512.jpg 1680w, https:\/\/ligna-systems.com\/wp-content\/uploads\/2025\/06\/DSC00842-2-Enhanced-NR-1-512x341.jpg 512w\"  width=\"768\" height=\"512\" alt=\"DSC00842-2-Enhanced-NR\" decoding=\"async\" loading=\"lazy\"\/>\t\t\t\t\t\t<\/span><\/span>\n\t\t\n\t\t<div class=\"slanting-side slanting-del\"><\/div>\t\t\t\n\t<\/div>\n\n\t\n\n\t\t\t\n\t<\/div>\n\t\t\n\t\n<\/div>\n\n<div class=\"text-dark col-6\">\n\t\t    \n<p><strong>LIGNA Systems inc<\/strong><\/p>\n\n<p class=\"intro\"><strong>M. Jason Smith<\/strong><\/p>\n\n<p class=\"intro\">Directeur LIGNA Systems inc<br \/>Email: <a href=\"mailto:j.smith@ligna-systems.com\"><strong>j.smith@ligna-systems.com<\/strong><\/a><br \/>T\u00e9l: <a href=\"tel:(819)-571-6461\"><strong>(819)-571-6<\/strong>461<\/a><br \/><\/p>\n\n<div class=\"cloth-spacer-small\"><\/div>\n\n<p><strong>Adresse<\/strong> :<br \/>5 ch. Duport<br \/>Hatley (Qu\u00e9bec) J0B2C0<br \/><\/p>\n\t\t\n\t\n<\/div>\n\t\t<\/div>\n\t<\/div>\n\n\t\n\t\n\t<!--<div class=\"slanting-side slanting-del\"><\/div>-->\n<\/div><div class=\"cloth-spacer-large\"><\/div><div id=\"\" class=\"section section-row  margin-large\">\n\t<div class=\"wrapper-small\">\n\t\t<div class=\"grid-row spaced-large default grid-align-top\">\n\t\t\n<div class=\"text-dark col-4\">\n\t\t    \n<h3 class=\"wp-block-heading\"><strong>Contactez-nous <\/strong><\/h3>\n\n<p>Vous avez encore des questions sur nos produits ou services ? Ou vous avez besoin d\u2019un devis pour nos structures en bois ?<br \/><br \/>Notre \u00e9quipe se fera un plaisir de vous aider ! Utilisez notre formulaire de contact ou appelez-nous directement. Ensemble, nous trouverons la meilleure solution pour votre projet de construction.<br \/><\/p>\n\n<h4 class=\"wp-block-heading\">Coordonn\u00e9es<\/h4>\n\n<p>Email: <a href=\"mailto:j.smith@ligna-systems.com\"><strong>j.smith@ligna-systems.com<\/strong><\/a><br \/>T\u00e9l: <a href=\"tel:(819)-571-6461\"><strong>(819)-571-6<\/strong>461<\/a><\/p>\n\t\t\n\t\n<\/div>\n\n<div class=\"text-dark col-8\">\n\t\t    \n<h3 class=\"wp-block-heading\"><strong>Pour construire aujourd&rsquo;hui l&rsquo;avenir de demain !<\/strong><\/h3>\n\n\n<div class=\"wpcf7 no-js\" id=\"wpcf7-f40615-o1\" lang=\"fr-CA\" dir=\"ltr\" data-wpcf7-id=\"40615\">\n<div class=\"screen-reader-response\"><p role=\"status\" aria-live=\"polite\" aria-atomic=\"true\"><\/p> <ul><\/ul><\/div>\n<form action=\"\/fr-ca\/wp-json\/wp\/v2\/pages\/31640#wpcf7-f40615-o1\" method=\"post\" class=\"wpcf7-form init\" aria-label=\"Contact form\" novalidate=\"novalidate\" data-status=\"init\">\n<fieldset class=\"hidden-fields-container\"><input type=\"hidden\" name=\"_wpcf7\" value=\"40615\" \/><input type=\"hidden\" name=\"_wpcf7_version\" value=\"6.1.5\" \/><input type=\"hidden\" name=\"_wpcf7_locale\" value=\"fr_CA\" \/><input type=\"hidden\" name=\"_wpcf7_unit_tag\" value=\"wpcf7-f40615-o1\" \/><input type=\"hidden\" name=\"_wpcf7_container_post\" value=\"0\" \/><input type=\"hidden\" name=\"_wpcf7_posted_data_hash\" value=\"\" \/><input type=\"hidden\" name=\"_wpcf7cf_hidden_group_fields\" value=\"[]\" \/><input type=\"hidden\" name=\"_wpcf7cf_hidden_groups\" value=\"[]\" \/><input type=\"hidden\" name=\"_wpcf7cf_visible_groups\" value=\"[]\" \/><input type=\"hidden\" name=\"_wpcf7cf_repeaters\" value=\"[]\" \/><input type=\"hidden\" name=\"_wpcf7cf_steps\" value=\"{}\" \/><input type=\"hidden\" name=\"_wpcf7cf_options\" value=\"{&quot;form_id&quot;:40615,&quot;conditions&quot;:[],&quot;settings&quot;:{&quot;animation&quot;:&quot;yes&quot;,&quot;animation_intime&quot;:&quot;200&quot;,&quot;animation_outtime&quot;:&quot;200&quot;,&quot;conditions_ui&quot;:&quot;normal&quot;,&quot;notice_dismissed&quot;:&quot;&quot;,&quot;regex_numeric&quot;:&quot;^[0-9]+$&quot;,&quot;regex_alphabetic&quot;:&quot;^[a-zA-Z]+$&quot;,&quot;regex_alphanumeric&quot;:&quot;^[a-zA-Z0-9]+$&quot;,&quot;regex_date&quot;:&quot;^(0?[1-9]|1[012])[- .](0?[1-9]|[12][0-9]|3[01])[- \\\/.](19|20)?[0-9]{2}$&quot;,&quot;regex_email&quot;:&quot;^[a-zA-Z0-9._%-]+@[a-zA-Z0-9.-]+.[a-zA-Z]{2,4}$&quot;,&quot;regex_numeric_label&quot;:&quot;numeric&quot;,&quot;regex_alphabetic_label&quot;:&quot;alphabetic&quot;,&quot;regex_alphanumeric_label&quot;:&quot;alphanumeric&quot;,&quot;regex_date_label&quot;:&quot;date&quot;,&quot;regex_email_label&quot;:&quot;email&quot;,&quot;regex_custom_1&quot;:&quot;&quot;,&quot;regex_custom_2&quot;:&quot;&quot;,&quot;regex_custom_3&quot;:&quot;&quot;,&quot;regex_custom_4&quot;:&quot;&quot;,&quot;regex_custom_5&quot;:&quot;&quot;,&quot;regex_custom_1_label&quot;:&quot;custom 1&quot;,&quot;regex_custom_2_label&quot;:&quot;custom 2&quot;,&quot;regex_custom_3_label&quot;:&quot;custom 3&quot;,&quot;regex_custom_4_label&quot;:&quot;custom 4&quot;,&quot;regex_custom_5_label&quot;:&quot;custom 5&quot;,&quot;notice_dismissed_rollback-cf7-5.9.6&quot;:true,&quot;notice_dismissed_rollback-cf7-6.0.2&quot;:true,&quot;notice_dismissed_rollback-cf7-6.0.5&quot;:true}}\" \/>\n<\/fieldset>\n<div class=\"grid-row form-row\">\n    <div class=\"col-6\">\n        <div class=\"label-deplace\">\n            <div class=\"form-value\">\n                <span class=\"wpcf7-form-control-wrap\" data-name=\"vorname\"><input size=\"40\" maxlength=\"400\" class=\"wpcf7-form-control wpcf7-text wpcf7-validates-as-required\" aria-required=\"true\" aria-invalid=\"false\" value=\"\" type=\"text\" name=\"vorname\" \/><\/span>\n            <\/div>\n            <label> Pr\u00e9nom <\/label>\n        <\/div>\n    <\/div>\n    <div class=\"col-6\">\n        <div class=\"label-deplace\">\n            <div class=\"form-value\">\n                <span class=\"wpcf7-form-control-wrap\" data-name=\"familienname\"><input size=\"40\" maxlength=\"400\" class=\"wpcf7-form-control wpcf7-text wpcf7-validates-as-required\" aria-required=\"true\" aria-invalid=\"false\" value=\"\" type=\"text\" name=\"familienname\" \/><\/span>\n            <\/div>\n            <label> Nom <\/label>\n        <\/div>\n    <\/div>\n<\/div>\n<div class=\"grid-row form-row\">\n    <div class=\"col-6\">\n        <div class=\"label-deplace\">\n            <div class=\"form-value\">\n                <span class=\"wpcf7-form-control-wrap\" data-name=\"email\"><input size=\"40\" maxlength=\"400\" class=\"wpcf7-form-control wpcf7-email wpcf7-validates-as-required wpcf7-text wpcf7-validates-as-email\" aria-required=\"true\" aria-invalid=\"false\" value=\"\" type=\"email\" name=\"email\" \/><\/span>\n            <\/div>\n            <label> E-Mail <\/label>\n        <\/div>\n    <\/div>\n\n    <div class=\"col-6\">\n        <div class=\"label-deplace\">\n            <div class=\"form-value\">\n                <span class=\"wpcf7-form-control-wrap\" data-name=\"telefon\"><input size=\"40\" maxlength=\"400\" class=\"wpcf7-form-control wpcf7-tel wpcf7-validates-as-required wpcf7-text wpcf7-validates-as-tel\" aria-required=\"true\" aria-invalid=\"false\" value=\"\" type=\"tel\" name=\"telefon\" \/><\/span>\n            <\/div>\n            <label> T\u00e9l\u00e9phone <\/label>\n        <\/div>\n    <\/div>\n<\/div>\n<div class=\"grid-row form-row\">\n    <div class=\"col-6\">\n        <div class=\"label-deplace\">\n            <div class=\"form-value\">\n                <span class=\"wpcf7-form-control-wrap\" data-name=\"firma\"><input size=\"40\" maxlength=\"400\" class=\"wpcf7-form-control wpcf7-text wpcf7-validates-as-required\" aria-required=\"true\" aria-invalid=\"false\" value=\"\" type=\"text\" name=\"firma\" \/><\/span>\n            <\/div>\n            <label> Soci\u00e9t\u00e9 <\/label>\n        <\/div>\n    <\/div>\n    <div class=\"col-6\">\n        <div class=\"label-deplace\">\n            <div class=\"form-value\">\n                <span class=\"wpcf7-form-control-wrap\" data-name=\"adresse\"><input size=\"40\" maxlength=\"400\" class=\"wpcf7-form-control wpcf7-text wpcf7-validates-as-required\" aria-required=\"true\" aria-invalid=\"false\" value=\"\" type=\"text\" name=\"adresse\" \/><\/span>\n            <\/div>\n            <label> Adresse <\/label>\n        <\/div>\n    <\/div>\n<\/div>\n<div class=\"grid-row form-row\">\n    <div class=\"col-6\">\n        <div class=\"label-deplace\">\n            <div class=\"form-value\">\n                <span class=\"wpcf7-form-control-wrap\" data-name=\"psz\"><input size=\"40\" maxlength=\"400\" class=\"wpcf7-form-control wpcf7-text wpcf7-validates-as-required\" aria-required=\"true\" aria-invalid=\"false\" value=\"\" type=\"text\" name=\"psz\" \/><\/span>\n            <\/div>\n            <label> Code postal <\/label>\n        <\/div>\n    <\/div>\n    <div class=\"col-6\">\n        <div class=\"label-deplace\">\n            <div class=\"form-value\">\n                <span class=\"wpcf7-form-control-wrap\" data-name=\"ort\"><input size=\"40\" maxlength=\"400\" class=\"wpcf7-form-control wpcf7-text wpcf7-validates-as-required\" aria-required=\"true\" aria-invalid=\"false\" value=\"\" type=\"text\" name=\"ort\" \/><\/span>\n            <\/div>\n            <label> Localit\u00e9 <\/label>\n        <\/div>\n    <\/div>\n<\/div>\n<div class=\"grid-row form-row\">\n    <div class=\"col-6\">\n        <div class=\"label-deplace\">\n            <div class=\"form-value\">\n                <span class=\"wpcf7-form-control-wrap\" data-name=\"land\"><input size=\"40\" maxlength=\"400\" class=\"wpcf7-form-control wpcf7-text wpcf7-validates-as-required\" aria-required=\"true\" aria-invalid=\"false\" value=\"\" type=\"text\" name=\"land\" \/><\/span>\n            <\/div>\n            <label> Pays <\/label>\n        <\/div>\n    <\/div>\n<\/div>\n<div class=\"form-row label-deplace\">\n    <div class=\"form-value\">\n        <span class=\"wpcf7-form-control-wrap\" data-name=\"nachricht\"><textarea cols=\"40\" rows=\"10\" maxlength=\"2000\" class=\"wpcf7-form-control wpcf7-textarea\" aria-invalid=\"false\" name=\"nachricht\"><\/textarea><\/span>\n    <\/div>\n    <label> Message <\/label>\n<\/div>\n\n<div class=\"form-row\">\n<p class=\"aiowps-captcha hide-when-displaying-tfa-input\"><label for=\"aiowps-captcha-answer-69e307c3e1643\">Saisissez votre r\u00e9ponse en chiffres<\/label><div class=\"aiowps-captcha-equation hide-when-displaying-tfa-input\"><strong>1 &#215; 4 = <input type=\"hidden\" name=\"aiowps-captcha-string-info\" class=\"aiowps-captcha-string-info\" value=\"o08951ze6j\" \/><input type=\"hidden\" name=\"aiowps-captcha-temp-string\" class=\"aiowps-captcha-temp-string\" value=\"1776486339\" \/><input type=\"text\" size=\"2\" id=\"aiowps-captcha-answer-69e307c3e1643\" class=\"aiowps-captcha-answer\" name=\"aiowps-captcha-answer\" value=\"\" autocomplete=\"off\" \/><\/strong><\/div><\/p><span class='wpcf7-form-control-wrap' data-name='aiowps-captcha'><\/span>\n<\/div>\n\n\n<div class=\"form-row grid-row\">\n  <div class=\"col-5\">\n    <div class=\"form-value\">\n       <span class=\"wpcf7-form-control-wrap\" data-name=\"acceptance-request-order\"><span class=\"wpcf7-form-control wpcf7-acceptance\"><span class=\"wpcf7-list-item\"><label><input type=\"checkbox\" name=\"acceptance-request-order\" value=\"1\" class=\"acceptance-request-order\" id=\"acceptance-request-order\" aria-invalid=\"false\" \/><span class=\"wpcf7-list-item-label\">Ich habe die <a href=\"https:\/\/ligna-systems.com\/datenschutzerklaerung\/\" title=\"Datenschutzerkl\u00e4rung\" target=\"_blank\">Datenschutzerkl\u00e4rung<\/a> gelesen<\/span><\/label><\/span><\/span><\/span>\n    <\/div>\n  <\/div>\n<\/div>  \n\n<div class=\"form-row\">\n    <button class=\"btn\" type=\"submit\">\n        <span class=\"text\">\n            <span>Envoyer<\/span>\n             <span>Envoyer<\/span>\n        <\/span>\n        <span class=\"btn-icon\">\n            <svg class=\"arrow\" version=\"1.1\" fill=\"currentColor\" xmlns=\"http:\/\/www.w3.org\/2000\/svg\" xmlns:xlink=\"http:\/\/www.w3.org\/1999\/xlink\" x=\"0px\" y=\"0px\" viewBox=\"0 0 24 24\" style=\"enable-background:new 0 0 24 24;\" xml:space=\"preserve\">\n                <path d=\"M0.5,13.4h18.4L11,21.2l2,2L23.1,13c0.3-0.3,0.4-0.6,0.4-1c0-0.4-0.1-0.7-0.4-1L13,0.8l-2,2l7.8,7.8H0.5\"><\/path>\n            <\/svg>\n        <\/span>\n        <span class=\"btn-loader\"><span class=\"fs-loader-icon\"><\/span><\/span>\n        <span class=\"slanting-side slanting-add\"><\/span>\n    <\/button>\n<\/div><div class=\"wpcf7-response-output\" aria-hidden=\"true\"><\/div>\n<\/form>\n<\/div>\n\n\t\t\n\t\n<\/div>\n\t\t<\/div>\n\t<\/div>\n\n\t\n\t\n\t<!--<div class=\"slanting-side slanting-del\"><\/div>-->\n<\/div>","protected":false},"excerpt":{"rendered":"","protected":false},"author":15,"featured_media":0,"parent":0,"menu_order":129,"comment_status":"closed","ping_status":"closed","template":"","meta":{"_acf_changed":false,"footnotes":""},"class_list":["post-31640","page","type-page","status-publish","hentry"],"acf":[],"_links":{"self":[{"href":"https:\/\/ligna-systems.com\/fr-ca\/wp-json\/wp\/v2\/pages\/31640","targetHints":{"allow":["GET"]}}],"collection":[{"href":"https:\/\/ligna-systems.com\/fr-ca\/wp-json\/wp\/v2\/pages"}],"about":[{"href":"https:\/\/ligna-systems.com\/fr-ca\/wp-json\/wp\/v2\/types\/page"}],"author":[{"embeddable":true,"href":"https:\/\/ligna-systems.com\/fr-ca\/wp-json\/wp\/v2\/users\/15"}],"replies":[{"embeddable":true,"href":"https:\/\/ligna-systems.com\/fr-ca\/wp-json\/wp\/v2\/comments?post=31640"}],"version-history":[{"count":23,"href":"https:\/\/ligna-systems.com\/fr-ca\/wp-json\/wp\/v2\/pages\/31640\/revisions"}],"predecessor-version":[{"id":35127,"href":"https:\/\/ligna-systems.com\/fr-ca\/wp-json\/wp\/v2\/pages\/31640\/revisions\/35127"}],"wp:attachment":[{"href":"https:\/\/ligna-systems.com\/fr-ca\/wp-json\/wp\/v2\/media?parent=31640"}],"curies":[{"name":"wp","href":"https:\/\/api.w.org\/{rel}","templated":true}]}}