{"id":31623,"date":"2024-09-11T16:07:55","date_gmt":"2024-09-11T14:07:55","guid":{"rendered":"https:\/\/ligna.cloth.be\/?page_id=31623"},"modified":"2025-01-22T11:29:53","modified_gmt":"2025-01-22T10:29:53","slug":"montage","status":"publish","type":"page","link":"https:\/\/ligna-systems.com\/fr-ca\/notre-savoir-faire\/montage\/","title":{"rendered":"Montage"},"content":{"rendered":"<div id=\"\" class=\"section section-row  margin-medium\">\n\t<div class=\"wrapper-small\">\n\t\t<div class=\"grid-row spaced-medium default grid-align-top\">\n\t\t\n<div class=\"text-dark col-12\">\n\t\t    \n<h2 class=\"wp-block-heading\"><strong>Efficacit\u00e9 et Pr\u00e9cision gr\u00e2ce \u00e0 Nos Techniques Pr\u00e9fabriqu\u00e9es<\/strong><\/h2>\n\n<div class=\"cloth-spacer-medium\"><\/div>\n\n<p class=\"intro\">Nos composants pr\u00e9fabriqu\u00e9s offrent une solution pratique et rapide pour l\u2019assemblage de votre hall. Avec des assemblages ajust\u00e9s, des points de vissage pr\u00e9-perc\u00e9s et des \u00e9l\u00e9ments clairement marqu\u00e9s, chaque \u00e9tape du montage est simplifi\u00e9e, garantissant une ex\u00e9cution pr\u00e9cise et efficace<strong>. <\/strong><\/p>\n\n<div class=\"cloth-spacer-xlarge\"><\/div>\n\n<h3 class=\"wp-block-heading colored\">Options Flexibles pour le Montage:<br \/><\/h3>\n\n<p class=\"intro\">LIGNA systems propose deux approches de montage pour r\u00e9pondre aux besoins sp\u00e9cifiques de chaque client :<\/p>\n\n<div class=\"cloth-spacer-large\"><\/div>\n\n<div id=\"\" class=\"section section-row  margin-medium\">\n\t<div class=\"wrapper-full\">\n\t\t<div class=\"grid-row spaced-medium default grid-align-top\">\n\t\t\n<div class=\"text-dark col-6\">\n\t\t    \n<div class=\"cloth-iconbox\">\n\t        <div class=\"box-icon\">\n\t\t\t<span class=\"nr-icon\">1<\/span>        <\/div>\n\t    <div class=\"box-content\">\n        <h3><strong><\/strong><\/h3>\n\t\t<p><h4><strong>Montage Cl\u00e9 en Main par LIGNA systems<\/strong><\/h4>\n<ul type=\"circle\">\n<li class=\"x_MsoNormal\"><span lang=\"FR-BE\" data-olk-copy-source=\"MessageBody\"><strong>Partenaires Locaux Professionnels :<\/strong><br \/>\nNos partenaires autoris\u00e9s, exp\u00e9riment\u00e9s et hautement qualifi\u00e9s, prennent en charge l\u2019int\u00e9gralit\u00e9 du montage, assurant une ex\u00e9cution professionnelle conforme aux standards les plus \u00e9lev\u00e9s.<\/span><\/li>\n<li class=\"x_MsoNormal\"><span lang=\"FR-BE\"><strong>Qualit\u00e9 et S\u00e9curit\u00e9 :<\/strong><br \/>\nChaque \u00e9tape est minutieusement surveill\u00e9e pour garantir le respect des normes de qualit\u00e9 et de s\u00e9curit\u00e9, offrant une tranquillit\u00e9 d\u2019esprit totale.<\/span><\/li>\n<li class=\"x_MsoNormal\"><span lang=\"FR-BE\"><strong>Rapidit\u00e9 et Efficacit\u00e9 :<\/strong><br \/>\nGr\u00e2ce \u00e0 une approche cl\u00e9 en main et des composants pr\u00e9fabriqu\u00e9s, le montage est r\u00e9alis\u00e9 en un temps record, alliant pr\u00e9cision et \u00e9conomie.<\/span><\/li>\n<\/ul>\n<\/p>    <\/div>\n<\/div>\n\t\t\n\t\n<\/div>\n\n<div class=\"text-dark col-6\">\n\t\t    \n<div class=\"cloth-iconbox\">\n\t        <div class=\"box-icon\">\n\t\t\t<span class=\"nr-icon\">2<\/span>        <\/div>\n\t    <div class=\"box-content\">\n        <h3><strong><\/strong><\/h3>\n\t\t<p><h4><strong>Montage Autonome<\/strong><\/h4>\n<ul type=\"circle\">\n<li class=\"x_MsoNormal\"><span lang=\"FR-BE\" data-olk-copy-source=\"MessageBody\"><strong>Accompagnement Simplifi\u00e9 :<\/strong><br \/>\nVous r\u00e9alisez le montage par vos propres moyens en utilisant nos plans d\u00e9taill\u00e9s et faciles \u00e0 suivre.<\/span><\/li>\n<li class=\"x_MsoNormal\"><span lang=\"FR-BE\"><strong>Facilit\u00e9 et Pr\u00e9cision :<\/strong><br \/>\nLes composants pr\u00e9fabriqu\u00e9s, \u00e9quip\u00e9s d\u2019assemblages ajust\u00e9s et de points de vissage pr\u00e9-perc\u00e9s, permettent un montage rapide et sans complications, avec une mise en place pr\u00e9cise et efficace.<\/span><\/li>\n<\/ul>\n<\/p>    <\/div>\n<\/div>\n\t\t\n\t\n<\/div>\n\t\t<\/div>\n\t<\/div>\n\n\t\n\t\n\t<!--<div class=\"slanting-side slanting-del\"><\/div>-->\n<\/div>\n\t\t\n\t\n<\/div>\n\t\t<\/div>\n\t<\/div>\n\n\t\n\t\n\t<!--<div class=\"slanting-side slanting-del\"><\/div>-->\n<\/div><div id=\"\" class=\"section section-row  margin-small\">\n\t<div class=\"wrapper-small\">\n\t\t<div class=\"grid-row spaced-large default grid-align-top\">\n\t\t\n<div class=\"text-dark col-12\">\n\t\t    \n<p class=\"h5\"><strong>Un R\u00e9sultat Impeccable et Adapt\u00e9 \u00e0 Vos Besoins<\/strong><\/p>\n\n<p>Que vous optiez pour un montage cl\u00e9 en main ou autonome, LIGNA systems met \u00e0 votre disposition son expertise, ses outils et des solutions adapt\u00e9es pour garantir un r\u00e9sultat final stable, durable et parfaitement conforme \u00e0 vos attentes.<\/p>\n\t\t\n\t\n<\/div>\n\t\t<\/div>\n\t<\/div>\n\n\t\n\t\n\t<!--<div class=\"slanting-side slanting-del\"><\/div>-->\n<\/div><div class=\"cloth-spacer-medium\"><\/div><div class=\"single-pagination\" data-string=\"Devis Teststring\">\n  <div class=\"single-pagination-inner\">\n\n    <div class=\"prev \">\n      <a href=\"https:\/\/ligna-systems.com\/fr-ca\/notre-savoir-faire\/livraison\/\">\n        <div class=\"media media-ratio-1-1\">\n                      <div class=\"media-item \">\n              <img decoding=\"async\" src=\"https:\/\/ligna-systems.com\/wp-content\/uploads\/2024\/03\/venti-views-1cqIcrWFQBI-unsplash-150x150.jpg\" class=\"attachment-thumbnail size-thumbnail wp-post-image\" alt=\"\" srcset=\"https:\/\/ligna-systems.com\/wp-content\/uploads\/2024\/03\/venti-views-1cqIcrWFQBI-unsplash-150x150.jpg 150w, https:\/\/ligna-systems.com\/wp-content\/uploads\/2024\/03\/venti-views-1cqIcrWFQBI-unsplash-100x100.jpg 100w\" sizes=\"(max-width: 150px) 100vw, 150px\" \/>            <\/div>\n                    <span class=\"icon\"><svg class=\"arrow\" version=\"1.1\" fill=\"currentColor\" xmlns=\"http:\/\/www.w3.org\/2000\/svg\" xmlns:xlink=\"http:\/\/www.w3.org\/1999\/xlink\" x=\"0px\" y=\"0px\"\n\t viewBox=\"0 0 24 24\" style=\"enable-background:new 0 0 24 24;\" xml:space=\"preserve\">\n<path d=\"M0.5,13.4h18.4L11,21.2l2,2L23.1,13c0.3-0.3,0.4-0.6,0.4-1c0-0.4-0.1-0.7-0.4-1L13,0.8l-2,2l7.8,7.8H0.5\"><\/path>\n<\/svg>\n<\/span>\n        <\/div>\n        <h5 class=\"pagination-title\">Livraison<br \/><span class=\"direction-name hit\">\u00c9tape pr\u00e9c\u00e9dente<\/span><\/h5>\n      <\/a>\n    <\/div>\n    <div class=\"back\">\n      <a href=\"https:\/\/ligna-systems.com\/fr-ca\/produits\/structures-en-bois\/\" class=\"back-to-grid\" title=\"Zur\u00fcck zur \u00dcbersicht\"><?xml version=\"1.0\" encoding=\"utf-8\"?>\n<!-- Generator: Adobe Illustrator 26.2.1, SVG Export Plug-In . SVG Version: 6.00 Build 0)  -->\n<svg version=\"1.1\" fill=\"currentColor\" xmlns=\"http:\/\/www.w3.org\/2000\/svg\" xmlns:xlink=\"http:\/\/www.w3.org\/1999\/xlink\" x=\"0px\" y=\"0px\"\n\t viewBox=\"0 0 128 128\" style=\"enable-background:new 0 0 128 128;\" xml:space=\"preserve\">\n<polygon points=\"119.7,47.1 119.7,8.3 70.9,8.3 70.9,55.8 \"><\/polygon>\n<polygon points=\"70.9,69.7 70.9,119.7 119.7,119.7 119.7,61.1 \"><\/polygon>\n<polygon points=\"57.1,58.3 57.1,8.3 8.3,8.3 8.3,66.9 \"><\/polygon>\n<polygon points=\"8.3,80.9 8.3,119.7 57.1,119.7 57.1,72.2 \"><\/polygon>\n<\/svg>\n<\/a>\n    <\/div>\n    <div class=\"next is-disabled\">\n      <a href=\"#\">\n        <div class=\"media media-ratio-1-1\">\n                    <span class=\"icon\"><svg class=\"arrow\" version=\"1.1\" fill=\"currentColor\" xmlns=\"http:\/\/www.w3.org\/2000\/svg\" xmlns:xlink=\"http:\/\/www.w3.org\/1999\/xlink\" x=\"0px\" y=\"0px\"\n\t viewBox=\"0 0 24 24\" style=\"enable-background:new 0 0 24 24;\" xml:space=\"preserve\">\n<path d=\"M0.5,13.4h18.4L11,21.2l2,2L23.1,13c0.3-0.3,0.4-0.6,0.4-1c0-0.4-0.1-0.7-0.4-1L13,0.8l-2,2l7.8,7.8H0.5\"><\/path>\n<\/svg>\n<\/span>\n        <\/div>\n        <h5 class=\"pagination-title\"><br \/><span class=\"direction-name\">Prochaine \u00e9tape<\/span><\/h5>\n      <\/a>\n    <\/div>\n  <\/div>\n<\/div>","protected":false},"excerpt":{"rendered":"","protected":false},"author":15,"featured_media":27506,"parent":26148,"menu_order":159,"comment_status":"closed","ping_status":"closed","template":"","meta":{"_acf_changed":false,"footnotes":""},"class_list":["post-31623","page","type-page","status-publish","has-post-thumbnail","hentry"],"acf":[],"_links":{"self":[{"href":"https:\/\/ligna-systems.com\/fr-ca\/wp-json\/wp\/v2\/pages\/31623","targetHints":{"allow":["GET"]}}],"collection":[{"href":"https:\/\/ligna-systems.com\/fr-ca\/wp-json\/wp\/v2\/pages"}],"about":[{"href":"https:\/\/ligna-systems.com\/fr-ca\/wp-json\/wp\/v2\/types\/page"}],"author":[{"embeddable":true,"href":"https:\/\/ligna-systems.com\/fr-ca\/wp-json\/wp\/v2\/users\/15"}],"replies":[{"embeddable":true,"href":"https:\/\/ligna-systems.com\/fr-ca\/wp-json\/wp\/v2\/comments?post=31623"}],"version-history":[{"count":16,"href":"https:\/\/ligna-systems.com\/fr-ca\/wp-json\/wp\/v2\/pages\/31623\/revisions"}],"predecessor-version":[{"id":32961,"href":"https:\/\/ligna-systems.com\/fr-ca\/wp-json\/wp\/v2\/pages\/31623\/revisions\/32961"}],"up":[{"embeddable":true,"href":"https:\/\/ligna-systems.com\/fr-ca\/wp-json\/wp\/v2\/pages\/26148"}],"wp:featuredmedia":[{"embeddable":true,"href":"https:\/\/ligna-systems.com\/fr-ca\/wp-json\/wp\/v2\/media\/27506"}],"wp:attachment":[{"href":"https:\/\/ligna-systems.com\/fr-ca\/wp-json\/wp\/v2\/media?parent=31623"}],"curies":[{"name":"wp","href":"https:\/\/api.w.org\/{rel}","templated":true}]}}