{"id":31605,"date":"2024-09-11T15:44:12","date_gmt":"2024-09-11T13:44:12","guid":{"rendered":"https:\/\/ligna.cloth.be\/?page_id=31605"},"modified":"2025-01-22T11:24:38","modified_gmt":"2025-01-22T10:24:38","slug":"production","status":"publish","type":"page","link":"https:\/\/ligna-systems.com\/fr-ca\/notre-savoir-faire\/production\/","title":{"rendered":"Production"},"content":{"rendered":"<div id=\"\" class=\"section section-row  margin-large\">\n\t<div class=\"wrapper-small\">\n\t\t<div class=\"grid-row spaced-medium default grid-align-top\">\n\t\t\n<div class=\"text-dark col-12\">\n\t\t    \n<h2 class=\"wp-block-heading\"><strong>Une Production Europ\u00e9enne de Haute Qualit\u00e9<\/strong><\/h2>\n\n<p class=\"intro\">Notre production est bas\u00e9e en Belgique, au c\u0153ur de l\u2019Europe, garantissant des normes de qualit\u00e9 \u00e9lev\u00e9es et des processus fiables. Chaque projet est r\u00e9alis\u00e9 dans notre usine ultramoderne avec une attention minutieuse aux d\u00e9tails et une efficacit\u00e9 maximale.<\/p>\n\t\t\n\t\n<\/div>\n\t\t<\/div>\n\t<\/div>\n\n\t\n\t\n\t<!--<div class=\"slanting-side slanting-del\"><\/div>-->\n<\/div><div class=\"section section-background text-dark margin-medium section-background-color-grey\">\n            <div class=\"section-inner\">\n                \n<div id=\"\" class=\"section section-row  margin-large\">\n\t<div class=\"wrapper-small\">\n\t\t<div class=\"grid-row spaced-large default grid-align-top\">\n\t\t\n<div class=\"text-dark col-5\">\n\t\t    \n<p class=\"h5\"><strong>Technologies Avanc\u00e9es pour des R\u00e9sultats Optimaux<\/strong><\/p>\n\n<p><strong>\u00c9quipements de Pointe<\/strong> : Nos installations comprennent des machines Hundegger K2i, des robots de peinture avanc\u00e9s pour le traitement du bois, des machines CNC de pr\u00e9cision pour la d\u00e9coupe des panneaux, et des d\u00e9coupeurs plasma pour les composants m\u00e9talliques.<br \/><br \/><strong>Qualit\u00e9 et Pr\u00e9cision<\/strong> : Ces technologies de pointe assurent une fabrication constante, pr\u00e9cise et conforme aux exigences les plus strictes.<\/p>\n\t\t\n\t\n<\/div>\n\n<div class=\"text-dark col-7\">\n\t\t    \n<a class=\"inline-lightcase media-hover\" href=\"https:\/\/ligna-systems.com\/wp-content\/uploads\/2024\/09\/LIGNA-systems-Production.mp4\" data-fancybox=\"fancy-video-\">\n\t<span class=\"open-inline-video\"><span class=\"icon\"><?xml version=\"1.0\" encoding=\"utf-8\"?>\n<!-- Generator: Adobe Illustrator 26.2.1, SVG Export Plug-In . SVG Version: 6.00 Build 0)  -->\n<svg version=\"1.1\" fill=\"currentColor\" id=\"Ebene_1\" xmlns=\"http:\/\/www.w3.org\/2000\/svg\" xmlns:xlink=\"http:\/\/www.w3.org\/1999\/xlink\" x=\"0px\" y=\"0px\"\n\t viewBox=\"0 0 24 24\" style=\"enable-background:new 0 0 24 24;\" xml:space=\"preserve\">\n<path d=\"M3.7,4.4L18.2,12L3.7,19.6V4.4 M2,0.7c-0.5,0-1,0.4-1,1v20.7c0,0.6,0.5,1,1,1c0.2,0,0.3,0,0.5-0.1l20.1-10.5\n\tc0.6-0.3,0.6-1.2,0-1.5L2.5,0.8C2.3,0.7,2.1,0.7,2,0.7L2,0.7z\"><\/path>\n<\/svg>\n<\/span><\/span>\n\t<span class=\"text-inline-video h6\"><span class=\"text\"><\/span><\/span>\n\t<span class=\"close-inline-video\"><span class=\"icon\"><?xml version=\"1.0\" encoding=\"utf-8\"?>\n<!-- Generator: Adobe Illustrator 26.2.1, SVG Export Plug-In . SVG Version: 6.00 Build 0)  -->\n<svg version=\"1.1\" fill=\"currentColor\" xmlns=\"http:\/\/www.w3.org\/2000\/svg\" xmlns:xlink=\"http:\/\/www.w3.org\/1999\/xlink\" x=\"0px\" y=\"0px\"\n\t viewBox=\"0 0 128 128\" style=\"enable-background:new 0 0 128 128;\" xml:space=\"preserve\">\n<polygon points=\"126.6,57.1 70.9,57.1 70.9,1.4 57.1,1.4 57.1,57.1 1.4,57.1 1.4,70.9 57.1,70.9 57.1,126.6 70.9,126.6 70.9,70.9 \n\t126.6,70.9 \"><\/polygon>\n<\/svg>\n<\/span><\/span>\n\t<div class=\"media media-ratio-auto\">\n\t\t<div class=\"media-item\">\n\t\t\t<img loading=\"lazy\" decoding=\"async\" width=\"768\" height=\"499\" src=\"https:\/\/ligna-systems.com\/wp-content\/uploads\/2024\/03\/Production-LIGNA-systems-St.Vith-Belgique-768x499.jpg\" class=\"attachment-thumb_medium size-thumb_medium\" alt=\"\" srcset=\"https:\/\/ligna-systems.com\/wp-content\/uploads\/2024\/03\/Production-LIGNA-systems-St.Vith-Belgique-768x499.jpg 768w, https:\/\/ligna-systems.com\/wp-content\/uploads\/2024\/03\/Production-LIGNA-systems-St.Vith-Belgique-300x195.jpg 300w, https:\/\/ligna-systems.com\/wp-content\/uploads\/2024\/03\/Production-LIGNA-systems-St.Vith-Belgique-1024x665.jpg 1024w, https:\/\/ligna-systems.com\/wp-content\/uploads\/2024\/03\/Production-LIGNA-systems-St.Vith-Belgique-1536x997.jpg 1536w, https:\/\/ligna-systems.com\/wp-content\/uploads\/2024\/03\/Production-LIGNA-systems-St.Vith-Belgique-512x332.jpg 512w, https:\/\/ligna-systems.com\/wp-content\/uploads\/2024\/03\/Production-LIGNA-systems-St.Vith-Belgique-352x229.jpg 352w, https:\/\/ligna-systems.com\/wp-content\/uploads\/2024\/03\/Production-LIGNA-systems-St.Vith-Belgique-600x390.jpg 600w, https:\/\/ligna-systems.com\/wp-content\/uploads\/2024\/03\/Production-LIGNA-systems-St.Vith-Belgique-800x520.jpg 800w, https:\/\/ligna-systems.com\/wp-content\/uploads\/2024\/03\/Production-LIGNA-systems-St.Vith-Belgique.jpg 1600w\" sizes=\"auto, (max-width: 768px) 100vw, 768px\" \/>\t\t<\/div>\n\t<\/div>\n\n\t<div class=\"slanting-side slanting-del\"><\/div><\/a>\n\t\t\n\t\n<\/div>\n\t\t<\/div>\n\t<\/div>\n\n\t\n\t\n\t<!--<div class=\"slanting-side slanting-del\"><\/div>-->\n<\/div>\n\n            <\/div>\n\t\t\t\n\t\t\t\n\t\n    <div class=\"section-bg\">\n\t\t<div class=\"section-bg-el bg-color-grey\"><\/div>\n\t\t\n\t\t\n\t<\/div>\n    \n            <div class=\"slanting-side slanting-del\"><\/div>\n            <div class=\"slanting-side slanting-del slanting-top\"><\/div>\n        <\/div><div class=\"cloth-spacer-mini\"><\/div><div id=\"\" class=\"section section-row  margin-medium\">\n\t<div class=\"wrapper-small\">\n\t\t<div class=\"grid-row spaced-large default grid-align-top\">\n\t\t\n<div class=\"text-dark col-12\">\n\t\t    \n<p class=\"h5\"><strong>Durabilit\u00e9 et Respect de l\u2019Environnement<\/strong><\/p>\n\n<p><strong>Bois Certifi\u00e9 :<\/strong>&nbsp;Nous utilisons exclusivement du bois issu de for\u00eats g\u00e9r\u00e9es durablement, r\u00e9duisant ainsi l\u2019impact environnemental de chaque projet.<\/p>\n\n<p><strong>Production Responsable :<\/strong>&nbsp;Nos processus sont con\u00e7us pour allier efficacit\u00e9 industrielle et respect des ressources naturelles.<\/p>\n\t\t\n\t\n<\/div>\n\t\t<\/div>\n\t<\/div>\n\n\t\n\t\n\t<!--<div class=\"slanting-side slanting-del\"><\/div>-->\n<\/div><div id=\"\" class=\"section section-row  margin-medium\">\n\t<div class=\"wrapper-small\">\n\t\t<div class=\"grid-row spaced-large default grid-align-top\">\n\t\t\n<div class=\"text-dark col-12\">\n\t\t    \n<p class=\"h5\"><strong>Capacit\u00e9s de Production Impressionnantes<\/strong><\/p>\n\n<p><strong>Grande \u00c9chelle :<\/strong>&nbsp;Avec une capacit\u00e9 annuelle de production de&nbsp;<strong>1,6 million de pieds carr\u00e9s<\/strong>, nous sommes \u00e9quip\u00e9s pour g\u00e9rer des projets de toutes tailles, de mani\u00e8re rapide et efficace.<\/p>\n\n<p><strong>Flexibilit\u00e9 :<\/strong>&nbsp;Nos installations permettent de r\u00e9pondre aux besoins sp\u00e9cifiques de chaque client, en garantissant des d\u00e9lais respect\u00e9s et une qualit\u00e9 optimale.<\/p>\n\t\t\n\t\n<\/div>\n\t\t<\/div>\n\t<\/div>\n\n\t\n\t\n\t<!--<div class=\"slanting-side slanting-del\"><\/div>-->\n<\/div><div id=\"\" class=\"section section-row  margin-small\">\n\t<div class=\"wrapper-small\">\n\t\t<div class=\"grid-row spaced-large default grid-align-center\">\n\t\t\n<div class=\"text-dark col-6\">\n\t\t    \n<div class=\"cloth-spacer-mini\"><\/div>\n\n<div class=\"cloth-block-image cloth-anim\" data-parallax-speed=\"0.07\">\n\t\t<div class=\"cloth-image-container cloth-anim-inner  media-ratio-1-1\" style=\"max-width:768px\">\n\t\t\t\n\t\t\t\t\t\t\t<span class=\"media 1-1\"><span class=\"media-item\">\t\t\t\t\t\t\t\t\t<video style=\"\" class=\"video-background \" preload=\"auto\" playsinline=\"playsinline\" autoplay=\"autoplay\" loop=\"true\" muted=\"muted\">\n\t\t\t\t\t\t<source src=\"https:\/\/ligna-systems.com\/wp-content\/uploads\/2022\/10\/produktion-hero.mp4\" data-src=\"\" type=\"video\/mp4\"\/><\/video>\n\t\t\t\t\t\t\t\t<\/span><\/span>\t\t\t\n\t\t\t<div class=\"slanting-side slanting-del\"><\/div>\t\t\t\t\n\t\t<\/div>\n\t<\/div>\n\t\t\n\t\n<\/div>\n\n<div class=\"text-dark col-6\">\n\t\t    \n<p class=\"h5\"><strong><\/strong><strong>Pr\u00e9cision Europ\u00e9enne et Technologie de Pointe<\/strong><\/p>\n\n<p>Gr\u00e2ce \u00e0 une fabrication automatis\u00e9e et des \u00e9quipements hautement sophistiqu\u00e9s, nous livrons des structures en bois qui d\u00e9passent les attentes de nos clients. Alliant la pr\u00e9cision de la technologie europ\u00e9enne et l\u2019excellence artisanale, nous offrons des solutions qui r\u00e9pondent parfaitement aux exigences de votre projet.<\/p>\n\n<div class=\"cloth-spacer-small\"><\/div>\n\n<p class=\"intro colored\">Faites confiance \u00e0 LIGNA systems pour une production de qualit\u00e9 sup\u00e9rieure, combinant durabilit\u00e9, efficacit\u00e9 et innovation.<\/p>\n\n<div class=\"cloth-spacer-small\"><\/div>\n\t\t\n\t\n<\/div>\n\t\t<\/div>\n\t<\/div>\n\n\t\n\t\n\t<!--<div class=\"slanting-side slanting-del\"><\/div>-->\n<\/div><div class=\"cloth-spacer-large\"><\/div><div class=\"single-pagination\" data-string=\"Devis Teststring\">\n  <div class=\"single-pagination-inner\">\n\n    <div class=\"prev \">\n      <a href=\"https:\/\/ligna-systems.com\/fr\/savoir-faire\/conception\/\">\n        <div class=\"media media-ratio-1-1\">\n                      <div class=\"media-item \">\n              <img decoding=\"async\" src=\"https:\/\/ligna-systems.com\/wp-content\/uploads\/2024\/11\/lignasystems_produktion_zai-frame-at-6m31s-scaled-1-150x150.jpg\" class=\"attachment-thumbnail size-thumbnail wp-post-image\" alt=\"\" srcset=\"https:\/\/ligna-systems.com\/wp-content\/uploads\/2024\/11\/lignasystems_produktion_zai-frame-at-6m31s-scaled-1-150x150.jpg 150w, https:\/\/ligna-systems.com\/wp-content\/uploads\/2024\/11\/lignasystems_produktion_zai-frame-at-6m31s-scaled-1-100x100.jpg 100w\" sizes=\"(max-width: 150px) 100vw, 150px\" \/>            <\/div>\n                    <span class=\"icon\"><svg class=\"arrow\" version=\"1.1\" fill=\"currentColor\" xmlns=\"http:\/\/www.w3.org\/2000\/svg\" xmlns:xlink=\"http:\/\/www.w3.org\/1999\/xlink\" x=\"0px\" y=\"0px\"\n\t viewBox=\"0 0 24 24\" style=\"enable-background:new 0 0 24 24;\" xml:space=\"preserve\">\n<path d=\"M0.5,13.4h18.4L11,21.2l2,2L23.1,13c0.3-0.3,0.4-0.6,0.4-1c0-0.4-0.1-0.7-0.4-1L13,0.8l-2,2l7.8,7.8H0.5\"><\/path>\n<\/svg>\n<\/span>\n        <\/div>\n        <h5 class=\"pagination-title\">Conception<br \/><span class=\"direction-name hit\">\u00c9tape pr\u00e9c\u00e9dente<\/span><\/h5>\n      <\/a>\n    <\/div>\n    <div class=\"back\">\n      <a href=\"https:\/\/ligna-systems.com\/fr-ca\/produits\/structures-en-bois\/\" class=\"back-to-grid\" title=\"Zur\u00fcck zur \u00dcbersicht\"><?xml version=\"1.0\" encoding=\"utf-8\"?>\n<!-- Generator: Adobe Illustrator 26.2.1, SVG Export Plug-In . SVG Version: 6.00 Build 0)  -->\n<svg version=\"1.1\" fill=\"currentColor\" xmlns=\"http:\/\/www.w3.org\/2000\/svg\" xmlns:xlink=\"http:\/\/www.w3.org\/1999\/xlink\" x=\"0px\" y=\"0px\"\n\t viewBox=\"0 0 128 128\" style=\"enable-background:new 0 0 128 128;\" xml:space=\"preserve\">\n<polygon points=\"119.7,47.1 119.7,8.3 70.9,8.3 70.9,55.8 \"><\/polygon>\n<polygon points=\"70.9,69.7 70.9,119.7 119.7,119.7 119.7,61.1 \"><\/polygon>\n<polygon points=\"57.1,58.3 57.1,8.3 8.3,8.3 8.3,66.9 \"><\/polygon>\n<polygon points=\"8.3,80.9 8.3,119.7 57.1,119.7 57.1,72.2 \"><\/polygon>\n<\/svg>\n<\/a>\n    <\/div>\n    <div class=\"next \">\n      <a href=\"https:\/\/ligna-systems.com\/fr\/savoir-faire\/livraison\/\">\n        <div class=\"media media-ratio-1-1\">\n                      <div class=\"media-item \">\n              <img decoding=\"async\" src=\"https:\/\/ligna-systems.com\/wp-content\/uploads\/2024\/03\/venti-views-1cqIcrWFQBI-unsplash-150x150.jpg\" class=\"attachment-thumbnail size-thumbnail wp-post-image\" alt=\"\" srcset=\"https:\/\/ligna-systems.com\/wp-content\/uploads\/2024\/03\/venti-views-1cqIcrWFQBI-unsplash-150x150.jpg 150w, https:\/\/ligna-systems.com\/wp-content\/uploads\/2024\/03\/venti-views-1cqIcrWFQBI-unsplash-100x100.jpg 100w\" sizes=\"(max-width: 150px) 100vw, 150px\" \/>            <\/div>\n                    <span class=\"icon\"><svg class=\"arrow\" version=\"1.1\" fill=\"currentColor\" xmlns=\"http:\/\/www.w3.org\/2000\/svg\" xmlns:xlink=\"http:\/\/www.w3.org\/1999\/xlink\" x=\"0px\" y=\"0px\"\n\t viewBox=\"0 0 24 24\" style=\"enable-background:new 0 0 24 24;\" xml:space=\"preserve\">\n<path d=\"M0.5,13.4h18.4L11,21.2l2,2L23.1,13c0.3-0.3,0.4-0.6,0.4-1c0-0.4-0.1-0.7-0.4-1L13,0.8l-2,2l7.8,7.8H0.5\"><\/path>\n<\/svg>\n<\/span>\n        <\/div>\n        <h5 class=\"pagination-title\">Livraison<br \/><span class=\"direction-name\">Prochaine \u00e9tape<\/span><\/h5>\n      <\/a>\n    <\/div>\n  <\/div>\n<\/div>","protected":false},"excerpt":{"rendered":"","protected":false},"author":15,"featured_media":31607,"parent":26148,"menu_order":223,"comment_status":"closed","ping_status":"closed","template":"","meta":{"_acf_changed":false,"footnotes":""},"class_list":["post-31605","page","type-page","status-publish","has-post-thumbnail","hentry"],"acf":[],"_links":{"self":[{"href":"https:\/\/ligna-systems.com\/fr-ca\/wp-json\/wp\/v2\/pages\/31605","targetHints":{"allow":["GET"]}}],"collection":[{"href":"https:\/\/ligna-systems.com\/fr-ca\/wp-json\/wp\/v2\/pages"}],"about":[{"href":"https:\/\/ligna-systems.com\/fr-ca\/wp-json\/wp\/v2\/types\/page"}],"author":[{"embeddable":true,"href":"https:\/\/ligna-systems.com\/fr-ca\/wp-json\/wp\/v2\/users\/15"}],"replies":[{"embeddable":true,"href":"https:\/\/ligna-systems.com\/fr-ca\/wp-json\/wp\/v2\/comments?post=31605"}],"version-history":[{"count":9,"href":"https:\/\/ligna-systems.com\/fr-ca\/wp-json\/wp\/v2\/pages\/31605\/revisions"}],"predecessor-version":[{"id":32957,"href":"https:\/\/ligna-systems.com\/fr-ca\/wp-json\/wp\/v2\/pages\/31605\/revisions\/32957"}],"up":[{"embeddable":true,"href":"https:\/\/ligna-systems.com\/fr-ca\/wp-json\/wp\/v2\/pages\/26148"}],"wp:featuredmedia":[{"embeddable":true,"href":"https:\/\/ligna-systems.com\/fr-ca\/wp-json\/wp\/v2\/media\/31607"}],"wp:attachment":[{"href":"https:\/\/ligna-systems.com\/fr-ca\/wp-json\/wp\/v2\/media?parent=31605"}],"curies":[{"name":"wp","href":"https:\/\/api.w.org\/{rel}","templated":true}]}}