{"id":31599,"date":"2024-09-11T15:39:40","date_gmt":"2024-09-11T13:39:40","guid":{"rendered":"https:\/\/ligna.cloth.be\/?page_id=31599"},"modified":"2025-01-22T12:17:06","modified_gmt":"2025-01-22T11:17:06","slug":"conception","status":"publish","type":"page","link":"https:\/\/ligna-systems.com\/fr-ca\/notre-savoir-faire\/conception\/","title":{"rendered":"Conception"},"content":{"rendered":"<div id=\"\" class=\"section section-row  margin-small\">\n\t<div class=\"wrapper-mini\">\n\t\t<div class=\"grid-row spaced-xlarge default grid-align-top\">\n\t\t\n<div class=\"text-dark col-12\">\n\t\t    \n<h2 class=\"wp-block-heading\"><strong>De l\u2019Id\u00e9e \u00e0 une Solution sur Mesure<\/strong><\/h2>\n\t\t\n\t\n<\/div>\n\t\t<\/div>\n\t<\/div>\n\n\t\n\t\n\t<!--<div class=\"slanting-side slanting-del\"><\/div>-->\n<\/div><div class=\"cloth-spacer-xlarge\"><\/div><div class=\"section section-background text-dark margin-none section-background-color-grey\">\n            <div class=\"section-inner\">\n                \n<div id=\"\" class=\"section section-row  margin-medium\">\n\t<div class=\"wrapper-small\">\n\t\t<div class=\"grid-row spaced-large default grid-align-top\">\n\t\t\n<div class=\"text-dark col-6\">\n\t\t    \n<h3 class=\"wp-block-heading colored\">Phase de Conception :<\/h3>\n\n<div class=\"cloth-spacer-small\"><\/div>\n\n<p class=\"h5\"><strong>De l\u2019Id\u00e9e \u00e0 une Solution sur Mesure<\/strong><\/p>\n\n<ul class=\"wp-block-list\"><li><strong>Esquisse Initiale :<\/strong>&nbsp;\u00c0 partir d\u2019un croquis simple incluant les dimensions cl\u00e9s (longueur, largeur, hauteur), nous analysons vos besoins pour \u00e9tablir les bases solides de votre projet.<\/li>\n\n<li><strong>Proposition Personnalis\u00e9e :<\/strong>&nbsp;Nous \u00e9laborons rapidement une offre sur mesure, adapt\u00e9e \u00e0 vos exigences sp\u00e9cifiques. Nos solutions sont con\u00e7ues pour \u00eatre rentables, optimis\u00e9es et parfaitement align\u00e9es sur vos attentes.<\/li>\n\n<li><strong>Planification Num\u00e9rique Avanc\u00e9e :<\/strong>&nbsp;Nous fournissons des fichiers num\u00e9riques en formats 2D (DWG) ou 3D (IFC), garantissant une int\u00e9gration fluide dans vos outils de planification et une coordination pr\u00e9cise entre tous les intervenants du projet.<\/li><\/ul>\n\t\t\n\t\n<\/div>\n\n<div class=\"text-dark col-6\">\n\t\t    \n<div class=\"cloth-block-image cloth-anim\" data-parallax-speed=\"\">\n\n\n\n\t<div class=\"cloth-image-container cloth-anim-inner  media-ratio-auto\" style=\"max-width:768px\">\n\t\t\n\t\t\n\t\t\t<span class=\"media\"><span class=\"media-item\">\t\t\t<img src=\"https:\/\/ligna-systems.com\/wp-content\/uploads\/2022\/06\/ligna-planung-768x554.jpg\" srcset=\"https:\/\/ligna-systems.com\/wp-content\/uploads\/2022\/06\/ligna-planung-768x554.jpg 1680w, https:\/\/ligna-systems.com\/wp-content\/uploads\/2022\/06\/ligna-planung-512x369.jpg 512w\"  width=\"768\" height=\"554\" alt=\"ligna-planung\" decoding=\"async\" loading=\"lazy\"\/>\t\t\t\t\t\t<\/span><\/span>\n\t\t\n\t\t<div class=\"slanting-side slanting-del\"><\/div>\t\t\t\n\t<\/div>\n\n\t\n\n\t\t\t\n\t<\/div>\n\n<div class=\"cloth-spacer-medium\"><\/div>\n\n<div id=\"\" class=\"section section-row  margin-large\">\n\t<div class=\"wrapper\">\n\t\t<div class=\"grid-row spaced-medium default grid-align-top\">\n\t\t\n<div class=\"text-dark col-3\">\n\t\t    \n\n\t\t\n\t\n<\/div>\n\n<div class=\"text-dark col-9\">\n\t\t    \n<div class=\"cloth-block-image cloth-anim 250px\" data-parallax-speed=\"\">\n\n\n\n\t<div class=\"cloth-image-container cloth-anim-inner  media-ratio-auto\" style=\"max-width:1920px\">\n\t\t\n\t\t\n\t\t\t<span class=\"media\"><span class=\"media-item\">\t\t\t<img src=\"https:\/\/ligna-systems.com\/wp-content\/uploads\/2025\/01\/Stempel_Ingenieur_CANADA_transp.png\" srcset=\"https:\/\/ligna-systems.com\/wp-content\/uploads\/2025\/01\/Stempel_Ingenieur_CANADA_transp.png 1680w, https:\/\/ligna-systems.com\/wp-content\/uploads\/2025\/01\/Stempel_Ingenieur_CANADA_transp.png 768w, https:\/\/ligna-systems.com\/wp-content\/uploads\/2025\/01\/Stempel_Ingenieur_CANADA_transp.png 512w\"  width=\"449\" height=\"339\" alt=\"Stempel_Ingenieur_CANADA_transp\" decoding=\"async\" loading=\"lazy\"\/>\t\t\t\t\t\t<\/span><\/span>\n\t\t\n\t\t<div class=\"slanting-side slanting-del\"><\/div>\t\t\t\n\t<\/div>\n\n\t\n\n\t\t\t\n\t<\/div>\n\n\n\t\t\n\t\n<\/div>\n\t\t<\/div>\n\t<\/div>\n\n\t\n\t\n\t<!--<div class=\"slanting-side slanting-del\"><\/div>-->\n<\/div>\n\t\t\n\t\n<\/div>\n\t\t<\/div>\n\t<\/div>\n\n\t\n\t\n\t<!--<div class=\"slanting-side slanting-del\"><\/div>-->\n<\/div>\n\n<div class=\"cloth-spacer-medium\"><\/div>\n\n<div id=\"\" class=\"section section-row  margin-medium\">\n\t<div class=\"wrapper-small\">\n\t\t<div class=\"grid-row spaced-large default grid-align-top\">\n\t\t\n<div class=\"text-dark col-6\">\n\t\t    \n<div class=\"cloth-block-image cloth-anim\" data-parallax-speed=\"\">\n\n\n\n\t<div class=\"cloth-image-container cloth-anim-inner  media-ratio-auto\" style=\"max-width:1920px\">\n\t\t\n\t\t\n\t\t\t<span class=\"media\"><span class=\"media-item\">\t\t\t<img src=\"https:\/\/ligna-systems.com\/wp-content\/uploads\/2024\/09\/lignasystems_produktion_zai-frame-at-6m19s-1920x1080.jpg\" srcset=\"https:\/\/ligna-systems.com\/wp-content\/uploads\/2024\/09\/lignasystems_produktion_zai-frame-at-6m19s-1920x1080.jpg 1680w, https:\/\/ligna-systems.com\/wp-content\/uploads\/2024\/09\/lignasystems_produktion_zai-frame-at-6m19s-1024x576.jpg 768w, https:\/\/ligna-systems.com\/wp-content\/uploads\/2024\/09\/lignasystems_produktion_zai-frame-at-6m19s-512x288.jpg 512w\"  width=\"1920\" height=\"1080\" alt=\"lignasystems_produktion_zai &#8211; frame at 6m19s\" decoding=\"async\" loading=\"lazy\"\/>\t\t\t\t\t\t<\/span><\/span>\n\t\t\n\t\t<div class=\"slanting-side slanting-del\"><\/div>\t\t\t\n\t<\/div>\n\n\t\n\n\t\t\t\n\t<\/div>\n\t\t\n\t\n<\/div>\n\n<div class=\"text-dark col-6\">\n\t\t    \n<h3 class=\"wp-block-heading colored\">Phase de Commande :<\/h3>\n\n<div class=\"cloth-spacer-small\"><\/div>\n\n<p class=\"h5\"><strong>Analyse et Planification Techniques Approfondies<\/strong><\/p>\n\n<ul class=\"wp-block-list\"><li><strong>Calculs Structurels Certifi\u00e9s :<\/strong>&nbsp;Nos ing\u00e9nieurs exp\u00e9riment\u00e9s r\u00e9alisent des analyses compl\u00e8tes, prenant en compte la statique et la protection incendie, tout en respectant les normes locales.<\/li>\n\n<li><strong>Qualit\u00e9 Valid\u00e9e :<\/strong>&nbsp;Tous les calculs et plans sont v\u00e9rifi\u00e9s et approuv\u00e9s par un ing\u00e9nieur canadien, assurant une conformit\u00e9 totale avec les r\u00e9glementations en vigueur et une qualit\u00e9 irr\u00e9prochable.<\/li><\/ul>\n\t\t\n\t\n<\/div>\n\t\t<\/div>\n\t<\/div>\n\n\t\n\t\n\t<!--<div class=\"slanting-side slanting-del\"><\/div>-->\n<\/div>\n\n            <\/div>\n\t\t\t\n\t\t\t\n\t\n    <div class=\"section-bg\">\n\t\t<div class=\"section-bg-el bg-color-grey\"><\/div>\n\t\t\n\t\t\n\t<\/div>\n    \n            <div class=\"slanting-side slanting-del\"><\/div>\n            <div class=\"slanting-side slanting-del slanting-top\"><\/div>\n        <\/div><div class=\"cloth-spacer-large\"><\/div><div id=\"\" class=\"section section-row  margin-medium\">\n\t<div class=\"wrapper-small\">\n\t\t<div class=\"grid-row spaced-large default grid-align-top\">\n\t\t\n<div class=\"text-dark col-12\">\n\t\t    \n<p class=\"h5\"><strong>Votre Vision R\u00e9alis\u00e9e avec Pr\u00e9cision et Expertise<\/strong><\/p>\n\n<p>Gr\u00e2ce \u00e0 une combinaison d\u2019expertise technique et d\u2019outils de planification innovants, nous posons une base solide pour des projets aboutis et r\u00e9ussis. Avec des fichiers BIM compatibles et une approche centr\u00e9e sur vos besoins, nous transformons vos id\u00e9es en r\u00e9alit\u00e9, tout en respectant vos exigences en mati\u00e8re de durabilit\u00e9, d\u2019efficacit\u00e9 et de s\u00e9curit\u00e9.<\/p>\n\n<p>Cette m\u00e9thode int\u00e9gr\u00e9e garantit une planification rigoureuse et une ex\u00e9cution sans faille, aboutissant \u00e0 des r\u00e9sultats fiables, esth\u00e9tiques et conformes \u00e0 vos attentes.<\/p>\n\n\n\t\t\n\t\n<\/div>\n\t\t<\/div>\n\t<\/div>\n\n\t\n\t\n\t<!--<div class=\"slanting-side slanting-del\"><\/div>-->\n<\/div><div class=\"cloth-spacer-large\"><\/div><div class=\"single-pagination\" data-string=\"Devis Teststring\">\n  <div class=\"single-pagination-inner\">\n\n    <div class=\"prev is-disabled\">\n      <a href=\"#\">\n        <div class=\"media media-ratio-1-1\">\n                    <span class=\"icon\"><svg class=\"arrow\" version=\"1.1\" fill=\"currentColor\" xmlns=\"http:\/\/www.w3.org\/2000\/svg\" xmlns:xlink=\"http:\/\/www.w3.org\/1999\/xlink\" x=\"0px\" y=\"0px\"\n\t viewBox=\"0 0 24 24\" style=\"enable-background:new 0 0 24 24;\" xml:space=\"preserve\">\n<path d=\"M0.5,13.4h18.4L11,21.2l2,2L23.1,13c0.3-0.3,0.4-0.6,0.4-1c0-0.4-0.1-0.7-0.4-1L13,0.8l-2,2l7.8,7.8H0.5\"><\/path>\n<\/svg>\n<\/span>\n        <\/div>\n        <h5 class=\"pagination-title\"><br \/><span class=\"direction-name hit\">\u00c9tape pr\u00e9c\u00e9dente<\/span><\/h5>\n      <\/a>\n    <\/div>\n    <div class=\"back\">\n      <a href=\"https:\/\/ligna-systems.com\/fr-ca\/produits\/structures-en-bois\/\" class=\"back-to-grid\" title=\"Zur\u00fcck zur \u00dcbersicht\"><?xml version=\"1.0\" encoding=\"utf-8\"?>\n<!-- Generator: Adobe Illustrator 26.2.1, SVG Export Plug-In . SVG Version: 6.00 Build 0)  -->\n<svg version=\"1.1\" fill=\"currentColor\" xmlns=\"http:\/\/www.w3.org\/2000\/svg\" xmlns:xlink=\"http:\/\/www.w3.org\/1999\/xlink\" x=\"0px\" y=\"0px\"\n\t viewBox=\"0 0 128 128\" style=\"enable-background:new 0 0 128 128;\" xml:space=\"preserve\">\n<polygon points=\"119.7,47.1 119.7,8.3 70.9,8.3 70.9,55.8 \"><\/polygon>\n<polygon points=\"70.9,69.7 70.9,119.7 119.7,119.7 119.7,61.1 \"><\/polygon>\n<polygon points=\"57.1,58.3 57.1,8.3 8.3,8.3 8.3,66.9 \"><\/polygon>\n<polygon points=\"8.3,80.9 8.3,119.7 57.1,119.7 57.1,72.2 \"><\/polygon>\n<\/svg>\n<\/a>\n    <\/div>\n    <div class=\"next \">\n      <a href=\"https:\/\/ligna-systems.com\/fr-ca\/notre-savoir-faire\/production\/\">\n        <div class=\"media media-ratio-1-1\">\n                      <div class=\"media-item \">\n              <img decoding=\"async\" src=\"https:\/\/ligna-systems.com\/wp-content\/uploads\/2024\/03\/Production-LIGNA-systems-St.Vith-Belgique-150x150.jpg\" class=\"attachment-thumbnail size-thumbnail wp-post-image\" alt=\"\" srcset=\"https:\/\/ligna-systems.com\/wp-content\/uploads\/2024\/03\/Production-LIGNA-systems-St.Vith-Belgique-150x150.jpg 150w, https:\/\/ligna-systems.com\/wp-content\/uploads\/2024\/03\/Production-LIGNA-systems-St.Vith-Belgique-100x100.jpg 100w\" sizes=\"(max-width: 150px) 100vw, 150px\" \/>            <\/div>\n                    <span class=\"icon\"><svg class=\"arrow\" version=\"1.1\" fill=\"currentColor\" xmlns=\"http:\/\/www.w3.org\/2000\/svg\" xmlns:xlink=\"http:\/\/www.w3.org\/1999\/xlink\" x=\"0px\" y=\"0px\"\n\t viewBox=\"0 0 24 24\" style=\"enable-background:new 0 0 24 24;\" xml:space=\"preserve\">\n<path d=\"M0.5,13.4h18.4L11,21.2l2,2L23.1,13c0.3-0.3,0.4-0.6,0.4-1c0-0.4-0.1-0.7-0.4-1L13,0.8l-2,2l7.8,7.8H0.5\"><\/path>\n<\/svg>\n<\/span>\n        <\/div>\n        <h5 class=\"pagination-title\">Production<br \/><span class=\"direction-name\">Prochaine \u00e9tape<\/span><\/h5>\n      <\/a>\n    <\/div>\n  <\/div>\n<\/div>","protected":false},"excerpt":{"rendered":"","protected":false},"author":15,"featured_media":24809,"parent":26148,"menu_order":48,"comment_status":"closed","ping_status":"closed","template":"","meta":{"_acf_changed":false,"footnotes":""},"class_list":["post-31599","page","type-page","status-publish","has-post-thumbnail","hentry"],"acf":[],"_links":{"self":[{"href":"https:\/\/ligna-systems.com\/fr-ca\/wp-json\/wp\/v2\/pages\/31599","targetHints":{"allow":["GET"]}}],"collection":[{"href":"https:\/\/ligna-systems.com\/fr-ca\/wp-json\/wp\/v2\/pages"}],"about":[{"href":"https:\/\/ligna-systems.com\/fr-ca\/wp-json\/wp\/v2\/types\/page"}],"author":[{"embeddable":true,"href":"https:\/\/ligna-systems.com\/fr-ca\/wp-json\/wp\/v2\/users\/15"}],"replies":[{"embeddable":true,"href":"https:\/\/ligna-systems.com\/fr-ca\/wp-json\/wp\/v2\/comments?post=31599"}],"version-history":[{"count":16,"href":"https:\/\/ligna-systems.com\/fr-ca\/wp-json\/wp\/v2\/pages\/31599\/revisions"}],"predecessor-version":[{"id":33002,"href":"https:\/\/ligna-systems.com\/fr-ca\/wp-json\/wp\/v2\/pages\/31599\/revisions\/33002"}],"up":[{"embeddable":true,"href":"https:\/\/ligna-systems.com\/fr-ca\/wp-json\/wp\/v2\/pages\/26148"}],"wp:featuredmedia":[{"embeddable":true,"href":"https:\/\/ligna-systems.com\/fr-ca\/wp-json\/wp\/v2\/media\/24809"}],"wp:attachment":[{"href":"https:\/\/ligna-systems.com\/fr-ca\/wp-json\/wp\/v2\/media?parent=31599"}],"curies":[{"name":"wp","href":"https:\/\/api.w.org\/{rel}","templated":true}]}}