{"id":26148,"date":"2022-05-31T14:43:59","date_gmt":"2022-05-31T12:43:59","guid":{"rendered":"https:\/\/ligna.cloth.be\/?page_id=26148"},"modified":"2025-01-22T11:18:50","modified_gmt":"2025-01-22T10:18:50","slug":"notre-savoir-faire","status":"publish","type":"page","link":"https:\/\/ligna-systems.com\/fr-ca\/notre-savoir-faire\/","title":{"rendered":"Notre savoir-faire"},"content":{"rendered":"<div class=\"cloth-spacer-large\"><\/div><div id=\"\" class=\"section section-row  margin-small\">\n\t<div class=\"wrapper-small\">\n\t\t<div class=\"grid-row spaced-xlarge default grid-align-top\">\n\t\t\n<div class=\"text-dark col-9\">\n\t\t    \n<h2 class=\"wp-block-heading\">Nos Services<\/h2>\n\n<h3 class=\"wp-block-heading\">Une Offre Compl\u00e8te et Cl\u00e9 en Main<\/h3>\n\n<div class=\"cloth-spacer-medium\"><\/div>\n\n<p>Chez LIGNA systems, nous proposons des solutions cl\u00e9s en main pour les structures en bois, assurant une gestion de projet fluide et sans tracas. De la planification initiale au montage final, nous sommes \u00e0 vos c\u00f4t\u00e9s \u00e0 chaque \u00e9tape pour garantir le succ\u00e8s de votre projet.<\/p>\n\n<p>Gr\u00e2ce \u00e0 une pr\u00e9fabrication avanc\u00e9e et \u00e0 des composants \u00e9prouv\u00e9s, nous r\u00e9duisons les co\u00fbts et les d\u00e9lais de construction au strict minimum. Nos processus rigoureux et une planification pr\u00e9cise garantissent une livraison ponctuelle et une ex\u00e9cution optimale, parfaitement adapt\u00e9e \u00e0 vos besoins.<\/p>\n\t\t\n\t\n<\/div>\n\t\t<\/div>\n\t<\/div>\n\n\t\n\t\n\t<!--<div class=\"slanting-side slanting-del\"><\/div>-->\n<\/div><div id=\"\" class=\"section section-row  margin-none\">\n\t<div class=\"wrapper-small\">\n\t\t<div class=\"grid-row spaced-medium default grid-align-top\">\n\t\t\n<div class=\"text-dark col-12\">\n\t\t    \n<span class=\"font-weight-600 h8 uppercase cloth-subtitle colored\">Notre Approche en 4 \u00c9tapes<\/span>\n\t\t\n\t\n<\/div>\n\t\t<\/div>\n\t<\/div>\n\n\t\n\t\n\t<!--<div class=\"slanting-side slanting-del\"><\/div>-->\n<\/div><div id=\"\" class=\"section section-row  margin-medium\">\n\t<div class=\"wrapper-small\">\n\t\t<div class=\"grid-row spaced-small default grid-align-top\">\n\t\t\n<div class=\"text-dark col-\">\n\t\t<a href=\"https:\/\/ligna-systems.com\/fr-ca\/savoir-faire\/conception\/\" class=\"column-link \" target=\"_self\"><\/a><div class=\"item-inner\">    \n<div class=\"cloth-iconbox has-image\">\n\t        <div class=\"box-image cloth-image-container media-ratio-4-3\">\n\t\t<span class=\"media\">\n            <span class=\"media-item\">\n\t\t\t<img src=\"https:\/\/ligna-systems.com\/wp-content\/uploads\/2022\/06\/ligna-planung-768x554.jpg\" srcset=\"https:\/\/ligna-systems.com\/wp-content\/uploads\/2022\/06\/ligna-planung-768x554.jpg 1680w, https:\/\/ligna-systems.com\/wp-content\/uploads\/2022\/06\/ligna-planung-512x369.jpg 512w\"  width=\"768\" height=\"554\" alt=\"ligna-planung\" decoding=\"async\" loading=\"lazy\"\/>\t\t<\/span>\n        <\/span>\n            <div class=\"box-icon\">\n\t\t\t\t<span class=\"nr-icon\">1<\/span>            <\/div>\n            <div class=\"slanting-side slanting-del\"><\/div>\n        <\/div>\n\t    <div class=\"box-content\">\n        <h3><strong><\/strong><\/h3>\n\t\t<p><h4><strong>Conception<\/strong><\/h4>\n<\/p><p>Conception personnalis\u00e9e et calculs structurels pr\u00e9cis.<\/p>\n    <\/div>\n<\/div>\n\t\t<p class=\"on-hover\">\n\t\t<a class=\"btn  btn-simple \" href=\"https:\/\/ligna-systems.com\/fr-ca\/savoir-faire\/conception\/\" target=\"_self\">\n                <span class=\"text\">\n                    <span>En savoir plus<\/span>\n                    <span>En savoir plus<\/span>\n                <\/span>\n                <span class=\"btn-icon\"><svg class=\"arrow\" version=\"1.1\" fill=\"currentColor\" xmlns=\"http:\/\/www.w3.org\/2000\/svg\" xmlns:xlink=\"http:\/\/www.w3.org\/1999\/xlink\" x=\"0px\" y=\"0px\"\n\t viewBox=\"0 0 24 24\" style=\"enable-background:new 0 0 24 24;\" xml:space=\"preserve\">\n<path d=\"M0.5,13.4h18.4L11,21.2l2,2L23.1,13c0.3-0.3,0.4-0.6,0.4-1c0-0.4-0.1-0.7-0.4-1L13,0.8l-2,2l7.8,7.8H0.5\"><\/path>\n<\/svg>\n<\/span>\n                <span class=\"slanting-side slanting-add\"><\/span>\n            <\/a><\/p><\/div>\n\t\n<\/div>\n\n<div class=\"text-dark col-\">\n\t\t<a href=\"https:\/\/ligna-systems.com\/fr-ca\/savoir-faire\/production\/\" class=\"column-link \" target=\"_self\"><\/a><div class=\"item-inner\">    \n<div class=\"cloth-iconbox has-image\">\n\t        <div class=\"box-image cloth-image-container media-ratio-4-3\">\n\t\t<span class=\"media\">\n            <span class=\"media-item\">\n\t\t\t<img src=\"https:\/\/ligna-systems.com\/wp-content\/uploads\/2024\/03\/Production-LIGNA-systems-St.Vith-Belgique-768x499.jpg\" srcset=\"https:\/\/ligna-systems.com\/wp-content\/uploads\/2024\/03\/Production-LIGNA-systems-St.Vith-Belgique-768x499.jpg 1680w, https:\/\/ligna-systems.com\/wp-content\/uploads\/2024\/03\/Production-LIGNA-systems-St.Vith-Belgique-512x332.jpg 512w\"  width=\"768\" height=\"499\" alt=\"Production-LIGNA-systems&#8212;St.Vith&#8212;Belgique\" decoding=\"async\" loading=\"lazy\"\/>\t\t<\/span>\n        <\/span>\n            <div class=\"box-icon\">\n\t\t\t\t<span class=\"nr-icon\">2<\/span>            <\/div>\n            <div class=\"slanting-side slanting-del\"><\/div>\n        <\/div>\n\t    <div class=\"box-content\">\n        <h3><strong><\/strong><\/h3>\n\t\t<p><h4><strong>Production<\/strong><\/h4>\n<\/p><p>Fabrication automatis\u00e9e en Europe, assurant qualit\u00e9 et pr\u00e9cision.<\/p>\n    <\/div>\n<\/div>\n\t\t<p class=\"on-hover\">\n\t\t<a class=\"btn  btn-simple \" href=\"https:\/\/ligna-systems.com\/fr-ca\/savoir-faire\/production\/\" target=\"_self\">\n                <span class=\"text\">\n                    <span>En savoir plus<\/span>\n                    <span>En savoir plus<\/span>\n                <\/span>\n                <span class=\"btn-icon\"><svg class=\"arrow\" version=\"1.1\" fill=\"currentColor\" xmlns=\"http:\/\/www.w3.org\/2000\/svg\" xmlns:xlink=\"http:\/\/www.w3.org\/1999\/xlink\" x=\"0px\" y=\"0px\"\n\t viewBox=\"0 0 24 24\" style=\"enable-background:new 0 0 24 24;\" xml:space=\"preserve\">\n<path d=\"M0.5,13.4h18.4L11,21.2l2,2L23.1,13c0.3-0.3,0.4-0.6,0.4-1c0-0.4-0.1-0.7-0.4-1L13,0.8l-2,2l7.8,7.8H0.5\"><\/path>\n<\/svg>\n<\/span>\n                <span class=\"slanting-side slanting-add\"><\/span>\n            <\/a><\/p><\/div>\n\t\n<\/div>\n\n<div class=\"text-dark col-\">\n\t\t<a href=\"https:\/\/ligna-systems.com\/fr-ca\/savoir-faire\/livraison\/\" class=\"column-link \" target=\"_self\"><\/a><div class=\"item-inner\">    \n<div class=\"cloth-iconbox has-image\">\n\t        <div class=\"box-image cloth-image-container media-ratio-4-3\">\n\t\t<span class=\"media\">\n            <span class=\"media-item\">\n\t\t\t<img src=\"https:\/\/ligna-systems.com\/wp-content\/uploads\/2024\/03\/venti-views-1cqIcrWFQBI-unsplash-768x511.jpg\" srcset=\"https:\/\/ligna-systems.com\/wp-content\/uploads\/2024\/03\/venti-views-1cqIcrWFQBI-unsplash-768x511.jpg 1680w, https:\/\/ligna-systems.com\/wp-content\/uploads\/2024\/03\/venti-views-1cqIcrWFQBI-unsplash-512x341.jpg 512w\"  width=\"768\" height=\"511\" alt=\"venti-views-1cqIcrWFQBI-unsplash\" decoding=\"async\" loading=\"lazy\"\/>\t\t<\/span>\n        <\/span>\n            <div class=\"box-icon\">\n\t\t\t\t<span class=\"nr-icon\">3<\/span>            <\/div>\n            <div class=\"slanting-side slanting-del\"><\/div>\n        <\/div>\n\t    <div class=\"box-content\">\n        <h3><strong><\/strong><\/h3>\n\t\t<p><h4><strong>Transport<\/strong><\/h4>\n<\/p><p>Logistique optimis\u00e9e pour une livraison fiable de l\u2019Europe au Canada.<\/p>\n    <\/div>\n<\/div>\n\t\t<p class=\"on-hover\">\n\t\t<a class=\"btn  btn-simple \" href=\"https:\/\/ligna-systems.com\/fr-ca\/savoir-faire\/livraison\/\" target=\"_self\">\n                <span class=\"text\">\n                    <span>En savoir plus<\/span>\n                    <span>En savoir plus<\/span>\n                <\/span>\n                <span class=\"btn-icon\"><svg class=\"arrow\" version=\"1.1\" fill=\"currentColor\" xmlns=\"http:\/\/www.w3.org\/2000\/svg\" xmlns:xlink=\"http:\/\/www.w3.org\/1999\/xlink\" x=\"0px\" y=\"0px\"\n\t viewBox=\"0 0 24 24\" style=\"enable-background:new 0 0 24 24;\" xml:space=\"preserve\">\n<path d=\"M0.5,13.4h18.4L11,21.2l2,2L23.1,13c0.3-0.3,0.4-0.6,0.4-1c0-0.4-0.1-0.7-0.4-1L13,0.8l-2,2l7.8,7.8H0.5\"><\/path>\n<\/svg>\n<\/span>\n                <span class=\"slanting-side slanting-add\"><\/span>\n            <\/a><\/p><\/div>\n\t\n<\/div>\n\n<div class=\"text-dark col-\">\n\t\t<a href=\"https:\/\/ligna-systems.com\/fr-ca\/savoir-faire\/montage\/\" class=\"column-link \" target=\"_self\"><\/a><div class=\"item-inner\">    \n<div class=\"cloth-iconbox has-image\">\n\t        <div class=\"box-image cloth-image-container media-ratio-4-3\">\n\t\t<span class=\"media\">\n            <span class=\"media-item\">\n\t\t\t<img src=\"https:\/\/ligna-systems.com\/wp-content\/uploads\/2022\/07\/Holzstruktur-ID-43233-768x768.jpg\" srcset=\"https:\/\/ligna-systems.com\/wp-content\/uploads\/2022\/07\/Holzstruktur-ID-43233-768x768.jpg 1680w, https:\/\/ligna-systems.com\/wp-content\/uploads\/2022\/07\/Holzstruktur-ID-43233-512x512.jpg 512w\"  width=\"768\" height=\"768\" alt=\"Holzstruktur Baustelle ligma\" decoding=\"async\" loading=\"lazy\"\/>\t\t<\/span>\n        <\/span>\n            <div class=\"box-icon\">\n\t\t\t\t<span class=\"nr-icon\">4<\/span>            <\/div>\n            <div class=\"slanting-side slanting-del\"><\/div>\n        <\/div>\n\t    <div class=\"box-content\">\n        <h3><strong><\/strong><\/h3>\n\t\t<p><h4><strong>Montage (Optionnel)<\/strong><\/h4>\n<\/p><p>R\u00e9alis\u00e9 sur site par des partenaires exp\u00e9riment\u00e9s ou selon vos propres moyens.<\/p>\n    <\/div>\n<\/div>\n\t\t<p class=\"on-hover\">\n\t\t<a class=\"btn  btn-simple \" href=\"https:\/\/ligna-systems.com\/fr-ca\/savoir-faire\/montage\/\" target=\"_self\">\n                <span class=\"text\">\n                    <span>En savoir plus<\/span>\n                    <span>En savoir plus<\/span>\n                <\/span>\n                <span class=\"btn-icon\"><svg class=\"arrow\" version=\"1.1\" fill=\"currentColor\" xmlns=\"http:\/\/www.w3.org\/2000\/svg\" xmlns:xlink=\"http:\/\/www.w3.org\/1999\/xlink\" x=\"0px\" y=\"0px\"\n\t viewBox=\"0 0 24 24\" style=\"enable-background:new 0 0 24 24;\" xml:space=\"preserve\">\n<path d=\"M0.5,13.4h18.4L11,21.2l2,2L23.1,13c0.3-0.3,0.4-0.6,0.4-1c0-0.4-0.1-0.7-0.4-1L13,0.8l-2,2l7.8,7.8H0.5\"><\/path>\n<\/svg>\n<\/span>\n                <span class=\"slanting-side slanting-add\"><\/span>\n            <\/a><\/p><\/div>\n\t\n<\/div>\n\t\t<\/div>\n\t<\/div>\n\n\t\n\t\n\t<!--<div class=\"slanting-side slanting-del\"><\/div>-->\n<\/div><div id=\"\" class=\"section section-row  margin-none\">\n\t<div class=\"wrapper-small\">\n\t\t<div class=\"grid-row spaced-medium default grid-align-top\">\n\t\t\n<div class=\"text-dark col-12\">\n\t\t    \n<p class=\"has-medium-font-size\">Avec LIGNA systems, vous b\u00e9n\u00e9ficiez d\u2019une <strong>expertise technique, de solutions innovantes et d\u2019un accompagnement personnalis\u00e9<\/strong> pour transformer vos id\u00e9es en r\u00e9alit\u00e9. D\u00e9couvrez comment nous pouvons faire de votre projet un succ\u00e8s, de A \u00e0 Z.<\/p>\n\t\t\n\t\n<\/div>\n\t\t<\/div>\n\t<\/div>\n\n\t\n\t\n\t<!--<div class=\"slanting-side slanting-del\"><\/div>-->\n<\/div><div class=\"cloth-spacer-xlarge\"><\/div><div id=\"\" class=\"section section-row  margin-small\">\n\t<div class=\"wrapper-small\">\n\t\t<div class=\"grid-row spaced-xlarge default grid-align-top\">\n\t\t\n<div class=\"text-dark col-6\">\n\t\t    \n<span class=\"font-weight-600 h8 uppercase cloth-subtitle colored\">Moins de bois, plus d&rsquo;efficacit\u00e9<\/span>\n\n<h3 class=\"wp-block-heading\"><strong><\/strong><strong>La structure en bois de LIGNA systems<\/strong><\/h3>\n\n<p>Nos structures en bois r\u00e9duisent la consommation de bois jusqu&rsquo;\u00e0 50 % par rapport aux poutres traditionnelles. Gr\u00e2ce \u00e0 une utilisation optimis\u00e9e des mat\u00e9riaux, vous pouvez non seulement r\u00e9duire vos co\u00fbts, mais \u00e9galement contribuer activement \u00e0 la pr\u00e9servation des ressources. Une empreinte \u00e9cologique r\u00e9duite est un b\u00e9n\u00e9fice pour vous et pour la nature \u2013 une durabilit\u00e9 convaincante.<\/p>\n\n<p class=\"colored\"><strong>L\u00e9ger, solide, flexible \u2013 id\u00e9al pour les projets de construction moderne et de grande envergure<\/strong>.<\/p>\n\n<div class=\"cloth-spacer-large\"><\/div>\n\n<span class=\"cloth-button\">\n\n\n<a class=\"btn btn-simple btn-colored \" href=\"https:\/\/ligna-systems.com\/fr-ca\/produits\/structures-en-bois\/\" target=\"_self\">\n                <span class=\"text\">\n                    <span>En savoir plus maintenant<\/span>\n                    <span>En savoir plus maintenant<\/span>\n                <\/span>\n                <span class=\"btn-icon\"><svg class=\"arrow\" version=\"1.1\" fill=\"currentColor\" xmlns=\"http:\/\/www.w3.org\/2000\/svg\" xmlns:xlink=\"http:\/\/www.w3.org\/1999\/xlink\" x=\"0px\" y=\"0px\"\n\t viewBox=\"0 0 24 24\" style=\"enable-background:new 0 0 24 24;\" xml:space=\"preserve\">\n<path d=\"M0.5,13.4h18.4L11,21.2l2,2L23.1,13c0.3-0.3,0.4-0.6,0.4-1c0-0.4-0.1-0.7-0.4-1L13,0.8l-2,2l7.8,7.8H0.5\"><\/path>\n<\/svg>\n<\/span>\n                <span class=\"slanting-side slanting-add\"><\/span>\n            <\/a>\n<\/span>\n\t\t\n\t\n<\/div>\n\n<div class=\"text-dark col-6\">\n\t\t    \n<div class=\"cloth-block-image cloth-anim\" data-parallax-speed=\"\">\n\n\n\t\t<a class=\"media-hover\" href=\"https:\/\/ligna-systems.com\/fr-ca\/notre-savoir-faire\/\" target=\"'_self\">\n\t\t\n\t<div class=\"cloth-image-container cloth-anim-inner  media-ratio-1-1\" style=\"max-width:768px\">\n\t\t\n\t\t\n\t\t\t<span class=\"media\"><span class=\"media-item\">\t\t\t<img src=\"https:\/\/ligna-systems.com\/wp-content\/uploads\/2024\/09\/Structure-en-bois_hall-industriel_Chimsco_retouche-5-768x1152.png\" srcset=\"https:\/\/ligna-systems.com\/wp-content\/uploads\/2024\/09\/Structure-en-bois_hall-industriel_Chimsco_retouche-5-768x1152.png 1680w, https:\/\/ligna-systems.com\/wp-content\/uploads\/2024\/09\/Structure-en-bois_hall-industriel_Chimsco_retouche-5-512x768.png 512w\"  width=\"768\" height=\"1152\" alt=\"Structure en bois_hall industriel_Chimsco_retouche (5)\" decoding=\"async\" loading=\"lazy\"\/>\t\t\t\t\t\t<\/span><\/span>\n\t\t\n\t\t<div class=\"slanting-side slanting-del\"><\/div>\t\t\t\n\t<\/div>\n\n\t\n\n\t\t\t\n\t\t\t<\/a>\n\t\t<\/div>\n\t\t\n\t\n<\/div>\n\t\t<\/div>\n\t<\/div>\n\n\t\n\t\n\t<!--<div class=\"slanting-side slanting-del\"><\/div>-->\n<\/div><div id=\"\" class=\"section section-row  margin-large\">\n\t<div class=\"wrapper-small\">\n\t\t<div class=\"grid-row spaced-xlarge default grid-align-center inverse_smartphone\">\n\t\t\n<div class=\"text-dark col-6\">\n\t\t    \n<div class=\"cloth-block-image cloth-anim\" data-parallax-speed=\"\">\n\n\n\t\t<a class=\"media-hover\" href=\"https:\/\/ligna-systems.com\/fr-ca\/notre-savoir-faire\/\" target=\"'_self\">\n\t\t\n\t<div class=\"cloth-image-container cloth-anim-inner  media-ratio-1-1\" style=\"max-width:1024px\">\n\t\t\n\t\t\n\t\t\t<span class=\"media\"><span class=\"media-item\">\t\t\t<img src=\"https:\/\/ligna-systems.com\/wp-content\/uploads\/2024\/03\/131223_ls_jason-7824.webp\" srcset=\"https:\/\/ligna-systems.com\/wp-content\/uploads\/2024\/03\/131223_ls_jason-7824.webp 1680w, https:\/\/ligna-systems.com\/wp-content\/uploads\/2024\/03\/131223_ls_jason-7824-512x768.webp 512w\"  width=\"933\" height=\"1400\" alt=\"131223_ls_jason-7824\" decoding=\"async\" loading=\"lazy\"\/>\t\t\t\t\t\t<\/span><\/span>\n\t\t\n\t\t<div class=\"slanting-side slanting-del\"><\/div>\t\t\t\n\t<\/div>\n\n\t\n\n\t\t\t\n\t\t\t<\/a>\n\t\t<\/div>\n\t\t\n\t\n<\/div>\n\n<div class=\"text-dark col-6\">\n\t\t    \n<span class=\"font-weight-600 h8 uppercase cloth-subtitle colored\">Des questions ? Nous sommes l\u00e0 pour vous !<\/span>\n\n<h4 class=\"wp-block-heading\"><strong><\/strong><strong>Votre ligne directe avec nous !<\/strong><\/h4>\n\n<p>Que ce soit par e-mail, t\u00e9l\u00e9phone ou formulaire de contact, r\u00e9alisons ensemble vos visions et planifions les prochaines \u00e9tapes. Notre \u00e9quipe a h\u00e2te de faire votre connaissance !<\/p>\n\n<div class=\"cloth-spacer-large\"><\/div>\n\n<span class=\"cloth-button\">\n\n\n<a class=\"btn btn-default btn-colored \" href=\"https:\/\/ligna-systems.com\/fr-ca\/contact\/\" target=\"_self\">\n                <span class=\"text\">\n                    <span>Votre contact chez LIGNA systems<\/span>\n                    <span>Votre contact chez LIGNA systems<\/span>\n                <\/span>\n                <span class=\"btn-icon\"><svg class=\"arrow\" version=\"1.1\" fill=\"currentColor\" xmlns=\"http:\/\/www.w3.org\/2000\/svg\" xmlns:xlink=\"http:\/\/www.w3.org\/1999\/xlink\" x=\"0px\" y=\"0px\"\n\t viewBox=\"0 0 24 24\" style=\"enable-background:new 0 0 24 24;\" xml:space=\"preserve\">\n<path d=\"M0.5,13.4h18.4L11,21.2l2,2L23.1,13c0.3-0.3,0.4-0.6,0.4-1c0-0.4-0.1-0.7-0.4-1L13,0.8l-2,2l7.8,7.8H0.5\"><\/path>\n<\/svg>\n<\/span>\n                <span class=\"slanting-side slanting-add\"><\/span>\n            <\/a>\n<\/span>\n\t\t\n\t\n<\/div>\n\t\t<\/div>\n\t<\/div>\n\n\t\n\t\n\t<!--<div class=\"slanting-side slanting-del\"><\/div>-->\n<\/div><div class=\"section section-background text-light margin-none section-background-image\">\n            <div class=\"section-inner\">\n                \n<div id=\"\" class=\"section section-row  margin-large\">\n\t<div class=\"wrapper\">\n\t\t<div class=\"grid-row spaced-medium default grid-align-top\">\n\t\t\n<div class=\"text-dark col-8\">\n\t\t    \n<span class=\"font-weight-600 h8 uppercase cloth-subtitle colored\">Demander une offre<\/span>\n\n<h3 class=\"wp-block-heading\"><strong>\u00cates-vous int\u00e9ress\u00e9 par une structure en bois pour votre projet de construction?<\/strong><\/h3>\n\n<p class=\"intro\">Envoyez-nous votre demande par mail.<\/p>\n\n<div class=\"cloth-spacer-large\"><\/div>\n\n<span class=\"cloth-button\">\n\n\n<a class=\"btn btn-default btn-colored \" href=\"mailto:demande@ligna-systems.com\" target=\"_blank\">\n                <span class=\"text\">\n                    <span>Demander une offre<\/span>\n                    <span>Demander une offre<\/span>\n                <\/span>\n                <span class=\"btn-icon\"><svg class=\"arrow\" version=\"1.1\" fill=\"currentColor\" xmlns=\"http:\/\/www.w3.org\/2000\/svg\" xmlns:xlink=\"http:\/\/www.w3.org\/1999\/xlink\" x=\"0px\" y=\"0px\"\n\t viewBox=\"0 0 24 24\" style=\"enable-background:new 0 0 24 24;\" xml:space=\"preserve\">\n<path d=\"M0.5,13.4h18.4L11,21.2l2,2L23.1,13c0.3-0.3,0.4-0.6,0.4-1c0-0.4-0.1-0.7-0.4-1L13,0.8l-2,2l7.8,7.8H0.5\"><\/path>\n<\/svg>\n<\/span>\n                <span class=\"slanting-side slanting-add\"><\/span>\n            <\/a>\n<\/span>\n\t\t\n\t\n<\/div>\n\t\t<\/div>\n\t<\/div>\n\n\t\n\t\n\t<!--<div class=\"slanting-side slanting-del\"><\/div>-->\n<\/div>\n\n            <\/div>\n\t\t\t\n\t\t\t\n\t\n    <div class=\"section-bg\">\n\t\t<div class=\"section-bg-el imagebg-section\" style=\"background:url(https:\/\/ligna-systems.com\/wp-content\/uploads\/2022\/10\/li-bg_neu.jpg) center center;background-size:cover;\" data-parallax-speed=\"-0.07\"><\/div>\n\t\t\n\t\t\n\t<\/div>\n    \n            <div class=\"slanting-side slanting-del\"><\/div>\n            <div class=\"slanting-side slanting-del slanting-top\"><\/div>\n        <\/div><div class=\"cloth-spacer-large\"><\/div>","protected":false},"excerpt":{"rendered":"","protected":false},"author":15,"featured_media":24809,"parent":0,"menu_order":176,"comment_status":"closed","ping_status":"closed","template":"","meta":{"_acf_changed":false,"footnotes":""},"class_list":["post-26148","page","type-page","status-publish","has-post-thumbnail","hentry"],"acf":[],"_links":{"self":[{"href":"https:\/\/ligna-systems.com\/fr-ca\/wp-json\/wp\/v2\/pages\/26148","targetHints":{"allow":["GET"]}}],"collection":[{"href":"https:\/\/ligna-systems.com\/fr-ca\/wp-json\/wp\/v2\/pages"}],"about":[{"href":"https:\/\/ligna-systems.com\/fr-ca\/wp-json\/wp\/v2\/types\/page"}],"author":[{"embeddable":true,"href":"https:\/\/ligna-systems.com\/fr-ca\/wp-json\/wp\/v2\/users\/15"}],"replies":[{"embeddable":true,"href":"https:\/\/ligna-systems.com\/fr-ca\/wp-json\/wp\/v2\/comments?post=26148"}],"version-history":[{"count":4,"href":"https:\/\/ligna-systems.com\/fr-ca\/wp-json\/wp\/v2\/pages\/26148\/revisions"}],"predecessor-version":[{"id":32952,"href":"https:\/\/ligna-systems.com\/fr-ca\/wp-json\/wp\/v2\/pages\/26148\/revisions\/32952"}],"wp:featuredmedia":[{"embeddable":true,"href":"https:\/\/ligna-systems.com\/fr-ca\/wp-json\/wp\/v2\/media\/24809"}],"wp:attachment":[{"href":"https:\/\/ligna-systems.com\/fr-ca\/wp-json\/wp\/v2\/media?parent=26148"}],"curies":[{"name":"wp","href":"https:\/\/api.w.org\/{rel}","templated":true}]}}