{"id":32022,"date":"2024-09-11T15:44:12","date_gmt":"2024-09-11T13:44:12","guid":{"rendered":"https:\/\/ligna.cloth.be\/?page_id=32022"},"modified":"2025-01-22T11:25:43","modified_gmt":"2025-01-22T10:25:43","slug":"production","status":"publish","type":"page","link":"https:\/\/ligna-systems.com\/en-ca\/our-service\/production\/","title":{"rendered":"Production"},"content":{"rendered":"<div id=\"\" class=\"section section-row  margin-large\">\n\t<div class=\"wrapper-small\">\n\t\t<div class=\"grid-row spaced-medium default grid-align-top\">\n\t\t\n<div class=\"text-dark col-12\">\n\t\t    \n<h2 class=\"wp-block-heading\"><strong>High-Quality European Production<\/strong><\/h2>\n\n<p class=\"intro\">Our production is based in Belgium, in the heart of Europe, ensuring high quality standards and reliable processes. Every project is carried out in our state-of-the-art facility with meticulous attention to detail and maximum efficiency.<\/p>\n\t\t\n\t\n<\/div>\n\t\t<\/div>\n\t<\/div>\n\n\t\n\t\n\t<!--<div class=\"slanting-side slanting-del\"><\/div>-->\n<\/div><div class=\"section section-background text-dark margin-medium section-background-color-grey\">\n            <div class=\"section-inner\">\n                \n<div id=\"\" class=\"section section-row  margin-large\">\n\t<div class=\"wrapper-small\">\n\t\t<div class=\"grid-row spaced-large default grid-align-top\">\n\t\t\n<div class=\"text-dark col-5\">\n\t\t    \n<p class=\"h5\"><strong>Advanced Technologies for Optimal Results<\/strong><\/p>\n\n<p><strong>Cutting-Edge Equipment<\/strong>: Our facilities include Hundegger K2i machines, advanced painting robots for wood processing, precision CNC machines for panel cutting, and plasma cutters for metal components.<br \/><br \/><strong>Quality and Precision<\/strong>: These state-of-the-art technologies ensure consistent, precise manufacturing that meets the highest standards.<\/p>\n\t\t\n\t\n<\/div>\n\n<div class=\"text-dark col-7\">\n\t\t    \n<a class=\"inline-lightcase media-hover\" href=\"https:\/\/ligna-systems.com\/wp-content\/uploads\/2024\/09\/LIGNA-systems-Production.mp4\" data-fancybox=\"fancy-video-\">\n\t<span class=\"open-inline-video\"><span class=\"icon\"><?xml version=\"1.0\" encoding=\"utf-8\"?>\n<!-- Generator: Adobe Illustrator 26.2.1, SVG Export Plug-In . SVG Version: 6.00 Build 0)  -->\n<svg version=\"1.1\" fill=\"currentColor\" id=\"Ebene_1\" xmlns=\"http:\/\/www.w3.org\/2000\/svg\" xmlns:xlink=\"http:\/\/www.w3.org\/1999\/xlink\" x=\"0px\" y=\"0px\"\n\t viewBox=\"0 0 24 24\" style=\"enable-background:new 0 0 24 24;\" xml:space=\"preserve\">\n<path d=\"M3.7,4.4L18.2,12L3.7,19.6V4.4 M2,0.7c-0.5,0-1,0.4-1,1v20.7c0,0.6,0.5,1,1,1c0.2,0,0.3,0,0.5-0.1l20.1-10.5\n\tc0.6-0.3,0.6-1.2,0-1.5L2.5,0.8C2.3,0.7,2.1,0.7,2,0.7L2,0.7z\"><\/path>\n<\/svg>\n<\/span><\/span>\n\t<span class=\"text-inline-video h6\"><span class=\"text\"><\/span><\/span>\n\t<span class=\"close-inline-video\"><span class=\"icon\"><?xml version=\"1.0\" encoding=\"utf-8\"?>\n<!-- Generator: Adobe Illustrator 26.2.1, SVG Export Plug-In . SVG Version: 6.00 Build 0)  -->\n<svg version=\"1.1\" fill=\"currentColor\" xmlns=\"http:\/\/www.w3.org\/2000\/svg\" xmlns:xlink=\"http:\/\/www.w3.org\/1999\/xlink\" x=\"0px\" y=\"0px\"\n\t viewBox=\"0 0 128 128\" style=\"enable-background:new 0 0 128 128;\" xml:space=\"preserve\">\n<polygon points=\"126.6,57.1 70.9,57.1 70.9,1.4 57.1,1.4 57.1,57.1 1.4,57.1 1.4,70.9 57.1,70.9 57.1,126.6 70.9,126.6 70.9,70.9 \n\t126.6,70.9 \"><\/polygon>\n<\/svg>\n<\/span><\/span>\n\t<div class=\"media media-ratio-auto\">\n\t\t<div class=\"media-item\">\n\t\t\t<img loading=\"lazy\" decoding=\"async\" width=\"768\" height=\"499\" src=\"https:\/\/ligna-systems.com\/wp-content\/uploads\/2024\/03\/Production-LIGNA-systems-St.Vith-Belgique-768x499.jpg\" class=\"attachment-thumb_medium size-thumb_medium\" alt=\"\" srcset=\"https:\/\/ligna-systems.com\/wp-content\/uploads\/2024\/03\/Production-LIGNA-systems-St.Vith-Belgique-768x499.jpg 768w, https:\/\/ligna-systems.com\/wp-content\/uploads\/2024\/03\/Production-LIGNA-systems-St.Vith-Belgique-300x195.jpg 300w, https:\/\/ligna-systems.com\/wp-content\/uploads\/2024\/03\/Production-LIGNA-systems-St.Vith-Belgique-1024x665.jpg 1024w, https:\/\/ligna-systems.com\/wp-content\/uploads\/2024\/03\/Production-LIGNA-systems-St.Vith-Belgique-1536x997.jpg 1536w, https:\/\/ligna-systems.com\/wp-content\/uploads\/2024\/03\/Production-LIGNA-systems-St.Vith-Belgique-512x332.jpg 512w, https:\/\/ligna-systems.com\/wp-content\/uploads\/2024\/03\/Production-LIGNA-systems-St.Vith-Belgique-352x229.jpg 352w, https:\/\/ligna-systems.com\/wp-content\/uploads\/2024\/03\/Production-LIGNA-systems-St.Vith-Belgique-600x390.jpg 600w, https:\/\/ligna-systems.com\/wp-content\/uploads\/2024\/03\/Production-LIGNA-systems-St.Vith-Belgique-800x520.jpg 800w, https:\/\/ligna-systems.com\/wp-content\/uploads\/2024\/03\/Production-LIGNA-systems-St.Vith-Belgique.jpg 1600w\" sizes=\"auto, (max-width: 768px) 100vw, 768px\" \/>\t\t<\/div>\n\t<\/div>\n\n\t<div class=\"slanting-side slanting-del\"><\/div><\/a>\n\t\t\n\t\n<\/div>\n\t\t<\/div>\n\t<\/div>\n\n\t\n\t\n\t<!--<div class=\"slanting-side slanting-del\"><\/div>-->\n<\/div>\n\n            <\/div>\n\t\t\t\n\t\t\t\n\t\n    <div class=\"section-bg\">\n\t\t<div class=\"section-bg-el bg-color-grey\"><\/div>\n\t\t\n\t\t\n\t<\/div>\n    \n            <div class=\"slanting-side slanting-del\"><\/div>\n            <div class=\"slanting-side slanting-del slanting-top\"><\/div>\n        <\/div><div class=\"cloth-spacer-mini\"><\/div><div id=\"\" class=\"section section-row  margin-medium\">\n\t<div class=\"wrapper-small\">\n\t\t<div class=\"grid-row spaced-large default grid-align-top\">\n\t\t\n<div class=\"text-dark col-12\">\n\t\t    \n<p class=\"h5\"><strong>Sustainability and Environmental Responsibility<\/strong><\/p>\n\n<p><strong>Certified Wood<\/strong>: We exclusively use wood from sustainably managed forests, thereby reducing the environmental impact of each project.<\/p>\n\n<p><strong>Responsible Production:<\/strong> Our processes are designed to combine industrial efficiency with the preservation of natural resources.<\/p>\n\t\t\n\t\n<\/div>\n\t\t<\/div>\n\t<\/div>\n\n\t\n\t\n\t<!--<div class=\"slanting-side slanting-del\"><\/div>-->\n<\/div><div id=\"\" class=\"section section-row  margin-medium\">\n\t<div class=\"wrapper-small\">\n\t\t<div class=\"grid-row spaced-large default grid-align-top\">\n\t\t\n<div class=\"text-dark col-12\">\n\t\t    \n<p class=\"h5\"><strong>Impressive Production Capabilities<\/strong><\/p>\n\n<p><strong>Large Scale<\/strong>: With an annual production capacity of 1.6 million square feet, we are equipped to handle projects of any size quickly and efficiently.<\/p>\n\n<p><strong>Flexibility<\/strong>: Our facilities are designed to meet the specific needs of each client, ensuring on-time delivery and optimal quality.<\/p>\n\t\t\n\t\n<\/div>\n\t\t<\/div>\n\t<\/div>\n\n\t\n\t\n\t<!--<div class=\"slanting-side slanting-del\"><\/div>-->\n<\/div><div id=\"\" class=\"section section-row  margin-small\">\n\t<div class=\"wrapper-small\">\n\t\t<div class=\"grid-row spaced-large default grid-align-center\">\n\t\t\n<div class=\"text-dark col-6\">\n\t\t    \n<div class=\"cloth-spacer-mini\"><\/div>\n\n<div class=\"cloth-block-image cloth-anim\" data-parallax-speed=\"0.07\">\n\t\t<div class=\"cloth-image-container cloth-anim-inner  media-ratio-1-1\" style=\"max-width:768px\">\n\t\t\t\n\t\t\t\t\t\t\t<span class=\"media 1-1\"><span class=\"media-item\">\t\t\t\t\t\t\t\t\t<video style=\"\" class=\"video-background \" preload=\"auto\" playsinline=\"playsinline\" autoplay=\"autoplay\" loop=\"true\" muted=\"muted\">\n\t\t\t\t\t\t<source src=\"https:\/\/ligna-systems.com\/wp-content\/uploads\/2022\/10\/produktion-hero.mp4\" data-src=\"\" type=\"video\/mp4\"\/><\/video>\n\t\t\t\t\t\t\t\t<\/span><\/span>\t\t\t\n\t\t\t<div class=\"slanting-side slanting-del\"><\/div>\t\t\t\t\n\t\t<\/div>\n\t<\/div>\n\t\t\n\t\n<\/div>\n\n<div class=\"text-dark col-6\">\n\t\t    \n<p class=\"h5\"><strong><\/strong><strong><\/strong><strong>European Precision and Cutting-Edge Technology<\/strong><\/p>\n\n<p>Through automated manufacturing and highly sophisticated equipment, we deliver timber structures that exceed our clients\u2019 expectations. Combining the precision of European technology with craftsmanship excellence, we provide solutions perfectly tailored to your project needs.<\/p>\n\n<div class=\"cloth-spacer-small\"><\/div>\n\n<p class=\"intro colored\">Trust LIGNA systems for superior production that blends sustainability, efficiency, and innovation.<\/p>\n\n<div class=\"cloth-spacer-small\"><\/div>\n\t\t\n\t\n<\/div>\n\t\t<\/div>\n\t<\/div>\n\n\t\n\t\n\t<!--<div class=\"slanting-side slanting-del\"><\/div>-->\n<\/div><div class=\"cloth-spacer-large\"><\/div><div class=\"single-pagination\" data-string=\"Devis Teststring\">\n  <div class=\"single-pagination-inner\">\n\n    <div class=\"prev \">\n      <a href=\"https:\/\/ligna-systems.com\/en-ca\/our-service\/planning\/\">\n        <div class=\"media media-ratio-1-1\">\n                      <div class=\"media-item \">\n              <img decoding=\"async\" src=\"https:\/\/ligna-systems.com\/wp-content\/uploads\/2024\/09\/lignasystems_produktion_zai-frame-at-6m31s-150x150.jpg\" class=\"attachment-thumbnail size-thumbnail wp-post-image\" alt=\"\" srcset=\"https:\/\/ligna-systems.com\/wp-content\/uploads\/2024\/09\/lignasystems_produktion_zai-frame-at-6m31s-150x150.jpg 150w, https:\/\/ligna-systems.com\/wp-content\/uploads\/2024\/09\/lignasystems_produktion_zai-frame-at-6m31s-100x100.jpg 100w\" sizes=\"(max-width: 150px) 100vw, 150px\" \/>            <\/div>\n                    <span class=\"icon\"><svg class=\"arrow\" version=\"1.1\" fill=\"currentColor\" xmlns=\"http:\/\/www.w3.org\/2000\/svg\" xmlns:xlink=\"http:\/\/www.w3.org\/1999\/xlink\" x=\"0px\" y=\"0px\"\n\t viewBox=\"0 0 24 24\" style=\"enable-background:new 0 0 24 24;\" xml:space=\"preserve\">\n<path d=\"M0.5,13.4h18.4L11,21.2l2,2L23.1,13c0.3-0.3,0.4-0.6,0.4-1c0-0.4-0.1-0.7-0.4-1L13,0.8l-2,2l7.8,7.8H0.5\"><\/path>\n<\/svg>\n<\/span>\n        <\/div>\n        <h5 class=\"pagination-title\">Planning<br \/><span class=\"direction-name hit\">\u00c9tape pr\u00e9c\u00e9dente<\/span><\/h5>\n      <\/a>\n    <\/div>\n    <div class=\"back\">\n      <a href=\"https:\/\/ligna-systems.com\/en-ca\/products\/timber-structures\/\" class=\"back-to-grid\" title=\"Zur\u00fcck zur \u00dcbersicht\"><?xml version=\"1.0\" encoding=\"utf-8\"?>\n<!-- Generator: Adobe Illustrator 26.2.1, SVG Export Plug-In . SVG Version: 6.00 Build 0)  -->\n<svg version=\"1.1\" fill=\"currentColor\" xmlns=\"http:\/\/www.w3.org\/2000\/svg\" xmlns:xlink=\"http:\/\/www.w3.org\/1999\/xlink\" x=\"0px\" y=\"0px\"\n\t viewBox=\"0 0 128 128\" style=\"enable-background:new 0 0 128 128;\" xml:space=\"preserve\">\n<polygon points=\"119.7,47.1 119.7,8.3 70.9,8.3 70.9,55.8 \"><\/polygon>\n<polygon points=\"70.9,69.7 70.9,119.7 119.7,119.7 119.7,61.1 \"><\/polygon>\n<polygon points=\"57.1,58.3 57.1,8.3 8.3,8.3 8.3,66.9 \"><\/polygon>\n<polygon points=\"8.3,80.9 8.3,119.7 57.1,119.7 57.1,72.2 \"><\/polygon>\n<\/svg>\n<\/a>\n    <\/div>\n    <div class=\"next \">\n      <a href=\"https:\/\/ligna-systems.com\/en-ca\/our-service\/delivery\/\">\n        <div class=\"media media-ratio-1-1\">\n                      <div class=\"media-item \">\n              <img decoding=\"async\" src=\"https:\/\/ligna-systems.com\/wp-content\/uploads\/2024\/03\/venti-views-1cqIcrWFQBI-unsplash-150x150.jpg\" class=\"attachment-thumbnail size-thumbnail wp-post-image\" alt=\"\" srcset=\"https:\/\/ligna-systems.com\/wp-content\/uploads\/2024\/03\/venti-views-1cqIcrWFQBI-unsplash-150x150.jpg 150w, https:\/\/ligna-systems.com\/wp-content\/uploads\/2024\/03\/venti-views-1cqIcrWFQBI-unsplash-100x100.jpg 100w\" sizes=\"(max-width: 150px) 100vw, 150px\" \/>            <\/div>\n                    <span class=\"icon\"><svg class=\"arrow\" version=\"1.1\" fill=\"currentColor\" xmlns=\"http:\/\/www.w3.org\/2000\/svg\" xmlns:xlink=\"http:\/\/www.w3.org\/1999\/xlink\" x=\"0px\" y=\"0px\"\n\t viewBox=\"0 0 24 24\" style=\"enable-background:new 0 0 24 24;\" xml:space=\"preserve\">\n<path d=\"M0.5,13.4h18.4L11,21.2l2,2L23.1,13c0.3-0.3,0.4-0.6,0.4-1c0-0.4-0.1-0.7-0.4-1L13,0.8l-2,2l7.8,7.8H0.5\"><\/path>\n<\/svg>\n<\/span>\n        <\/div>\n        <h5 class=\"pagination-title\">Delivery<br \/><span class=\"direction-name\">Next step<\/span><\/h5>\n      <\/a>\n    <\/div>\n  <\/div>\n<\/div>","protected":false},"excerpt":{"rendered":"","protected":false},"author":15,"featured_media":31610,"parent":32017,"menu_order":221,"comment_status":"closed","ping_status":"closed","template":"","meta":{"_acf_changed":false,"footnotes":""},"class_list":["post-32022","page","type-page","status-publish","has-post-thumbnail","hentry"],"acf":[],"_links":{"self":[{"href":"https:\/\/ligna-systems.com\/en-ca\/wp-json\/wp\/v2\/pages\/32022","targetHints":{"allow":["GET"]}}],"collection":[{"href":"https:\/\/ligna-systems.com\/en-ca\/wp-json\/wp\/v2\/pages"}],"about":[{"href":"https:\/\/ligna-systems.com\/en-ca\/wp-json\/wp\/v2\/types\/page"}],"author":[{"embeddable":true,"href":"https:\/\/ligna-systems.com\/en-ca\/wp-json\/wp\/v2\/users\/15"}],"replies":[{"embeddable":true,"href":"https:\/\/ligna-systems.com\/en-ca\/wp-json\/wp\/v2\/comments?post=32022"}],"version-history":[{"count":6,"href":"https:\/\/ligna-systems.com\/en-ca\/wp-json\/wp\/v2\/pages\/32022\/revisions"}],"predecessor-version":[{"id":32958,"href":"https:\/\/ligna-systems.com\/en-ca\/wp-json\/wp\/v2\/pages\/32022\/revisions\/32958"}],"up":[{"embeddable":true,"href":"https:\/\/ligna-systems.com\/en-ca\/wp-json\/wp\/v2\/pages\/32017"}],"wp:featuredmedia":[{"embeddable":true,"href":"https:\/\/ligna-systems.com\/en-ca\/wp-json\/wp\/v2\/media\/31610"}],"wp:attachment":[{"href":"https:\/\/ligna-systems.com\/en-ca\/wp-json\/wp\/v2\/media?parent=32022"}],"curies":[{"name":"wp","href":"https:\/\/api.w.org\/{rel}","templated":true}]}}