{"id":32019,"date":"2024-09-11T15:39:40","date_gmt":"2024-09-11T13:39:40","guid":{"rendered":"https:\/\/ligna.cloth.be\/?page_id=32019"},"modified":"2025-01-22T12:13:10","modified_gmt":"2025-01-22T11:13:10","slug":"planning","status":"publish","type":"page","link":"https:\/\/ligna-systems.com\/en-ca\/our-service\/planning\/","title":{"rendered":"Planning"},"content":{"rendered":"<div id=\"\" class=\"section section-row  margin-small\">\n\t<div class=\"wrapper-mini\">\n\t\t<div class=\"grid-row spaced-xlarge default grid-align-top\">\n\t\t\n<div class=\"text-dark col-12\">\n\t\t    \n<h2 class=\"wp-block-heading\"><strong>From Idea to Tailored Solution<\/strong><\/h2>\n\t\t\n\t\n<\/div>\n\t\t<\/div>\n\t<\/div>\n\n\t\n\t\n\t<!--<div class=\"slanting-side slanting-del\"><\/div>-->\n<\/div><div class=\"cloth-spacer-xlarge\"><\/div><div class=\"section section-background text-dark margin-none section-background-color-grey\">\n            <div class=\"section-inner\">\n                \n<div id=\"\" class=\"section section-row  margin-medium\">\n\t<div class=\"wrapper-small\">\n\t\t<div class=\"grid-row spaced-large default grid-align-top\">\n\t\t\n<div class=\"text-dark col-6\">\n\t\t    \n<h3 class=\"wp-block-heading colored\">Design Phase :<\/h3>\n\n<div class=\"cloth-spacer-small\"><\/div>\n\n<p class=\"h5\"><strong>From Idea to Tailored Solution<\/strong><\/p>\n\n<ul class=\"wp-block-list\"><li><strong>Initial Sketch<\/strong>: Starting from a simple sketch including key dimensions (length, width, height), we analyze your needs to establish a solid foundation for your project.<\/li>\n\n<li><strong>Customized Proposal:<\/strong> We quickly develop a tailored proposal adapted to your specific requirements. Our solutions are designed to be cost-effective, optimized, and perfectly aligned with your expectations.<\/li>\n\n<li><strong>Advanced Digital Planning<\/strong>: We provide digital files in 2D (DWG) or 3D (IFC) formats, ensuring seamless integration into your planning tools and precise coordination among all project stakeholders.<\/li><\/ul>\n\t\t\n\t\n<\/div>\n\n<div class=\"text-dark col-6\">\n\t\t    \n<div class=\"cloth-block-image cloth-anim\" data-parallax-speed=\"\">\n\n\n\n\t<div class=\"cloth-image-container cloth-anim-inner  media-ratio-auto\" style=\"max-width:768px\">\n\t\t\n\t\t\n\t\t\t<span class=\"media\"><span class=\"media-item\">\t\t\t<img src=\"https:\/\/ligna-systems.com\/wp-content\/uploads\/2022\/06\/ligna-planung-768x554.jpg\" srcset=\"https:\/\/ligna-systems.com\/wp-content\/uploads\/2022\/06\/ligna-planung-768x554.jpg 1680w, https:\/\/ligna-systems.com\/wp-content\/uploads\/2022\/06\/ligna-planung-512x369.jpg 512w\"  width=\"768\" height=\"554\" alt=\"ligna-planung\" decoding=\"async\" loading=\"lazy\"\/>\t\t\t\t\t\t<\/span><\/span>\n\t\t\n\t\t<div class=\"slanting-side slanting-del\"><\/div>\t\t\t\n\t<\/div>\n\n\t\n\n\t\t\t\n\t<\/div>\n\n<div class=\"cloth-spacer-medium\"><\/div>\n\n<div id=\"\" class=\"section section-row  margin-large\">\n\t<div class=\"wrapper\">\n\t\t<div class=\"grid-row spaced-medium default grid-align-top\">\n\t\t\n<div class=\"text-dark col-3\">\n\t\t    \n\n\t\t\n\t\n<\/div>\n\n<div class=\"text-dark col-9\">\n\t\t    \n<div class=\"cloth-block-image cloth-anim 250px\" data-parallax-speed=\"\">\n\n\n\n\t<div class=\"cloth-image-container cloth-anim-inner  media-ratio-auto\" style=\"max-width:1920px\">\n\t\t\n\t\t\n\t\t\t<span class=\"media\"><span class=\"media-item\">\t\t\t<img src=\"https:\/\/ligna-systems.com\/wp-content\/uploads\/2025\/01\/Stempel_Ingenieur_CANADA_transp.png\" srcset=\"https:\/\/ligna-systems.com\/wp-content\/uploads\/2025\/01\/Stempel_Ingenieur_CANADA_transp.png 1680w, https:\/\/ligna-systems.com\/wp-content\/uploads\/2025\/01\/Stempel_Ingenieur_CANADA_transp.png 768w, https:\/\/ligna-systems.com\/wp-content\/uploads\/2025\/01\/Stempel_Ingenieur_CANADA_transp.png 512w\"  width=\"449\" height=\"339\" alt=\"Stempel_Ingenieur_CANADA_transp\" decoding=\"async\" loading=\"lazy\"\/>\t\t\t\t\t\t<\/span><\/span>\n\t\t\n\t\t<div class=\"slanting-side slanting-del\"><\/div>\t\t\t\n\t<\/div>\n\n\t\n\n\t\t\t\n\t<\/div>\n\n\n\t\t\n\t\n<\/div>\n\t\t<\/div>\n\t<\/div>\n\n\t\n\t\n\t<!--<div class=\"slanting-side slanting-del\"><\/div>-->\n<\/div>\n\t\t\n\t\n<\/div>\n\t\t<\/div>\n\t<\/div>\n\n\t\n\t\n\t<!--<div class=\"slanting-side slanting-del\"><\/div>-->\n<\/div>\n\n<div class=\"cloth-spacer-medium\"><\/div>\n\n<div id=\"\" class=\"section section-row  margin-medium\">\n\t<div class=\"wrapper-small\">\n\t\t<div class=\"grid-row spaced-large default grid-align-top\">\n\t\t\n<div class=\"text-dark col-6\">\n\t\t    \n<div class=\"cloth-block-image cloth-anim\" data-parallax-speed=\"\">\n\n\n\n\t<div class=\"cloth-image-container cloth-anim-inner  media-ratio-auto\" style=\"max-width:1920px\">\n\t\t\n\t\t\n\t\t\t<span class=\"media\"><span class=\"media-item\">\t\t\t<img src=\"https:\/\/ligna-systems.com\/wp-content\/uploads\/2024\/09\/lignasystems_produktion_zai-frame-at-6m19s-1920x1080.jpg\" srcset=\"https:\/\/ligna-systems.com\/wp-content\/uploads\/2024\/09\/lignasystems_produktion_zai-frame-at-6m19s-1920x1080.jpg 1680w, https:\/\/ligna-systems.com\/wp-content\/uploads\/2024\/09\/lignasystems_produktion_zai-frame-at-6m19s-1024x576.jpg 768w, https:\/\/ligna-systems.com\/wp-content\/uploads\/2024\/09\/lignasystems_produktion_zai-frame-at-6m19s-512x288.jpg 512w\"  width=\"1920\" height=\"1080\" alt=\"lignasystems_produktion_zai &#8211; frame at 6m19s\" decoding=\"async\" loading=\"lazy\"\/>\t\t\t\t\t\t<\/span><\/span>\n\t\t\n\t\t<div class=\"slanting-side slanting-del\"><\/div>\t\t\t\n\t<\/div>\n\n\t\n\n\t\t\t\n\t<\/div>\n\t\t\n\t\n<\/div>\n\n<div class=\"text-dark col-6\">\n\t\t    \n<h3 class=\"wp-block-heading colored\">Order Phase :<\/h3>\n\n<div class=\"cloth-spacer-small\"><\/div>\n\n<p class=\"h5\"><strong>In-Depth Technical Analysis and Planning<\/strong><\/p>\n\n<ul class=\"wp-block-list\"><li><strong>Certified Structural Calculations<\/strong>: Our experienced engineers carry out comprehensive analyses, considering statics and fire protection while adhering to local standards.<\/li>\n\n<li><strong>Validated Quality :<\/strong>&nbsp;All calculations and plans are reviewed and approved by a Canadian engineer, ensuring full compliance with regulations and impeccable quality.<\/li><\/ul>\n\t\t\n\t\n<\/div>\n\t\t<\/div>\n\t<\/div>\n\n\t\n\t\n\t<!--<div class=\"slanting-side slanting-del\"><\/div>-->\n<\/div>\n\n            <\/div>\n\t\t\t\n\t\t\t\n\t\n    <div class=\"section-bg\">\n\t\t<div class=\"section-bg-el bg-color-grey\"><\/div>\n\t\t\n\t\t\n\t<\/div>\n    \n            <div class=\"slanting-side slanting-del\"><\/div>\n            <div class=\"slanting-side slanting-del slanting-top\"><\/div>\n        <\/div><div class=\"cloth-spacer-large\"><\/div><div id=\"\" class=\"section section-row  margin-medium\">\n\t<div class=\"wrapper-small\">\n\t\t<div class=\"grid-row spaced-large default grid-align-top\">\n\t\t\n<div class=\"text-dark col-12\">\n\t\t    \n<p class=\"h5\"><strong>Your Vision Realized with Precision and Expertise:<\/strong><\/p>\n\n<p>Combining technical expertise with innovative planning tools, we lay a solid foundation for successful projects. With BIM-compatible files and a customer-focused approach, we turn your ideas into reality while meeting your sustainability, efficiency, and safety requirements.<\/p>\n\n<p>This integrated approach ensures rigorous planning and seamless execution, delivering reliable, aesthetic, and expectation-aligned results.<\/p>\n\n\n\t\t\n\t\n<\/div>\n\t\t<\/div>\n\t<\/div>\n\n\t\n\t\n\t<!--<div class=\"slanting-side slanting-del\"><\/div>-->\n<\/div><div class=\"cloth-spacer-large\"><\/div><div class=\"single-pagination\" data-string=\"Devis Teststring\">\n  <div class=\"single-pagination-inner\">\n\n    <div class=\"prev is-disabled\">\n      <a href=\"#\">\n        <div class=\"media media-ratio-1-1\">\n                    <span class=\"icon\"><svg class=\"arrow\" version=\"1.1\" fill=\"currentColor\" xmlns=\"http:\/\/www.w3.org\/2000\/svg\" xmlns:xlink=\"http:\/\/www.w3.org\/1999\/xlink\" x=\"0px\" y=\"0px\"\n\t viewBox=\"0 0 24 24\" style=\"enable-background:new 0 0 24 24;\" xml:space=\"preserve\">\n<path d=\"M0.5,13.4h18.4L11,21.2l2,2L23.1,13c0.3-0.3,0.4-0.6,0.4-1c0-0.4-0.1-0.7-0.4-1L13,0.8l-2,2l7.8,7.8H0.5\"><\/path>\n<\/svg>\n<\/span>\n        <\/div>\n        <h5 class=\"pagination-title\"><br \/><span class=\"direction-name hit\">\u00c9tape pr\u00e9c\u00e9dente<\/span><\/h5>\n      <\/a>\n    <\/div>\n    <div class=\"back\">\n      <a href=\"https:\/\/ligna-systems.com\/en-ca\/products\/timber-structures\/\" class=\"back-to-grid\" title=\"Zur\u00fcck zur \u00dcbersicht\"><?xml version=\"1.0\" encoding=\"utf-8\"?>\n<!-- Generator: Adobe Illustrator 26.2.1, SVG Export Plug-In . SVG Version: 6.00 Build 0)  -->\n<svg version=\"1.1\" fill=\"currentColor\" xmlns=\"http:\/\/www.w3.org\/2000\/svg\" xmlns:xlink=\"http:\/\/www.w3.org\/1999\/xlink\" x=\"0px\" y=\"0px\"\n\t viewBox=\"0 0 128 128\" style=\"enable-background:new 0 0 128 128;\" xml:space=\"preserve\">\n<polygon points=\"119.7,47.1 119.7,8.3 70.9,8.3 70.9,55.8 \"><\/polygon>\n<polygon points=\"70.9,69.7 70.9,119.7 119.7,119.7 119.7,61.1 \"><\/polygon>\n<polygon points=\"57.1,58.3 57.1,8.3 8.3,8.3 8.3,66.9 \"><\/polygon>\n<polygon points=\"8.3,80.9 8.3,119.7 57.1,119.7 57.1,72.2 \"><\/polygon>\n<\/svg>\n<\/a>\n    <\/div>\n    <div class=\"next \">\n      <a href=\"https:\/\/ligna-systems.com\/en-ca\/our-service\/production\/\">\n        <div class=\"media media-ratio-1-1\">\n                      <div class=\"media-item \">\n              <img decoding=\"async\" src=\"https:\/\/ligna-systems.com\/wp-content\/uploads\/2024\/03\/Production-LIGNA-systems-St.Vith-Belgique-150x150.jpg\" class=\"attachment-thumbnail size-thumbnail wp-post-image\" alt=\"\" srcset=\"https:\/\/ligna-systems.com\/wp-content\/uploads\/2024\/03\/Production-LIGNA-systems-St.Vith-Belgique-150x150.jpg 150w, https:\/\/ligna-systems.com\/wp-content\/uploads\/2024\/03\/Production-LIGNA-systems-St.Vith-Belgique-100x100.jpg 100w\" sizes=\"(max-width: 150px) 100vw, 150px\" \/>            <\/div>\n                    <span class=\"icon\"><svg class=\"arrow\" version=\"1.1\" fill=\"currentColor\" xmlns=\"http:\/\/www.w3.org\/2000\/svg\" xmlns:xlink=\"http:\/\/www.w3.org\/1999\/xlink\" x=\"0px\" y=\"0px\"\n\t viewBox=\"0 0 24 24\" style=\"enable-background:new 0 0 24 24;\" xml:space=\"preserve\">\n<path d=\"M0.5,13.4h18.4L11,21.2l2,2L23.1,13c0.3-0.3,0.4-0.6,0.4-1c0-0.4-0.1-0.7-0.4-1L13,0.8l-2,2l7.8,7.8H0.5\"><\/path>\n<\/svg>\n<\/span>\n        <\/div>\n        <h5 class=\"pagination-title\">Production<br \/><span class=\"direction-name\">Next step<\/span><\/h5>\n      <\/a>\n    <\/div>\n  <\/div>\n<\/div>","protected":false},"excerpt":{"rendered":"","protected":false},"author":15,"featured_media":24808,"parent":32017,"menu_order":202,"comment_status":"closed","ping_status":"closed","template":"","meta":{"_acf_changed":false,"footnotes":""},"class_list":["post-32019","page","type-page","status-publish","has-post-thumbnail","hentry"],"acf":[],"_links":{"self":[{"href":"https:\/\/ligna-systems.com\/en-ca\/wp-json\/wp\/v2\/pages\/32019","targetHints":{"allow":["GET"]}}],"collection":[{"href":"https:\/\/ligna-systems.com\/en-ca\/wp-json\/wp\/v2\/pages"}],"about":[{"href":"https:\/\/ligna-systems.com\/en-ca\/wp-json\/wp\/v2\/types\/page"}],"author":[{"embeddable":true,"href":"https:\/\/ligna-systems.com\/en-ca\/wp-json\/wp\/v2\/users\/15"}],"replies":[{"embeddable":true,"href":"https:\/\/ligna-systems.com\/en-ca\/wp-json\/wp\/v2\/comments?post=32019"}],"version-history":[{"count":13,"href":"https:\/\/ligna-systems.com\/en-ca\/wp-json\/wp\/v2\/pages\/32019\/revisions"}],"predecessor-version":[{"id":33001,"href":"https:\/\/ligna-systems.com\/en-ca\/wp-json\/wp\/v2\/pages\/32019\/revisions\/33001"}],"up":[{"embeddable":true,"href":"https:\/\/ligna-systems.com\/en-ca\/wp-json\/wp\/v2\/pages\/32017"}],"wp:featuredmedia":[{"embeddable":true,"href":"https:\/\/ligna-systems.com\/en-ca\/wp-json\/wp\/v2\/media\/24808"}],"wp:attachment":[{"href":"https:\/\/ligna-systems.com\/en-ca\/wp-json\/wp\/v2\/media?parent=32019"}],"curies":[{"name":"wp","href":"https:\/\/api.w.org\/{rel}","templated":true}]}}