{"id":34409,"date":"2022-07-05T22:26:15","date_gmt":"2022-07-05T20:26:15","guid":{"rendered":"https:\/\/ligna-systems.com\/?page_id=34409"},"modified":"2025-04-09T13:54:25","modified_gmt":"2025-04-09T11:54:25","slug":"juridiske-oplysninger","status":"publish","type":"page","link":"https:\/\/ligna-systems.com\/da\/juridiske-oplysninger\/","title":{"rendered":"Juridiske oplysninger"},"content":{"rendered":"<h4 class=\"wp-block-heading\"><strong>Ansvarlig udgiver:<\/strong><\/h4><h6 class=\"wp-block-heading\">&nbsp;LIGNA parts AG<\/h6><p>Mercatorstrasse 16<br \/>4780 St. Vith<br \/>Belgien<br \/>BE 0806 041 393<\/p><h4 class=\"wp-block-heading\"><strong>Ophavsret<\/strong><\/h4><p>\u00a9 LIGNA systems\u00ae<br \/>&#8211; Alle rettigheder forbeholdes &#8211;<\/p><p>Alt indhold p\u00e5 dette websted (tekster, data, illustrationer, billeder, grafik, logoer, produktbeskrivelser osv.) er beskyttet af ophavsret. Alle n\u00e6vnte firma- og m\u00e6rkenavne samt deres varem\u00e6rker tilh\u00f8rer deres respektive ejere og anvendes udelukkende til produktidentifikation og -beskrivelse.<\/p><h4 class=\"wp-block-heading\"><strong>Ansvarsfraskrivelse<\/strong><\/h4><p>Alle oplysninger p\u00e5 dette websted er omhyggeligt unders\u00f8gt. Udgiveren p\u00e5tager sig dog intet ansvar for n\u00f8jagtigheden af de angivne oplysninger. P\u00e5 trods af grundig indholdskontrol p\u00e5tager vi os intet ansvar for indholdet af eksterne links. Operat\u00f8rerne af de linkede sider er alene ansvarlige for deres indhold. Hvis du opdager fejl eller forkerte oplysninger p\u00e5 dette websted, bedes du informere os skriftligt.<\/p>","protected":false},"excerpt":{"rendered":"Ansvarlig udgiver: &nbsp;LIGNA parts AG Mercatorstrasse 164780 St. VithBelgienBE 0806 041 393 Ophavsret \u00a9 LIGNA systems\u00ae&#8211; Alle rettigheder forbeholdes &#8211; Alt indhold p\u00e5 dette websted (tekster, data, illustrationer, billeder, grafik, logoer, produktbeskrivelser osv.) er beskyttet af ophavsret. Alle n\u00e6vnte firma- og m\u00e6rkenavne samt deres varem\u00e6rker tilh\u00f8rer deres respektive ejere og anvendes udelukkende til produktidentifikation og [&hellip;]","protected":false},"author":15,"featured_media":0,"parent":0,"menu_order":125,"comment_status":"closed","ping_status":"closed","template":"","meta":{"_acf_changed":false,"footnotes":""},"class_list":["post-34409","page","type-page","status-publish","hentry"],"acf":[],"_links":{"self":[{"href":"https:\/\/ligna-systems.com\/da\/wp-json\/wp\/v2\/pages\/34409","targetHints":{"allow":["GET"]}}],"collection":[{"href":"https:\/\/ligna-systems.com\/da\/wp-json\/wp\/v2\/pages"}],"about":[{"href":"https:\/\/ligna-systems.com\/da\/wp-json\/wp\/v2\/types\/page"}],"author":[{"embeddable":true,"href":"https:\/\/ligna-systems.com\/da\/wp-json\/wp\/v2\/users\/15"}],"replies":[{"embeddable":true,"href":"https:\/\/ligna-systems.com\/da\/wp-json\/wp\/v2\/comments?post=34409"}],"version-history":[{"count":1,"href":"https:\/\/ligna-systems.com\/da\/wp-json\/wp\/v2\/pages\/34409\/revisions"}],"predecessor-version":[{"id":34410,"href":"https:\/\/ligna-systems.com\/da\/wp-json\/wp\/v2\/pages\/34409\/revisions\/34410"}],"wp:attachment":[{"href":"https:\/\/ligna-systems.com\/da\/wp-json\/wp\/v2\/media?parent=34409"}],"curies":[{"name":"wp","href":"https:\/\/api.w.org\/{rel}","templated":true}]}}