{"id":34399,"date":"2023-02-13T13:07:28","date_gmt":"2023-02-13T12:07:28","guid":{"rendered":"https:\/\/ligna-systems.com\/?page_id=34399"},"modified":"2025-04-09T14:00:16","modified_gmt":"2025-04-09T12:00:16","slug":"fortrolighedspolitik","status":"publish","type":"page","link":"https:\/\/ligna-systems.com\/da\/fortrolighedspolitik\/","title":{"rendered":"Fortrolighedspolitik"},"content":{"rendered":"<h4 class=\"wp-block-heading\"><strong>Opbevaring af adgangsdata i serverlogfiler<\/strong><\/h4><p>Du kan bes\u00f8ge vores hjemmeside uden at angive personlige oplysninger. Vi gemmer kun adgangsdata i s\u00e5kaldte serverlogfiler, f.eks. navnet p\u00e5 den \u00f8nskede fil, dato og tidspunkt for adgang, m\u00e6ngden af overf\u00f8rte data og den anmodende udbyder. Disse data bruges udelukkende til at sikre en problemfri drift af webstedet og til at forbedre vores tjenester. De giver os ikke mulighed for at identificere dig personligt.<\/p><h4 class=\"wp-block-heading\"><strong>Indsamling og brug af data til kontraktbehandling<\/strong><\/h4><p>Vi indsamler personoplysninger, n\u00e5r du frivilligt giver os dem, f.eks. n\u00e5r du kontakter os (f.eks. via kontaktformular eller e-mail), eller n\u00e5r du opretter en kundekonto. Den type data, der indsamles, fremg\u00e5r af de anvendte inputformularer. Vi bruger udelukkende de data, du giver os, til at behandle dine anmodninger.<\/p><p>N\u00e5r kontrakten er fuldf\u00f8rt, eller din kundekonto er slettet, blokeres dine data for yderligere brug og slettes efter de opbevaringsperioder, der kr\u00e6ves i henhold til skatte- og handelslovgivningen, medmindre du udtrykkeligt har givet samtykke til yderligere dataanvendelse, eller vi har juridisk tilladelse til at opbevare og bruge dataene ud over dette. Du kan til enhver tid slette din kundekonto ved at kontakte os ved hj\u00e6lp af de oplysninger, der er angivet i den juridiske meddelelse.<\/p><h4 class=\"wp-block-heading\"><strong>Brug af data til abonnement p\u00e5 e-mail-nyhedsbrev<\/strong><\/h4><p>Hvis du abonnerer p\u00e5 vores nyhedsbrev, bruger vi de data, der kr\u00e6ves eller leveres separat af dig, til at sende dig vores nyhedsbrev regelm\u00e6ssigt via e-mail, baseret p\u00e5 dit samtykke. Du kan til enhver tid afmelde nyhedsbrevet via linket i nyhedsbrevet eller ved at kontakte os direkte ved hj\u00e6lp af de oplysninger, der er angivet i den juridiske meddelelse.<\/p><h4 class=\"wp-block-heading\"><strong>Brug af data til postreklamer og din ret til at g\u00f8re indsigelse<\/strong><\/h4><p>Vi forbeholder os ret til at gemme og bruge dit for- og efternavn, din postadresse og, hvis du har oplyst dem, din titel, akademiske grad, f\u00f8dsels\u00e5r og professionelle eller forretningsm\u00e6ssige titel til vores egne reklameform\u00e5l. Dette omfatter at sende dig interessante tilbud og oplysninger om vores produkter med posten. Du kan til enhver tid g\u00f8re indsigelse mod opbevaring og brug af dine data til disse form\u00e5l ved at kontakte os ved hj\u00e6lp af de oplysninger, der er angivet i den juridiske meddelelse.<\/p><h4 class=\"wp-block-heading\"><strong>Brug af cookies<\/strong><\/h4><p>For at g\u00f8re vores hjemmeside mere attraktiv og for at muligg\u00f8re brugen af visse funktioner bruger vi cookies p\u00e5 forskellige sider. Det er sm\u00e5 tekstfiler, der gemmes p\u00e5 din enhed. Nogle af de cookies, vi bruger, slettes, n\u00e5r din browsersession slutter (sessionscookies). Andre cookies forbliver p\u00e5 din enhed og giver os mulighed for at genkende din browser, n\u00e6ste gang du bes\u00f8ger os (permanente cookies).<\/p><p>Du kan konfigurere din browser til at blive informeret om indstillingen af cookies og beslutte individuelt, om du vil acceptere dem eller udelukke accept af cookies i visse tilf\u00e6lde eller generelt. Hvis cookies ikke accepteres, kan funktionaliteten p\u00e5 vores hjemmeside v\u00e6re begr\u00e6nset.<\/p><h4 class=\"wp-block-heading\"><strong>Brug af Google (Universal) Analytics til webanalyse<\/strong><\/h4><p>De oplysninger, der genereres om din brug af dette websted, overf\u00f8res normalt til en Google-server i USA og gemmes der. Ved at aktivere IP-anonymisering p\u00e5 dette websted forkortes din IP-adresse f\u00f8r overf\u00f8rsel inden for medlemslandene i Den Europ\u00e6iske Union eller andre kontraherende stater i aftalen om Det Europ\u00e6iske \u00d8konomiske Samarbejdsomr\u00e5de.<\/p><p>The information generated about your use of this website is usually transmitted to a Google server in the USA and stored there. By activating IP anonymization on this website, your IP address is shortened before transmission within member states of the European Union or other contracting states of the Agreement on the European Economic Area.<\/p><p>I undtagelsestilf\u00e6lde kan den fulde IP-adresse overf\u00f8res til en Google-server i USA og forkortes der. Den anonymiserede IP-adresse, der overf\u00f8res af din browser som en del af Google Analytics, flettes ikke med andre Google-data.<\/p><p>Du kan forhindre Googles indsamling af data genereret af cookien og relateret til din brug af webstedet (herunder din IP-adresse) samt Googles behandling af disse data ved at downloade og installere det browser-plugin, der er tilg\u00e6ngeligt p\u00e5 f\u00f8lgende link:<br \/><a>http:\/\/tools.google.com\/dlpage\/gaoptout?hl=en<\/a><\/p><p>Alternativt kan du klikke p\u00e5 dette link for at forhindre fremtidig dataindsamling fra Google Analytics p\u00e5 dette websted. En opt-out-cookie vil blive sat p\u00e5 din enhed. Hvis du sletter dine cookies, skal du klikke p\u00e5 linket igen.<\/p><h4 class=\"wp-block-heading\"><strong>Sikker overf\u00f8rsel af data<\/strong><\/h4><p>Dine personlige data overf\u00f8res sikkert ved hj\u00e6lp af kryptering. Dette g\u00e6lder for dine ordrer og kundelogins. Vi bruger SSL-kryptering (Secure Socket Layer). Derudover beskytter vi vores websteder og andre systemer mod datatab, \u00f8del\u00e6ggelse, uautoriseret adgang, \u00e6ndring eller distribution gennem tekniske og organisatoriske foranstaltninger.<\/p><h4 class=\"wp-block-heading\"><strong>Ret til information og kontakt<\/strong><\/h4><p>Du har ret til at anmode om gratis information om de data, vi gemmer om dig, samt ret til at rette, blokere eller slette disse data, hvis det er n\u00f8dvendigt. Hvis du har sp\u00f8rgsm\u00e5l om dataindsamling, -behandling eller -brug, eller hvis du \u00f8nsker at rette, blokere eller slette dine data, tr\u00e6kke dit samtykke tilbage eller g\u00f8re indsigelse mod specifik dataanvendelse, bedes du kontakte os direkte ved hj\u00e6lp af de oplysninger, der er angivet i vores juridiske meddelelse.<\/p><p><strong>Cookies<\/strong><\/p><p><script id=\"CookieDeclaration\" src=\"https:\/\/consent.cookiebot.com\/38c9399a-fc1c-4e25-a4d5-d3f28e79ec09\/cd.js\" type=\"text\/javascript\" async=\"\"><\/script><\/p>","protected":false},"excerpt":{"rendered":"Opbevaring af adgangsdata i serverlogfiler Du kan bes\u00f8ge vores hjemmeside uden at angive personlige oplysninger. Vi gemmer kun adgangsdata i s\u00e5kaldte serverlogfiler, f.eks. navnet p\u00e5 den \u00f8nskede fil, dato og tidspunkt for adgang, m\u00e6ngden af overf\u00f8rte data og den anmodende udbyder. Disse data bruges udelukkende til at sikre en problemfri drift af webstedet og til [&hellip;]","protected":false},"author":15,"featured_media":0,"parent":0,"menu_order":92,"comment_status":"closed","ping_status":"closed","template":"","meta":{"_acf_changed":false,"footnotes":""},"class_list":["post-34399","page","type-page","status-publish","hentry"],"acf":[],"_links":{"self":[{"href":"https:\/\/ligna-systems.com\/da\/wp-json\/wp\/v2\/pages\/34399","targetHints":{"allow":["GET"]}}],"collection":[{"href":"https:\/\/ligna-systems.com\/da\/wp-json\/wp\/v2\/pages"}],"about":[{"href":"https:\/\/ligna-systems.com\/da\/wp-json\/wp\/v2\/types\/page"}],"author":[{"embeddable":true,"href":"https:\/\/ligna-systems.com\/da\/wp-json\/wp\/v2\/users\/15"}],"replies":[{"embeddable":true,"href":"https:\/\/ligna-systems.com\/da\/wp-json\/wp\/v2\/comments?post=34399"}],"version-history":[{"count":4,"href":"https:\/\/ligna-systems.com\/da\/wp-json\/wp\/v2\/pages\/34399\/revisions"}],"predecessor-version":[{"id":34412,"href":"https:\/\/ligna-systems.com\/da\/wp-json\/wp\/v2\/pages\/34399\/revisions\/34412"}],"wp:attachment":[{"href":"https:\/\/ligna-systems.com\/da\/wp-json\/wp\/v2\/media?parent=34399"}],"curies":[{"name":"wp","href":"https:\/\/api.w.org\/{rel}","templated":true}]}}