{"id":34390,"date":"2022-05-13T12:55:02","date_gmt":"2022-05-13T10:55:02","guid":{"rendered":"https:\/\/ligna-systems.com\/?page_id=34390"},"modified":"2025-04-09T14:41:13","modified_gmt":"2025-04-09T12:41:13","slug":"jobs","status":"publish","type":"page","link":"https:\/\/ligna-systems.com\/da\/jobs\/","title":{"rendered":"Jobs"},"content":{"rendered":"<div id=\"\" class=\"section section-row  margin-large\">\n\t<div class=\"wrapper-small\">\n\t\t<div class=\"grid-row spaced-xlarge default grid-align-center\">\n\t\t\n<div class=\"text-dark col-12\">\n\t\t    \n<h4 class=\"wp-block-heading\"><strong><\/strong><strong>Hvad du kan forvente, n\u00e5r du arbejder hos LIGNA systems<\/strong>:<\/h4>\n\n<ul class=\"wp-block-list spaced\"><li>Muligheden for at opleve og forme innovationer inden for tr\u00e6konstruktion p\u00e5 n\u00e6rt hold, mens du arbejder med de nyeste teknikker, processer og maskiner i branchen.<\/li>\n\n<li>En stilling i en internationalt aktiv virksomhed, der konstant udforsker nye markeder.<\/li>\n\n<li>Arbejdet med det b\u00e6redygtige byggemateriale tr\u00e6, som er utroligt alsidigt.<\/li>\n\n<li>Et famili\u00e6rt og teamorienteret arbejdsmilj\u00f8 med flade hierarkier.<\/li>\n\n<li>Skr\u00e6ddersyede udviklingsmuligheder og chancen for at bidrage til sp\u00e6ndende storskala-projekter.<\/li><\/ul>\n\t\t\n\t\n<\/div>\n\t\t<\/div>\n\t<\/div>\n\n\t\n\t\n\t<!--<div class=\"slanting-side slanting-del\"><\/div>-->\n<\/div><div id=\"\" class=\"section section-row  margin-large\">\n\t<div class=\"wrapper-small\">\n\t\t<div class=\"grid-row spaced-medium default grid-align-top\">\n\t\t\n<div class=\"text-dark col-12\">\n\t\t    \n<h3 class=\"wp-block-heading\"><strong><\/strong><strong><\/strong><strong>Vores ledige stillinger<\/strong><\/h3>\n\n<div class=\"cloth-spacer-medium\"><\/div>\n\n<div class=\"fs-filter\">\n    <div class=\"filter-title\">Nach Standorte filtern:<\/div>\n    <ul class=\"fs-filter-list\">\n        <li><a href=\"#all\" class=\"do-filter is-active\" data-filter-rel=\"*\" data-rel=\"jobs\">Alle<\/a><\/li>\n                <li><a href=\"#Aachen (DE) \/ Home-Office\" class=\"do-filter\" data-rel=\"jobs\" data-filter-rel=\"274\">Aachen (DE) \/ Home-Office<\/a><\/li>\n                <li><a href=\"#Beiler (LU)\" class=\"do-filter\" data-rel=\"jobs\" data-filter-rel=\"117\">Beiler (LU)<\/a><\/li>\n                <li><a href=\"#St.Vith (BE)\" class=\"do-filter\" data-rel=\"jobs\" data-filter-rel=\"119\">St.Vith (BE)<\/a><\/li>\n                <li><a href=\"#Sherbrooke (CA)\" class=\"do-filter\" data-rel=\"jobs\" data-filter-rel=\"120\">Sherbrooke (CA)<\/a><\/li>\n            <\/ul>\n<\/div>    \n<div class=\"cloth-spacer-medium\"><\/div>\n\n<div class=\"job-grid grid-row bordered spaced-medium filter-group\" data-rel=\"jobs\">\n    <div class=\"job-item filter-item col-12 slanting-hover\" data-filter-rel=\"::274::\">\n        <a href=\"https:\/\/ligna-systems.com\/da\/job\/ingenieur-civil-departement-engineering\/\" class=\"column-link\"><\/a>\n\n        <div class=\"job-content\">\n            <div class=\"job-name\"><h4 class=\"item-name\">Ing\u00e9nieur Civil \u2013 D\u00e9partement Engineering <small> M\/W\/D <\/small><\/h4><\/div>\n            <div class=\"job-meta\">\n                <span class=\"job-engagment\">Vollzeit<\/span>                                    <span class=\"job-location\">Aachen (DE) \/ Home-Office<\/span>\n                                <span class=\"job-arrow\"><svg class=\"arrow\" version=\"1.1\" fill=\"currentColor\" xmlns=\"http:\/\/www.w3.org\/2000\/svg\" xmlns:xlink=\"http:\/\/www.w3.org\/1999\/xlink\" x=\"0px\" y=\"0px\"\n\t viewBox=\"0 0 24 24\" style=\"enable-background:new 0 0 24 24;\" xml:space=\"preserve\">\n<path d=\"M0.5,13.4h18.4L11,21.2l2,2L23.1,13c0.3-0.3,0.4-0.6,0.4-1c0-0.4-0.1-0.7-0.4-1L13,0.8l-2,2l7.8,7.8H0.5\"><\/path>\n<\/svg>\n<\/span>\n            <\/div>\n        <\/div>\n            \n    <\/div>\n    <div class=\"job-item filter-item col-12 slanting-hover\" data-filter-rel=\"::119::\">\n        <a href=\"https:\/\/ligna-systems.com\/da\/job\/maschinenfuehrer\/\" class=\"column-link\"><\/a>\n\n        <div class=\"job-content\">\n            <div class=\"job-name\"><h4 class=\"item-name\">Maschinenf\u00fchrer <small> M\/W\/D <\/small><\/h4><\/div>\n            <div class=\"job-meta\">\n                <span class=\"job-engagment\">Vollzeit<\/span>                                    <span class=\"job-location\">St.Vith (BE)<\/span>\n                                <span class=\"job-arrow\"><svg class=\"arrow\" version=\"1.1\" fill=\"currentColor\" xmlns=\"http:\/\/www.w3.org\/2000\/svg\" xmlns:xlink=\"http:\/\/www.w3.org\/1999\/xlink\" x=\"0px\" y=\"0px\"\n\t viewBox=\"0 0 24 24\" style=\"enable-background:new 0 0 24 24;\" xml:space=\"preserve\">\n<path d=\"M0.5,13.4h18.4L11,21.2l2,2L23.1,13c0.3-0.3,0.4-0.6,0.4-1c0-0.4-0.1-0.7-0.4-1L13,0.8l-2,2l7.8,7.8H0.5\"><\/path>\n<\/svg>\n<\/span>\n            <\/div>\n        <\/div>\n            \n    <\/div>\n    <div class=\"job-item filter-item col-12 slanting-hover\" data-filter-rel=\"::119::\">\n        <a href=\"https:\/\/ligna-systems.com\/da\/job\/produktionsmitarbeiter\/\" class=\"column-link\"><\/a>\n\n        <div class=\"job-content\">\n            <div class=\"job-name\"><h4 class=\"item-name\">Produktionsmitarbeiter <small> M\/W\/D <\/small><\/h4><\/div>\n            <div class=\"job-meta\">\n                <span class=\"job-engagment\">Vollzeit<\/span>                                    <span class=\"job-location\">St.Vith (BE)<\/span>\n                                <span class=\"job-arrow\"><svg class=\"arrow\" version=\"1.1\" fill=\"currentColor\" xmlns=\"http:\/\/www.w3.org\/2000\/svg\" xmlns:xlink=\"http:\/\/www.w3.org\/1999\/xlink\" x=\"0px\" y=\"0px\"\n\t viewBox=\"0 0 24 24\" style=\"enable-background:new 0 0 24 24;\" xml:space=\"preserve\">\n<path d=\"M0.5,13.4h18.4L11,21.2l2,2L23.1,13c0.3-0.3,0.4-0.6,0.4-1c0-0.4-0.1-0.7-0.4-1L13,0.8l-2,2l7.8,7.8H0.5\"><\/path>\n<\/svg>\n<\/span>\n            <\/div>\n        <\/div>\n            \n    <\/div>\n<\/div>\n\t\t\n\t\n<\/div>\n\t\t<\/div>\n\t<\/div>\n\n\t\n\t\n\t<!--<div class=\"slanting-side slanting-del\"><\/div>-->\n<\/div><div class=\"cloth-spacer-large\"><\/div><div id=\"\" class=\"section section-row  margin-large\">\n\t<div class=\"wrapper\">\n\t\t<div class=\"grid-row spaced-medium default grid-align-top\">\n\t\t\n<div class=\"text-dark col-12\">\n\t\t    \n<div class=\"cloth-block-image cloth-anim\" data-parallax-speed=\"\">\n\n\n\n\t<div class=\"cloth-image-container cloth-anim-inner  media-ratio-auto\" style=\"max-width:1920px\">\n\t\t\n\t\t\n\t\t\t<span class=\"media\"><span class=\"media-item\">\t\t\t<img src=\"https:\/\/ligna-systems.com\/wp-content\/uploads\/2025\/01\/ligna_systems_gruppenfoto_LR-1920x931.jpg\" srcset=\"https:\/\/ligna-systems.com\/wp-content\/uploads\/2025\/01\/ligna_systems_gruppenfoto_LR-1920x931.jpg 1680w, https:\/\/ligna-systems.com\/wp-content\/uploads\/2025\/01\/ligna_systems_gruppenfoto_LR-1024x496.jpg 768w, https:\/\/ligna-systems.com\/wp-content\/uploads\/2025\/01\/ligna_systems_gruppenfoto_LR-512x248.jpg 512w\"  width=\"1920\" height=\"931\" alt=\"ligna_systems_gruppenfoto_LR\" decoding=\"async\" loading=\"lazy\"\/>\t\t\t\t\t\t<\/span><\/span>\n\t\t\n\t\t<div class=\"slanting-side slanting-del\"><\/div>\t\t\t\n\t<\/div>\n\n\t\n\n\t\t\t\n\t<\/div>\n\t\t\n\t\n<\/div>\n\t\t<\/div>\n\t<\/div>\n\n\t\n\t\n\t<!--<div class=\"slanting-side slanting-del\"><\/div>-->\n<\/div><div id=\"\" class=\"section section-row  margin-large negative-margin-3\">\n\t<div class=\"wrapper-small\">\n\t\t<div class=\"grid-row spaced-large bordered grid-align-top\">\n\t\t\n<div class=\"text-dark col-6\">\n\t\t    \n<h4 class=\"wp-block-heading\"><strong>Ingen ledige stillinger, der passer?<\/strong><\/h4>\n\n<p>Ingen problem! Du kan altid sende en uopfordret ans\u00f8gning. Uanset om du er en erfaren fagperson, der \u00f8nsker et karriereskift, eller en nyuddannet studerende, tilbyder LIGNA systems mange muligheder.<\/p>\n\t\t\n\t\n<\/div>\n\n<div class=\"text-dark col-6\">\n\t\t    \n<h4 class=\"wp-block-heading colored\"><strong>Ans\u00f8g nu<\/strong><\/h4>\n\n<p>Send os dine ans\u00f8gningsdokumenter via e-mail p\u00e5 <a href=\"mailto:m.nielsen@ligna-systems.com\">m.nielsen@ligna-systems.com<\/a>\u00a0eller kontakt os telefonisk p\u00e5 <a href=\"tel:22 70 50 83\"><strong>22 70 50 83<\/strong><\/a>n<\/p>\n\n<p>Din kontaktperson: Hr. <strong>Mathias Nielsen<\/strong><\/p>\n\n<p><strong>Vi ser frem til at modtage din ans\u00f8gning!<\/strong><\/p>\n\n<div class=\"cloth-spacer-medium\"><\/div>\n\n<span class=\"cloth-button\">\n\n\n<a class=\"btn btn-default btn-colored \" href=\"mailto:m.nielsen@ligna-systems.com\" target=\"_self\">\n                <span class=\"text\">\n                    <span>Ans\u00f8g nu<\/span>\n                    <span>Ans\u00f8g nu<\/span>\n                <\/span>\n                <span class=\"btn-icon\"><svg class=\"arrow\" version=\"1.1\" fill=\"currentColor\" xmlns=\"http:\/\/www.w3.org\/2000\/svg\" xmlns:xlink=\"http:\/\/www.w3.org\/1999\/xlink\" x=\"0px\" y=\"0px\"\n\t viewBox=\"0 0 24 24\" style=\"enable-background:new 0 0 24 24;\" xml:space=\"preserve\">\n<path d=\"M0.5,13.4h18.4L11,21.2l2,2L23.1,13c0.3-0.3,0.4-0.6,0.4-1c0-0.4-0.1-0.7-0.4-1L13,0.8l-2,2l7.8,7.8H0.5\"><\/path>\n<\/svg>\n<\/span>\n                <span class=\"slanting-side slanting-add\"><\/span>\n            <\/a>\n<\/span>\n\t\t\n\t\n<\/div>\n\t\t<\/div>\n\t<\/div>\n\n\t\n\t\n\t<!--<div class=\"slanting-side slanting-del\"><\/div>-->\n<\/div>","protected":false},"excerpt":{"rendered":"","protected":false},"author":15,"featured_media":0,"parent":0,"menu_order":123,"comment_status":"closed","ping_status":"closed","template":"","meta":{"_acf_changed":false,"footnotes":""},"class_list":["post-34390","page","type-page","status-publish","hentry"],"acf":[],"_links":{"self":[{"href":"https:\/\/ligna-systems.com\/da\/wp-json\/wp\/v2\/pages\/34390","targetHints":{"allow":["GET"]}}],"collection":[{"href":"https:\/\/ligna-systems.com\/da\/wp-json\/wp\/v2\/pages"}],"about":[{"href":"https:\/\/ligna-systems.com\/da\/wp-json\/wp\/v2\/types\/page"}],"author":[{"embeddable":true,"href":"https:\/\/ligna-systems.com\/da\/wp-json\/wp\/v2\/users\/15"}],"replies":[{"embeddable":true,"href":"https:\/\/ligna-systems.com\/da\/wp-json\/wp\/v2\/comments?post=34390"}],"version-history":[{"count":4,"href":"https:\/\/ligna-systems.com\/da\/wp-json\/wp\/v2\/pages\/34390\/revisions"}],"predecessor-version":[{"id":34413,"href":"https:\/\/ligna-systems.com\/da\/wp-json\/wp\/v2\/pages\/34390\/revisions\/34413"}],"wp:attachment":[{"href":"https:\/\/ligna-systems.com\/da\/wp-json\/wp\/v2\/media?parent=34390"}],"curies":[{"name":"wp","href":"https:\/\/api.w.org\/{rel}","templated":true}]}}