{"id":34359,"date":"2024-10-10T14:48:51","date_gmt":"2024-10-10T12:48:51","guid":{"rendered":"https:\/\/ligna-systems.com\/?page_id=34359"},"modified":"2025-04-09T11:45:56","modified_gmt":"2025-04-09T09:45:56","slug":"downloads","status":"publish","type":"page","link":"https:\/\/ligna-systems.com\/da\/downloads\/","title":{"rendered":"Downloads"},"content":{"rendered":"<div class=\"cloth-spacer-xlarge\"><\/div><div class=\"cloth-spacer-xlarge\"><\/div><section class=\"block-download\">\n\t\t\t\t\t\t\t\t                <h4>The Company<\/h4>\n\t\t\t\t\t\t                <ul class=\"download-list\">\n\t\t\t\t\t\t\t\t\t\t\t\t\t\t\t\t\t                            <li class=\"download-item\">\n                            <span class=\"cloth-button\">\n                                <a class=\"btn btn-default btn-colored\" target=\"_blank\" href=\"https:\/\/ligna-systems.com\/wp-content\/uploads\/2024\/10\/LIGNA_Broschuere_DE_2024.pdf\">\n                                    <span class=\"btn-icon\">\n                                        <svg class=\"arrow\" version=\"1.1\" fill=\"currentColor\" xmlns=\"http:\/\/www.w3.org\/2000\/svg\" xmlns:xlink=\"http:\/\/www.w3.org\/1999\/xlink\" x=\"0px\" y=\"0px\" viewBox=\"0 0 24 24\"\n                                             style=\"enable-background:new 0 0 24 24;\" xml:space=\"preserve\">\n                                            <path d=\"M0.5,13.4h18.4L11,21.2l2,2L23.1,13c0.3-0.3,0.4-0.6,0.4-1c0-0.4-0.1-0.7-0.4-1L13,0.8l-2,2l7.8,7.8H0.5\"><\/path>\n                                        <\/svg>\n                                    <\/span>\n                                    <span class=\"text\">\n                                        <span>Brosch\u00fcre LIGNA systems (DEUTSCH) ( pdf &#8211; 2 M )<\/span>\n                                        <span>Brosch\u00fcre LIGNA systems (DEUTSCH) ( pdf &#8211; 2 M )<\/span>\n                                    <\/span>\n                                    <span class=\"slanting-side slanting-add\"><\/span>\n                                 <\/a>\n                            <\/span>\n\t\t\t\t\t\t                        <\/li>\n\t\t\t\t\t                <\/ul>\n\t\t\t\t\t\t\t\t\t\t\t                <h4>Products<\/h4>\n\t\t\t\t\t\t                <ul class=\"download-list\">\n\t\t\t\t\t\t\t\t\t\t\t\t\t\t\t\t\t                            <li class=\"download-item\">\n                            <span class=\"cloth-button\">\n                                <a class=\"btn btn-default btn-colored\" target=\"_blank\" href=\"https:\/\/ligna-systems.com\/wp-content\/uploads\/2024\/12\/LIGNA_Timber-structures_brochure_EN.pdf\">\n                                    <span class=\"btn-icon\">\n                                        <svg class=\"arrow\" version=\"1.1\" fill=\"currentColor\" xmlns=\"http:\/\/www.w3.org\/2000\/svg\" xmlns:xlink=\"http:\/\/www.w3.org\/1999\/xlink\" x=\"0px\" y=\"0px\" viewBox=\"0 0 24 24\"\n                                             style=\"enable-background:new 0 0 24 24;\" xml:space=\"preserve\">\n                                            <path d=\"M0.5,13.4h18.4L11,21.2l2,2L23.1,13c0.3-0.3,0.4-0.6,0.4-1c0-0.4-0.1-0.7-0.4-1L13,0.8l-2,2l7.8,7.8H0.5\"><\/path>\n                                        <\/svg>\n                                    <\/span>\n                                    <span class=\"text\">\n                                        <span>LIGNA_Timber-structures_brochure_EN ( pdf &#8211; 3 M )<\/span>\n                                        <span>LIGNA_Timber-structures_brochure_EN ( pdf &#8211; 3 M )<\/span>\n                                    <\/span>\n                                    <span class=\"slanting-side slanting-add\"><\/span>\n                                 <\/a>\n                            <\/span>\n\t\t\t\t\t\t                        <\/li>\n\t\t\t\t\t\t\t\t\t\t\t\t\t\t\t\t\t                            <li class=\"download-item\">\n                            <span class=\"cloth-button\">\n                                <a class=\"btn btn-default btn-colored\" target=\"_blank\" href=\"https:\/\/ligna-systems.com\/wp-content\/uploads\/2024\/12\/LIGNA_Structures-en-bois_brochure_FR.pdf\">\n                                    <span class=\"btn-icon\">\n                                        <svg class=\"arrow\" version=\"1.1\" fill=\"currentColor\" xmlns=\"http:\/\/www.w3.org\/2000\/svg\" xmlns:xlink=\"http:\/\/www.w3.org\/1999\/xlink\" x=\"0px\" y=\"0px\" viewBox=\"0 0 24 24\"\n                                             style=\"enable-background:new 0 0 24 24;\" xml:space=\"preserve\">\n                                            <path d=\"M0.5,13.4h18.4L11,21.2l2,2L23.1,13c0.3-0.3,0.4-0.6,0.4-1c0-0.4-0.1-0.7-0.4-1L13,0.8l-2,2l7.8,7.8H0.5\"><\/path>\n                                        <\/svg>\n                                    <\/span>\n                                    <span class=\"text\">\n                                        <span>LIGNA_Structures-en-bois_brochure_FR ( pdf &#8211; 3 M )<\/span>\n                                        <span>LIGNA_Structures-en-bois_brochure_FR ( pdf &#8211; 3 M )<\/span>\n                                    <\/span>\n                                    <span class=\"slanting-side slanting-add\"><\/span>\n                                 <\/a>\n                            <\/span>\n\t\t\t\t\t\t                        <\/li>\n\t\t\t\t\t\t\t\t\t\t\t\t\t\t\t\t\t                            <li class=\"download-item\">\n                            <span class=\"cloth-button\">\n                                <a class=\"btn btn-default btn-colored\" target=\"_blank\" href=\"https:\/\/ligna-systems.com\/wp-content\/uploads\/2024\/12\/LIGNA_Broschuere_Holztragewerke_DE.pdf\">\n                                    <span class=\"btn-icon\">\n                                        <svg class=\"arrow\" version=\"1.1\" fill=\"currentColor\" xmlns=\"http:\/\/www.w3.org\/2000\/svg\" xmlns:xlink=\"http:\/\/www.w3.org\/1999\/xlink\" x=\"0px\" y=\"0px\" viewBox=\"0 0 24 24\"\n                                             style=\"enable-background:new 0 0 24 24;\" xml:space=\"preserve\">\n                                            <path d=\"M0.5,13.4h18.4L11,21.2l2,2L23.1,13c0.3-0.3,0.4-0.6,0.4-1c0-0.4-0.1-0.7-0.4-1L13,0.8l-2,2l7.8,7.8H0.5\"><\/path>\n                                        <\/svg>\n                                    <\/span>\n                                    <span class=\"text\">\n                                        <span>LIGNA_Brosch\u00fcre_Holztragewerke_DE ( pdf &#8211; 3 M )<\/span>\n                                        <span>LIGNA_Brosch\u00fcre_Holztragewerke_DE ( pdf &#8211; 3 M )<\/span>\n                                    <\/span>\n                                    <span class=\"slanting-side slanting-add\"><\/span>\n                                 <\/a>\n                            <\/span>\n\t\t\t\t\t\t                        <\/li>\n\t\t\t\t\t\t\t\t\t\t\t\t\t\t\t\t\t                            <li class=\"download-item\">\n                            <span class=\"cloth-button\">\n                                <a class=\"btn btn-default btn-colored\" target=\"_blank\" href=\"https:\/\/ligna-systems.com\/wp-content\/uploads\/2024\/12\/Ligna_brochure_Houtendraagstructuur_NL.pdf\">\n                                    <span class=\"btn-icon\">\n                                        <svg class=\"arrow\" version=\"1.1\" fill=\"currentColor\" xmlns=\"http:\/\/www.w3.org\/2000\/svg\" xmlns:xlink=\"http:\/\/www.w3.org\/1999\/xlink\" x=\"0px\" y=\"0px\" viewBox=\"0 0 24 24\"\n                                             style=\"enable-background:new 0 0 24 24;\" xml:space=\"preserve\">\n                                            <path d=\"M0.5,13.4h18.4L11,21.2l2,2L23.1,13c0.3-0.3,0.4-0.6,0.4-1c0-0.4-0.1-0.7-0.4-1L13,0.8l-2,2l7.8,7.8H0.5\"><\/path>\n                                        <\/svg>\n                                    <\/span>\n                                    <span class=\"text\">\n                                        <span>Ligna_brochure_Houtendraagstructuur_NL ( pdf &#8211; 3 M )<\/span>\n                                        <span>Ligna_brochure_Houtendraagstructuur_NL ( pdf &#8211; 3 M )<\/span>\n                                    <\/span>\n                                    <span class=\"slanting-side slanting-add\"><\/span>\n                                 <\/a>\n                            <\/span>\n\t\t\t\t\t\t                        <\/li>\n\t\t\t\t\t                <\/ul>\n\t\t\t\t\t\t\t\t\t\t\t                <h4>Sustainability<\/h4>\n\t\t\t\t\t\t                <ul class=\"download-list\">\n\t\t\t\t\t\t\t\t\t\t\t\t\t\t\t\t\t                            <li class=\"download-item\">\n                            <span class=\"cloth-button\">\n                                <a class=\"btn btn-default btn-colored\" target=\"_blank\" href=\"https:\/\/ligna-systems.com\/wp-content\/uploads\/2024\/10\/LIGNA-Nachhaltigkeitskonzept_LR.pdf\">\n                                    <span class=\"btn-icon\">\n                                        <svg class=\"arrow\" version=\"1.1\" fill=\"currentColor\" xmlns=\"http:\/\/www.w3.org\/2000\/svg\" xmlns:xlink=\"http:\/\/www.w3.org\/1999\/xlink\" x=\"0px\" y=\"0px\" viewBox=\"0 0 24 24\"\n                                             style=\"enable-background:new 0 0 24 24;\" xml:space=\"preserve\">\n                                            <path d=\"M0.5,13.4h18.4L11,21.2l2,2L23.1,13c0.3-0.3,0.4-0.6,0.4-1c0-0.4-0.1-0.7-0.4-1L13,0.8l-2,2l7.8,7.8H0.5\"><\/path>\n                                        <\/svg>\n                                    <\/span>\n                                    <span class=\"text\">\n                                        <span>LIGNA systems Nachhaltigkeitskonzept (Deutsch) ( pdf &#8211; 479 K )<\/span>\n                                        <span>LIGNA systems Nachhaltigkeitskonzept (Deutsch) ( pdf &#8211; 479 K )<\/span>\n                                    <\/span>\n                                    <span class=\"slanting-side slanting-add\"><\/span>\n                                 <\/a>\n                            <\/span>\n\t\t\t\t\t\t                        <\/li>\n\t\t\t\t\t\t\t\t\t\t\t\t\t\t\t\t\t                            <li class=\"download-item\">\n                            <span class=\"cloth-button\">\n                                <a class=\"btn btn-default btn-colored\" target=\"_blank\" href=\"https:\/\/ligna-systems.com\/wp-content\/uploads\/2025\/07\/LIGNA-Strategie-Zirkulaeres-Bauen.pdf\">\n                                    <span class=\"btn-icon\">\n                                        <svg class=\"arrow\" version=\"1.1\" fill=\"currentColor\" xmlns=\"http:\/\/www.w3.org\/2000\/svg\" xmlns:xlink=\"http:\/\/www.w3.org\/1999\/xlink\" x=\"0px\" y=\"0px\" viewBox=\"0 0 24 24\"\n                                             style=\"enable-background:new 0 0 24 24;\" xml:space=\"preserve\">\n                                            <path d=\"M0.5,13.4h18.4L11,21.2l2,2L23.1,13c0.3-0.3,0.4-0.6,0.4-1c0-0.4-0.1-0.7-0.4-1L13,0.8l-2,2l7.8,7.8H0.5\"><\/path>\n                                        <\/svg>\n                                    <\/span>\n                                    <span class=\"text\">\n                                        <span>LIGNA &#8211; Strategie Zirkul\u00e4res Bauen (Deutsch) ( pdf &#8211; 2 M )<\/span>\n                                        <span>LIGNA &#8211; Strategie Zirkul\u00e4res Bauen (Deutsch) ( pdf &#8211; 2 M )<\/span>\n                                    <\/span>\n                                    <span class=\"slanting-side slanting-add\"><\/span>\n                                 <\/a>\n                            <\/span>\n\t\t\t\t\t\t                        <\/li>\n\t\t\t\t\t\t\t\t\t\t\t\t\t\t\t\t\t                            <li class=\"download-item\">\n                            <span class=\"cloth-button\">\n                                <a class=\"btn btn-default btn-colored\" target=\"_blank\" href=\"https:\/\/ligna-systems.com\/wp-content\/uploads\/2024\/07\/LIGNA-Langlebigkeit-von-Holz.pdf\">\n                                    <span class=\"btn-icon\">\n                                        <svg class=\"arrow\" version=\"1.1\" fill=\"currentColor\" xmlns=\"http:\/\/www.w3.org\/2000\/svg\" xmlns:xlink=\"http:\/\/www.w3.org\/1999\/xlink\" x=\"0px\" y=\"0px\" viewBox=\"0 0 24 24\"\n                                             style=\"enable-background:new 0 0 24 24;\" xml:space=\"preserve\">\n                                            <path d=\"M0.5,13.4h18.4L11,21.2l2,2L23.1,13c0.3-0.3,0.4-0.6,0.4-1c0-0.4-0.1-0.7-0.4-1L13,0.8l-2,2l7.8,7.8H0.5\"><\/path>\n                                        <\/svg>\n                                    <\/span>\n                                    <span class=\"text\">\n                                        <span>Langlebigkeit Holz (Deutsch) ( pdf &#8211; 882 K )<\/span>\n                                        <span>Langlebigkeit Holz (Deutsch) ( pdf &#8211; 882 K )<\/span>\n                                    <\/span>\n                                    <span class=\"slanting-side slanting-add\"><\/span>\n                                 <\/a>\n                            <\/span>\n\t\t\t\t\t\t                        <\/li>\n\t\t\t\t\t\t\t\t\t\t\t\t\t\t\t\t\t                            <li class=\"download-item\">\n                            <span class=\"cloth-button\">\n                                <a class=\"btn btn-default btn-colored\" target=\"_blank\" href=\"https:\/\/ligna-systems.com\/wp-content\/uploads\/2024\/12\/LIGNA-Concept-de-durabilite_LR.pdf\">\n                                    <span class=\"btn-icon\">\n                                        <svg class=\"arrow\" version=\"1.1\" fill=\"currentColor\" xmlns=\"http:\/\/www.w3.org\/2000\/svg\" xmlns:xlink=\"http:\/\/www.w3.org\/1999\/xlink\" x=\"0px\" y=\"0px\" viewBox=\"0 0 24 24\"\n                                             style=\"enable-background:new 0 0 24 24;\" xml:space=\"preserve\">\n                                            <path d=\"M0.5,13.4h18.4L11,21.2l2,2L23.1,13c0.3-0.3,0.4-0.6,0.4-1c0-0.4-0.1-0.7-0.4-1L13,0.8l-2,2l7.8,7.8H0.5\"><\/path>\n                                        <\/svg>\n                                    <\/span>\n                                    <span class=\"text\">\n                                        <span>LIGNA Concept de durabilit\u00e9 (Fran\u00e7ais) ( pdf &#8211; 538 K )<\/span>\n                                        <span>LIGNA Concept de durabilit\u00e9 (Fran\u00e7ais) ( pdf &#8211; 538 K )<\/span>\n                                    <\/span>\n                                    <span class=\"slanting-side slanting-add\"><\/span>\n                                 <\/a>\n                            <\/span>\n\t\t\t\t\t\t                        <\/li>\n\t\t\t\t\t\t\t\t\t\t\t\t\t\t\t\t\t                            <li class=\"download-item\">\n                            <span class=\"cloth-button\">\n                                <a class=\"btn btn-default btn-colored\" target=\"_blank\" href=\"https:\/\/ligna-systems.com\/wp-content\/uploads\/2024\/12\/LIGNA-Sustainability_Concept_LR.pdf\">\n                                    <span class=\"btn-icon\">\n                                        <svg class=\"arrow\" version=\"1.1\" fill=\"currentColor\" xmlns=\"http:\/\/www.w3.org\/2000\/svg\" xmlns:xlink=\"http:\/\/www.w3.org\/1999\/xlink\" x=\"0px\" y=\"0px\" viewBox=\"0 0 24 24\"\n                                             style=\"enable-background:new 0 0 24 24;\" xml:space=\"preserve\">\n                                            <path d=\"M0.5,13.4h18.4L11,21.2l2,2L23.1,13c0.3-0.3,0.4-0.6,0.4-1c0-0.4-0.1-0.7-0.4-1L13,0.8l-2,2l7.8,7.8H0.5\"><\/path>\n                                        <\/svg>\n                                    <\/span>\n                                    <span class=\"text\">\n                                        <span>LIGNA Sustainability Concept (English) ( pdf &#8211; 533 K )<\/span>\n                                        <span>LIGNA Sustainability Concept (English) ( pdf &#8211; 533 K )<\/span>\n                                    <\/span>\n                                    <span class=\"slanting-side slanting-add\"><\/span>\n                                 <\/a>\n                            <\/span>\n\t\t\t\t\t\t                        <\/li>\n\t\t\t\t\t\t\t\t\t\t\t\t\t\t\t\t\t                            <li class=\"download-item\">\n                            <span class=\"cloth-button\">\n                                <a class=\"btn btn-default btn-colored\" target=\"_blank\" href=\"https:\/\/ligna-systems.com\/wp-content\/uploads\/2024\/12\/LIGNA-duurzaamheidsprincipes_LR.pdf\">\n                                    <span class=\"btn-icon\">\n                                        <svg class=\"arrow\" version=\"1.1\" fill=\"currentColor\" xmlns=\"http:\/\/www.w3.org\/2000\/svg\" xmlns:xlink=\"http:\/\/www.w3.org\/1999\/xlink\" x=\"0px\" y=\"0px\" viewBox=\"0 0 24 24\"\n                                             style=\"enable-background:new 0 0 24 24;\" xml:space=\"preserve\">\n                                            <path d=\"M0.5,13.4h18.4L11,21.2l2,2L23.1,13c0.3-0.3,0.4-0.6,0.4-1c0-0.4-0.1-0.7-0.4-1L13,0.8l-2,2l7.8,7.8H0.5\"><\/path>\n                                        <\/svg>\n                                    <\/span>\n                                    <span class=\"text\">\n                                        <span>LIGNA Duurzaamheidsprincipes (Nederlands) ( pdf &#8211; 538 K )<\/span>\n                                        <span>LIGNA Duurzaamheidsprincipes (Nederlands) ( pdf &#8211; 538 K )<\/span>\n                                    <\/span>\n                                    <span class=\"slanting-side slanting-add\"><\/span>\n                                 <\/a>\n                            <\/span>\n\t\t\t\t\t\t                        <\/li>\n\t\t\t\t\t                <\/ul>\n\t\t\t\t\t\t\t\t\t\t\t                <h4>Certificates<\/h4>\n\t\t\t\t\t\t                <ul class=\"download-list\">\n\t\t\t\t\t\t\t\t\t\t\t\t\t\t\t\t\t                            <li class=\"download-item\">\n                            <span class=\"cloth-button\">\n                                <a class=\"btn btn-default btn-colored\" target=\"_blank\" href=\"https:\/\/ligna-systems.com\/wp-content\/uploads\/2024\/10\/DGNB_Mitgliedsurkunde.pdf\">\n                                    <span class=\"btn-icon\">\n                                        <svg class=\"arrow\" version=\"1.1\" fill=\"currentColor\" xmlns=\"http:\/\/www.w3.org\/2000\/svg\" xmlns:xlink=\"http:\/\/www.w3.org\/1999\/xlink\" x=\"0px\" y=\"0px\" viewBox=\"0 0 24 24\"\n                                             style=\"enable-background:new 0 0 24 24;\" xml:space=\"preserve\">\n                                            <path d=\"M0.5,13.4h18.4L11,21.2l2,2L23.1,13c0.3-0.3,0.4-0.6,0.4-1c0-0.4-0.1-0.7-0.4-1L13,0.8l-2,2l7.8,7.8H0.5\"><\/path>\n                                        <\/svg>\n                                    <\/span>\n                                    <span class=\"text\">\n                                        <span>DGNB Mitglied  ( pdf &#8211; 276 K )<\/span>\n                                        <span>DGNB Mitglied  ( pdf &#8211; 276 K )<\/span>\n                                    <\/span>\n                                    <span class=\"slanting-side slanting-add\"><\/span>\n                                 <\/a>\n                            <\/span>\n\t\t\t\t\t\t                        <\/li>\n\t\t\t\t\t                <\/ul>\n\t\t\t\t\t    <\/section><div class=\"cloth-spacer-xlarge\"><\/div><div class=\"cloth-spacer-xlarge\"><\/div><section  class=\"section section-in-section \">\n    <div class=\"wrapper\">\n\t\t\n        <div class=\"section section-background text-light margin-none section-background-image\">\n            <div class=\"section-inner\">\n                \n<div id=\"\" class=\"section section-row  margin-large\">\n\t<div class=\"wrapper-small\">\n\t\t<div class=\"grid-row spaced-medium default grid-align-top\">\n\t\t\n<div class=\"text-dark col-12\">\n\t\t    \n<span class=\"font-weight-600 h8 uppercase cloth-subtitle colored\">Din direkte kontakt til os<\/span>\n\n<h3 class=\"wp-block-heading\"><strong>Sp\u00f8rgsm\u00e5l? Vi er her for at hj\u00e6lpe!<\/strong><\/h3>\n\n<p class=\"intro\">Har du planer, id\u00e9er eller specifikke visioner for dit byggeprojekt over 1.000 m\u00b2? Eller s\u00f8ger du yderligere information? Lad os sammen oms\u00e6tte din vision til virkelighed og planl\u00e6gge de n\u00e6ste skridt. Vores team ser frem til at m\u00f8de dig!<\/p>\n\n<p class=\"intro\"><\/p>\n\n<div class=\"cloth-spacer-large\"><\/div>\n\n<span class=\"cloth-button\">\n\n\n<a class=\"btn btn-default btn-colored \" href=\"https:\/\/ligna-systems.com\/da\/kontakt\/\" target=\"_blank\">\n                <span class=\"text\">\n                    <span>Din kontakt hos LIGNA systems i Danmark<\/span>\n                    <span>Din kontakt hos LIGNA systems i Danmark<\/span>\n                <\/span>\n                <span class=\"btn-icon\"><svg class=\"arrow\" version=\"1.1\" fill=\"currentColor\" xmlns=\"http:\/\/www.w3.org\/2000\/svg\" xmlns:xlink=\"http:\/\/www.w3.org\/1999\/xlink\" x=\"0px\" y=\"0px\"\n\t viewBox=\"0 0 24 24\" style=\"enable-background:new 0 0 24 24;\" xml:space=\"preserve\">\n<path d=\"M0.5,13.4h18.4L11,21.2l2,2L23.1,13c0.3-0.3,0.4-0.6,0.4-1c0-0.4-0.1-0.7-0.4-1L13,0.8l-2,2l7.8,7.8H0.5\"><\/path>\n<\/svg>\n<\/span>\n                <span class=\"slanting-side slanting-add\"><\/span>\n            <\/a>\n<\/span>\n\t\t\n\t\n<\/div>\n\t\t<\/div>\n\t<\/div>\n\n\t\n\t\n\t<!--<div class=\"slanting-side slanting-del\"><\/div>-->\n<\/div>\n\n            <\/div>\n\t\t\t\n\t\t\t\n\t\n    <div class=\"section-bg\">\n\t\t<div class=\"section-bg-el imagebg-section\" style=\"background:url(https:\/\/ligna-systems.com\/wp-content\/uploads\/2022\/10\/li-bg_neu.jpg) center center;background-size:cover;\" data-parallax-speed=\"-0.07\"><\/div>\n\t\t\n\t\t\n\t<\/div>\n    \n            <div class=\"slanting-side slanting-del\"><\/div>\n            <div class=\"slanting-side slanting-del slanting-top\"><\/div>\n        <\/div>\n\t\t\n\t\t    <\/div>\n<\/section>","protected":false},"excerpt":{"rendered":"","protected":false},"author":15,"featured_media":0,"parent":0,"menu_order":77,"comment_status":"closed","ping_status":"closed","template":"","meta":{"_acf_changed":false,"footnotes":""},"class_list":["post-34359","page","type-page","status-publish","hentry"],"acf":[],"_links":{"self":[{"href":"https:\/\/ligna-systems.com\/da\/wp-json\/wp\/v2\/pages\/34359","targetHints":{"allow":["GET"]}}],"collection":[{"href":"https:\/\/ligna-systems.com\/da\/wp-json\/wp\/v2\/pages"}],"about":[{"href":"https:\/\/ligna-systems.com\/da\/wp-json\/wp\/v2\/types\/page"}],"author":[{"embeddable":true,"href":"https:\/\/ligna-systems.com\/da\/wp-json\/wp\/v2\/users\/15"}],"replies":[{"embeddable":true,"href":"https:\/\/ligna-systems.com\/da\/wp-json\/wp\/v2\/comments?post=34359"}],"version-history":[{"count":2,"href":"https:\/\/ligna-systems.com\/da\/wp-json\/wp\/v2\/pages\/34359\/revisions"}],"predecessor-version":[{"id":34361,"href":"https:\/\/ligna-systems.com\/da\/wp-json\/wp\/v2\/pages\/34359\/revisions\/34361"}],"wp:attachment":[{"href":"https:\/\/ligna-systems.com\/da\/wp-json\/wp\/v2\/media?parent=34359"}],"curies":[{"name":"wp","href":"https:\/\/api.w.org\/{rel}","templated":true}]}}