{"id":34315,"date":"2022-05-13T12:48:02","date_gmt":"2022-05-13T10:48:02","guid":{"rendered":"https:\/\/ligna-systems.com\/?page_id=34315"},"modified":"2025-04-09T11:24:15","modified_gmt":"2025-04-09T09:24:15","slug":"om-os","status":"publish","type":"page","link":"https:\/\/ligna-systems.com\/da\/om-os\/","title":{"rendered":"Om os"},"content":{"rendered":"<div class=\"cloth-spacer-xlarge\"><\/div><div id=\"\" class=\"section section-row  margin-large\">\n\t<div class=\"wrapper-small\">\n\t\t<div class=\"grid-row spaced-medium default grid-align-top\">\n\t\t\n<div class=\"text-dark col-12\">\n\t\t    \n<h2 class=\"wp-block-heading colored\">LIGNA systems: Eksperter i modul\u00e6re tr\u00e6konstruktioner<\/h2>\n\n\n\t\t\n\t\n<\/div>\n\t\t<\/div>\n\t<\/div>\n\n\t\n\t\n\t<!--<div class=\"slanting-side slanting-del\"><\/div>-->\n<\/div><div id=\"\" class=\"section section-row  margin-small\">\n\t<div class=\"wrapper-small\">\n\t\t<div class=\"grid-row spaced-xlarge default grid-align-top\">\n\t\t\n<div class=\"text-dark col-12\">\n\t\t    \n<div class=\"cloth-block-image cloth-anim\" data-parallax-speed=\"\">\n\n\n\n\t<div class=\"cloth-image-container cloth-anim-inner  media-ratio-auto\" style=\"max-width:768px\">\n\t\t\n\t\t\n\t\t\t<span class=\"media\"><span class=\"media-item\">\t\t\t<img src=\"https:\/\/ligna-systems.com\/wp-content\/uploads\/2025\/04\/MNHuse_Logo-768x306.jpg\" srcset=\"https:\/\/ligna-systems.com\/wp-content\/uploads\/2025\/04\/MNHuse_Logo-768x306.jpg 1680w, https:\/\/ligna-systems.com\/wp-content\/uploads\/2025\/04\/MNHuse_Logo-512x204.jpg 512w\"  width=\"768\" height=\"306\" alt=\"MNHuse_Logo\" decoding=\"async\" loading=\"lazy\"\/>\t\t\t\t\t\t<\/span><\/span>\n\t\t\n\t\t<div class=\"slanting-side slanting-del\"><\/div>\t\t\t\n\t<\/div>\n\n\t\n\n\t\t\t\n\t<\/div>\n\n<div class=\"cloth-spacer-xlarge\"><\/div>\n\n<h3 class=\"wp-block-heading\"><strong>Eksklusiv import\u00f8r af tr\u00e6konstruktioner fra LIGNA systems i Danmark<\/strong><br \/><\/h3>\n\n<div class=\"cloth-spacer-xlarge\"><\/div>\n\n<div id=\"\" class=\"section section-row  margin-large\">\n\t<div class=\"wrapper-full\">\n\t\t<div class=\"grid-row spaced-medium default grid-align-top\">\n\t\t\n<div class=\"text-dark col-6\">\n\t\t    \n<p class=\"intro\">Virksomheden MN Huse er en stabil og valid samarbejdspartner i byggebranchen. Siden 2016 har vi haft en st\u00e6rk tilstedev\u00e6relse i hjertet af vestjylland omkring Holstebro, og vores aktiviteter d\u00e6kker hele Danmark med opgaver i hele landet. Vores professionalisme og seri\u00f8sitet har gjort det muligt for os at levere god kvalitet til en konkurrencedygtig pris. Vi bestr\u00e6ber os altid p\u00e5 at levere et godt resultat til aftalt tid.<\/p>\n\n<p class=\"intro\">I dag bygger virksomheden p\u00e5 solid erfaring i byggebranchen og et team p\u00e5 omkring 5 veluddannede og engagerede medarbejdere.<\/p>\n\t\t\n\t\n<\/div>\n\n<div class=\"text-dark col-6\">\n\t\t    \n<div class=\"cloth-block-image cloth-anim\" data-parallax-speed=\"\">\n\n\n\n\t<div class=\"cloth-image-container cloth-anim-inner  media-ratio-auto\" style=\"max-width:352px\">\n\t\t\n\t\t\n\t\t\t<span class=\"media\"><span class=\"media-item\">\t\t\t<img src=\"https:\/\/ligna-systems.com\/wp-content\/uploads\/2025\/04\/Mathias_MNHuse-352x352.jpg\" srcset=\"https:\/\/ligna-systems.com\/wp-content\/uploads\/2025\/04\/Mathias_MNHuse-352x352.jpg 1680w\"  width=\"352\" height=\"352\" alt=\"Mathias_MNHuse\" decoding=\"async\" loading=\"lazy\"\/>\t\t\t\t\t\t<\/span><\/span>\n\t\t\n\t\t<div class=\"slanting-side slanting-del\"><\/div>\t\t\t\n\t<\/div>\n\n\t\n\n\t\t\t\n\t<\/div>\n\n<p>Mathias Nielsen <br \/>Ejer hos MN Huse og Sales Manager Denmark<\/p>\n\t\t\n\t\n<\/div>\n\t\t<\/div>\n\t<\/div>\n\n\t\n\t\n\t<!--<div class=\"slanting-side slanting-del\"><\/div>-->\n<\/div>\n\t\t\n\t\n<\/div>\n\t\t<\/div>\n\t<\/div>\n\n\t\n\t\n\t<!--<div class=\"slanting-side slanting-del\"><\/div>-->\n<\/div><div class=\"cloth-spacer-xlarge\"><\/div><div id=\"\" class=\"section section-row  margin-small\">\n\t<div class=\"wrapper-small\">\n\t\t<div class=\"grid-row spaced-xlarge default grid-align-top\">\n\t\t\n<div class=\"text-dark col-12\">\n\t\t    \n<h3 class=\"wp-block-heading\"><strong>Om MN Huse og LIGNA systems<\/strong><br \/><\/h3>\n\n<div class=\"cloth-spacer-large\"><\/div>\n\n<p class=\"quote h4 colored\"><strong><\/strong><strong>Et eksklusivt partnerskab for innovative og b\u00e6redygtige tr\u00e6konstruktioner<\/strong><br \/><\/p>\n\n<p>MN Huse er stolt over at v\u00e6re den eksklusive partner for LIGNA systems i Danmark. Virksomheden, der er baseret i Holstebro, drager fordel af LIGNA systems\u2019 internationale ekspertise som en globalt anerkendt leder inden for innovative og b\u00e6redygtige tr\u00e6konstruktioner.<\/p>\n\n<div class=\"cloth-spacer-large\"><\/div>\n\n<p class=\"quote h4 colored\"><strong><\/strong><strong>Vores mission: En b\u00e6redygtig og h\u00f8jtydende tilgang<\/strong><br \/><\/p>\n\n<p>Vi specialiserer os i design, produktion og installation af tr\u00e6konstruktioner til industrielle, kommercielle og logistiske bygninger og leverer b\u00e6redygtige, h\u00f8jtydende og omkostningseffektive l\u00f8sninger, der er skr\u00e6ddersyet til store byggeprojekter. Vores tr\u00e6konstruktioner, fremstillet af tr\u00e6 fra b\u00e6redygtigt forvaltede skove, reducerer markant kulstofaftrykket for hvert projekt. Med modul\u00e6re designs kombinerer de effektivitet, \u00e6stetik og holdbarhed og udg\u00f8r et konkurrencedygtigt alternativ til st\u00e5l- og betonkonstruktioner.<\/p>\n\n<div class=\"cloth-spacer-large\"><\/div>\n\n<p class=\"quote h4 colored\"><strong><\/strong><strong>Lokal og international ekspertise<\/strong><br \/><\/p>\n\n<p>Med over 500 afsluttede projekter globalt g\u00e5r MN Huse og LIGNA systems sammen for at im\u00f8dekomme de specifikke behov p\u00e5 det danske marked. Dette partnerskab forener LIGNA systems\u2019 internationale erfaring med MN Huses lokale ekspertise for at levere l\u00f8sninger af h\u00f8j kvalitet.<\/p>\n\n<div class=\"cloth-spacer-large\"><\/div>\n\n<p class=\"quote h4 colored\"><strong>MN Huse: Din lokale specialist i tr\u00e6konstruktioner<\/strong><br \/><\/p>\n\n<p>MN Huse, med base i Holstebro, er en dynamisk, lokalt forankret virksomhed, der er dedikeret til at levere tr\u00e6l\u00f8sninger af h\u00f8j kvalitet til industrielle og kommercielle projekter i hele Danmark. Vores team er dedikeret til at im\u00f8dekomme hver enkelt kundes unikke behov og tilbyder skr\u00e6ddersyede tjenester fra design til installation.<br \/><br \/>Med et st\u00e6rkt engagement i b\u00e6redygtighed og ekspertise kombinerer MN Huse regionale styrker med innovation for at fremme tr\u00e6 som et h\u00f8jtydende og milj\u00f8venligt byggemateriale. Gennem samarbejde med LIGNA systems leverer vi l\u00f8sninger, der forener lokal ekspertise med global teknologi og sikrer enest\u00e5ende resultater.<\/p>\n\n<div class=\"cloth-spacer-large\"><\/div>\n\n<p class=\"quote h4 colored\"><strong>LIGNA systems: En strategisk international partner<\/strong><br \/><\/p>\n\n<p>Grundlagt i 2008 af Olivier Dupuis, er LIGNA systems en n\u00f8glespiller inden for design og produktion af tr\u00e6konstruktioner til industrielle, kommercielle og logistiske bygninger. Med over 500 gennemf\u00f8rte projekter og et team p\u00e5 75 fagfolk er virksomheden anerkendt for sin ekspertise, innovation og engagement i b\u00e6redygtige l\u00f8sninger.<br \/><\/p>\n\n<p>LIGNA systems ledes af et team af syv eksperter, der styrer virksomhedens aktiviteter p\u00e5 tv\u00e6rs af Europa og Nordamerika. Med en f\u00e6lles vision str\u00e6ber de efter at etablere LIGNA systems som en global leder inden for tr\u00e6konstruktioner ved at tilbyde h\u00f8jtydende, omkostningseffektive og milj\u00f8venlige l\u00f8sninger.<\/p>\n\n<div class=\"cloth-spacer-large\"><\/div>\n\n<p class=\"quote h4 colored\"><strong><\/strong><strong>Vores f\u00e6lles engagement<\/strong><br \/><\/p>\n\n<p>Sammen er MN Huse og LIGNA systems forpligtet til at levere bygninger af h\u00f8j kvalitet, der er omkostningskonkurrencedygtige og perfekt tilpasset kundernes behov. Vi kombinerer vores lokale og internationale ekspertise for at skabe en b\u00e6redygtig fremtid gennem tr\u00e6konstruktion.<\/p>\n\n<div class=\"cloth-spacer-large\"><\/div>\n\n<section class=\"section imagebreaker\">\n\t    <div class=\"wrapper-full\">\n\t\t    <div class=\"grid-row spaced-medium\">\n                <div class=\"col-6\">\n                    <div class=\"cloth-image-container cloth-anim-inner media-ratio-8-5\">\n                            <span class=\"media\"><span class=\"media-item\"><\/span><\/span>\n                            <span class=\"media-imagebreaker fs-parallax\" data-parallax-speed=\"0.04\">\n                                <img src=\"https:\/\/ligna-systems.com\/wp-content\/uploads\/2024\/09\/Structure-en-bois_hall-industriel_Chimsco_retouche-5-1920x2880.png\" srcset=\"https:\/\/ligna-systems.com\/wp-content\/uploads\/2024\/09\/Structure-en-bois_hall-industriel_Chimsco_retouche-5-1920x2880.png 1680w, https:\/\/ligna-systems.com\/wp-content\/uploads\/2024\/09\/Structure-en-bois_hall-industriel_Chimsco_retouche-5-1024x1536.png 768w, https:\/\/ligna-systems.com\/wp-content\/uploads\/2024\/09\/Structure-en-bois_hall-industriel_Chimsco_retouche-5-512x768.png 512w\"  width=\"1920\" height=\"2880\" alt=\"Structure en bois_hall industriel_Chimsco_retouche (5)\" decoding=\"async\" loading=\"lazy\"\/> \n                            <\/span>\n                        <div class=\"slanting-side slanting-del\"><\/div>\t\t\t\n                        <div class=\"slanting-side slanting-del slanting-top\"><\/div>\t\t\t\n                    <\/div>\n                <\/div>\n                <div class=\"col-6 align-right\">\n                    <div class=\"cloth-spacer-large hide-768\"><\/div>\n                    <div class=\"cloth-spacer-medium hide-768\"><\/div>\n                    <div class=\"cloth-image-container cloth-anim-inner media-ratio-8-5\">\n                            <span class=\"media\"><span class=\"media-item\"><\/span><\/span>\n                            <span class=\"media-imagebreaker fs-parallax\" data-parallax-speed=\"0.04\">\n                                                                <img src=\"https:\/\/ligna-systems.com\/wp-content\/uploads\/2022\/12\/lagerhallen.jpg\" srcset=\"https:\/\/ligna-systems.com\/wp-content\/uploads\/2022\/12\/lagerhallen.jpg 1680w, https:\/\/ligna-systems.com\/wp-content\/uploads\/2022\/12\/lagerhallen-1024x478.jpg 768w, https:\/\/ligna-systems.com\/wp-content\/uploads\/2022\/12\/lagerhallen-512x239.jpg 512w\"  width=\"1920\" height=\"897\" alt=\"Lagerhalle aus Holz. f\u00fcr Hilger Holz\" decoding=\"async\" loading=\"lazy\"\/> \n                                                            <\/span>\n                        <div class=\"slanting-side slanting-del\"><\/div>\t\t\t\n                        <div class=\"slanting-side slanting-del slanting-top\"><\/div>\t\t\t\n                    <\/div>\n                <\/div>\n            <\/div>\n        <\/div>\n\t<\/section>\n\t\t\n\t\n<\/div>\n\t\t<\/div>\n\t<\/div>\n\n\t\n\t\n\t<!--<div class=\"slanting-side slanting-del\"><\/div>-->\n<\/div><div class=\"section section-background text-light margin-none section-background-image\">\n            <div class=\"section-inner\">\n                \n<div id=\"\" class=\"section section-row  margin-large\">\n\t<div class=\"wrapper\">\n\t\t<div class=\"grid-row spaced-medium default grid-align-top\">\n\t\t\n<div class=\"text-dark col-8\">\n\t\t    \n<span class=\"font-weight-600 h8 uppercase cloth-subtitle colored\">Anmod om et tilbud<\/span>\n\n<h3 class=\"wp-block-heading\"><strong>Er du interesseret i en tr\u00e6konstruktion til dit halbyggeri?<\/strong><\/h3>\n\n<p class=\"intro\">Send os din foresp\u00f8rgsel via e-mail.<\/p>\n\n<div class=\"cloth-spacer-large\"><\/div>\n\n<span class=\"cloth-button\">\n\n\n<a class=\"btn btn-default btn-colored \" href=\"mailto:m.nielsen@ligna-systems.com\" target=\"_blank\">\n                <span class=\"text\">\n                    <span>Anmod om et tilbud<\/span>\n                    <span>Anmod om et tilbud<\/span>\n                <\/span>\n                <span class=\"btn-icon\"><svg class=\"arrow\" version=\"1.1\" fill=\"currentColor\" xmlns=\"http:\/\/www.w3.org\/2000\/svg\" xmlns:xlink=\"http:\/\/www.w3.org\/1999\/xlink\" x=\"0px\" y=\"0px\"\n\t viewBox=\"0 0 24 24\" style=\"enable-background:new 0 0 24 24;\" xml:space=\"preserve\">\n<path d=\"M0.5,13.4h18.4L11,21.2l2,2L23.1,13c0.3-0.3,0.4-0.6,0.4-1c0-0.4-0.1-0.7-0.4-1L13,0.8l-2,2l7.8,7.8H0.5\"><\/path>\n<\/svg>\n<\/span>\n                <span class=\"slanting-side slanting-add\"><\/span>\n            <\/a>\n<\/span>\n\t\t\n\t\n<\/div>\n\t\t<\/div>\n\t<\/div>\n\n\t\n\t\n\t<!--<div class=\"slanting-side slanting-del\"><\/div>-->\n<\/div>\n\n            <\/div>\n\t\t\t\n\t\t\t\n\t\n    <div class=\"section-bg\">\n\t\t<div class=\"section-bg-el imagebg-section\" style=\"background:url(https:\/\/ligna-systems.com\/wp-content\/uploads\/2022\/10\/li-bg_neu.jpg) center center;background-size:cover;\" data-parallax-speed=\"-0.07\"><\/div>\n\t\t\n\t\t\n\t<\/div>\n    \n            <div class=\"slanting-side slanting-del\"><\/div>\n            <div class=\"slanting-side slanting-del slanting-top\"><\/div>\n        <\/div><div class=\"cloth-spacer-large\"><\/div>","protected":false},"excerpt":{"rendered":"","protected":false},"author":15,"featured_media":0,"parent":0,"menu_order":178,"comment_status":"closed","ping_status":"closed","template":"","meta":{"_acf_changed":false,"footnotes":""},"class_list":["post-34315","page","type-page","status-publish","hentry"],"acf":[],"_links":{"self":[{"href":"https:\/\/ligna-systems.com\/da\/wp-json\/wp\/v2\/pages\/34315","targetHints":{"allow":["GET"]}}],"collection":[{"href":"https:\/\/ligna-systems.com\/da\/wp-json\/wp\/v2\/pages"}],"about":[{"href":"https:\/\/ligna-systems.com\/da\/wp-json\/wp\/v2\/types\/page"}],"author":[{"embeddable":true,"href":"https:\/\/ligna-systems.com\/da\/wp-json\/wp\/v2\/users\/15"}],"replies":[{"embeddable":true,"href":"https:\/\/ligna-systems.com\/da\/wp-json\/wp\/v2\/comments?post=34315"}],"version-history":[{"count":16,"href":"https:\/\/ligna-systems.com\/da\/wp-json\/wp\/v2\/pages\/34315\/revisions"}],"predecessor-version":[{"id":34347,"href":"https:\/\/ligna-systems.com\/da\/wp-json\/wp\/v2\/pages\/34315\/revisions\/34347"}],"wp:attachment":[{"href":"https:\/\/ligna-systems.com\/da\/wp-json\/wp\/v2\/media?parent=34315"}],"curies":[{"name":"wp","href":"https:\/\/api.w.org\/{rel}","templated":true}]}}