{"id":34205,"date":"2024-09-11T16:07:55","date_gmt":"2024-09-11T14:07:55","guid":{"rendered":"https:\/\/ligna-systems.com\/?page_id=34205"},"modified":"2025-04-08T14:18:22","modified_gmt":"2025-04-08T12:18:22","slug":"montage","status":"publish","type":"page","link":"https:\/\/ligna-systems.com\/da\/vores-service\/montage\/","title":{"rendered":"Montage"},"content":{"rendered":"<div id=\"\" class=\"section section-row  margin-medium\">\n\t<div class=\"wrapper-small\">\n\t\t<div class=\"grid-row spaced-medium default grid-align-top\">\n\t\t\n<div class=\"text-dark col-12\">\n\t\t    \n<h2 class=\"wp-block-heading\"><strong>Effektivitet og pr\u00e6cision med vores pr\u00e6fabrikationsteknikker<\/strong><\/h2>\n\n<div class=\"cloth-spacer-medium\"><\/div>\n\n<p class=\"intro\">Vores pr\u00e6fabrikerede komponenter giver en praktisk og hurtig l\u00f8sning til montering af din bygning. Med pr\u00e6cise samlinger, forudborede skruepunkter og tydeligt markerede elementer forenkles hvert monteringstrin, hvilket sikrer pr\u00e6cis og effektiv udf\u00f8relse.<\/p>\n\n<div class=\"cloth-spacer-xlarge\"><\/div>\n\n<h3 class=\"wp-block-heading colored\">Fleksible monteringsmuligheder:<br \/><\/h3>\n\n<p class=\"intro\">LIGNA systems tilbyder to montagekoncepter, der im\u00f8dekommer hver kundes specifikke behov:<\/p>\n\n<div class=\"cloth-spacer-large\"><\/div>\n\n<div id=\"\" class=\"section section-row  margin-medium\">\n\t<div class=\"wrapper-full\">\n\t\t<div class=\"grid-row spaced-medium default grid-align-top\">\n\t\t\n<div class=\"text-dark col-6\">\n\t\t    \n<div class=\"cloth-iconbox\">\n\t        <div class=\"box-icon\">\n\t\t\t<span class=\"nr-icon\">1<\/span>        <\/div>\n\t    <div class=\"box-content\">\n        <h3><strong><\/strong><\/h3>\n\t\t<p><h4><strong>N\u00f8glef\u00e6rdig montage af LIGNA systems<\/strong><\/h4>\n<ul type=\"circle\">\n<li class=\"x_MsoNormal\"><strong>Professionelle lokale partnere:<\/strong> Vores autoriserede, erfarne og h\u00f8jt kvalificerede partnere h\u00e5ndterer hele monteringen og sikrer professionel udf\u00f8relse i overensstemmelse med de h\u00f8jeste standarder.<\/li>\n<li class=\"x_MsoNormal\"><strong>Kvalitet og sikkerhed:<\/strong> Hvert trin overv\u00e5ges n\u00f8je for at sikre overholdelse af kvalitets- og sikkerhedsstandarder, hvilket giver fuld tryghed.<\/li>\n<li class=\"x_MsoNormal\"><strong>Hastighed og effektivitet:<\/strong> Med en n\u00f8glef\u00e6rdig tilgang og pr\u00e6fabrikerede komponenter fuldf\u00f8res montagen p\u00e5 rekordtid, hvilket kombinerer pr\u00e6cision og omkostningseffektivitet.<\/li>\n<\/ul>\n<\/p>    <\/div>\n<\/div>\n\t\t\n\t\n<\/div>\n\n<div class=\"text-dark col-6\">\n\t\t    \n<div class=\"cloth-iconbox\">\n\t        <div class=\"box-icon\">\n\t\t\t<span class=\"nr-icon\">2<\/span>        <\/div>\n\t    <div class=\"box-content\">\n        <h3><strong><\/strong><\/h3>\n\t\t<p><h4><strong>Selvmontering<\/strong><\/h4>\n<ul type=\"circle\">\n<li class=\"x_MsoNormal\"><strong>Forenklet support:<\/strong> Du kan selv udf\u00f8re monteringen ved hj\u00e6lp af vores detaljerede og letforst\u00e5elige monteringsvejledninger.<\/li>\n<li class=\"x_MsoNormal\"><strong>Nemhed og pr\u00e6cision:<\/strong> Pr\u00e6fabrikerede komponenter med pr\u00e6cise samlinger og forudborede skruepunkter muligg\u00f8r hurtig og problemfri montage med pr\u00e6cis og effektiv udf\u00f8relse.<\/li>\n<\/ul>\n<\/p>    <\/div>\n<\/div>\n\t\t\n\t\n<\/div>\n\t\t<\/div>\n\t<\/div>\n\n\t\n\t\n\t<!--<div class=\"slanting-side slanting-del\"><\/div>-->\n<\/div>\n\t\t\n\t\n<\/div>\n\t\t<\/div>\n\t<\/div>\n\n\t\n\t\n\t<!--<div class=\"slanting-side slanting-del\"><\/div>-->\n<\/div><div id=\"\" class=\"section section-row  margin-small\">\n\t<div class=\"wrapper-small\">\n\t\t<div class=\"grid-row spaced-large default grid-align-top\">\n\t\t\n<div class=\"text-dark col-12\">\n\t\t    \n<p class=\"h5\"><strong>Et fejlfrit resultat tilpasset dine behov<\/strong><\/p>\n\n<p>Uanset om du v\u00e6lger n\u00f8glef\u00e6rdig montage eller selvmontering, stiller LIGNA systems sin ekspertise, v\u00e6rkt\u00f8jer og skr\u00e6ddersyede l\u00f8sninger til r\u00e5dighed for at sikre et stabilt og holdbart slutresultat, der passer perfekt til dine forventninger. Med tydeligt markerede komponenter forenkles hvert trin i montagen, hvilket sikrer pr\u00e6cis og effektiv udf\u00f8relse.<\/p>\n\t\t\n\t\n<\/div>\n\t\t<\/div>\n\t<\/div>\n\n\t\n\t\n\t<!--<div class=\"slanting-side slanting-del\"><\/div>-->\n<\/div><div class=\"cloth-spacer-medium\"><\/div><div class=\"single-pagination\" data-string=\"Devis Teststring\">\n  <div class=\"single-pagination-inner\">\n\n    <div class=\"prev \">\n      <a href=\"https:\/\/ligna-systems.com\/da\/vores-service\/levering\/\">\n        <div class=\"media media-ratio-1-1\">\n                      <div class=\"media-item \">\n              <img decoding=\"async\" src=\"https:\/\/ligna-systems.com\/wp-content\/uploads\/2024\/03\/venti-views-1cqIcrWFQBI-unsplash-150x150.jpg\" class=\"attachment-thumbnail size-thumbnail wp-post-image\" alt=\"\" srcset=\"https:\/\/ligna-systems.com\/wp-content\/uploads\/2024\/03\/venti-views-1cqIcrWFQBI-unsplash-150x150.jpg 150w, https:\/\/ligna-systems.com\/wp-content\/uploads\/2024\/03\/venti-views-1cqIcrWFQBI-unsplash-100x100.jpg 100w\" sizes=\"(max-width: 150px) 100vw, 150px\" \/>            <\/div>\n                    <span class=\"icon\"><svg class=\"arrow\" version=\"1.1\" fill=\"currentColor\" xmlns=\"http:\/\/www.w3.org\/2000\/svg\" xmlns:xlink=\"http:\/\/www.w3.org\/1999\/xlink\" x=\"0px\" y=\"0px\"\n\t viewBox=\"0 0 24 24\" style=\"enable-background:new 0 0 24 24;\" xml:space=\"preserve\">\n<path d=\"M0.5,13.4h18.4L11,21.2l2,2L23.1,13c0.3-0.3,0.4-0.6,0.4-1c0-0.4-0.1-0.7-0.4-1L13,0.8l-2,2l7.8,7.8H0.5\"><\/path>\n<\/svg>\n<\/span>\n        <\/div>\n        <h5 class=\"pagination-title\">Levering<br \/><span class=\"direction-name hit\"> Forrige trin<\/span><\/h5>\n      <\/a>\n    <\/div>\n    <div class=\"back\">\n      <a href=\"https:\/\/ligna-systems.com\/da\/vores-service\/\" class=\"back-to-grid\" title=\"Zur\u00fcck zur \u00dcbersicht\"><?xml version=\"1.0\" encoding=\"utf-8\"?>\n<!-- Generator: Adobe Illustrator 26.2.1, SVG Export Plug-In . SVG Version: 6.00 Build 0)  -->\n<svg version=\"1.1\" fill=\"currentColor\" xmlns=\"http:\/\/www.w3.org\/2000\/svg\" xmlns:xlink=\"http:\/\/www.w3.org\/1999\/xlink\" x=\"0px\" y=\"0px\"\n\t viewBox=\"0 0 128 128\" style=\"enable-background:new 0 0 128 128;\" xml:space=\"preserve\">\n<polygon points=\"119.7,47.1 119.7,8.3 70.9,8.3 70.9,55.8 \"><\/polygon>\n<polygon points=\"70.9,69.7 70.9,119.7 119.7,119.7 119.7,61.1 \"><\/polygon>\n<polygon points=\"57.1,58.3 57.1,8.3 8.3,8.3 8.3,66.9 \"><\/polygon>\n<polygon points=\"8.3,80.9 8.3,119.7 57.1,119.7 57.1,72.2 \"><\/polygon>\n<\/svg>\n<\/a>\n    <\/div>\n    <div class=\"next is-disabled\">\n      <a href=\"#\">\n        <div class=\"media media-ratio-1-1\">\n                    <span class=\"icon\"><svg class=\"arrow\" version=\"1.1\" fill=\"currentColor\" xmlns=\"http:\/\/www.w3.org\/2000\/svg\" xmlns:xlink=\"http:\/\/www.w3.org\/1999\/xlink\" x=\"0px\" y=\"0px\"\n\t viewBox=\"0 0 24 24\" style=\"enable-background:new 0 0 24 24;\" xml:space=\"preserve\">\n<path d=\"M0.5,13.4h18.4L11,21.2l2,2L23.1,13c0.3-0.3,0.4-0.6,0.4-1c0-0.4-0.1-0.7-0.4-1L13,0.8l-2,2l7.8,7.8H0.5\"><\/path>\n<\/svg>\n<\/span>\n        <\/div>\n        <h5 class=\"pagination-title\"><br \/><span class=\"direction-name\">N\u00e6ste trin<\/span><\/h5>\n      <\/a>\n    <\/div>\n  <\/div>\n<\/div>","protected":false},"excerpt":{"rendered":"","protected":false},"author":15,"featured_media":34207,"parent":34161,"menu_order":161,"comment_status":"closed","ping_status":"closed","template":"","meta":{"_acf_changed":false,"footnotes":""},"class_list":["post-34205","page","type-page","status-publish","has-post-thumbnail","hentry"],"acf":[],"_links":{"self":[{"href":"https:\/\/ligna-systems.com\/da\/wp-json\/wp\/v2\/pages\/34205","targetHints":{"allow":["GET"]}}],"collection":[{"href":"https:\/\/ligna-systems.com\/da\/wp-json\/wp\/v2\/pages"}],"about":[{"href":"https:\/\/ligna-systems.com\/da\/wp-json\/wp\/v2\/types\/page"}],"author":[{"embeddable":true,"href":"https:\/\/ligna-systems.com\/da\/wp-json\/wp\/v2\/users\/15"}],"replies":[{"embeddable":true,"href":"https:\/\/ligna-systems.com\/da\/wp-json\/wp\/v2\/comments?post=34205"}],"version-history":[{"count":6,"href":"https:\/\/ligna-systems.com\/da\/wp-json\/wp\/v2\/pages\/34205\/revisions"}],"predecessor-version":[{"id":34214,"href":"https:\/\/ligna-systems.com\/da\/wp-json\/wp\/v2\/pages\/34205\/revisions\/34214"}],"up":[{"embeddable":true,"href":"https:\/\/ligna-systems.com\/da\/wp-json\/wp\/v2\/pages\/34161"}],"wp:featuredmedia":[{"embeddable":true,"href":"https:\/\/ligna-systems.com\/da\/wp-json\/wp\/v2\/media\/34207"}],"wp:attachment":[{"href":"https:\/\/ligna-systems.com\/da\/wp-json\/wp\/v2\/media?parent=34205"}],"curies":[{"name":"wp","href":"https:\/\/api.w.org\/{rel}","templated":true}]}}