{"id":34179,"date":"2024-09-11T15:39:40","date_gmt":"2024-09-11T13:39:40","guid":{"rendered":"https:\/\/ligna-systems.com\/?page_id=34179"},"modified":"2025-04-08T14:12:52","modified_gmt":"2025-04-08T12:12:52","slug":"planlaegning","status":"publish","type":"page","link":"https:\/\/ligna-systems.com\/da\/vores-service\/planlaegning\/","title":{"rendered":"Planl\u00e6gning"},"content":{"rendered":"<div id=\"\" class=\"section section-row  margin-small\">\n\t<div class=\"wrapper-mini\">\n\t\t<div class=\"grid-row spaced-xlarge default grid-align-top\">\n\t\t\n<div class=\"text-dark col-12\">\n\t\t    \n<h2 class=\"wp-block-heading\"><strong>Fra id\u00e9 til skr\u00e6ddersyet l\u00f8sning<\/strong><\/h2>\n\t\t\n\t\n<\/div>\n\t\t<\/div>\n\t<\/div>\n\n\t\n\t\n\t<!--<div class=\"slanting-side slanting-del\"><\/div>-->\n<\/div><div class=\"cloth-spacer-xlarge\"><\/div><div class=\"section section-background text-dark margin-none section-background-color-grey\">\n            <div class=\"section-inner\">\n                \n<div id=\"\" class=\"section section-row  margin-medium\">\n\t<div class=\"wrapper-small\">\n\t\t<div class=\"grid-row spaced-large default grid-align-top\">\n\t\t\n<div class=\"text-dark col-6\">\n\t\t    \n<h3 class=\"wp-block-heading colored\">Designfase :<\/h3>\n\n<div class=\"cloth-spacer-small\"><\/div>\n\n<p class=\"h5\"><strong>Fra id\u00e9 til skr\u00e6ddersyet l\u00f8sning<\/strong><\/p>\n\n<ul class=\"wp-block-list\"><li><strong>Indledende skitse<\/strong>: Vi starter med en enkel skitse med n\u00f8glem\u00e5l (l\u00e6ngde, bredde, h\u00f8jde) og analyserer dine behov for at skabe et solidt fundament for dit projekt.<\/li>\n\n<li><strong>Skr\u00e6ddersyet forslag:<\/strong> Vi udvikler hurtigt et skr\u00e6ddersyet forslag, der er tilpasset dine specifikke krav. Vores l\u00f8sninger er designet til at v\u00e6re omkostningseffektive, optimerede og pr\u00e6cist tilpasset dine forventninger.<\/li>\n\n<li><strong>Avanceret digital planl\u00e6gning<\/strong>: Vi leverer digitale filer i 2D (DWG) eller 3D (IFC) formater, hvilket sikrer problemfri integration i dine planl\u00e6gningsv\u00e6rkt\u00f8jer og pr\u00e6cis koordinering mellem alle projektets interessenter.<\/li><\/ul>\n\t\t\n\t\n<\/div>\n\n<div class=\"text-dark col-6\">\n\t\t    \n<div class=\"cloth-block-image cloth-anim\" data-parallax-speed=\"\">\n\n\n\n\t<div class=\"cloth-image-container cloth-anim-inner  media-ratio-auto\" style=\"max-width:768px\">\n\t\t\n\t\t\n\t\t\t<span class=\"media\"><span class=\"media-item\">\t\t\t<img src=\"https:\/\/ligna-systems.com\/wp-content\/uploads\/2022\/06\/mockup-konfigurator-768x549.jpg\" srcset=\"https:\/\/ligna-systems.com\/wp-content\/uploads\/2022\/06\/mockup-konfigurator-768x549.jpg 1680w, https:\/\/ligna-systems.com\/wp-content\/uploads\/2022\/06\/mockup-konfigurator-512x366.jpg 512w\"  width=\"768\" height=\"549\" alt=\"Mockup Konfigurator von LIGNA\" decoding=\"async\" loading=\"lazy\"\/>\t\t\t\t\t\t<\/span><\/span>\n\t\t\n\t\t<div class=\"slanting-side slanting-del\"><\/div>\t\t\t\n\t<\/div>\n\n\t\n\n\t\t\t\n\t<\/div>\n\n<div class=\"cloth-spacer-medium\"><\/div>\n\n<div id=\"\" class=\"section section-row  margin-large\">\n\t<div class=\"wrapper\">\n\t\t<div class=\"grid-row spaced-medium default grid-align-top\">\n\t\t\n<div class=\"text-dark col-3\">\n\t\t    \n\n\t\t\n\t\n<\/div>\n\n<div class=\"text-dark col-9\">\n\t\t    \n\n\t\t\n\t\n<\/div>\n\t\t<\/div>\n\t<\/div>\n\n\t\n\t\n\t<!--<div class=\"slanting-side slanting-del\"><\/div>-->\n<\/div>\n\t\t\n\t\n<\/div>\n\t\t<\/div>\n\t<\/div>\n\n\t\n\t\n\t<!--<div class=\"slanting-side slanting-del\"><\/div>-->\n<\/div>\n\n<div class=\"cloth-spacer-medium\"><\/div>\n\n<div id=\"\" class=\"section section-row  margin-medium\">\n\t<div class=\"wrapper-small\">\n\t\t<div class=\"grid-row spaced-large default grid-align-top\">\n\t\t\n<div class=\"text-dark col-6\">\n\t\t    \n<div class=\"cloth-block-image cloth-anim\" data-parallax-speed=\"\">\n\n\n\n\t<div class=\"cloth-image-container cloth-anim-inner  media-ratio-auto\" style=\"max-width:1920px\">\n\t\t\n\t\t\n\t\t\t<span class=\"media\"><span class=\"media-item\">\t\t\t<img src=\"https:\/\/ligna-systems.com\/wp-content\/uploads\/2024\/09\/lignasystems_produktion_zai-frame-at-6m19s-1920x1080.jpg\" srcset=\"https:\/\/ligna-systems.com\/wp-content\/uploads\/2024\/09\/lignasystems_produktion_zai-frame-at-6m19s-1920x1080.jpg 1680w, https:\/\/ligna-systems.com\/wp-content\/uploads\/2024\/09\/lignasystems_produktion_zai-frame-at-6m19s-1024x576.jpg 768w, https:\/\/ligna-systems.com\/wp-content\/uploads\/2024\/09\/lignasystems_produktion_zai-frame-at-6m19s-512x288.jpg 512w\"  width=\"1920\" height=\"1080\" alt=\"lignasystems_produktion_zai &#8211; frame at 6m19s\" decoding=\"async\" loading=\"lazy\"\/>\t\t\t\t\t\t<\/span><\/span>\n\t\t\n\t\t<div class=\"slanting-side slanting-del\"><\/div>\t\t\t\n\t<\/div>\n\n\t\n\n\t\t\t\n\t<\/div>\n\t\t\n\t\n<\/div>\n\n<div class=\"text-dark col-6\">\n\t\t    \n<h3 class=\"wp-block-heading colored\">Bestillingsfase :<\/h3>\n\n<div class=\"cloth-spacer-small\"><\/div>\n\n<p class=\"h5\"><strong>Grundig teknisk analyse og planl\u00e6gning<\/strong><\/p>\n\n<ul class=\"wp-block-list\"><li><strong>Certificerede statiske beregninger<\/strong>: Vores erfarne ingeni\u00f8rer udf\u00f8rer omfattende analyser, der tager h\u00f8jde for statik og brandsikring, samtidig med at de overholder lokale standarder.<\/li>\n\n<li><strong>Valideret kvalitet :<\/strong>&nbsp;Alle beregninger og planer gennemg\u00e5s og godkendes af vores ingeni\u00f8rer, hvilket sikrer fuld overensstemmelse med g\u00e6ldende regler og up\u00e5klagelig kvalitet.<\/li><\/ul>\n\t\t\n\t\n<\/div>\n\t\t<\/div>\n\t<\/div>\n\n\t\n\t\n\t<!--<div class=\"slanting-side slanting-del\"><\/div>-->\n<\/div>\n\n            <\/div>\n\t\t\t\n\t\t\t\n\t\n    <div class=\"section-bg\">\n\t\t<div class=\"section-bg-el bg-color-grey\"><\/div>\n\t\t\n\t\t\n\t<\/div>\n    \n            <div class=\"slanting-side slanting-del\"><\/div>\n            <div class=\"slanting-side slanting-del slanting-top\"><\/div>\n        <\/div><div class=\"cloth-spacer-large\"><\/div><div id=\"\" class=\"section section-row  margin-medium\">\n\t<div class=\"wrapper-small\">\n\t\t<div class=\"grid-row spaced-large default grid-align-top\">\n\t\t\n<div class=\"text-dark col-12\">\n\t\t    \n<p class=\"h5\"><strong>Din vision realiseret med pr\u00e6cision og ekspertise:<\/strong><\/p>\n\n<p>Ved at kombinere teknisk ekspertise med innovative planl\u00e6gningsv\u00e6rkt\u00f8jer skaber vi et solidt fundament for succesfulde projekter. Med BIM-kompatible filer og en kundecentreret tilgang oms\u00e6tter vi dine id\u00e9er til virkelighed, samtidig med at vi opfylder dine krav til b\u00e6redygtighed, effektivitet og sikkerhed.<\/p>\n\n<p>Denne integrerede tilgang sikrer grundig planl\u00e6gning og problemfri udf\u00f8relse, hvilket resulterer i p\u00e5lidelige, \u00e6stetiske og forventningsafstemte l\u00f8sninger.<\/p>\n\n\n\t\t\n\t\n<\/div>\n\t\t<\/div>\n\t<\/div>\n\n\t\n\t\n\t<!--<div class=\"slanting-side slanting-del\"><\/div>-->\n<\/div><div class=\"cloth-spacer-large\"><\/div><div class=\"single-pagination\" data-string=\"Devis Teststring\">\n  <div class=\"single-pagination-inner\">\n\n    <div class=\"prev is-disabled\">\n      <a href=\"#\">\n        <div class=\"media media-ratio-1-1\">\n                    <span class=\"icon\"><svg class=\"arrow\" version=\"1.1\" fill=\"currentColor\" xmlns=\"http:\/\/www.w3.org\/2000\/svg\" xmlns:xlink=\"http:\/\/www.w3.org\/1999\/xlink\" x=\"0px\" y=\"0px\"\n\t viewBox=\"0 0 24 24\" style=\"enable-background:new 0 0 24 24;\" xml:space=\"preserve\">\n<path d=\"M0.5,13.4h18.4L11,21.2l2,2L23.1,13c0.3-0.3,0.4-0.6,0.4-1c0-0.4-0.1-0.7-0.4-1L13,0.8l-2,2l7.8,7.8H0.5\"><\/path>\n<\/svg>\n<\/span>\n        <\/div>\n        <h5 class=\"pagination-title\"><br \/><span class=\"direction-name hit\"> Forrige trin<\/span><\/h5>\n      <\/a>\n    <\/div>\n    <div class=\"back\">\n      <a href=\"https:\/\/ligna-systems.com\/da\/vores-service\/\" class=\"back-to-grid\" title=\"Zur\u00fcck zur \u00dcbersicht\"><?xml version=\"1.0\" encoding=\"utf-8\"?>\n<!-- Generator: Adobe Illustrator 26.2.1, SVG Export Plug-In . SVG Version: 6.00 Build 0)  -->\n<svg version=\"1.1\" fill=\"currentColor\" xmlns=\"http:\/\/www.w3.org\/2000\/svg\" xmlns:xlink=\"http:\/\/www.w3.org\/1999\/xlink\" x=\"0px\" y=\"0px\"\n\t viewBox=\"0 0 128 128\" style=\"enable-background:new 0 0 128 128;\" xml:space=\"preserve\">\n<polygon points=\"119.7,47.1 119.7,8.3 70.9,8.3 70.9,55.8 \"><\/polygon>\n<polygon points=\"70.9,69.7 70.9,119.7 119.7,119.7 119.7,61.1 \"><\/polygon>\n<polygon points=\"57.1,58.3 57.1,8.3 8.3,8.3 8.3,66.9 \"><\/polygon>\n<polygon points=\"8.3,80.9 8.3,119.7 57.1,119.7 57.1,72.2 \"><\/polygon>\n<\/svg>\n<\/a>\n    <\/div>\n    <div class=\"next \">\n      <a href=\"https:\/\/ligna-systems.com\/da\/vores-service\/produktion\/\">\n        <div class=\"media media-ratio-1-1\">\n                      <div class=\"media-item \">\n              <img decoding=\"async\" src=\"https:\/\/ligna-systems.com\/wp-content\/uploads\/2024\/03\/Production-LIGNA-systems-St.Vith-Belgique-150x150.jpg\" class=\"attachment-thumbnail size-thumbnail wp-post-image\" alt=\"\" srcset=\"https:\/\/ligna-systems.com\/wp-content\/uploads\/2024\/03\/Production-LIGNA-systems-St.Vith-Belgique-150x150.jpg 150w, https:\/\/ligna-systems.com\/wp-content\/uploads\/2024\/03\/Production-LIGNA-systems-St.Vith-Belgique-100x100.jpg 100w\" sizes=\"(max-width: 150px) 100vw, 150px\" \/>            <\/div>\n                    <span class=\"icon\"><svg class=\"arrow\" version=\"1.1\" fill=\"currentColor\" xmlns=\"http:\/\/www.w3.org\/2000\/svg\" xmlns:xlink=\"http:\/\/www.w3.org\/1999\/xlink\" x=\"0px\" y=\"0px\"\n\t viewBox=\"0 0 24 24\" style=\"enable-background:new 0 0 24 24;\" xml:space=\"preserve\">\n<path d=\"M0.5,13.4h18.4L11,21.2l2,2L23.1,13c0.3-0.3,0.4-0.6,0.4-1c0-0.4-0.1-0.7-0.4-1L13,0.8l-2,2l7.8,7.8H0.5\"><\/path>\n<\/svg>\n<\/span>\n        <\/div>\n        <h5 class=\"pagination-title\">Produktion<br \/><span class=\"direction-name\">N\u00e6ste trin<\/span><\/h5>\n      <\/a>\n    <\/div>\n  <\/div>\n<\/div>","protected":false},"excerpt":{"rendered":"","protected":false},"author":15,"featured_media":34162,"parent":34161,"menu_order":201,"comment_status":"closed","ping_status":"closed","template":"","meta":{"_acf_changed":false,"footnotes":""},"class_list":["post-34179","page","type-page","status-publish","has-post-thumbnail","hentry"],"acf":[],"_links":{"self":[{"href":"https:\/\/ligna-systems.com\/da\/wp-json\/wp\/v2\/pages\/34179","targetHints":{"allow":["GET"]}}],"collection":[{"href":"https:\/\/ligna-systems.com\/da\/wp-json\/wp\/v2\/pages"}],"about":[{"href":"https:\/\/ligna-systems.com\/da\/wp-json\/wp\/v2\/types\/page"}],"author":[{"embeddable":true,"href":"https:\/\/ligna-systems.com\/da\/wp-json\/wp\/v2\/users\/15"}],"replies":[{"embeddable":true,"href":"https:\/\/ligna-systems.com\/da\/wp-json\/wp\/v2\/comments?post=34179"}],"version-history":[{"count":4,"href":"https:\/\/ligna-systems.com\/da\/wp-json\/wp\/v2\/pages\/34179\/revisions"}],"predecessor-version":[{"id":34215,"href":"https:\/\/ligna-systems.com\/da\/wp-json\/wp\/v2\/pages\/34179\/revisions\/34215"}],"up":[{"embeddable":true,"href":"https:\/\/ligna-systems.com\/da\/wp-json\/wp\/v2\/pages\/34161"}],"wp:featuredmedia":[{"embeddable":true,"href":"https:\/\/ligna-systems.com\/da\/wp-json\/wp\/v2\/media\/34162"}],"wp:attachment":[{"href":"https:\/\/ligna-systems.com\/da\/wp-json\/wp\/v2\/media?parent=34179"}],"curies":[{"name":"wp","href":"https:\/\/api.w.org\/{rel}","templated":true}]}}