{"id":34161,"date":"2022-05-31T14:43:59","date_gmt":"2022-05-31T12:43:59","guid":{"rendered":"https:\/\/ligna-systems.com\/?page_id=34161"},"modified":"2025-04-08T12:21:31","modified_gmt":"2025-04-08T10:21:31","slug":"vores-service","status":"publish","type":"page","link":"https:\/\/ligna-systems.com\/da\/vores-service\/","title":{"rendered":"Vores service"},"content":{"rendered":"<div id=\"\" class=\"section section-row  margin-medium\">\n\t<div class=\"wrapper-small\">\n\t\t<div class=\"grid-row spaced-xlarge default grid-align-top\">\n\t\t\n<div class=\"text-dark col-12\">\n\t\t    \n<h2 class=\"wp-block-heading\">Vores tjenester<\/h2>\n\n<h3 class=\"wp-block-heading\">Helhedsorienterede og n\u00f8glef\u00e6rdige l\u00f8sninger<\/h3>\n\n<p>Hos LIGNA systems tilbyder vi n\u00f8glef\u00e6rdige l\u00f8sninger til tr\u00e6konstruktioner, der sikrer smidig og problemfri projektstyring. Fra den indledende planl\u00e6gning til den endelige montage st\u00f8tter vi dig gennem hele processen for at sikre dit projekts succes. Med avanceret pr\u00e6fabrikation og gennempr\u00f8vede komponenter reducerer vi byggeomkostninger og byggetider. Strukturerede processer og pr\u00e6cis planl\u00e6gning sikrer rettidig levering og optimal udf\u00f8relse \u2013 skr\u00e6ddersyet til dine behov.<\/p>\n\t\t\n\t\n<\/div>\n\t\t<\/div>\n\t<\/div>\n\n\t\n\t\n\t<!--<div class=\"slanting-side slanting-del\"><\/div>-->\n<\/div><div id=\"\" class=\"section section-row  margin-none\">\n\t<div class=\"wrapper-small\">\n\t\t<div class=\"grid-row spaced-medium default grid-align-top\">\n\t\t\n<div class=\"text-dark col-12\">\n\t\t    \n<span class=\"font-weight-600 h8 uppercase cloth-subtitle colored\">Vores tilgang i 4 trin<\/span>\n\t\t\n\t\n<\/div>\n\t\t<\/div>\n\t<\/div>\n\n\t\n\t\n\t<!--<div class=\"slanting-side slanting-del\"><\/div>-->\n<\/div><div id=\"\" class=\"section section-row  margin-medium\">\n\t<div class=\"wrapper-small\">\n\t\t<div class=\"grid-row spaced-small default grid-align-top\">\n\t\t\n<div class=\"text-dark col-\">\n\t\t<a href=\"https:\/\/ligna-systems.com\/da\/vores-service\/planlaegning\/\" class=\"column-link \" target=\"_self\"><\/a><div class=\"item-inner\">    \n<div class=\"cloth-iconbox has-image\">\n\t        <div class=\"box-image cloth-image-container media-ratio-4-3\">\n\t\t<span class=\"media\">\n            <span class=\"media-item\">\n\t\t\t<img src=\"https:\/\/ligna-systems.com\/wp-content\/uploads\/2022\/06\/mockup-konfigurator-768x549.jpg\" srcset=\"https:\/\/ligna-systems.com\/wp-content\/uploads\/2022\/06\/mockup-konfigurator-768x549.jpg 1680w, https:\/\/ligna-systems.com\/wp-content\/uploads\/2022\/06\/mockup-konfigurator-512x366.jpg 512w\"  width=\"768\" height=\"549\" alt=\"Mockup Konfigurator von LIGNA\" decoding=\"async\" loading=\"lazy\"\/>\t\t<\/span>\n        <\/span>\n            <div class=\"box-icon\">\n\t\t\t\t<span class=\"nr-icon\">1<\/span>            <\/div>\n            <div class=\"slanting-side slanting-del\"><\/div>\n        <\/div>\n\t    <div class=\"box-content\">\n        <h3><strong><\/strong><\/h3>\n\t\t<p><h4><strong>Design<\/strong><\/h4>\n<\/p><p>Skr\u00e6ddersyet design og pr\u00e6cise statiske beregninger.<\/p>\n    <\/div>\n<\/div>\n\t\t<p class=\"on-hover\">\n\t\t<a class=\"btn  btn-simple \" href=\"https:\/\/ligna-systems.com\/da\/vores-service\/planlaegning\/\" target=\"_self\">\n                <span class=\"text\">\n                    <span>L\u00e6s mere<\/span>\n                    <span>L\u00e6s mere<\/span>\n                <\/span>\n                <span class=\"btn-icon\"><svg class=\"arrow\" version=\"1.1\" fill=\"currentColor\" xmlns=\"http:\/\/www.w3.org\/2000\/svg\" xmlns:xlink=\"http:\/\/www.w3.org\/1999\/xlink\" x=\"0px\" y=\"0px\"\n\t viewBox=\"0 0 24 24\" style=\"enable-background:new 0 0 24 24;\" xml:space=\"preserve\">\n<path d=\"M0.5,13.4h18.4L11,21.2l2,2L23.1,13c0.3-0.3,0.4-0.6,0.4-1c0-0.4-0.1-0.7-0.4-1L13,0.8l-2,2l7.8,7.8H0.5\"><\/path>\n<\/svg>\n<\/span>\n                <span class=\"slanting-side slanting-add\"><\/span>\n            <\/a><\/p><\/div>\n\t\n<\/div>\n\n<div class=\"text-dark col-\">\n\t\t<a href=\"https:\/\/ligna-systems.com\/da\/vores-service\/produktion\/\" class=\"column-link \" target=\"_self\"><\/a><div class=\"item-inner\">    \n<div class=\"cloth-iconbox has-image\">\n\t        <div class=\"box-image cloth-image-container media-ratio-4-3\">\n\t\t<span class=\"media\">\n            <span class=\"media-item\">\n\t\t\t<img src=\"https:\/\/ligna-systems.com\/wp-content\/uploads\/2024\/03\/Production-LIGNA-systems-St.Vith-Belgique-768x499.jpg\" srcset=\"https:\/\/ligna-systems.com\/wp-content\/uploads\/2024\/03\/Production-LIGNA-systems-St.Vith-Belgique-768x499.jpg 1680w, https:\/\/ligna-systems.com\/wp-content\/uploads\/2024\/03\/Production-LIGNA-systems-St.Vith-Belgique-512x332.jpg 512w\"  width=\"768\" height=\"499\" alt=\"Production-LIGNA-systems&#8212;St.Vith&#8212;Belgique\" decoding=\"async\" loading=\"lazy\"\/>\t\t<\/span>\n        <\/span>\n            <div class=\"box-icon\">\n\t\t\t\t<span class=\"nr-icon\">2<\/span>            <\/div>\n            <div class=\"slanting-side slanting-del\"><\/div>\n        <\/div>\n\t    <div class=\"box-content\">\n        <h3><strong><\/strong><\/h3>\n\t\t<p><h4><strong>Produktion<\/strong><\/h4>\n<\/p><p>Automatiseret produktion i Europa, der sikrer kvalitet og pr\u00e6cision. \u2192 L\u00e6s mere<\/p>\n    <\/div>\n<\/div>\n\t\t<p class=\"on-hover\">\n\t\t<a class=\"btn  btn-simple \" href=\"https:\/\/ligna-systems.com\/da\/vores-service\/produktion\/\" target=\"_self\">\n                <span class=\"text\">\n                    <span>L\u00e6s mere<\/span>\n                    <span>L\u00e6s mere<\/span>\n                <\/span>\n                <span class=\"btn-icon\"><svg class=\"arrow\" version=\"1.1\" fill=\"currentColor\" xmlns=\"http:\/\/www.w3.org\/2000\/svg\" xmlns:xlink=\"http:\/\/www.w3.org\/1999\/xlink\" x=\"0px\" y=\"0px\"\n\t viewBox=\"0 0 24 24\" style=\"enable-background:new 0 0 24 24;\" xml:space=\"preserve\">\n<path d=\"M0.5,13.4h18.4L11,21.2l2,2L23.1,13c0.3-0.3,0.4-0.6,0.4-1c0-0.4-0.1-0.7-0.4-1L13,0.8l-2,2l7.8,7.8H0.5\"><\/path>\n<\/svg>\n<\/span>\n                <span class=\"slanting-side slanting-add\"><\/span>\n            <\/a><\/p><\/div>\n\t\n<\/div>\n\n<div class=\"text-dark col-\">\n\t\t<a href=\"https:\/\/ligna-systems.com\/da\/vores-service\/levering\/\" class=\"column-link \" target=\"_self\"><\/a><div class=\"item-inner\">    \n<div class=\"cloth-iconbox has-image\">\n\t        <div class=\"box-image cloth-image-container media-ratio-4-3\">\n\t\t<span class=\"media\">\n            <span class=\"media-item\">\n\t\t\t<img src=\"https:\/\/ligna-systems.com\/wp-content\/uploads\/2024\/03\/venti-views-1cqIcrWFQBI-unsplash-768x511.jpg\" srcset=\"https:\/\/ligna-systems.com\/wp-content\/uploads\/2024\/03\/venti-views-1cqIcrWFQBI-unsplash-768x511.jpg 1680w, https:\/\/ligna-systems.com\/wp-content\/uploads\/2024\/03\/venti-views-1cqIcrWFQBI-unsplash-512x341.jpg 512w\"  width=\"768\" height=\"511\" alt=\"venti-views-1cqIcrWFQBI-unsplash\" decoding=\"async\" loading=\"lazy\"\/>\t\t<\/span>\n        <\/span>\n            <div class=\"box-icon\">\n\t\t\t\t<span class=\"nr-icon\">3<\/span>            <\/div>\n            <div class=\"slanting-side slanting-del\"><\/div>\n        <\/div>\n\t    <div class=\"box-content\">\n        <h3><strong><\/strong><\/h3>\n\t\t<p><h4><strong>Transport<\/strong><\/h4>\n<\/p><p>Optimeret logistik for p\u00e5lidelig levering fra Europa til Canada.<\/p>\n    <\/div>\n<\/div>\n\t\t<p class=\"on-hover\">\n\t\t<a class=\"btn  btn-simple \" href=\"https:\/\/ligna-systems.com\/da\/vores-service\/levering\/\" target=\"_self\">\n                <span class=\"text\">\n                    <span>L\u00e6s mere<\/span>\n                    <span>L\u00e6s mere<\/span>\n                <\/span>\n                <span class=\"btn-icon\"><svg class=\"arrow\" version=\"1.1\" fill=\"currentColor\" xmlns=\"http:\/\/www.w3.org\/2000\/svg\" xmlns:xlink=\"http:\/\/www.w3.org\/1999\/xlink\" x=\"0px\" y=\"0px\"\n\t viewBox=\"0 0 24 24\" style=\"enable-background:new 0 0 24 24;\" xml:space=\"preserve\">\n<path d=\"M0.5,13.4h18.4L11,21.2l2,2L23.1,13c0.3-0.3,0.4-0.6,0.4-1c0-0.4-0.1-0.7-0.4-1L13,0.8l-2,2l7.8,7.8H0.5\"><\/path>\n<\/svg>\n<\/span>\n                <span class=\"slanting-side slanting-add\"><\/span>\n            <\/a><\/p><\/div>\n\t\n<\/div>\n\n<div class=\"text-dark col-\">\n\t\t<a href=\"https:\/\/ligna-systems.com\/da\/vores-service\/montage\/\" class=\"column-link \" target=\"_self\"><\/a><div class=\"item-inner\">    \n<div class=\"cloth-iconbox has-image\">\n\t        <div class=\"box-image cloth-image-container media-ratio-4-3\">\n\t\t<span class=\"media\">\n            <span class=\"media-item\">\n\t\t\t<img src=\"https:\/\/ligna-systems.com\/wp-content\/uploads\/2022\/07\/Holzstruktur-ID-43233-768x768.jpg\" srcset=\"https:\/\/ligna-systems.com\/wp-content\/uploads\/2022\/07\/Holzstruktur-ID-43233-768x768.jpg 1680w, https:\/\/ligna-systems.com\/wp-content\/uploads\/2022\/07\/Holzstruktur-ID-43233-512x512.jpg 512w\"  width=\"768\" height=\"768\" alt=\"Holzstruktur Baustelle ligma\" decoding=\"async\" loading=\"lazy\"\/>\t\t<\/span>\n        <\/span>\n            <div class=\"box-icon\">\n\t\t\t\t<span class=\"nr-icon\">4<\/span>            <\/div>\n            <div class=\"slanting-side slanting-del\"><\/div>\n        <\/div>\n\t    <div class=\"box-content\">\n        <h3><strong><\/strong><\/h3>\n\t\t<p><h4><strong>Montage (valgfri)<\/strong><\/h4>\n<\/p><p>Udf\u00f8res p\u00e5 stedet af erfarne partnere eller som et selvstyret forl\u00f8b.<\/p>\n    <\/div>\n<\/div>\n\t\t<p class=\"on-hover\">\n\t\t<a class=\"btn  btn-simple \" href=\"https:\/\/ligna-systems.com\/da\/vores-service\/montage\/\" target=\"_self\">\n                <span class=\"text\">\n                    <span>L\u00e6s mere<\/span>\n                    <span>L\u00e6s mere<\/span>\n                <\/span>\n                <span class=\"btn-icon\"><svg class=\"arrow\" version=\"1.1\" fill=\"currentColor\" xmlns=\"http:\/\/www.w3.org\/2000\/svg\" xmlns:xlink=\"http:\/\/www.w3.org\/1999\/xlink\" x=\"0px\" y=\"0px\"\n\t viewBox=\"0 0 24 24\" style=\"enable-background:new 0 0 24 24;\" xml:space=\"preserve\">\n<path d=\"M0.5,13.4h18.4L11,21.2l2,2L23.1,13c0.3-0.3,0.4-0.6,0.4-1c0-0.4-0.1-0.7-0.4-1L13,0.8l-2,2l7.8,7.8H0.5\"><\/path>\n<\/svg>\n<\/span>\n                <span class=\"slanting-side slanting-add\"><\/span>\n            <\/a><\/p><\/div>\n\t\n<\/div>\n\t\t<\/div>\n\t<\/div>\n\n\t\n\t\n\t<!--<div class=\"slanting-side slanting-del\"><\/div>-->\n<\/div><div id=\"\" class=\"section section-row  margin-none\">\n\t<div class=\"wrapper-small\">\n\t\t<div class=\"grid-row spaced-medium default grid-align-top\">\n\t\t\n<div class=\"text-dark col-12\">\n\t\t    \n<p class=\"has-medium-font-size\">Med LIGNA systems f\u00e5r du <strong>teknisk ekspertise, innovative l\u00f8sninger og personlig r\u00e5dgivning<\/strong>, der oms\u00e6tter dine id\u00e9er til virkelighed. Oplev, hvordan vi kan g\u00f8re dit projekt til en succes \u2013 fra start til slut.<\/p>\n\t\t\n\t\n<\/div>\n\t\t<\/div>\n\t<\/div>\n\n\t\n\t\n\t<!--<div class=\"slanting-side slanting-del\"><\/div>-->\n<\/div><div class=\"cloth-spacer-xlarge\"><\/div><div id=\"\" class=\"section section-row  margin-small\">\n\t<div class=\"wrapper-small\">\n\t\t<div class=\"grid-row spaced-xlarge default grid-align-top\">\n\t\t\n<div class=\"text-dark col-6\">\n\t\t    \n<span class=\"font-weight-600 h8 uppercase cloth-subtitle colored\">Mindre tr\u00e6, mere effektivitet.<\/span>\n\n<h4 class=\"wp-block-heading\"><strong>LIGNA systems tr\u00e6konstruktion.<\/strong><\/h4>\n\n<p>Vores konstruktioner reducerer tr\u00e6forbruget med op til 50 % sammenlignet med traditionelle bj\u00e6lker. Ved at optimere materialeforbruget kan du ikke blot spare omkostninger, men ogs\u00e5 aktivt bidrage til ressourcebeskyttelse. Et mindre \u00f8kologisk fodaftryk gavner b\u00e5de dig og naturen \u2013 b\u00e6redygtighed, der overbeviser. Let, st\u00e6rk, fleksibel \u2013 perfekt til store og moderne halbyggerier.<\/p>\n\n<div class=\"cloth-spacer-large\"><\/div>\n\n<span class=\"cloth-button\">\n\n\n<a class=\"btn btn-simple btn-colored \" href=\"https:\/\/ligna-systems.com\/da\/traekonstruktioner\/\" target=\"_self\">\n                <span class=\"text\">\n                    <span>L\u00e6s mere nu!<\/span>\n                    <span>L\u00e6s mere nu!<\/span>\n                <\/span>\n                <span class=\"btn-icon\"><svg class=\"arrow\" version=\"1.1\" fill=\"currentColor\" xmlns=\"http:\/\/www.w3.org\/2000\/svg\" xmlns:xlink=\"http:\/\/www.w3.org\/1999\/xlink\" x=\"0px\" y=\"0px\"\n\t viewBox=\"0 0 24 24\" style=\"enable-background:new 0 0 24 24;\" xml:space=\"preserve\">\n<path d=\"M0.5,13.4h18.4L11,21.2l2,2L23.1,13c0.3-0.3,0.4-0.6,0.4-1c0-0.4-0.1-0.7-0.4-1L13,0.8l-2,2l7.8,7.8H0.5\"><\/path>\n<\/svg>\n<\/span>\n                <span class=\"slanting-side slanting-add\"><\/span>\n            <\/a>\n<\/span>\n\t\t\n\t\n<\/div>\n\n<div class=\"text-dark col-6\">\n\t\t    \n<div class=\"cloth-block-image cloth-anim\" data-parallax-speed=\"\">\n\n\n\t\t<a class=\"media-hover\" href=\"https:\/\/ligna-systems.com\/da\/vores-service\/\" target=\"'_self\">\n\t\t\n\t<div class=\"cloth-image-container cloth-anim-inner  media-ratio-1-1\" style=\"max-width:768px\">\n\t\t\n\t\t\n\t\t\t<span class=\"media\"><span class=\"media-item\">\t\t\t<img src=\"https:\/\/ligna-systems.com\/wp-content\/uploads\/2024\/09\/Structure-en-bois_hall-industriel_Chimsco_retouche-5-768x1152.png\" srcset=\"https:\/\/ligna-systems.com\/wp-content\/uploads\/2024\/09\/Structure-en-bois_hall-industriel_Chimsco_retouche-5-768x1152.png 1680w, https:\/\/ligna-systems.com\/wp-content\/uploads\/2024\/09\/Structure-en-bois_hall-industriel_Chimsco_retouche-5-512x768.png 512w\"  width=\"768\" height=\"1152\" alt=\"Structure en bois_hall industriel_Chimsco_retouche (5)\" decoding=\"async\" loading=\"lazy\"\/>\t\t\t\t\t\t<\/span><\/span>\n\t\t\n\t\t<div class=\"slanting-side slanting-del\"><\/div>\t\t\t\n\t<\/div>\n\n\t\n\n\t\t\t\n\t\t\t<\/a>\n\t\t<\/div>\n\t\t\n\t\n<\/div>\n\t\t<\/div>\n\t<\/div>\n\n\t\n\t\n\t<!--<div class=\"slanting-side slanting-del\"><\/div>-->\n<\/div><div id=\"\" class=\"section section-row  margin-large\">\n\t<div class=\"wrapper-small\">\n\t\t<div class=\"grid-row spaced-xlarge default grid-align-center inverse_smartphone\">\n\t\t\n<div class=\"text-dark col-6\">\n\t\t    \n<div class=\"cloth-block-image cloth-anim\" data-parallax-speed=\"\">\n\n\n\t\t<a class=\"media-hover\" href=\"https:\/\/ligna-systems.com\/da\/kontakt\/\" target=\"'_self\">\n\t\t\n\t<div class=\"cloth-image-container cloth-anim-inner  media-ratio-1-1\" style=\"max-width:1024px\">\n\t\t\n\t\t\n\t\t\t<span class=\"media\"><span class=\"media-item\">\t\t\t<img src=\"https:\/\/ligna-systems.com\/wp-content\/uploads\/2024\/09\/Kontakt_LIGNA-1024x731.png\" srcset=\"https:\/\/ligna-systems.com\/wp-content\/uploads\/2024\/09\/Kontakt_LIGNA-1024x731.png 1680w, https:\/\/ligna-systems.com\/wp-content\/uploads\/2024\/09\/Kontakt_LIGNA-512x366.png 512w\"  width=\"1024\" height=\"731\" alt=\"Kontakt_LIGNA\" decoding=\"async\" loading=\"lazy\"\/>\t\t\t\t\t\t<\/span><\/span>\n\t\t\n\t\t<div class=\"slanting-side slanting-del\"><\/div>\t\t\t\n\t<\/div>\n\n\t\n\n\t\t\t\n\t\t\t<\/a>\n\t\t<\/div>\n\t\t\n\t\n<\/div>\n\n<div class=\"text-dark col-6\">\n\t\t    \n<span class=\"font-weight-600 h8 uppercase cloth-subtitle colored\">Sp\u00f8rgsm\u00e5l? Vi er her for at hj\u00e6lpe! <\/span>\n\n<h4 class=\"wp-block-heading\"><strong>Din direkte kontakt til os!<\/strong><\/h4>\n\n<p>Uanset om det er via e-mail, telefon eller kontaktformular, s\u00e5 lad os arbejde sammen om at g\u00f8re din vision til virkelighed og planl\u00e6gge de n\u00e6ste skridt. Vores team ser frem til at m\u00f8de dig!<\/p>\n\n<div class=\"cloth-spacer-large\"><\/div>\n\n<span class=\"cloth-button\">\n\n\n<a class=\"btn btn-default btn-colored \" href=\"https:\/\/ligna-systems.com\/da\/kontakt\/\" target=\"_self\">\n                <span class=\"text\">\n                    <span>Din kontakt hos LIGNA systems i Danmark<\/span>\n                    <span>Din kontakt hos LIGNA systems i Danmark<\/span>\n                <\/span>\n                <span class=\"btn-icon\"><svg class=\"arrow\" version=\"1.1\" fill=\"currentColor\" xmlns=\"http:\/\/www.w3.org\/2000\/svg\" xmlns:xlink=\"http:\/\/www.w3.org\/1999\/xlink\" x=\"0px\" y=\"0px\"\n\t viewBox=\"0 0 24 24\" style=\"enable-background:new 0 0 24 24;\" xml:space=\"preserve\">\n<path d=\"M0.5,13.4h18.4L11,21.2l2,2L23.1,13c0.3-0.3,0.4-0.6,0.4-1c0-0.4-0.1-0.7-0.4-1L13,0.8l-2,2l7.8,7.8H0.5\"><\/path>\n<\/svg>\n<\/span>\n                <span class=\"slanting-side slanting-add\"><\/span>\n            <\/a>\n<\/span>\n\t\t\n\t\n<\/div>\n\t\t<\/div>\n\t<\/div>\n\n\t\n\t\n\t<!--<div class=\"slanting-side slanting-del\"><\/div>-->\n<\/div><div class=\"section section-background text-light margin-none section-background-image\">\n            <div class=\"section-inner\">\n                \n<div id=\"\" class=\"section section-row  margin-large\">\n\t<div class=\"wrapper\">\n\t\t<div class=\"grid-row spaced-medium default grid-align-top\">\n\t\t\n<div class=\"text-dark col-8\">\n\t\t    \n<span class=\"font-weight-600 h8 uppercase cloth-subtitle colored\">Anmod om et tilbud<\/span>\n\n<h3 class=\"wp-block-heading\"><strong>Er du interesseret i en tr\u00e6konstruktion til dit halbyggeri?<\/strong><\/h3>\n\n<p class=\"intro\">Send os din foresp\u00f8rgsel via e-mail.<\/p>\n\n<div class=\"cloth-spacer-large\"><\/div>\n\n<span class=\"cloth-button\">\n\n\n<a class=\"btn btn-default btn-colored \" href=\"mailto:m.nielsen@ligna-systems.com\" target=\"_blank\">\n                <span class=\"text\">\n                    <span>Anmod om et tilbud<\/span>\n                    <span>Anmod om et tilbud<\/span>\n                <\/span>\n                <span class=\"btn-icon\"><svg class=\"arrow\" version=\"1.1\" fill=\"currentColor\" xmlns=\"http:\/\/www.w3.org\/2000\/svg\" xmlns:xlink=\"http:\/\/www.w3.org\/1999\/xlink\" x=\"0px\" y=\"0px\"\n\t viewBox=\"0 0 24 24\" style=\"enable-background:new 0 0 24 24;\" xml:space=\"preserve\">\n<path d=\"M0.5,13.4h18.4L11,21.2l2,2L23.1,13c0.3-0.3,0.4-0.6,0.4-1c0-0.4-0.1-0.7-0.4-1L13,0.8l-2,2l7.8,7.8H0.5\"><\/path>\n<\/svg>\n<\/span>\n                <span class=\"slanting-side slanting-add\"><\/span>\n            <\/a>\n<\/span>\n\t\t\n\t\n<\/div>\n\t\t<\/div>\n\t<\/div>\n\n\t\n\t\n\t<!--<div class=\"slanting-side slanting-del\"><\/div>-->\n<\/div>\n\n            <\/div>\n\t\t\t\n\t\t\t\n\t\n    <div class=\"section-bg\">\n\t\t<div class=\"section-bg-el imagebg-section\" style=\"background:url(https:\/\/ligna-systems.com\/wp-content\/uploads\/2022\/10\/li-bg_neu.jpg) center center;background-size:cover;\" data-parallax-speed=\"-0.07\"><\/div>\n\t\t\n\t\t\n\t<\/div>\n    \n            <div class=\"slanting-side slanting-del\"><\/div>\n            <div class=\"slanting-side slanting-del slanting-top\"><\/div>\n        <\/div><div class=\"cloth-spacer-large\"><\/div>","protected":false},"excerpt":{"rendered":"","protected":false},"author":15,"featured_media":34162,"parent":0,"menu_order":272,"comment_status":"closed","ping_status":"closed","template":"","meta":{"_acf_changed":false,"footnotes":""},"class_list":["post-34161","page","type-page","status-publish","has-post-thumbnail","hentry"],"acf":[],"_links":{"self":[{"href":"https:\/\/ligna-systems.com\/da\/wp-json\/wp\/v2\/pages\/34161","targetHints":{"allow":["GET"]}}],"collection":[{"href":"https:\/\/ligna-systems.com\/da\/wp-json\/wp\/v2\/pages"}],"about":[{"href":"https:\/\/ligna-systems.com\/da\/wp-json\/wp\/v2\/types\/page"}],"author":[{"embeddable":true,"href":"https:\/\/ligna-systems.com\/da\/wp-json\/wp\/v2\/users\/15"}],"replies":[{"embeddable":true,"href":"https:\/\/ligna-systems.com\/da\/wp-json\/wp\/v2\/comments?post=34161"}],"version-history":[{"count":3,"href":"https:\/\/ligna-systems.com\/da\/wp-json\/wp\/v2\/pages\/34161\/revisions"}],"predecessor-version":[{"id":34176,"href":"https:\/\/ligna-systems.com\/da\/wp-json\/wp\/v2\/pages\/34161\/revisions\/34176"}],"wp:featuredmedia":[{"embeddable":true,"href":"https:\/\/ligna-systems.com\/da\/wp-json\/wp\/v2\/media\/34162"}],"wp:attachment":[{"href":"https:\/\/ligna-systems.com\/da\/wp-json\/wp\/v2\/media?parent=34161"}],"curies":[{"name":"wp","href":"https:\/\/api.w.org\/{rel}","templated":true}]}}